{"id":14473,"date":"2024-11-02T06:17:31","date_gmt":"2024-11-02T06:17:31","guid":{"rendered":"https:\/\/cob-leddisplay.com\/?page_id=14473"},"modified":"2025-04-19T08:39:59","modified_gmt":"2025-04-19T08:39:59","slug":"pequeno-modulo-de-display-led","status":"publish","type":"page","link":"https:\/\/cob-leddisplay.com\/pt\/pequeno-modulo-de-display-led\/","title":{"rendered":"M\u00f3dulo de display LED pequeno"},"content":{"rendered":"","protected":false},"excerpt":{"rendered":"","protected":false},"author":1,"featured_media":0,"parent":13273,"menu_order":0,"comment_status":"closed","ping_status":"closed","template":"product-category3.php","meta":{"_acf_changed":false,"site-sidebar-layout":"no-sidebar","site-content-layout":"page-builder","ast-site-content-layout":"full-width-container","site-content-style":"unboxed","site-sidebar-style":"unboxed","ast-global-header-display":"","ast-banner-title-visibility":"","ast-main-header-display":"","ast-hfb-above-header-display":"","ast-hfb-below-header-display":"","ast-hfb-mobile-header-display":"","site-post-title":"disabled","ast-breadcrumbs-content":"disabled","ast-featured-img":"disabled","footer-sml-layout":"","ast-disable-related-posts":"","theme-transparent-header-meta":"default","adv-header-id-meta":"","stick-header-meta":"default","header-above-stick-meta":"","header-main-stick-meta":"","header-below-stick-meta":"","astra-migrate-meta-layouts":"set","ast-page-background-enabled":"default","ast-page-background-meta":{"desktop":{"background-color":"","background-image":"","background-repeat":"repeat","background-position":"center center","background-size":"auto","background-attachment":"scroll","background-type":"","background-media":"","overlay-type":"","overlay-color":"","overlay-opacity":"","overlay-gradient":""},"tablet":{"background-color":"","background-image":"","background-repeat":"repeat","background-position":"center center","background-size":"auto","background-attachment":"scroll","background-type":"","background-media":"","overlay-type":"","overlay-color":"","overlay-opacity":"","overlay-gradient":""},"mobile":{"background-color":"","background-image":"","background-repeat":"repeat","background-position":"center center","background-size":"auto","background-attachment":"scroll","background-type":"","background-media":"","overlay-type":"","overlay-color":"","overlay-opacity":"","overlay-gradient":""}},"ast-content-background-meta":{"desktop":{"background-color":"var(--ast-global-color-5)","background-image":"","background-repeat":"repeat","background-position":"center center","background-size":"auto","background-attachment":"scroll","background-type":"","background-media":"","overlay-type":"","overlay-color":"","overlay-opacity":"","overlay-gradient":""},"tablet":{"background-color":"var(--ast-global-color-5)","background-image":"","background-repeat":"repeat","background-position":"center center","background-size":"auto","background-attachment":"scroll","background-type":"","background-media":"","overlay-type":"","overlay-color":"","overlay-opacity":"","overlay-gradient":""},"mobile":{"background-color":"var(--ast-global-color-5)","background-image":"","background-repeat":"repeat","background-position":"center center","background-size":"auto","background-attachment":"scroll","background-type":"","background-media":"","overlay-type":"","overlay-color":"","overlay-opacity":"","overlay-gradient":""}},"footnotes":""},"class_list":["post-14473","page","type-page","status-publish","hentry"],"acf":[],"yoast_head":"<!-- This site is optimized with the Yoast SEO plugin v27.4 - https:\/\/yoast.com\/product\/yoast-seo-wordpress\/ -->\n<title>Small LED Display Module For Device | Equipment and Machine<\/title>\n<meta name=\"description\" content=\"TS specializes in customizing various small-size LED display panels, user-internal and external color, single-color, and double-color LED unit modules, which are widely used in various devices and mechanical equipment, such as self-service water dispensers, production signboards, game consoles, and parking lot charging systems. , automatic retracting doors and other equipment. And we can provide a complete set of various communication and platform docking protocols, such as: C++ API and SKD for RJ45, RS485, RS232,\" \/>\n<meta name=\"robots\" content=\"index, follow, max-snippet:-1, max-image-preview:large, max-video-preview:-1\" \/>\n<link rel=\"canonical\" href=\"https:\/\/cob-leddisplay.com\/pt\/pequeno-modulo-de-display-led\/\" \/>\n<meta property=\"og:locale\" content=\"pt_BR\" \/>\n<meta property=\"og:type\" content=\"article\" \/>\n<meta property=\"og:title\" content=\"Small LED Display Module For Device | Equipment and Machine\" \/>\n<meta property=\"og:description\" content=\"TS specializes in customizing various small-size LED display panels, user-internal and external color, single-color, and double-color LED unit modules, which are widely used in various devices and mechanical equipment, such as self-service water dispensers, production signboards, game consoles, and parking lot charging systems. , automatic retracting doors and other equipment. And we can provide a complete set of various communication and platform docking protocols, such as: C++ API and SKD for RJ45, RS485, RS232,\" \/>\n<meta property=\"og:url\" content=\"https:\/\/cob-leddisplay.com\/pt\/pequeno-modulo-de-display-led\/\" \/>\n<meta property=\"og:site_name\" content=\"Top Shine LED Display Screen\" \/>\n<meta property=\"article:modified_time\" content=\"2025-04-19T08:39:59+00:00\" \/>\n<meta name=\"twitter:card\" content=\"summary_large_image\" \/>\n<script type=\"application\/ld+json\" class=\"yoast-schema-graph\">{\"@context\":\"https:\\\/\\\/schema.org\",\"@graph\":[{\"@type\":\"WebPage\",\"@id\":\"https:\\\/\\\/cob-leddisplay.com\\\/small-led-display-module\\\/\",\"url\":\"https:\\\/\\\/cob-leddisplay.com\\\/small-led-display-module\\\/\",\"name\":\"Small LED Display Module For Device | Equipment and Machine\",\"isPartOf\":{\"@id\":\"https:\\\/\\\/cob-leddisplay.com\\\/#website\"},\"datePublished\":\"2024-11-02T06:17:31+00:00\",\"dateModified\":\"2025-04-19T08:39:59+00:00\",\"description\":\"TS specializes in customizing various small-size LED display panels, user-internal and external color, single-color, and double-color LED unit modules, which are widely used in various devices and mechanical equipment, such as self-service water dispensers, production signboards, game consoles, and parking lot charging systems. , automatic retracting doors and other equipment. And we can provide a complete set of various communication and platform docking protocols, such as: C++ API and SKD for RJ45, RS485, RS232,\",\"breadcrumb\":{\"@id\":\"https:\\\/\\\/cob-leddisplay.com\\\/small-led-display-module\\\/#breadcrumb\"},\"inLanguage\":\"pt-BR\",\"potentialAction\":[{\"@type\":\"ReadAction\",\"target\":[\"https:\\\/\\\/cob-leddisplay.com\\\/small-led-display-module\\\/\"]}]},{\"@type\":\"BreadcrumbList\",\"@id\":\"https:\\\/\\\/cob-leddisplay.com\\\/small-led-display-module\\\/#breadcrumb\",\"itemListElement\":[{\"@type\":\"ListItem\",\"position\":1,\"name\":\"Home\",\"item\":\"https:\\\/\\\/cob-leddisplay.com\\\/\"},{\"@type\":\"ListItem\",\"position\":2,\"name\":\"LED Display Module\",\"item\":\"https:\\\/\\\/cob-leddisplay.com\\\/led-display-module\\\/\"},{\"@type\":\"ListItem\",\"position\":3,\"name\":\"Indoor LED Panels\",\"item\":\"https:\\\/\\\/cob-leddisplay.com\\\/indoor-led-panels\\\/\"},{\"@type\":\"ListItem\",\"position\":4,\"name\":\"Small LED Display Module\"}]},{\"@type\":\"WebSite\",\"@id\":\"https:\\\/\\\/cob-leddisplay.com\\\/#website\",\"url\":\"https:\\\/\\\/cob-leddisplay.com\\\/\",\"name\":\"COB LED Display Screen Rental 3D LED Video Wall Manufacturer\",\"description\":\"LED Display Manufacturer, LED Display board, LED Video wall, Flexible led screen, Traffic led signs, Variable Message Signs, Digital Signage Display, custom led display, stadium led display screen, Retail Digital Signage, LED card, Perimeter led display, LED Display for events, outdoor rental led screen, Stage LED Screen, LED screen floor, Outdoor LED Modules, LED screen panel, LED display panel, led panel screen indoor, P10 DIP LED MODULE, Flexible LED Panel, LED Wall panel, cob LED screen, transparent led screen manufacturer, LED Mesh screen, Transparent LED Display Screen, Flexible led video wall, passenger information display, LED Bus Destination Display boards, LED Pharmacy cross, LED Poster, advertising led screen, round led screen, LED Billboard manufacturer, LED perimeter, Retail led display, rental led screen, rental led wall, P2.5 Outdoor LED Module, p3 outdoor led module, p4 led module, P4 led panel, p5 led panel, outdoor led video wall, bus display board, Stage Screen, rgb led modules, outdoor led screen panel, p10 led module, p5 outdoor led module, P3 LED panel, p2.5 led module, P10 LED panles, customizable led display, Led video panels, p6 outdoor led display, flexible led wall, LED Road Sign, Radar Speed Signs, led p10 display, led wall p4, p10 rgb led display, led video wall manufacturers, led video wall rental, P2 LED PANEL, P3 LED module, P1.25 LED MODULE, circle led screen\",\"potentialAction\":[{\"@type\":\"SearchAction\",\"target\":{\"@type\":\"EntryPoint\",\"urlTemplate\":\"https:\\\/\\\/cob-leddisplay.com\\\/?s={search_term_string}\"},\"query-input\":{\"@type\":\"PropertyValueSpecification\",\"valueRequired\":true,\"valueName\":\"search_term_string\"}}],\"inLanguage\":\"pt-BR\"}]}<\/script>\n<!-- \/ Yoast SEO plugin. -->","yoast_head_json":{"title":"M\u00f3dulo de Display LED Pequeno para Dispositivo | Equipamentos e M\u00e1quinas","description":"A TS \u00e9 especializada na personaliza\u00e7\u00e3o de diversos pain\u00e9is de LED de pequeno porte, com cores internas e externas, m\u00f3dulos de unidades de LED de uma e duas cores, amplamente utilizados em diversos dispositivos e equipamentos mec\u00e2nicos, como bebedouros de autoatendimento, placas de sinaliza\u00e7\u00e3o de produ\u00e7\u00e3o, consoles de jogos e sistemas de cobran\u00e7a de estacionamentos, portas retr\u00e1teis autom\u00e1ticas e outros equipamentos. Podemos fornecer um conjunto completo de diversos protocolos de comunica\u00e7\u00e3o e acoplamento de plataforma, como: API C++ e SKD para RJ45, RS485, RS232,","robots":{"index":"index","follow":"follow","max-snippet":"max-snippet:-1","max-image-preview":"max-image-preview:large","max-video-preview":"max-video-preview:-1"},"canonical":"https:\/\/cob-leddisplay.com\/pt\/pequeno-modulo-de-display-led\/","og_locale":"pt_BR","og_type":"article","og_title":"Small LED Display Module For Device | Equipment and Machine","og_description":"TS specializes in customizing various small-size LED display panels, user-internal and external color, single-color, and double-color LED unit modules, which are widely used in various devices and mechanical equipment, such as self-service water dispensers, production signboards, game consoles, and parking lot charging systems. , automatic retracting doors and other equipment. And we can provide a complete set of various communication and platform docking protocols, such as: C++ API and SKD for RJ45, RS485, RS232,","og_url":"https:\/\/cob-leddisplay.com\/pt\/pequeno-modulo-de-display-led\/","og_site_name":"Top Shine LED Display Screen","article_modified_time":"2025-04-19T08:39:59+00:00","twitter_card":"summary_large_image","schema":{"@context":"https:\/\/schema.org","@graph":[{"@type":"WebPage","@id":"https:\/\/cob-leddisplay.com\/small-led-display-module\/","url":"https:\/\/cob-leddisplay.com\/small-led-display-module\/","name":"M\u00f3dulo de Display LED Pequeno para Dispositivo | Equipamentos e M\u00e1quinas","isPartOf":{"@id":"https:\/\/cob-leddisplay.com\/#website"},"datePublished":"2024-11-02T06:17:31+00:00","dateModified":"2025-04-19T08:39:59+00:00","description":"A TS \u00e9 especializada na personaliza\u00e7\u00e3o de diversos pain\u00e9is de LED de pequeno porte, com cores internas e externas, m\u00f3dulos de unidades de LED de uma e duas cores, amplamente utilizados em diversos dispositivos e equipamentos mec\u00e2nicos, como bebedouros de autoatendimento, placas de sinaliza\u00e7\u00e3o de produ\u00e7\u00e3o, consoles de jogos e sistemas de cobran\u00e7a de estacionamentos, portas retr\u00e1teis autom\u00e1ticas e outros equipamentos. Podemos fornecer um conjunto completo de diversos protocolos de comunica\u00e7\u00e3o e acoplamento de plataforma, como: API C++ e SKD para RJ45, RS485, RS232,","breadcrumb":{"@id":"https:\/\/cob-leddisplay.com\/small-led-display-module\/#breadcrumb"},"inLanguage":"pt-BR","potentialAction":[{"@type":"ReadAction","target":["https:\/\/cob-leddisplay.com\/small-led-display-module\/"]}]},{"@type":"BreadcrumbList","@id":"https:\/\/cob-leddisplay.com\/small-led-display-module\/#breadcrumb","itemListElement":[{"@type":"ListItem","position":1,"name":"Home","item":"https:\/\/cob-leddisplay.com\/"},{"@type":"ListItem","position":2,"name":"LED Display Module","item":"https:\/\/cob-leddisplay.com\/led-display-module\/"},{"@type":"ListItem","position":3,"name":"Indoor LED Panels","item":"https:\/\/cob-leddisplay.com\/indoor-led-panels\/"},{"@type":"ListItem","position":4,"name":"Small LED Display Module"}]},{"@type":"WebSite","@id":"https:\/\/cob-leddisplay.com\/#website","url":"https:\/\/cob-leddisplay.com\/","name":"Aluguel de tela de LED COB Fabricante de parede de v\u00eddeo LED 3D","description":"Fabricante de display LED, painel de display LED, parede de v\u00eddeo LED, tela de LED flex\u00edvel, placas de LED de tr\u00e2nsito, placas de mensagem vari\u00e1vel, display de sinaliza\u00e7\u00e3o digital, display LED personalizado, tela de LED para est\u00e1dio, sinaliza\u00e7\u00e3o digital de varejo, cart\u00e3o LED, display LED de per\u00edmetro, display LED para eventos, tela de LED para aluguel externo, tela de LED para palco, piso de tela de LED, m\u00f3dulos LED externos, painel de tela LED, painel de display LED, tela de painel LED interna, M\u00d3DULO LED DIP P10, painel LED flex\u00edvel, painel de parede LED, tela de LED COB, fabricante de tela de LED transparente, tela de malha LED, tela de display LED transparente, parede de v\u00eddeo LED flex\u00edvel, display de informa\u00e7\u00f5es para passageiros, pain\u00e9is de display de destino de \u00f4nibus LED, cruz de farm\u00e1cia LED, p\u00f4ster LED, tela de LED publicit\u00e1ria, tela de LED redonda, fabricante de outdoor de LED, per\u00edmetro LED, display LED para varejo, tela de LED para aluguel, parede de LED para aluguel, m\u00f3dulo LED externo P2.5, m\u00f3dulo LED externo p3, m\u00f3dulo LED p4, painel LED P4, painel LED p5, parede de v\u00eddeo LED externa, painel de exibi\u00e7\u00e3o de \u00f4nibus, tela de palco, m\u00f3dulos LED RGB, painel de tela LED externo, m\u00f3dulo LED p10, m\u00f3dulo LED externo p5, P3 Painel de LED, m\u00f3dulo de LED p2.5, pain\u00e9is de LED P10, display de LED personaliz\u00e1vel, pain\u00e9is de v\u00eddeo de LED, display de LED externo p6, parede de LED flex\u00edvel, placa de tr\u00e2nsito de LED, placas de radar de velocidade, display de LED p10, parede de LED p4, display de LED RGB p10, fabricantes de parede de v\u00eddeo de LED, aluguel de parede de v\u00eddeo de LED, PAINEL DE LED P2, m\u00f3dulo de LED P3, M\u00d3DULO DE LED P1.25, tela de LED circular","potentialAction":[{"@type":"SearchAction","target":{"@type":"EntryPoint","urlTemplate":"https:\/\/cob-leddisplay.com\/?s={search_term_string}"},"query-input":{"@type":"PropertyValueSpecification","valueRequired":true,"valueName":"search_term_string"}}],"inLanguage":"pt-BR"}]}},"_links":{"self":[{"href":"https:\/\/cob-leddisplay.com\/pt\/wp-json\/wp\/v2\/pages\/14473","targetHints":{"allow":["GET"]}}],"collection":[{"href":"https:\/\/cob-leddisplay.com\/pt\/wp-json\/wp\/v2\/pages"}],"about":[{"href":"https:\/\/cob-leddisplay.com\/pt\/wp-json\/wp\/v2\/types\/page"}],"author":[{"embeddable":true,"href":"https:\/\/cob-leddisplay.com\/pt\/wp-json\/wp\/v2\/users\/1"}],"replies":[{"embeddable":true,"href":"https:\/\/cob-leddisplay.com\/pt\/wp-json\/wp\/v2\/comments?post=14473"}],"version-history":[{"count":0,"href":"https:\/\/cob-leddisplay.com\/pt\/wp-json\/wp\/v2\/pages\/14473\/revisions"}],"up":[{"embeddable":true,"href":"https:\/\/cob-leddisplay.com\/pt\/wp-json\/wp\/v2\/pages\/13273"}],"wp:attachment":[{"href":"https:\/\/cob-leddisplay.com\/pt\/wp-json\/wp\/v2\/media?parent=14473"}],"curies":[{"name":"wp","href":"https:\/\/api.w.org\/{rel}","templated":true}]}}