{"id":14042,"date":"2024-07-27T09:25:09","date_gmt":"2024-07-27T09:25:09","guid":{"rendered":"https:\/\/cob-leddisplay.com\/?page_id=14042"},"modified":"2025-05-14T11:31:36","modified_gmt":"2025-05-14T11:31:36","slug":"modulo-led-p16","status":"publish","type":"page","link":"https:\/\/cob-leddisplay.com\/pt\/modulo-led-p16\/","title":{"rendered":"M\u00f3dulo LED P16"},"content":{"rendered":"","protected":false},"excerpt":{"rendered":"","protected":false},"author":1,"featured_media":0,"parent":13211,"menu_order":0,"comment_status":"closed","ping_status":"closed","template":"product-category3.php","meta":{"_acf_changed":false,"site-sidebar-layout":"no-sidebar","site-content-layout":"page-builder","ast-site-content-layout":"full-width-container","site-content-style":"unboxed","site-sidebar-style":"unboxed","ast-global-header-display":"","ast-banner-title-visibility":"","ast-main-header-display":"","ast-hfb-above-header-display":"","ast-hfb-below-header-display":"","ast-hfb-mobile-header-display":"","site-post-title":"disabled","ast-breadcrumbs-content":"disabled","ast-featured-img":"disabled","footer-sml-layout":"","ast-disable-related-posts":"","theme-transparent-header-meta":"default","adv-header-id-meta":"","stick-header-meta":"default","header-above-stick-meta":"","header-main-stick-meta":"","header-below-stick-meta":"","astra-migrate-meta-layouts":"set","ast-page-background-enabled":"default","ast-page-background-meta":{"desktop":{"background-color":"","background-image":"","background-repeat":"repeat","background-position":"center center","background-size":"auto","background-attachment":"scroll","background-type":"","background-media":"","overlay-type":"","overlay-color":"","overlay-opacity":"","overlay-gradient":""},"tablet":{"background-color":"","background-image":"","background-repeat":"repeat","background-position":"center center","background-size":"auto","background-attachment":"scroll","background-type":"","background-media":"","overlay-type":"","overlay-color":"","overlay-opacity":"","overlay-gradient":""},"mobile":{"background-color":"","background-image":"","background-repeat":"repeat","background-position":"center center","background-size":"auto","background-attachment":"scroll","background-type":"","background-media":"","overlay-type":"","overlay-color":"","overlay-opacity":"","overlay-gradient":""}},"ast-content-background-meta":{"desktop":{"background-color":"var(--ast-global-color-5)","background-image":"","background-repeat":"repeat","background-position":"center center","background-size":"auto","background-attachment":"scroll","background-type":"","background-media":"","overlay-type":"","overlay-color":"","overlay-opacity":"","overlay-gradient":""},"tablet":{"background-color":"var(--ast-global-color-5)","background-image":"","background-repeat":"repeat","background-position":"center center","background-size":"auto","background-attachment":"scroll","background-type":"","background-media":"","overlay-type":"","overlay-color":"","overlay-opacity":"","overlay-gradient":""},"mobile":{"background-color":"var(--ast-global-color-5)","background-image":"","background-repeat":"repeat","background-position":"center center","background-size":"auto","background-attachment":"scroll","background-type":"","background-media":"","overlay-type":"","overlay-color":"","overlay-opacity":"","overlay-gradient":""}},"footnotes":""},"class_list":["post-14042","page","type-page","status-publish","hentry"],"acf":[],"yoast_head":"<!-- This site is optimized with the Yoast SEO plugin v27.3 - https:\/\/yoast.com\/product\/yoast-seo-wordpress\/ -->\n<title>P16 LED Module Outdoor<\/title>\n<meta name=\"description\" content=\"P16 LED module uses a static constant current scanning method, excellent high brightness and high contrast ratio characteristics, and has become a shining star in many application scenarios.The high brightness performance of the P16 LED module is first of all due to its advanced 3535 large-size LED lamp bead technology and unique static constant current scanning method. These carefully selected lamp beads have high luminous efficiency and can release powerful light within a unit area, thus ensuring that the display can display clear and vivid images in various environments.Whether it is in a sunny outdoor square or a dark indoor place, the high brightness of the P16 module can easily cope with it.Outdoors, it can effectively resist interference caused by direct sunlight, so that the display content is still clearly visible, providing an excellent display platform for advertising, information release, etc. Indoors, its high brightness can create a bright and vivid visual atmosphere, enhancing the audience&#039;s attention and sense of participation.This high-brightness feature also opens up a wider range of application possibilities for the P16 LED module. In large-scale sports events, huge screens rely on the high brightness of the P16 module to allow viewers to clearly see the exciting moments of the game from a long distance; in transportation hubs, high-brightness displays can deliver timely and accurate information to passengers Information will not be ignored even in environments with dense crowds and complex lighting; in stage performances, the P16 module can create dazzling background effects, adding infinite charm to the performance.In addition, the high brightness of the P16 LED module does not come at the expense of other performance.\" \/>\n<meta name=\"robots\" content=\"index, follow, max-snippet:-1, max-image-preview:large, max-video-preview:-1\" \/>\n<link rel=\"canonical\" href=\"https:\/\/cob-leddisplay.com\/pt\/modulo-led-p16\/\" \/>\n<meta property=\"og:locale\" content=\"pt_BR\" \/>\n<meta property=\"og:type\" content=\"article\" \/>\n<meta property=\"og:title\" content=\"P16 LED Module Outdoor\" \/>\n<meta property=\"og:description\" content=\"P16 LED module uses a static constant current scanning method, excellent high brightness and high contrast ratio characteristics, and has become a shining star in many application scenarios.The high brightness performance of the P16 LED module is first of all due to its advanced 3535 large-size LED lamp bead technology and unique static constant current scanning method. These carefully selected lamp beads have high luminous efficiency and can release powerful light within a unit area, thus ensuring that the display can display clear and vivid images in various environments.Whether it is in a sunny outdoor square or a dark indoor place, the high brightness of the P16 module can easily cope with it.Outdoors, it can effectively resist interference caused by direct sunlight, so that the display content is still clearly visible, providing an excellent display platform for advertising, information release, etc. Indoors, its high brightness can create a bright and vivid visual atmosphere, enhancing the audience&#039;s attention and sense of participation.This high-brightness feature also opens up a wider range of application possibilities for the P16 LED module. In large-scale sports events, huge screens rely on the high brightness of the P16 module to allow viewers to clearly see the exciting moments of the game from a long distance; in transportation hubs, high-brightness displays can deliver timely and accurate information to passengers Information will not be ignored even in environments with dense crowds and complex lighting; in stage performances, the P16 module can create dazzling background effects, adding infinite charm to the performance.In addition, the high brightness of the P16 LED module does not come at the expense of other performance.\" \/>\n<meta property=\"og:url\" content=\"https:\/\/cob-leddisplay.com\/pt\/modulo-led-p16\/\" \/>\n<meta property=\"og:site_name\" content=\"Top Shine LED Display Screen\" \/>\n<meta property=\"article:modified_time\" content=\"2025-05-14T11:31:36+00:00\" \/>\n<meta name=\"twitter:card\" content=\"summary_large_image\" \/>\n<script type=\"application\/ld+json\" class=\"yoast-schema-graph\">{\"@context\":\"https:\\\/\\\/schema.org\",\"@graph\":[{\"@type\":\"WebPage\",\"@id\":\"https:\\\/\\\/cob-leddisplay.com\\\/p16-led-module\\\/\",\"url\":\"https:\\\/\\\/cob-leddisplay.com\\\/p16-led-module\\\/\",\"name\":\"P16 LED Module Outdoor\",\"isPartOf\":{\"@id\":\"https:\\\/\\\/cob-leddisplay.com\\\/#website\"},\"datePublished\":\"2024-07-27T09:25:09+00:00\",\"dateModified\":\"2025-05-14T11:31:36+00:00\",\"description\":\"P16 LED module uses a static constant current scanning method, excellent high brightness and high contrast ratio characteristics, and has become a shining star in many application scenarios.The high brightness performance of the P16 LED module is first of all due to its advanced 3535 large-size LED lamp bead technology and unique static constant current scanning method. These carefully selected lamp beads have high luminous efficiency and can release powerful light within a unit area, thus ensuring that the display can display clear and vivid images in various environments.Whether it is in a sunny outdoor square or a dark indoor place, the high brightness of the P16 module can easily cope with it.Outdoors, it can effectively resist interference caused by direct sunlight, so that the display content is still clearly visible, providing an excellent display platform for advertising, information release, etc. Indoors, its high brightness can create a bright and vivid visual atmosphere, enhancing the audience's attention and sense of participation.This high-brightness feature also opens up a wider range of application possibilities for the P16 LED module. In large-scale sports events, huge screens rely on the high brightness of the P16 module to allow viewers to clearly see the exciting moments of the game from a long distance; in transportation hubs, high-brightness displays can deliver timely and accurate information to passengers Information will not be ignored even in environments with dense crowds and complex lighting; in stage performances, the P16 module can create dazzling background effects, adding infinite charm to the performance.In addition, the high brightness of the P16 LED module does not come at the expense of other performance.\",\"breadcrumb\":{\"@id\":\"https:\\\/\\\/cob-leddisplay.com\\\/p16-led-module\\\/#breadcrumb\"},\"inLanguage\":\"pt-BR\",\"potentialAction\":[{\"@type\":\"ReadAction\",\"target\":[\"https:\\\/\\\/cob-leddisplay.com\\\/p16-led-module\\\/\"]}]},{\"@type\":\"BreadcrumbList\",\"@id\":\"https:\\\/\\\/cob-leddisplay.com\\\/p16-led-module\\\/#breadcrumb\",\"itemListElement\":[{\"@type\":\"ListItem\",\"position\":1,\"name\":\"Home\",\"item\":\"https:\\\/\\\/cob-leddisplay.com\\\/\"},{\"@type\":\"ListItem\",\"position\":2,\"name\":\"LED Display Module\",\"item\":\"https:\\\/\\\/cob-leddisplay.com\\\/led-display-module\\\/\"},{\"@type\":\"ListItem\",\"position\":3,\"name\":\"Outdoor LED Modules\",\"item\":\"https:\\\/\\\/cob-leddisplay.com\\\/outdoor-led-modules\\\/\"},{\"@type\":\"ListItem\",\"position\":4,\"name\":\"P16 LED Module\"}]},{\"@type\":\"WebSite\",\"@id\":\"https:\\\/\\\/cob-leddisplay.com\\\/#website\",\"url\":\"https:\\\/\\\/cob-leddisplay.com\\\/\",\"name\":\"COB LED Display Screen Rental 3D LED Video Wall Manufacturer\",\"description\":\"LED Display Manufacturer, LED Display board, LED Video wall, Flexible led screen, Traffic led signs, Variable Message Signs, Digital Signage Display, custom led display, stadium led display screen, Retail Digital Signage, LED card, Perimeter led display, LED Display for events, outdoor rental led screen, Stage LED Screen, LED screen floor, Outdoor LED Modules, LED screen panel, LED display panel, led panel screen indoor, P10 DIP LED MODULE, Flexible LED Panel, LED Wall panel, cob LED screen, transparent led screen manufacturer, LED Mesh screen, Transparent LED Display Screen, Flexible led video wall, passenger information display, LED Bus Destination Display boards, LED Pharmacy cross, LED Poster, advertising led screen, round led screen, LED Billboard manufacturer, LED perimeter, Retail led display, rental led screen, rental led wall, P2.5 Outdoor LED Module, p3 outdoor led module, p4 led module, P4 led panel, p5 led panel, outdoor led video wall, bus display board, Stage Screen, rgb led modules, outdoor led screen panel, p10 led module, p5 outdoor led module, P3 LED panel, p2.5 led module, P10 LED panles, customizable led display, Led video panels, p6 outdoor led display, flexible led wall, LED Road Sign, Radar Speed Signs, led p10 display, led wall p4, p10 rgb led display, led video wall manufacturers, led video wall rental, P2 LED PANEL, P3 LED module, P1.25 LED MODULE, circle led screen\",\"potentialAction\":[{\"@type\":\"SearchAction\",\"target\":{\"@type\":\"EntryPoint\",\"urlTemplate\":\"https:\\\/\\\/cob-leddisplay.com\\\/?s={search_term_string}\"},\"query-input\":{\"@type\":\"PropertyValueSpecification\",\"valueRequired\":true,\"valueName\":\"search_term_string\"}}],\"inLanguage\":\"pt-BR\"}]}<\/script>\n<!-- \/ Yoast SEO plugin. -->","yoast_head_json":{"title":"M\u00f3dulo LED P16 para exterior","description":"O m\u00f3dulo LED P16 utiliza um m\u00e9todo de varredura de corrente constante est\u00e1tica, excelentes caracter\u00edsticas de alto brilho e alta taxa de contraste, tornando-se uma estrela brilhante em diversos cen\u00e1rios de aplica\u00e7\u00e3o. O alto desempenho de brilho do m\u00f3dulo LED P16 se deve, em primeiro lugar, \u00e0 sua avan\u00e7ada tecnologia de esferas de LED de grande porte 3535 e ao seu exclusivo m\u00e9todo de varredura de corrente constante est\u00e1tica. Essas esferas de luz cuidadosamente selecionadas possuem alta efici\u00eancia luminosa e podem emitir luz potente dentro de uma \u00e1rea espec\u00edfica, garantindo assim que o display exiba imagens n\u00edtidas e v\u00edvidas em diversos ambientes. Seja em uma pra\u00e7a externa ensolarada ou em um ambiente interno escuro, o alto brilho do m\u00f3dulo P16 \u00e9 capaz de lidar facilmente com isso. Em ambientes externos, ele resiste eficazmente \u00e0 interfer\u00eancia causada pela luz solar direta, de modo que o conte\u00fado exibido permanece claramente vis\u00edvel, proporcionando uma excelente plataforma de exibi\u00e7\u00e3o para publicidade, divulga\u00e7\u00e3o de informa\u00e7\u00f5es, etc. Em ambientes internos, seu alto brilho pode criar uma atmosfera visual brilhante e v\u00edvida, aumentando a aten\u00e7\u00e3o e o senso de participa\u00e7\u00e3o do p\u00fablico. Esse recurso de alto brilho tamb\u00e9m abre uma gama mais ampla de possibilidades de aplica\u00e7\u00e3o para o m\u00f3dulo LED P16. Em eventos esportivos de grande porte, telas enormes contam com o alto brilho do m\u00f3dulo P16 para permitir que os espectadores vejam claramente os momentos emocionantes do jogo de uma longa dist\u00e2ncia; em centros de transporte, telas de alto brilho podem fornecer informa\u00e7\u00f5es precisas e oportunas aos passageiros. As informa\u00e7\u00f5es n\u00e3o ser\u00e3o ignoradas mesmo em ambientes com grandes multid\u00f5es e ilumina\u00e7\u00e3o complexa; em apresenta\u00e7\u00f5es de palco, o m\u00f3dulo P16 pode criar efeitos de fundo deslumbrantes, adicionando charme infinito \u00e0 apresenta\u00e7\u00e3o. Al\u00e9m disso, o alto brilho do m\u00f3dulo LED P16 n\u00e3o prejudica outros desempenhos.","robots":{"index":"index","follow":"follow","max-snippet":"max-snippet:-1","max-image-preview":"max-image-preview:large","max-video-preview":"max-video-preview:-1"},"canonical":"https:\/\/cob-leddisplay.com\/pt\/modulo-led-p16\/","og_locale":"pt_BR","og_type":"article","og_title":"P16 LED Module Outdoor","og_description":"P16 LED module uses a static constant current scanning method, excellent high brightness and high contrast ratio characteristics, and has become a shining star in many application scenarios.The high brightness performance of the P16 LED module is first of all due to its advanced 3535 large-size LED lamp bead technology and unique static constant current scanning method. These carefully selected lamp beads have high luminous efficiency and can release powerful light within a unit area, thus ensuring that the display can display clear and vivid images in various environments.Whether it is in a sunny outdoor square or a dark indoor place, the high brightness of the P16 module can easily cope with it.Outdoors, it can effectively resist interference caused by direct sunlight, so that the display content is still clearly visible, providing an excellent display platform for advertising, information release, etc. Indoors, its high brightness can create a bright and vivid visual atmosphere, enhancing the audience's attention and sense of participation.This high-brightness feature also opens up a wider range of application possibilities for the P16 LED module. In large-scale sports events, huge screens rely on the high brightness of the P16 module to allow viewers to clearly see the exciting moments of the game from a long distance; in transportation hubs, high-brightness displays can deliver timely and accurate information to passengers Information will not be ignored even in environments with dense crowds and complex lighting; in stage performances, the P16 module can create dazzling background effects, adding infinite charm to the performance.In addition, the high brightness of the P16 LED module does not come at the expense of other performance.","og_url":"https:\/\/cob-leddisplay.com\/pt\/modulo-led-p16\/","og_site_name":"Top Shine LED Display Screen","article_modified_time":"2025-05-14T11:31:36+00:00","twitter_card":"summary_large_image","schema":{"@context":"https:\/\/schema.org","@graph":[{"@type":"WebPage","@id":"https:\/\/cob-leddisplay.com\/p16-led-module\/","url":"https:\/\/cob-leddisplay.com\/p16-led-module\/","name":"M\u00f3dulo LED P16 para exterior","isPartOf":{"@id":"https:\/\/cob-leddisplay.com\/#website"},"datePublished":"2024-07-27T09:25:09+00:00","dateModified":"2025-05-14T11:31:36+00:00","description":"O m\u00f3dulo LED P16 utiliza um m\u00e9todo de varredura de corrente constante est\u00e1tica, excelentes caracter\u00edsticas de alto brilho e alta taxa de contraste, tornando-se uma estrela brilhante em diversos cen\u00e1rios de aplica\u00e7\u00e3o. O alto desempenho de brilho do m\u00f3dulo LED P16 se deve, em primeiro lugar, \u00e0 sua avan\u00e7ada tecnologia de esferas de LED de grande porte 3535 e ao seu exclusivo m\u00e9todo de varredura de corrente constante est\u00e1tica. Essas esferas de luz cuidadosamente selecionadas possuem alta efici\u00eancia luminosa e podem emitir luz potente dentro de uma \u00e1rea espec\u00edfica, garantindo assim que o display exiba imagens n\u00edtidas e v\u00edvidas em diversos ambientes. Seja em uma pra\u00e7a externa ensolarada ou em um ambiente interno escuro, o alto brilho do m\u00f3dulo P16 \u00e9 capaz de lidar facilmente com isso. Em ambientes externos, ele resiste eficazmente \u00e0 interfer\u00eancia causada pela luz solar direta, de modo que o conte\u00fado exibido permanece claramente vis\u00edvel, proporcionando uma excelente plataforma de exibi\u00e7\u00e3o para publicidade, divulga\u00e7\u00e3o de informa\u00e7\u00f5es, etc. Em ambientes internos, seu alto brilho pode criar uma atmosfera visual brilhante e v\u00edvida, aumentando a aten\u00e7\u00e3o e o senso de participa\u00e7\u00e3o do p\u00fablico. Esse recurso de alto brilho tamb\u00e9m abre uma gama mais ampla de possibilidades de aplica\u00e7\u00e3o para o m\u00f3dulo LED P16. Em eventos esportivos de grande porte, telas enormes contam com o alto brilho do m\u00f3dulo P16 para permitir que os espectadores vejam claramente os momentos emocionantes do jogo de uma longa dist\u00e2ncia; em centros de transporte, telas de alto brilho podem fornecer informa\u00e7\u00f5es precisas e oportunas aos passageiros. As informa\u00e7\u00f5es n\u00e3o ser\u00e3o ignoradas mesmo em ambientes com grandes multid\u00f5es e ilumina\u00e7\u00e3o complexa; em apresenta\u00e7\u00f5es de palco, o m\u00f3dulo P16 pode criar efeitos de fundo deslumbrantes, adicionando charme infinito \u00e0 apresenta\u00e7\u00e3o. Al\u00e9m disso, o alto brilho do m\u00f3dulo LED P16 n\u00e3o prejudica outros desempenhos.","breadcrumb":{"@id":"https:\/\/cob-leddisplay.com\/p16-led-module\/#breadcrumb"},"inLanguage":"pt-BR","potentialAction":[{"@type":"ReadAction","target":["https:\/\/cob-leddisplay.com\/p16-led-module\/"]}]},{"@type":"BreadcrumbList","@id":"https:\/\/cob-leddisplay.com\/p16-led-module\/#breadcrumb","itemListElement":[{"@type":"ListItem","position":1,"name":"Home","item":"https:\/\/cob-leddisplay.com\/"},{"@type":"ListItem","position":2,"name":"LED Display Module","item":"https:\/\/cob-leddisplay.com\/led-display-module\/"},{"@type":"ListItem","position":3,"name":"Outdoor LED Modules","item":"https:\/\/cob-leddisplay.com\/outdoor-led-modules\/"},{"@type":"ListItem","position":4,"name":"P16 LED Module"}]},{"@type":"WebSite","@id":"https:\/\/cob-leddisplay.com\/#website","url":"https:\/\/cob-leddisplay.com\/","name":"Aluguel de tela de LED COB Fabricante de parede de v\u00eddeo LED 3D","description":"Fabricante de display LED, painel de display LED, parede de v\u00eddeo LED, tela de LED flex\u00edvel, placas de LED de tr\u00e2nsito, placas de mensagem vari\u00e1vel, display de sinaliza\u00e7\u00e3o digital, display LED personalizado, tela de LED para est\u00e1dio, sinaliza\u00e7\u00e3o digital de varejo, cart\u00e3o LED, display LED de per\u00edmetro, display LED para eventos, tela de LED para aluguel externo, tela de LED para palco, piso de tela de LED, m\u00f3dulos LED externos, painel de tela LED, painel de display LED, tela de painel LED interna, M\u00d3DULO LED DIP P10, painel LED flex\u00edvel, painel de parede LED, tela de LED COB, fabricante de tela de LED transparente, tela de malha LED, tela de display LED transparente, parede de v\u00eddeo LED flex\u00edvel, display de informa\u00e7\u00f5es para passageiros, pain\u00e9is de display de destino de \u00f4nibus LED, cruz de farm\u00e1cia LED, p\u00f4ster LED, tela de LED publicit\u00e1ria, tela de LED redonda, fabricante de outdoor de LED, per\u00edmetro LED, display LED para varejo, tela de LED para aluguel, parede de LED para aluguel, m\u00f3dulo LED externo P2.5, m\u00f3dulo LED externo p3, m\u00f3dulo LED p4, painel LED P4, painel LED p5, parede de v\u00eddeo LED externa, painel de exibi\u00e7\u00e3o de \u00f4nibus, tela de palco, m\u00f3dulos LED RGB, painel de tela LED externo, m\u00f3dulo LED p10, m\u00f3dulo LED externo p5, P3 Painel de LED, m\u00f3dulo de LED p2.5, pain\u00e9is de LED P10, display de LED personaliz\u00e1vel, pain\u00e9is de v\u00eddeo de LED, display de LED externo p6, parede de LED flex\u00edvel, placa de tr\u00e2nsito de LED, placas de radar de velocidade, display de LED p10, parede de LED p4, display de LED RGB p10, fabricantes de parede de v\u00eddeo de LED, aluguel de parede de v\u00eddeo de LED, PAINEL DE LED P2, m\u00f3dulo de LED P3, M\u00d3DULO DE LED P1.25, tela de LED circular","potentialAction":[{"@type":"SearchAction","target":{"@type":"EntryPoint","urlTemplate":"https:\/\/cob-leddisplay.com\/?s={search_term_string}"},"query-input":{"@type":"PropertyValueSpecification","valueRequired":true,"valueName":"search_term_string"}}],"inLanguage":"pt-BR"}]}},"_links":{"self":[{"href":"https:\/\/cob-leddisplay.com\/pt\/wp-json\/wp\/v2\/pages\/14042","targetHints":{"allow":["GET"]}}],"collection":[{"href":"https:\/\/cob-leddisplay.com\/pt\/wp-json\/wp\/v2\/pages"}],"about":[{"href":"https:\/\/cob-leddisplay.com\/pt\/wp-json\/wp\/v2\/types\/page"}],"author":[{"embeddable":true,"href":"https:\/\/cob-leddisplay.com\/pt\/wp-json\/wp\/v2\/users\/1"}],"replies":[{"embeddable":true,"href":"https:\/\/cob-leddisplay.com\/pt\/wp-json\/wp\/v2\/comments?post=14042"}],"version-history":[{"count":0,"href":"https:\/\/cob-leddisplay.com\/pt\/wp-json\/wp\/v2\/pages\/14042\/revisions"}],"up":[{"embeddable":true,"href":"https:\/\/cob-leddisplay.com\/pt\/wp-json\/wp\/v2\/pages\/13211"}],"wp:attachment":[{"href":"https:\/\/cob-leddisplay.com\/pt\/wp-json\/wp\/v2\/media?parent=14042"}],"curies":[{"name":"wp","href":"https:\/\/api.w.org\/{rel}","templated":true}]}}