{"id":14039,"date":"2024-07-27T08:32:32","date_gmt":"2024-07-27T08:32:32","guid":{"rendered":"https:\/\/cob-leddisplay.com\/?page_id=14039"},"modified":"2025-05-14T11:31:24","modified_gmt":"2025-05-14T11:31:24","slug":"p6-67-outdoor-led-screen-panel","status":"publish","type":"page","link":"https:\/\/cob-leddisplay.com\/pt\/painel-de-tela-de-led-para-exterior\/","title":{"rendered":"Painel de tela LED para exterior P6.67"},"content":{"rendered":"","protected":false},"excerpt":{"rendered":"","protected":false},"author":1,"featured_media":0,"parent":13211,"menu_order":0,"comment_status":"closed","ping_status":"closed","template":"product-category3.php","meta":{"_acf_changed":false,"site-sidebar-layout":"no-sidebar","site-content-layout":"page-builder","ast-site-content-layout":"full-width-container","site-content-style":"unboxed","site-sidebar-style":"unboxed","ast-global-header-display":"","ast-banner-title-visibility":"","ast-main-header-display":"","ast-hfb-above-header-display":"","ast-hfb-below-header-display":"","ast-hfb-mobile-header-display":"","site-post-title":"disabled","ast-breadcrumbs-content":"disabled","ast-featured-img":"disabled","footer-sml-layout":"","ast-disable-related-posts":"","theme-transparent-header-meta":"default","adv-header-id-meta":"","stick-header-meta":"default","header-above-stick-meta":"","header-main-stick-meta":"","header-below-stick-meta":"","astra-migrate-meta-layouts":"set","ast-page-background-enabled":"default","ast-page-background-meta":{"desktop":{"background-color":"","background-image":"","background-repeat":"repeat","background-position":"center center","background-size":"auto","background-attachment":"scroll","background-type":"","background-media":"","overlay-type":"","overlay-color":"","overlay-opacity":"","overlay-gradient":""},"tablet":{"background-color":"","background-image":"","background-repeat":"repeat","background-position":"center center","background-size":"auto","background-attachment":"scroll","background-type":"","background-media":"","overlay-type":"","overlay-color":"","overlay-opacity":"","overlay-gradient":""},"mobile":{"background-color":"","background-image":"","background-repeat":"repeat","background-position":"center center","background-size":"auto","background-attachment":"scroll","background-type":"","background-media":"","overlay-type":"","overlay-color":"","overlay-opacity":"","overlay-gradient":""}},"ast-content-background-meta":{"desktop":{"background-color":"var(--ast-global-color-5)","background-image":"","background-repeat":"repeat","background-position":"center center","background-size":"auto","background-attachment":"scroll","background-type":"","background-media":"","overlay-type":"","overlay-color":"","overlay-opacity":"","overlay-gradient":""},"tablet":{"background-color":"var(--ast-global-color-5)","background-image":"","background-repeat":"repeat","background-position":"center center","background-size":"auto","background-attachment":"scroll","background-type":"","background-media":"","overlay-type":"","overlay-color":"","overlay-opacity":"","overlay-gradient":""},"mobile":{"background-color":"var(--ast-global-color-5)","background-image":"","background-repeat":"repeat","background-position":"center center","background-size":"auto","background-attachment":"scroll","background-type":"","background-media":"","overlay-type":"","overlay-color":"","overlay-opacity":"","overlay-gradient":""}},"footnotes":""},"class_list":["post-14039","page","type-page","status-publish","hentry"],"acf":[],"yoast_head":"<!-- This site is optimized with the Yoast SEO plugin v27.4 - https:\/\/yoast.com\/product\/yoast-seo-wordpress\/ -->\n<title>Outdoor LED Screen Panel<\/title>\n<meta name=\"description\" content=\"&quot;Lighting up the outdoors, endless excitement\u2014\u2014Outdoor led screen panel&quot;. TSLED&#039;s outdoor LED display panel is the perfect fusion of technology and art. Using advanced LED technology, it has ultra-high brightness and excellent contrast, even under strong sunlight, it can still clearly display every detail and every color.TSLED outdoor led screen panels boast an array of remarkable features.They offer exceptional brightness and contrast ratios, ensuring clear and vivid images even under direct sunlight. The color reproduction is truly astonishing, bringing life to every content displayed. The durability of our panels is unparalleled, with robust materials and advanced protective coatings that safeguard against weather elements, vandalism, and other potential damages.We understand that each project has unique requirements. That&#039;s why we offer a wide range of customizable options, allowing you to tailor the size, shape, resolution, and functionality of the outdoor led screen panels to meet your exact specifications. Whether it&#039;s for advertising, sports events, entertainment venues, or public information displays, our panels can be seamlessly integrated into any setting.In addition to the superior product quality, we pride ourselves on providing comprehensive customer service. From the initial consultation to after-sales support, our dedicated team is with you every step of the way. We offer detailed project planning, installation guidance, and ongoing maintenance services to ensure the seamless operation and longevity of your outdoor led screen panels.\" \/>\n<meta name=\"robots\" content=\"index, follow, max-snippet:-1, max-image-preview:large, max-video-preview:-1\" \/>\n<link rel=\"canonical\" href=\"https:\/\/cob-leddisplay.com\/pt\/painel-de-tela-de-led-para-exterior\/\" \/>\n<meta property=\"og:locale\" content=\"pt_BR\" \/>\n<meta property=\"og:type\" content=\"article\" \/>\n<meta property=\"og:title\" content=\"Outdoor LED Screen Panel\" \/>\n<meta property=\"og:description\" content=\"&quot;Lighting up the outdoors, endless excitement\u2014\u2014Outdoor led screen panel&quot;. TSLED&#039;s outdoor LED display panel is the perfect fusion of technology and art. Using advanced LED technology, it has ultra-high brightness and excellent contrast, even under strong sunlight, it can still clearly display every detail and every color.TSLED outdoor led screen panels boast an array of remarkable features.They offer exceptional brightness and contrast ratios, ensuring clear and vivid images even under direct sunlight. The color reproduction is truly astonishing, bringing life to every content displayed. The durability of our panels is unparalleled, with robust materials and advanced protective coatings that safeguard against weather elements, vandalism, and other potential damages.We understand that each project has unique requirements. That&#039;s why we offer a wide range of customizable options, allowing you to tailor the size, shape, resolution, and functionality of the outdoor led screen panels to meet your exact specifications. Whether it&#039;s for advertising, sports events, entertainment venues, or public information displays, our panels can be seamlessly integrated into any setting.In addition to the superior product quality, we pride ourselves on providing comprehensive customer service. From the initial consultation to after-sales support, our dedicated team is with you every step of the way. We offer detailed project planning, installation guidance, and ongoing maintenance services to ensure the seamless operation and longevity of your outdoor led screen panels.\" \/>\n<meta property=\"og:url\" content=\"https:\/\/cob-leddisplay.com\/pt\/painel-de-tela-de-led-para-exterior\/\" \/>\n<meta property=\"og:site_name\" content=\"Top Shine LED Display Screen\" \/>\n<meta property=\"article:modified_time\" content=\"2025-05-14T11:31:24+00:00\" \/>\n<meta name=\"twitter:card\" content=\"summary_large_image\" \/>\n<script type=\"application\/ld+json\" class=\"yoast-schema-graph\">{\"@context\":\"https:\\\/\\\/schema.org\",\"@graph\":[{\"@type\":\"WebPage\",\"@id\":\"https:\\\/\\\/cob-leddisplay.com\\\/outdoor-led-screen-panel\\\/\",\"url\":\"https:\\\/\\\/cob-leddisplay.com\\\/outdoor-led-screen-panel\\\/\",\"name\":\"Outdoor LED Screen Panel\",\"isPartOf\":{\"@id\":\"https:\\\/\\\/cob-leddisplay.com\\\/#website\"},\"datePublished\":\"2024-07-27T08:32:32+00:00\",\"dateModified\":\"2025-05-14T11:31:24+00:00\",\"description\":\"\\\"Lighting up the outdoors, endless excitement\u2014\u2014Outdoor led screen panel\\\". TSLED's outdoor LED display panel is the perfect fusion of technology and art. Using advanced LED technology, it has ultra-high brightness and excellent contrast, even under strong sunlight, it can still clearly display every detail and every color.TSLED outdoor led screen panels boast an array of remarkable features.They offer exceptional brightness and contrast ratios, ensuring clear and vivid images even under direct sunlight. The color reproduction is truly astonishing, bringing life to every content displayed. The durability of our panels is unparalleled, with robust materials and advanced protective coatings that safeguard against weather elements, vandalism, and other potential damages.We understand that each project has unique requirements. That's why we offer a wide range of customizable options, allowing you to tailor the size, shape, resolution, and functionality of the outdoor led screen panels to meet your exact specifications. Whether it's for advertising, sports events, entertainment venues, or public information displays, our panels can be seamlessly integrated into any setting.In addition to the superior product quality, we pride ourselves on providing comprehensive customer service. From the initial consultation to after-sales support, our dedicated team is with you every step of the way. We offer detailed project planning, installation guidance, and ongoing maintenance services to ensure the seamless operation and longevity of your outdoor led screen panels.\",\"breadcrumb\":{\"@id\":\"https:\\\/\\\/cob-leddisplay.com\\\/outdoor-led-screen-panel\\\/#breadcrumb\"},\"inLanguage\":\"pt-BR\",\"potentialAction\":[{\"@type\":\"ReadAction\",\"target\":[\"https:\\\/\\\/cob-leddisplay.com\\\/outdoor-led-screen-panel\\\/\"]}]},{\"@type\":\"BreadcrumbList\",\"@id\":\"https:\\\/\\\/cob-leddisplay.com\\\/outdoor-led-screen-panel\\\/#breadcrumb\",\"itemListElement\":[{\"@type\":\"ListItem\",\"position\":1,\"name\":\"Home\",\"item\":\"https:\\\/\\\/cob-leddisplay.com\\\/\"},{\"@type\":\"ListItem\",\"position\":2,\"name\":\"LED Display Module\",\"item\":\"https:\\\/\\\/cob-leddisplay.com\\\/led-display-module\\\/\"},{\"@type\":\"ListItem\",\"position\":3,\"name\":\"Outdoor LED Modules\",\"item\":\"https:\\\/\\\/cob-leddisplay.com\\\/outdoor-led-modules\\\/\"},{\"@type\":\"ListItem\",\"position\":4,\"name\":\"P6.67 Outdoor led screen panel\"}]},{\"@type\":\"WebSite\",\"@id\":\"https:\\\/\\\/cob-leddisplay.com\\\/#website\",\"url\":\"https:\\\/\\\/cob-leddisplay.com\\\/\",\"name\":\"COB LED Display Screen Rental 3D LED Video Wall Manufacturer\",\"description\":\"LED Display Manufacturer, LED Display board, LED Video wall, Flexible led screen, Traffic led signs, Variable Message Signs, Digital Signage Display, custom led display, stadium led display screen, Retail Digital Signage, LED card, Perimeter led display, LED Display for events, outdoor rental led screen, Stage LED Screen, LED screen floor, Outdoor LED Modules, LED screen panel, LED display panel, led panel screen indoor, P10 DIP LED MODULE, Flexible LED Panel, LED Wall panel, cob LED screen, transparent led screen manufacturer, LED Mesh screen, Transparent LED Display Screen, Flexible led video wall, passenger information display, LED Bus Destination Display boards, LED Pharmacy cross, LED Poster, advertising led screen, round led screen, LED Billboard manufacturer, LED perimeter, Retail led display, rental led screen, rental led wall, P2.5 Outdoor LED Module, p3 outdoor led module, p4 led module, P4 led panel, p5 led panel, outdoor led video wall, bus display board, Stage Screen, rgb led modules, outdoor led screen panel, p10 led module, p5 outdoor led module, P3 LED panel, p2.5 led module, P10 LED panles, customizable led display, Led video panels, p6 outdoor led display, flexible led wall, LED Road Sign, Radar Speed Signs, led p10 display, led wall p4, p10 rgb led display, led video wall manufacturers, led video wall rental, P2 LED PANEL, P3 LED module, P1.25 LED MODULE, circle led screen\",\"potentialAction\":[{\"@type\":\"SearchAction\",\"target\":{\"@type\":\"EntryPoint\",\"urlTemplate\":\"https:\\\/\\\/cob-leddisplay.com\\\/?s={search_term_string}\"},\"query-input\":{\"@type\":\"PropertyValueSpecification\",\"valueRequired\":true,\"valueName\":\"search_term_string\"}}],\"inLanguage\":\"pt-BR\"}]}<\/script>\n<!-- \/ Yoast SEO plugin. -->","yoast_head_json":{"title":"Painel de tela LED para exterior","description":"&quot;Iluminando o exterior, emo\u00e7\u00e3o sem fim \u2014 Painel de LED para exteriores&quot;. O painel de LED para exteriores da TSLED \u00e9 a fus\u00e3o perfeita de tecnologia e arte. Utilizando tecnologia LED avan\u00e7ada, possui brilho ultra-alto e excelente contraste, exibindo com clareza cada detalhe e cada cor, mesmo sob forte luz solar. Os pain\u00e9is de LED para exteriores da TSLED apresentam uma s\u00e9rie de recursos not\u00e1veis. Oferecem taxas de brilho e contraste excepcionais, garantindo imagens n\u00edtidas e v\u00edvidas mesmo sob luz solar direta. A reprodu\u00e7\u00e3o de cores \u00e9 verdadeiramente impressionante, dando vida a cada conte\u00fado exibido. A durabilidade dos nossos pain\u00e9is \u00e9 incompar\u00e1vel, com materiais robustos e revestimentos protetores avan\u00e7ados que protegem contra intemp\u00e9ries, vandalismo e outros danos potenciais. Entendemos que cada projeto tem requisitos \u00fanicos. \u00c9 por isso que oferecemos uma ampla gama de op\u00e7\u00f5es personaliz\u00e1veis, permitindo que voc\u00ea personalize o tamanho, o formato, a resolu\u00e7\u00e3o e a funcionalidade dos pain\u00e9is de LED para exteriores para atender \u00e0s suas especifica\u00e7\u00f5es exatas. Seja para publicidade, eventos esportivos, locais de entretenimento ou displays de informa\u00e7\u00f5es p\u00fablicas, nossos pain\u00e9is podem ser perfeitamente integrados a qualquer ambiente. Al\u00e9m da qualidade superior do produto, nos orgulhamos de oferecer um atendimento completo ao cliente. Da consulta inicial ao suporte p\u00f3s-venda, nossa equipe dedicada est\u00e1 com voc\u00ea em cada etapa do processo. Oferecemos planejamento detalhado do projeto, orienta\u00e7\u00e3o de instala\u00e7\u00e3o e servi\u00e7os de manuten\u00e7\u00e3o cont\u00ednua para garantir o funcionamento perfeito e a longevidade dos seus pain\u00e9is de LED para exteriores.","robots":{"index":"index","follow":"follow","max-snippet":"max-snippet:-1","max-image-preview":"max-image-preview:large","max-video-preview":"max-video-preview:-1"},"canonical":"https:\/\/cob-leddisplay.com\/pt\/painel-de-tela-de-led-para-exterior\/","og_locale":"pt_BR","og_type":"article","og_title":"Outdoor LED Screen Panel","og_description":"\"Lighting up the outdoors, endless excitement\u2014\u2014Outdoor led screen panel\". TSLED's outdoor LED display panel is the perfect fusion of technology and art. Using advanced LED technology, it has ultra-high brightness and excellent contrast, even under strong sunlight, it can still clearly display every detail and every color.TSLED outdoor led screen panels boast an array of remarkable features.They offer exceptional brightness and contrast ratios, ensuring clear and vivid images even under direct sunlight. The color reproduction is truly astonishing, bringing life to every content displayed. The durability of our panels is unparalleled, with robust materials and advanced protective coatings that safeguard against weather elements, vandalism, and other potential damages.We understand that each project has unique requirements. That's why we offer a wide range of customizable options, allowing you to tailor the size, shape, resolution, and functionality of the outdoor led screen panels to meet your exact specifications. Whether it's for advertising, sports events, entertainment venues, or public information displays, our panels can be seamlessly integrated into any setting.In addition to the superior product quality, we pride ourselves on providing comprehensive customer service. From the initial consultation to after-sales support, our dedicated team is with you every step of the way. We offer detailed project planning, installation guidance, and ongoing maintenance services to ensure the seamless operation and longevity of your outdoor led screen panels.","og_url":"https:\/\/cob-leddisplay.com\/pt\/painel-de-tela-de-led-para-exterior\/","og_site_name":"Top Shine LED Display Screen","article_modified_time":"2025-05-14T11:31:24+00:00","twitter_card":"summary_large_image","schema":{"@context":"https:\/\/schema.org","@graph":[{"@type":"WebPage","@id":"https:\/\/cob-leddisplay.com\/outdoor-led-screen-panel\/","url":"https:\/\/cob-leddisplay.com\/outdoor-led-screen-panel\/","name":"Painel de tela LED para exterior","isPartOf":{"@id":"https:\/\/cob-leddisplay.com\/#website"},"datePublished":"2024-07-27T08:32:32+00:00","dateModified":"2025-05-14T11:31:24+00:00","description":"&quot;Iluminando o exterior, emo\u00e7\u00e3o sem fim \u2014 Painel de LED para exteriores&quot;. O painel de LED para exteriores da TSLED \u00e9 a fus\u00e3o perfeita de tecnologia e arte. Utilizando tecnologia LED avan\u00e7ada, possui brilho ultra-alto e excelente contraste, exibindo com clareza cada detalhe e cada cor, mesmo sob forte luz solar. Os pain\u00e9is de LED para exteriores da TSLED apresentam uma s\u00e9rie de recursos not\u00e1veis. Oferecem taxas de brilho e contraste excepcionais, garantindo imagens n\u00edtidas e v\u00edvidas mesmo sob luz solar direta. A reprodu\u00e7\u00e3o de cores \u00e9 verdadeiramente impressionante, dando vida a cada conte\u00fado exibido. A durabilidade dos nossos pain\u00e9is \u00e9 incompar\u00e1vel, com materiais robustos e revestimentos protetores avan\u00e7ados que protegem contra intemp\u00e9ries, vandalismo e outros danos potenciais. Entendemos que cada projeto tem requisitos \u00fanicos. \u00c9 por isso que oferecemos uma ampla gama de op\u00e7\u00f5es personaliz\u00e1veis, permitindo que voc\u00ea personalize o tamanho, o formato, a resolu\u00e7\u00e3o e a funcionalidade dos pain\u00e9is de LED para exteriores para atender \u00e0s suas especifica\u00e7\u00f5es exatas. Seja para publicidade, eventos esportivos, locais de entretenimento ou displays de informa\u00e7\u00f5es p\u00fablicas, nossos pain\u00e9is podem ser perfeitamente integrados a qualquer ambiente. Al\u00e9m da qualidade superior do produto, nos orgulhamos de oferecer um atendimento completo ao cliente. Da consulta inicial ao suporte p\u00f3s-venda, nossa equipe dedicada est\u00e1 com voc\u00ea em cada etapa do processo. Oferecemos planejamento detalhado do projeto, orienta\u00e7\u00e3o de instala\u00e7\u00e3o e servi\u00e7os de manuten\u00e7\u00e3o cont\u00ednua para garantir o funcionamento perfeito e a longevidade dos seus pain\u00e9is de LED para exteriores.","breadcrumb":{"@id":"https:\/\/cob-leddisplay.com\/outdoor-led-screen-panel\/#breadcrumb"},"inLanguage":"pt-BR","potentialAction":[{"@type":"ReadAction","target":["https:\/\/cob-leddisplay.com\/outdoor-led-screen-panel\/"]}]},{"@type":"BreadcrumbList","@id":"https:\/\/cob-leddisplay.com\/outdoor-led-screen-panel\/#breadcrumb","itemListElement":[{"@type":"ListItem","position":1,"name":"Home","item":"https:\/\/cob-leddisplay.com\/"},{"@type":"ListItem","position":2,"name":"LED Display Module","item":"https:\/\/cob-leddisplay.com\/led-display-module\/"},{"@type":"ListItem","position":3,"name":"Outdoor LED Modules","item":"https:\/\/cob-leddisplay.com\/outdoor-led-modules\/"},{"@type":"ListItem","position":4,"name":"P6.67 Outdoor led screen panel"}]},{"@type":"WebSite","@id":"https:\/\/cob-leddisplay.com\/#website","url":"https:\/\/cob-leddisplay.com\/","name":"Aluguel de tela de LED COB Fabricante de parede de v\u00eddeo LED 3D","description":"Fabricante de display LED, painel de display LED, parede de v\u00eddeo LED, tela de LED flex\u00edvel, placas de LED de tr\u00e2nsito, placas de mensagem vari\u00e1vel, display de sinaliza\u00e7\u00e3o digital, display LED personalizado, tela de LED para est\u00e1dio, sinaliza\u00e7\u00e3o digital de varejo, cart\u00e3o LED, display LED de per\u00edmetro, display LED para eventos, tela de LED para aluguel externo, tela de LED para palco, piso de tela de LED, m\u00f3dulos LED externos, painel de tela LED, painel de display LED, tela de painel LED interna, M\u00d3DULO LED DIP P10, painel LED flex\u00edvel, painel de parede LED, tela de LED COB, fabricante de tela de LED transparente, tela de malha LED, tela de display LED transparente, parede de v\u00eddeo LED flex\u00edvel, display de informa\u00e7\u00f5es para passageiros, pain\u00e9is de display de destino de \u00f4nibus LED, cruz de farm\u00e1cia LED, p\u00f4ster LED, tela de LED publicit\u00e1ria, tela de LED redonda, fabricante de outdoor de LED, per\u00edmetro LED, display LED para varejo, tela de LED para aluguel, parede de LED para aluguel, m\u00f3dulo LED externo P2.5, m\u00f3dulo LED externo p3, m\u00f3dulo LED p4, painel LED P4, painel LED p5, parede de v\u00eddeo LED externa, painel de exibi\u00e7\u00e3o de \u00f4nibus, tela de palco, m\u00f3dulos LED RGB, painel de tela LED externo, m\u00f3dulo LED p10, m\u00f3dulo LED externo p5, P3 Painel de LED, m\u00f3dulo de LED p2.5, pain\u00e9is de LED P10, display de LED personaliz\u00e1vel, pain\u00e9is de v\u00eddeo de LED, display de LED externo p6, parede de LED flex\u00edvel, placa de tr\u00e2nsito de LED, placas de radar de velocidade, display de LED p10, parede de LED p4, display de LED RGB p10, fabricantes de parede de v\u00eddeo de LED, aluguel de parede de v\u00eddeo de LED, PAINEL DE LED P2, m\u00f3dulo de LED P3, M\u00d3DULO DE LED P1.25, tela de LED circular","potentialAction":[{"@type":"SearchAction","target":{"@type":"EntryPoint","urlTemplate":"https:\/\/cob-leddisplay.com\/?s={search_term_string}"},"query-input":{"@type":"PropertyValueSpecification","valueRequired":true,"valueName":"search_term_string"}}],"inLanguage":"pt-BR"}]}},"_links":{"self":[{"href":"https:\/\/cob-leddisplay.com\/pt\/wp-json\/wp\/v2\/pages\/14039","targetHints":{"allow":["GET"]}}],"collection":[{"href":"https:\/\/cob-leddisplay.com\/pt\/wp-json\/wp\/v2\/pages"}],"about":[{"href":"https:\/\/cob-leddisplay.com\/pt\/wp-json\/wp\/v2\/types\/page"}],"author":[{"embeddable":true,"href":"https:\/\/cob-leddisplay.com\/pt\/wp-json\/wp\/v2\/users\/1"}],"replies":[{"embeddable":true,"href":"https:\/\/cob-leddisplay.com\/pt\/wp-json\/wp\/v2\/comments?post=14039"}],"version-history":[{"count":0,"href":"https:\/\/cob-leddisplay.com\/pt\/wp-json\/wp\/v2\/pages\/14039\/revisions"}],"up":[{"embeddable":true,"href":"https:\/\/cob-leddisplay.com\/pt\/wp-json\/wp\/v2\/pages\/13211"}],"wp:attachment":[{"href":"https:\/\/cob-leddisplay.com\/pt\/wp-json\/wp\/v2\/media?parent=14039"}],"curies":[{"name":"wp","href":"https:\/\/api.w.org\/{rel}","templated":true}]}}