{"id":13953,"date":"2024-07-17T12:14:04","date_gmt":"2024-07-17T12:14:04","guid":{"rendered":"https:\/\/cob-leddisplay.com\/?page_id=13953"},"modified":"2025-04-19T05:43:35","modified_gmt":"2025-04-19T05:43:35","slug":"p2-5-outdoor-led-module-3","status":"publish","type":"page","link":"https:\/\/cob-leddisplay.com\/pt\/modulo-led-externo-p2-5\/","title":{"rendered":"M\u00f3dulo LED externo P2.5"},"content":{"rendered":"","protected":false},"excerpt":{"rendered":"","protected":false},"author":1,"featured_media":0,"parent":13211,"menu_order":0,"comment_status":"closed","ping_status":"closed","template":"product-category3.php","meta":{"_acf_changed":false,"site-sidebar-layout":"no-sidebar","site-content-layout":"page-builder","ast-site-content-layout":"full-width-container","site-content-style":"unboxed","site-sidebar-style":"unboxed","ast-global-header-display":"","ast-banner-title-visibility":"","ast-main-header-display":"","ast-hfb-above-header-display":"","ast-hfb-below-header-display":"","ast-hfb-mobile-header-display":"","site-post-title":"disabled","ast-breadcrumbs-content":"disabled","ast-featured-img":"disabled","footer-sml-layout":"","ast-disable-related-posts":"","theme-transparent-header-meta":"default","adv-header-id-meta":"","stick-header-meta":"default","header-above-stick-meta":"","header-main-stick-meta":"","header-below-stick-meta":"","astra-migrate-meta-layouts":"set","ast-page-background-enabled":"default","ast-page-background-meta":{"desktop":{"background-color":"","background-image":"","background-repeat":"repeat","background-position":"center center","background-size":"auto","background-attachment":"scroll","background-type":"","background-media":"","overlay-type":"","overlay-color":"","overlay-opacity":"","overlay-gradient":""},"tablet":{"background-color":"","background-image":"","background-repeat":"repeat","background-position":"center center","background-size":"auto","background-attachment":"scroll","background-type":"","background-media":"","overlay-type":"","overlay-color":"","overlay-opacity":"","overlay-gradient":""},"mobile":{"background-color":"","background-image":"","background-repeat":"repeat","background-position":"center center","background-size":"auto","background-attachment":"scroll","background-type":"","background-media":"","overlay-type":"","overlay-color":"","overlay-opacity":"","overlay-gradient":""}},"ast-content-background-meta":{"desktop":{"background-color":"var(--ast-global-color-5)","background-image":"","background-repeat":"repeat","background-position":"center center","background-size":"auto","background-attachment":"scroll","background-type":"","background-media":"","overlay-type":"","overlay-color":"","overlay-opacity":"","overlay-gradient":""},"tablet":{"background-color":"var(--ast-global-color-5)","background-image":"","background-repeat":"repeat","background-position":"center center","background-size":"auto","background-attachment":"scroll","background-type":"","background-media":"","overlay-type":"","overlay-color":"","overlay-opacity":"","overlay-gradient":""},"mobile":{"background-color":"var(--ast-global-color-5)","background-image":"","background-repeat":"repeat","background-position":"center center","background-size":"auto","background-attachment":"scroll","background-type":"","background-media":"","overlay-type":"","overlay-color":"","overlay-opacity":"","overlay-gradient":""}},"footnotes":""},"class_list":["post-13953","page","type-page","status-publish","hentry"],"acf":[],"yoast_head":"<!-- This site is optimized with the Yoast SEO plugin v27.3 - https:\/\/yoast.com\/product\/yoast-seo-wordpress\/ -->\n<title>P2.5 Outdoor LED Module<\/title>\n<meta name=\"description\" content=\"TOPSHINELED: P2.5 outdoor LED module boasts an IP65 waterproof rating and robust structural design, ensuring stable operation and long service life in harsh conditions. Whether it&#039;s a stormy day or a dust-filled environment, our product provides a solid safeguard for your outdoor signs. In addition to superior visual display and weather resistance, our P2.5 outdoor LED module is equipped with high-performance LED chips. These chips not only exhibit excellent color reproduction and consistency, delivering vivid and realistic images and videos, but also have low power consumption and superior heat dissipation. This not only means more environmentally friendly energy consumption but also improves the product&#039;s reliability and service life, giving you peace of mind.\" \/>\n<meta name=\"robots\" content=\"index, follow, max-snippet:-1, max-image-preview:large, max-video-preview:-1\" \/>\n<link rel=\"canonical\" href=\"https:\/\/cob-leddisplay.com\/pt\/modulo-led-externo-p2-5\/\" \/>\n<meta property=\"og:locale\" content=\"pt_BR\" \/>\n<meta property=\"og:type\" content=\"article\" \/>\n<meta property=\"og:title\" content=\"P2.5 Outdoor LED Module\" \/>\n<meta property=\"og:description\" content=\"TOPSHINELED: P2.5 outdoor LED module boasts an IP65 waterproof rating and robust structural design, ensuring stable operation and long service life in harsh conditions. Whether it&#039;s a stormy day or a dust-filled environment, our product provides a solid safeguard for your outdoor signs. In addition to superior visual display and weather resistance, our P2.5 outdoor LED module is equipped with high-performance LED chips. These chips not only exhibit excellent color reproduction and consistency, delivering vivid and realistic images and videos, but also have low power consumption and superior heat dissipation. This not only means more environmentally friendly energy consumption but also improves the product&#039;s reliability and service life, giving you peace of mind.\" \/>\n<meta property=\"og:url\" content=\"https:\/\/cob-leddisplay.com\/pt\/modulo-led-externo-p2-5\/\" \/>\n<meta property=\"og:site_name\" content=\"Top Shine LED Display Screen\" \/>\n<meta property=\"article:modified_time\" content=\"2025-04-19T05:43:35+00:00\" \/>\n<meta name=\"twitter:card\" content=\"summary_large_image\" \/>\n<script type=\"application\/ld+json\" class=\"yoast-schema-graph\">{\"@context\":\"https:\\\/\\\/schema.org\",\"@graph\":[{\"@type\":\"WebPage\",\"@id\":\"https:\\\/\\\/cob-leddisplay.com\\\/p2.5-outdoor-led-module\\\/\",\"url\":\"https:\\\/\\\/cob-leddisplay.com\\\/p2.5-outdoor-led-module\\\/\",\"name\":\"P2.5 Outdoor LED Module\",\"isPartOf\":{\"@id\":\"https:\\\/\\\/cob-leddisplay.com\\\/#website\"},\"datePublished\":\"2024-07-17T12:14:04+00:00\",\"dateModified\":\"2025-04-19T05:43:35+00:00\",\"description\":\"TOPSHINELED: P2.5 outdoor LED module boasts an IP65 waterproof rating and robust structural design, ensuring stable operation and long service life in harsh conditions. Whether it's a stormy day or a dust-filled environment, our product provides a solid safeguard for your outdoor signs. In addition to superior visual display and weather resistance, our P2.5 outdoor LED module is equipped with high-performance LED chips. These chips not only exhibit excellent color reproduction and consistency, delivering vivid and realistic images and videos, but also have low power consumption and superior heat dissipation. This not only means more environmentally friendly energy consumption but also improves the product's reliability and service life, giving you peace of mind.\",\"breadcrumb\":{\"@id\":\"https:\\\/\\\/cob-leddisplay.com\\\/p2.5-outdoor-led-module\\\/#breadcrumb\"},\"inLanguage\":\"pt-BR\",\"potentialAction\":[{\"@type\":\"ReadAction\",\"target\":[\"https:\\\/\\\/cob-leddisplay.com\\\/p2.5-outdoor-led-module\\\/\"]}]},{\"@type\":\"BreadcrumbList\",\"@id\":\"https:\\\/\\\/cob-leddisplay.com\\\/p2.5-outdoor-led-module\\\/#breadcrumb\",\"itemListElement\":[{\"@type\":\"ListItem\",\"position\":1,\"name\":\"Home\",\"item\":\"https:\\\/\\\/cob-leddisplay.com\\\/\"},{\"@type\":\"ListItem\",\"position\":2,\"name\":\"LED Display Module\",\"item\":\"https:\\\/\\\/cob-leddisplay.com\\\/led-display-module\\\/\"},{\"@type\":\"ListItem\",\"position\":3,\"name\":\"Outdoor LED Modules\",\"item\":\"https:\\\/\\\/cob-leddisplay.com\\\/outdoor-led-modules\\\/\"},{\"@type\":\"ListItem\",\"position\":4,\"name\":\"P2.5 Outdoor LED Module\"}]},{\"@type\":\"WebSite\",\"@id\":\"https:\\\/\\\/cob-leddisplay.com\\\/#website\",\"url\":\"https:\\\/\\\/cob-leddisplay.com\\\/\",\"name\":\"COB LED Display Screen Rental 3D LED Video Wall Manufacturer\",\"description\":\"LED Display Manufacturer, LED Display board, LED Video wall, Flexible led screen, Traffic led signs, Variable Message Signs, Digital Signage Display, custom led display, stadium led display screen, Retail Digital Signage, LED card, Perimeter led display, LED Display for events, outdoor rental led screen, Stage LED Screen, LED screen floor, Outdoor LED Modules, LED screen panel, LED display panel, led panel screen indoor, P10 DIP LED MODULE, Flexible LED Panel, LED Wall panel, cob LED screen, transparent led screen manufacturer, LED Mesh screen, Transparent LED Display Screen, Flexible led video wall, passenger information display, LED Bus Destination Display boards, LED Pharmacy cross, LED Poster, advertising led screen, round led screen, LED Billboard manufacturer, LED perimeter, Retail led display, rental led screen, rental led wall, P2.5 Outdoor LED Module, p3 outdoor led module, p4 led module, P4 led panel, p5 led panel, outdoor led video wall, bus display board, Stage Screen, rgb led modules, outdoor led screen panel, p10 led module, p5 outdoor led module, P3 LED panel, p2.5 led module, P10 LED panles, customizable led display, Led video panels, p6 outdoor led display, flexible led wall, LED Road Sign, Radar Speed Signs, led p10 display, led wall p4, p10 rgb led display, led video wall manufacturers, led video wall rental, P2 LED PANEL, P3 LED module, P1.25 LED MODULE, circle led screen\",\"potentialAction\":[{\"@type\":\"SearchAction\",\"target\":{\"@type\":\"EntryPoint\",\"urlTemplate\":\"https:\\\/\\\/cob-leddisplay.com\\\/?s={search_term_string}\"},\"query-input\":{\"@type\":\"PropertyValueSpecification\",\"valueRequired\":true,\"valueName\":\"search_term_string\"}}],\"inLanguage\":\"pt-BR\"}]}<\/script>\n<!-- \/ Yoast SEO plugin. -->","yoast_head_json":{"title":"M\u00f3dulo LED externo P2.5","description":"TOPSHINELED: O m\u00f3dulo LED externo P2.5 possui classifica\u00e7\u00e3o IP65 \u00e0 prova d&#039;\u00e1gua e design estrutural robusto, garantindo opera\u00e7\u00e3o est\u00e1vel e longa vida \u00fatil em condi\u00e7\u00f5es adversas. Seja em um dia tempestuoso ou em um ambiente com muita poeira, nosso produto oferece uma prote\u00e7\u00e3o s\u00f3lida para suas placas externas. Al\u00e9m da exibi\u00e7\u00e3o visual superior e da resist\u00eancia \u00e0s intemp\u00e9ries, nosso m\u00f3dulo LED externo P2.5 \u00e9 equipado com chips LED de alto desempenho. Esses chips n\u00e3o s\u00f3 apresentam excelente reprodu\u00e7\u00e3o e consist\u00eancia de cores, proporcionando imagens e v\u00eddeos v\u00edvidos e realistas, como tamb\u00e9m t\u00eam baixo consumo de energia e dissipa\u00e7\u00e3o de calor superior. Isso n\u00e3o s\u00f3 significa um consumo de energia mais ecol\u00f3gico, como tamb\u00e9m aumenta a confiabilidade e a vida \u00fatil do produto, proporcionando tranquilidade.","robots":{"index":"index","follow":"follow","max-snippet":"max-snippet:-1","max-image-preview":"max-image-preview:large","max-video-preview":"max-video-preview:-1"},"canonical":"https:\/\/cob-leddisplay.com\/pt\/modulo-led-externo-p2-5\/","og_locale":"pt_BR","og_type":"article","og_title":"P2.5 Outdoor LED Module","og_description":"TOPSHINELED: P2.5 outdoor LED module boasts an IP65 waterproof rating and robust structural design, ensuring stable operation and long service life in harsh conditions. Whether it's a stormy day or a dust-filled environment, our product provides a solid safeguard for your outdoor signs. In addition to superior visual display and weather resistance, our P2.5 outdoor LED module is equipped with high-performance LED chips. These chips not only exhibit excellent color reproduction and consistency, delivering vivid and realistic images and videos, but also have low power consumption and superior heat dissipation. This not only means more environmentally friendly energy consumption but also improves the product's reliability and service life, giving you peace of mind.","og_url":"https:\/\/cob-leddisplay.com\/pt\/modulo-led-externo-p2-5\/","og_site_name":"Top Shine LED Display Screen","article_modified_time":"2025-04-19T05:43:35+00:00","twitter_card":"summary_large_image","schema":{"@context":"https:\/\/schema.org","@graph":[{"@type":"WebPage","@id":"https:\/\/cob-leddisplay.com\/p2.5-outdoor-led-module\/","url":"https:\/\/cob-leddisplay.com\/p2.5-outdoor-led-module\/","name":"M\u00f3dulo LED externo P2.5","isPartOf":{"@id":"https:\/\/cob-leddisplay.com\/#website"},"datePublished":"2024-07-17T12:14:04+00:00","dateModified":"2025-04-19T05:43:35+00:00","description":"TOPSHINELED: O m\u00f3dulo LED externo P2.5 possui classifica\u00e7\u00e3o IP65 \u00e0 prova d&#039;\u00e1gua e design estrutural robusto, garantindo opera\u00e7\u00e3o est\u00e1vel e longa vida \u00fatil em condi\u00e7\u00f5es adversas. Seja em um dia tempestuoso ou em um ambiente com muita poeira, nosso produto oferece uma prote\u00e7\u00e3o s\u00f3lida para suas placas externas. Al\u00e9m da exibi\u00e7\u00e3o visual superior e da resist\u00eancia \u00e0s intemp\u00e9ries, nosso m\u00f3dulo LED externo P2.5 \u00e9 equipado com chips LED de alto desempenho. Esses chips n\u00e3o s\u00f3 apresentam excelente reprodu\u00e7\u00e3o e consist\u00eancia de cores, proporcionando imagens e v\u00eddeos v\u00edvidos e realistas, como tamb\u00e9m t\u00eam baixo consumo de energia e dissipa\u00e7\u00e3o de calor superior. Isso n\u00e3o s\u00f3 significa um consumo de energia mais ecol\u00f3gico, como tamb\u00e9m aumenta a confiabilidade e a vida \u00fatil do produto, proporcionando tranquilidade.","breadcrumb":{"@id":"https:\/\/cob-leddisplay.com\/p2.5-outdoor-led-module\/#breadcrumb"},"inLanguage":"pt-BR","potentialAction":[{"@type":"ReadAction","target":["https:\/\/cob-leddisplay.com\/p2.5-outdoor-led-module\/"]}]},{"@type":"BreadcrumbList","@id":"https:\/\/cob-leddisplay.com\/p2.5-outdoor-led-module\/#breadcrumb","itemListElement":[{"@type":"ListItem","position":1,"name":"Home","item":"https:\/\/cob-leddisplay.com\/"},{"@type":"ListItem","position":2,"name":"LED Display Module","item":"https:\/\/cob-leddisplay.com\/led-display-module\/"},{"@type":"ListItem","position":3,"name":"Outdoor LED Modules","item":"https:\/\/cob-leddisplay.com\/outdoor-led-modules\/"},{"@type":"ListItem","position":4,"name":"P2.5 Outdoor LED Module"}]},{"@type":"WebSite","@id":"https:\/\/cob-leddisplay.com\/#website","url":"https:\/\/cob-leddisplay.com\/","name":"Aluguel de tela de LED COB Fabricante de parede de v\u00eddeo LED 3D","description":"Fabricante de display LED, painel de display LED, parede de v\u00eddeo LED, tela de LED flex\u00edvel, placas de LED de tr\u00e2nsito, placas de mensagem vari\u00e1vel, display de sinaliza\u00e7\u00e3o digital, display LED personalizado, tela de LED para est\u00e1dio, sinaliza\u00e7\u00e3o digital de varejo, cart\u00e3o LED, display LED de per\u00edmetro, display LED para eventos, tela de LED para aluguel externo, tela de LED para palco, piso de tela de LED, m\u00f3dulos LED externos, painel de tela LED, painel de display LED, tela de painel LED interna, M\u00d3DULO LED DIP P10, painel LED flex\u00edvel, painel de parede LED, tela de LED COB, fabricante de tela de LED transparente, tela de malha LED, tela de display LED transparente, parede de v\u00eddeo LED flex\u00edvel, display de informa\u00e7\u00f5es para passageiros, pain\u00e9is de display de destino de \u00f4nibus LED, cruz de farm\u00e1cia LED, p\u00f4ster LED, tela de LED publicit\u00e1ria, tela de LED redonda, fabricante de outdoor de LED, per\u00edmetro LED, display LED para varejo, tela de LED para aluguel, parede de LED para aluguel, m\u00f3dulo LED externo P2.5, m\u00f3dulo LED externo p3, m\u00f3dulo LED p4, painel LED P4, painel LED p5, parede de v\u00eddeo LED externa, painel de exibi\u00e7\u00e3o de \u00f4nibus, tela de palco, m\u00f3dulos LED RGB, painel de tela LED externo, m\u00f3dulo LED p10, m\u00f3dulo LED externo p5, P3 Painel de LED, m\u00f3dulo de LED p2.5, pain\u00e9is de LED P10, display de LED personaliz\u00e1vel, pain\u00e9is de v\u00eddeo de LED, display de LED externo p6, parede de LED flex\u00edvel, placa de tr\u00e2nsito de LED, placas de radar de velocidade, display de LED p10, parede de LED p4, display de LED RGB p10, fabricantes de parede de v\u00eddeo de LED, aluguel de parede de v\u00eddeo de LED, PAINEL DE LED P2, m\u00f3dulo de LED P3, M\u00d3DULO DE LED P1.25, tela de LED circular","potentialAction":[{"@type":"SearchAction","target":{"@type":"EntryPoint","urlTemplate":"https:\/\/cob-leddisplay.com\/?s={search_term_string}"},"query-input":{"@type":"PropertyValueSpecification","valueRequired":true,"valueName":"search_term_string"}}],"inLanguage":"pt-BR"}]}},"_links":{"self":[{"href":"https:\/\/cob-leddisplay.com\/pt\/wp-json\/wp\/v2\/pages\/13953","targetHints":{"allow":["GET"]}}],"collection":[{"href":"https:\/\/cob-leddisplay.com\/pt\/wp-json\/wp\/v2\/pages"}],"about":[{"href":"https:\/\/cob-leddisplay.com\/pt\/wp-json\/wp\/v2\/types\/page"}],"author":[{"embeddable":true,"href":"https:\/\/cob-leddisplay.com\/pt\/wp-json\/wp\/v2\/users\/1"}],"replies":[{"embeddable":true,"href":"https:\/\/cob-leddisplay.com\/pt\/wp-json\/wp\/v2\/comments?post=13953"}],"version-history":[{"count":0,"href":"https:\/\/cob-leddisplay.com\/pt\/wp-json\/wp\/v2\/pages\/13953\/revisions"}],"up":[{"embeddable":true,"href":"https:\/\/cob-leddisplay.com\/pt\/wp-json\/wp\/v2\/pages\/13211"}],"wp:attachment":[{"href":"https:\/\/cob-leddisplay.com\/pt\/wp-json\/wp\/v2\/media?parent=13953"}],"curies":[{"name":"wp","href":"https:\/\/api.w.org\/{rel}","templated":true}]}}