{"id":14508,"date":"2025-03-28T15:13:32","date_gmt":"2025-03-28T15:13:32","guid":{"rendered":"https:\/\/cob-leddisplay.com\/?page_id=14508"},"modified":"2025-08-01T19:39:13","modified_gmt":"2025-08-01T19:39:13","slug":"%ed%8c%8c%ec%9d%b4%eb%84%a4%ec%8a%a4-%eb%8d%b0-%eb%a0%88%eb%93%9c","status":"publish","type":"page","link":"https:\/\/cob-leddisplay.com\/ko\/%ed%8c%8c%ec%9d%b4%eb%84%a4%ec%8a%a4-%eb%8d%b0-%eb%a0%88%eb%93%9c\/","title":{"rendered":"LED \ub7a8\ud504"},"content":{"rendered":"","protected":false},"excerpt":{"rendered":"","protected":false},"author":1,"featured_media":0,"parent":0,"menu_order":0,"comment_status":"closed","ping_status":"closed","template":"product-category3.php","meta":{"_acf_changed":false,"site-sidebar-layout":"no-sidebar","site-content-layout":"page-builder","ast-site-content-layout":"full-width-container","site-content-style":"unboxed","site-sidebar-style":"unboxed","ast-global-header-display":"","ast-banner-title-visibility":"","ast-main-header-display":"","ast-hfb-above-header-display":"","ast-hfb-below-header-display":"","ast-hfb-mobile-header-display":"","site-post-title":"disabled","ast-breadcrumbs-content":"disabled","ast-featured-img":"disabled","footer-sml-layout":"","ast-disable-related-posts":"","theme-transparent-header-meta":"default","adv-header-id-meta":"","stick-header-meta":"default","header-above-stick-meta":"","header-main-stick-meta":"","header-below-stick-meta":"","astra-migrate-meta-layouts":"set","ast-page-background-enabled":"default","ast-page-background-meta":{"desktop":{"background-color":"","background-image":"","background-repeat":"repeat","background-position":"center center","background-size":"auto","background-attachment":"scroll","background-type":"","background-media":"","overlay-type":"","overlay-color":"","overlay-opacity":"","overlay-gradient":""},"tablet":{"background-color":"","background-image":"","background-repeat":"repeat","background-position":"center center","background-size":"auto","background-attachment":"scroll","background-type":"","background-media":"","overlay-type":"","overlay-color":"","overlay-opacity":"","overlay-gradient":""},"mobile":{"background-color":"","background-image":"","background-repeat":"repeat","background-position":"center center","background-size":"auto","background-attachment":"scroll","background-type":"","background-media":"","overlay-type":"","overlay-color":"","overlay-opacity":"","overlay-gradient":""}},"ast-content-background-meta":{"desktop":{"background-color":"var(--ast-global-color-5)","background-image":"","background-repeat":"repeat","background-position":"center center","background-size":"auto","background-attachment":"scroll","background-type":"","background-media":"","overlay-type":"","overlay-color":"","overlay-opacity":"","overlay-gradient":""},"tablet":{"background-color":"var(--ast-global-color-5)","background-image":"","background-repeat":"repeat","background-position":"center center","background-size":"auto","background-attachment":"scroll","background-type":"","background-media":"","overlay-type":"","overlay-color":"","overlay-opacity":"","overlay-gradient":""},"mobile":{"background-color":"var(--ast-global-color-5)","background-image":"","background-repeat":"repeat","background-position":"center center","background-size":"auto","background-attachment":"scroll","background-type":"","background-media":"","overlay-type":"","overlay-color":"","overlay-opacity":"","overlay-gradient":""}},"footnotes":""},"class_list":["post-14508","page","type-page","status-publish","hentry"],"acf":[],"yoast_head":"<!-- This site is optimized with the Yoast SEO plugin v27.3 - https:\/\/yoast.com\/product\/yoast-seo-wordpress\/ -->\n<title>Fabricante Pain\u00e9is De LED | M\u00f3dulos De LED | Tela De LED --TS<\/title>\n<meta name=\"description\" content=\"Top Shine LED - marca l\u00edder de exporta\u00e7\u00e3o painel de LED da China, com armaz\u00e9ns de estoque pronto em S\u00e3o Paulo, Brasil.Fa\u00e7a um pedido hoje e carregue-o amanh\u00e3 ! Pain\u00e9is de LED de origem chinesa, f\u00e1bricas de telas de LED, deixe os m\u00f3dulos LED profissionais Top Shine iluminarem seu mapa de neg\u00f3cios! 8 principais centros de armazenamento do mundo, atendendo clientes em 128 pa\u00edses.\" \/>\n<meta name=\"robots\" content=\"index, follow, max-snippet:-1, max-image-preview:large, max-video-preview:-1\" \/>\n<link rel=\"canonical\" href=\"https:\/\/cob-leddisplay.com\/ko\/\ud30c\uc774\ub124\uc2a4-\ub370-\ub808\ub4dc\/\" \/>\n<meta property=\"og:locale\" content=\"ko_KR\" \/>\n<meta property=\"og:type\" content=\"article\" \/>\n<meta property=\"og:title\" content=\"Fabricante Pain\u00e9is De LED | M\u00f3dulos De LED | Tela De LED --TS\" \/>\n<meta property=\"og:description\" content=\"Top Shine LED - marca l\u00edder de exporta\u00e7\u00e3o painel de LED da China, com armaz\u00e9ns de estoque pronto em S\u00e3o Paulo, Brasil.Fa\u00e7a um pedido hoje e carregue-o amanh\u00e3 ! Pain\u00e9is de LED de origem chinesa, f\u00e1bricas de telas de LED, deixe os m\u00f3dulos LED profissionais Top Shine iluminarem seu mapa de neg\u00f3cios! 8 principais centros de armazenamento do mundo, atendendo clientes em 128 pa\u00edses.\" \/>\n<meta property=\"og:url\" content=\"https:\/\/cob-leddisplay.com\/ko\/\ud30c\uc774\ub124\uc2a4-\ub370-\ub808\ub4dc\/\" \/>\n<meta property=\"og:site_name\" content=\"Top Shine LED Display Screen\" \/>\n<meta property=\"article:modified_time\" content=\"2025-08-01T19:39:13+00:00\" \/>\n<meta name=\"twitter:card\" content=\"summary_large_image\" \/>\n<script type=\"application\/ld+json\" class=\"yoast-schema-graph\">{\"@context\":\"https:\\\/\\\/schema.org\",\"@graph\":[{\"@type\":\"WebPage\",\"@id\":\"https:\\\/\\\/cob-leddisplay.com\\\/paineis-de-led\\\/\",\"url\":\"https:\\\/\\\/cob-leddisplay.com\\\/paineis-de-led\\\/\",\"name\":\"Fabricante Pain\u00e9is De LED | M\u00f3dulos De LED | Tela De LED --TS\",\"isPartOf\":{\"@id\":\"https:\\\/\\\/cob-leddisplay.com\\\/#website\"},\"datePublished\":\"2025-03-28T15:13:32+00:00\",\"dateModified\":\"2025-08-01T19:39:13+00:00\",\"description\":\"Top Shine LED - marca l\u00edder de exporta\u00e7\u00e3o painel de LED da China, com armaz\u00e9ns de estoque pronto em S\u00e3o Paulo, Brasil.Fa\u00e7a um pedido hoje e carregue-o amanh\u00e3 ! Pain\u00e9is de LED de origem chinesa, f\u00e1bricas de telas de LED, deixe os m\u00f3dulos LED profissionais Top Shine iluminarem seu mapa de neg\u00f3cios! 8 principais centros de armazenamento do mundo, atendendo clientes em 128 pa\u00edses.\",\"breadcrumb\":{\"@id\":\"https:\\\/\\\/cob-leddisplay.com\\\/paineis-de-led\\\/#breadcrumb\"},\"inLanguage\":\"ko-KR\",\"potentialAction\":[{\"@type\":\"ReadAction\",\"target\":[\"https:\\\/\\\/cob-leddisplay.com\\\/paineis-de-led\\\/\"]}]},{\"@type\":\"BreadcrumbList\",\"@id\":\"https:\\\/\\\/cob-leddisplay.com\\\/paineis-de-led\\\/#breadcrumb\",\"itemListElement\":[{\"@type\":\"ListItem\",\"position\":1,\"name\":\"Home\",\"item\":\"https:\\\/\\\/cob-leddisplay.com\\\/\"},{\"@type\":\"ListItem\",\"position\":2,\"name\":\"pain\u00e9is de LED\"}]},{\"@type\":\"WebSite\",\"@id\":\"https:\\\/\\\/cob-leddisplay.com\\\/#website\",\"url\":\"https:\\\/\\\/cob-leddisplay.com\\\/\",\"name\":\"COB LED Display Screen Rental 3D LED Video Wall Manufacturer\",\"description\":\"LED Display Manufacturer, LED Display board, LED Video wall, Flexible led screen, Traffic led signs, Variable Message Signs, Digital Signage Display, custom led display, stadium led display screen, Retail Digital Signage, LED card, Perimeter led display, LED Display for events, outdoor rental led screen, Stage LED Screen, LED screen floor, Outdoor LED Modules, LED screen panel, LED display panel, led panel screen indoor, P10 DIP LED MODULE, Flexible LED Panel, LED Wall panel, cob LED screen, transparent led screen manufacturer, LED Mesh screen, Transparent LED Display Screen, Flexible led video wall, passenger information display, LED Bus Destination Display boards, LED Pharmacy cross, LED Poster, advertising led screen, round led screen, LED Billboard manufacturer, LED perimeter, Retail led display, rental led screen, rental led wall, P2.5 Outdoor LED Module, p3 outdoor led module, p4 led module, P4 led panel, p5 led panel, outdoor led video wall, bus display board, Stage Screen, rgb led modules, outdoor led screen panel, p10 led module, p5 outdoor led module, P3 LED panel, p2.5 led module, P10 LED panles, customizable led display, Led video panels, p6 outdoor led display, flexible led wall, LED Road Sign, Radar Speed Signs, led p10 display, led wall p4, p10 rgb led display, led video wall manufacturers, led video wall rental, P2 LED PANEL, P3 LED module, P1.25 LED MODULE, circle led screen\",\"potentialAction\":[{\"@type\":\"SearchAction\",\"target\":{\"@type\":\"EntryPoint\",\"urlTemplate\":\"https:\\\/\\\/cob-leddisplay.com\\\/?s={search_term_string}\"},\"query-input\":{\"@type\":\"PropertyValueSpecification\",\"valueRequired\":true,\"valueName\":\"search_term_string\"}}],\"inLanguage\":\"ko-KR\"}]}<\/script>\n<!-- \/ Yoast SEO plugin. -->","yoast_head_json":{"title":"Fabricante Pain\u00e9is De LED | LED \ubaa8\ub4c8 | Tela De LED --TS","description":"Top Shine LED - \uc911\uad6d\uc758 LED \uc218\ucd9c\uc6a9 \ud1b5\uc99d \ud45c\uc2dc, \uc0c1\ud30c\uc6b8\ub8e8, \ube0c\ub77c\uc9c8\uc758 com armaz\u00e9ns de estoque pronto.Fa\u00e7a um pedido hoje e carregue-o amanh\u00e3! \uc911\uad6d\uc0b0 LED \uc6d0\ubcf8 \ud1b5\uc99d, LED \ubaa8\ub4c8\ud615 LED \ubaa8\ub4c8, Neg\u00f3cios \uc9c0\ub3c4\uc5d0 \uc788\ub294 Top Shine \uc870\uba85 \ubaa8\ub4c8! 8\uac1c\uc758 \uc8fc\uc694 \ubb34\uae30 \uad00\ub9ac \uc13c\ud130\ub294 128\uac1c\uc758 \uace0\uac1d\uc744 \ub300\uc0c1\uc73c\ub85c \ud569\ub2c8\ub2e4.","robots":{"index":"index","follow":"follow","max-snippet":"max-snippet:-1","max-image-preview":"max-image-preview:large","max-video-preview":"max-video-preview:-1"},"canonical":"https:\/\/cob-leddisplay.com\/ko\/\ud30c\uc774\ub124\uc2a4-\ub370-\ub808\ub4dc\/","og_locale":"ko_KR","og_type":"article","og_title":"Fabricante Pain\u00e9is De LED | M\u00f3dulos De LED | Tela De LED --TS","og_description":"Top Shine LED - marca l\u00edder de exporta\u00e7\u00e3o painel de LED da China, com armaz\u00e9ns de estoque pronto em S\u00e3o Paulo, Brasil.Fa\u00e7a um pedido hoje e carregue-o amanh\u00e3 ! Pain\u00e9is de LED de origem chinesa, f\u00e1bricas de telas de LED, deixe os m\u00f3dulos LED profissionais Top Shine iluminarem seu mapa de neg\u00f3cios! 8 principais centros de armazenamento do mundo, atendendo clientes em 128 pa\u00edses.","og_url":"https:\/\/cob-leddisplay.com\/ko\/\ud30c\uc774\ub124\uc2a4-\ub370-\ub808\ub4dc\/","og_site_name":"Top Shine LED Display Screen","article_modified_time":"2025-08-01T19:39:13+00:00","twitter_card":"summary_large_image","schema":{"@context":"https:\/\/schema.org","@graph":[{"@type":"WebPage","@id":"https:\/\/cob-leddisplay.com\/paineis-de-led\/","url":"https:\/\/cob-leddisplay.com\/paineis-de-led\/","name":"Fabricante Pain\u00e9is De LED | LED \ubaa8\ub4c8 | Tela De LED --TS","isPartOf":{"@id":"https:\/\/cob-leddisplay.com\/#website"},"datePublished":"2025-03-28T15:13:32+00:00","dateModified":"2025-08-01T19:39:13+00:00","description":"Top Shine LED - \uc911\uad6d\uc758 LED \uc218\ucd9c\uc6a9 \ud1b5\uc99d \ud45c\uc2dc, \uc0c1\ud30c\uc6b8\ub8e8, \ube0c\ub77c\uc9c8\uc758 com armaz\u00e9ns de estoque pronto.Fa\u00e7a um pedido hoje e carregue-o amanh\u00e3! \uc911\uad6d\uc0b0 LED \uc6d0\ubcf8 \ud1b5\uc99d, LED \ubaa8\ub4c8\ud615 LED \ubaa8\ub4c8, Neg\u00f3cios \uc9c0\ub3c4\uc5d0 \uc788\ub294 Top Shine \uc870\uba85 \ubaa8\ub4c8! 8\uac1c\uc758 \uc8fc\uc694 \ubb34\uae30 \uad00\ub9ac \uc13c\ud130\ub294 128\uac1c\uc758 \uace0\uac1d\uc744 \ub300\uc0c1\uc73c\ub85c \ud569\ub2c8\ub2e4.","breadcrumb":{"@id":"https:\/\/cob-leddisplay.com\/paineis-de-led\/#breadcrumb"},"inLanguage":"ko-KR","potentialAction":[{"@type":"ReadAction","target":["https:\/\/cob-leddisplay.com\/paineis-de-led\/"]}]},{"@type":"BreadcrumbList","@id":"https:\/\/cob-leddisplay.com\/paineis-de-led\/#breadcrumb","itemListElement":[{"@type":"ListItem","position":1,"name":"Home","item":"https:\/\/cob-leddisplay.com\/"},{"@type":"ListItem","position":2,"name":"pain\u00e9is de LED"}]},{"@type":"WebSite","@id":"https:\/\/cob-leddisplay.com\/#website","url":"https:\/\/cob-leddisplay.com\/","name":"COB LED \ub514\uc2a4\ud50c\ub808\uc774 \uc2a4\ud06c\ub9b0 \ub300\uc5ec 3D LED \ube44\ub514\uc624 \uc6d4 \uc81c\uc870\uc5c5\uccb4","description":"LED \ub514\uc2a4\ud50c\ub808\uc774 \uc81c\uc870\uc5c5\uccb4, LED \ub514\uc2a4\ud50c\ub808\uc774 \ubcf4\ub4dc, LED \ube44\ub514\uc624 \uc6d4, \ud50c\ub809\uc2dc\ube14 LED \uc2a4\ud06c\ub9b0, \uad50\ud1b5 LED \ud45c\uc9c0\ud310, \uac00\ubcc0 \uba54\uc2dc\uc9c0 \ud45c\uc9c0\ud310, \ub514\uc9c0\ud138 \uc0ac\uc774\ub2c8\uc9c0 \ub514\uc2a4\ud50c\ub808\uc774, \ub9de\ucda4\ud615 LED \ub514\uc2a4\ud50c\ub808\uc774, \uacbd\uae30\uc7a5 LED \ub514\uc2a4\ud50c\ub808\uc774 \uc2a4\ud06c\ub9b0, \uc18c\ub9e4 \ub514\uc9c0\ud138 \uc0ac\uc774\ub2c8\uc9c0, LED \uce74\ub4dc, \uacbd\uacc4 LED \ub514\uc2a4\ud50c\ub808\uc774, \uc774\ubca4\ud2b8\uc6a9 LED \ub514\uc2a4\ud50c\ub808\uc774, \uc57c\uc678 \ub80c\ud0c8\uc6a9 LED \uc2a4\ud06c\ub9b0, \ubb34\ub300 LED \uc2a4\ud06c\ub9b0, LED \uc2a4\ud06c\ub9b0 \ubc14\ub2e5, \uc57c\uc678 LED \ubaa8\ub4c8, LED \uc2a4\ud06c\ub9b0 \ud328\ub110, LED \ub514\uc2a4\ud50c\ub808\uc774 \ud328\ub110, \uc2e4\ub0b4\uc6a9 LED \ud328\ub110 \uc2a4\ud06c\ub9b0, P10 DIP LED \ubaa8\ub4c8, \ud50c\ub809\uc2dc\ube14 LED \ud328\ub110, LED \ubcbd\uba74 \ud328\ub110, COB LED \uc2a4\ud06c\ub9b0, \ud22c\uba85 LED \uc2a4\ud06c\ub9b0 \uc81c\uc870\uc5c5\uccb4, LED \uba54\uc2dc \uc2a4\ud06c\ub9b0, \ud22c\uba85 LED \ub514\uc2a4\ud50c\ub808\uc774 \uc2a4\ud06c\ub9b0, \ud50c\ub809\uc2dc\ube14 LED \ube44\ub514\uc624 \uc6d4, \uc2b9\uac1d \uc815\ubcf4 \ub514\uc2a4\ud50c\ub808\uc774, LED \ubc84\uc2a4 \ubaa9\uc801\uc9c0 \ub514\uc2a4\ud50c\ub808\uc774 \ubcf4\ub4dc, LED \uc57d\uad6d \uc2ed\uc790\uac00, LED \ud3ec\uc2a4\ud130, \uad11\uace0\uc6a9 LED \uc2a4\ud06c\ub9b0, \uc6d0\ud615 LED \uc2a4\ud06c\ub9b0, LED \uad11\uace0\ud310 \uc81c\uc870\uc5c5\uccb4, LED \uacbd\uacc4, \uc18c\ub9e4\uc6a9 LED \ub514\uc2a4\ud50c\ub808\uc774, \ub80c\ud0c8\uc6a9 LED \uc2a4\ud06c\ub9b0, \ub80c\ud0c8\uc6a9 LED \ubcbd, P2.5 \uc57c\uc678\uc6a9 LED \ubaa8\ub4c8, p3 \uc57c\uc678\uc6a9 LED \ubaa8\ub4c8, p4 LED \ubaa8\ub4c8, P4 LED \ud328\ub110, p5 LED \ud328\ub110, \uc57c\uc678\uc6a9 LED \ube44\ub514\uc624 \uc6d4, \ubc84\uc2a4 \ub514\uc2a4\ud50c\ub808\uc774 \ubcf4\ub4dc, \ubb34\ub300 \uc2a4\ud06c\ub9b0, RGB LED \ubaa8\ub4c8, \uc57c\uc678\uc6a9 LED \uc2a4\ud06c\ub9b0 \ud328\ub110, p10 LED \ubaa8\ub4c8, p5 \uc57c\uc678\uc6a9 LED \ubaa8\ub4c8, P3 LED \ud328\ub110, p2.5 LED \ubaa8\ub4c8, P10 LED \ud328\ub110, \ub9de\ucda4\ud615 LED \ub514\uc2a4\ud50c\ub808\uc774, LED \ube44\ub514\uc624 \ud328\ub110, p6 \uc2e4\uc678 LED \ub514\uc2a4\ud50c\ub808\uc774, \uc720\uc5f0\ud55c LED \ubcbd, LED \ub3c4\ub85c \ud45c\uc9c0\ud310, \ub808\uc774\ub354 \uc18d\ub3c4 \ud45c\uc9c0\ud310, LED p10 \ub514\uc2a4\ud50c\ub808\uc774, LED \ubcbd p4, p10 RGB LED \ub514\uc2a4\ud50c\ub808\uc774, LED \ube44\ub514\uc624 \uc6d4 \uc81c\uc870\uc5c5\uccb4, LED \ube44\ub514\uc624 \uc6d4 \ub300\uc5ec, P2 LED \ud328\ub110, P3 LED \ubaa8\ub4c8, P1.25 LED \ubaa8\ub4c8, \uc6d0\ud615 LED \uc2a4\ud06c\ub9b0","potentialAction":[{"@type":"SearchAction","target":{"@type":"EntryPoint","urlTemplate":"https:\/\/cob-leddisplay.com\/?s={search_term_string}"},"query-input":{"@type":"PropertyValueSpecification","valueRequired":true,"valueName":"search_term_string"}}],"inLanguage":"ko-KR"}]}},"_links":{"self":[{"href":"https:\/\/cob-leddisplay.com\/ko\/wp-json\/wp\/v2\/pages\/14508","targetHints":{"allow":["GET"]}}],"collection":[{"href":"https:\/\/cob-leddisplay.com\/ko\/wp-json\/wp\/v2\/pages"}],"about":[{"href":"https:\/\/cob-leddisplay.com\/ko\/wp-json\/wp\/v2\/types\/page"}],"author":[{"embeddable":true,"href":"https:\/\/cob-leddisplay.com\/ko\/wp-json\/wp\/v2\/users\/1"}],"replies":[{"embeddable":true,"href":"https:\/\/cob-leddisplay.com\/ko\/wp-json\/wp\/v2\/comments?post=14508"}],"version-history":[{"count":0,"href":"https:\/\/cob-leddisplay.com\/ko\/wp-json\/wp\/v2\/pages\/14508\/revisions"}],"wp:attachment":[{"href":"https:\/\/cob-leddisplay.com\/ko\/wp-json\/wp\/v2\/media?parent=14508"}],"curies":[{"name":"\uc6cc\ub4dc\ud504\ub808\uc2a4","href":"https:\/\/api.w.org\/{rel}","templated":true}]}}