{"id":14006,"date":"2024-07-20T08:58:54","date_gmt":"2024-07-20T08:58:54","guid":{"rendered":"https:\/\/cob-leddisplay.com\/?page_id=14006"},"modified":"2025-05-14T11:31:12","modified_gmt":"2025-05-14T11:31:12","slug":"videowall-a-led-per-esterni","status":"publish","type":"page","link":"https:\/\/cob-leddisplay.com\/it\/videowall-a-led-per-esterni\/","title":{"rendered":"Videowall LED per esterni"},"content":{"rendered":"","protected":false},"excerpt":{"rendered":"","protected":false},"author":1,"featured_media":0,"parent":12256,"menu_order":0,"comment_status":"closed","ping_status":"closed","template":"product-category3.php","meta":{"_acf_changed":false,"site-sidebar-layout":"no-sidebar","site-content-layout":"page-builder","ast-site-content-layout":"full-width-container","site-content-style":"unboxed","site-sidebar-style":"unboxed","ast-global-header-display":"","ast-banner-title-visibility":"","ast-main-header-display":"","ast-hfb-above-header-display":"","ast-hfb-below-header-display":"","ast-hfb-mobile-header-display":"","site-post-title":"disabled","ast-breadcrumbs-content":"disabled","ast-featured-img":"disabled","footer-sml-layout":"","ast-disable-related-posts":"","theme-transparent-header-meta":"default","adv-header-id-meta":"","stick-header-meta":"default","header-above-stick-meta":"","header-main-stick-meta":"","header-below-stick-meta":"","astra-migrate-meta-layouts":"set","ast-page-background-enabled":"default","ast-page-background-meta":{"desktop":{"background-color":"","background-image":"","background-repeat":"repeat","background-position":"center center","background-size":"auto","background-attachment":"scroll","background-type":"","background-media":"","overlay-type":"","overlay-color":"","overlay-opacity":"","overlay-gradient":""},"tablet":{"background-color":"","background-image":"","background-repeat":"repeat","background-position":"center center","background-size":"auto","background-attachment":"scroll","background-type":"","background-media":"","overlay-type":"","overlay-color":"","overlay-opacity":"","overlay-gradient":""},"mobile":{"background-color":"","background-image":"","background-repeat":"repeat","background-position":"center center","background-size":"auto","background-attachment":"scroll","background-type":"","background-media":"","overlay-type":"","overlay-color":"","overlay-opacity":"","overlay-gradient":""}},"ast-content-background-meta":{"desktop":{"background-color":"var(--ast-global-color-5)","background-image":"","background-repeat":"repeat","background-position":"center center","background-size":"auto","background-attachment":"scroll","background-type":"","background-media":"","overlay-type":"","overlay-color":"","overlay-opacity":"","overlay-gradient":""},"tablet":{"background-color":"var(--ast-global-color-5)","background-image":"","background-repeat":"repeat","background-position":"center center","background-size":"auto","background-attachment":"scroll","background-type":"","background-media":"","overlay-type":"","overlay-color":"","overlay-opacity":"","overlay-gradient":""},"mobile":{"background-color":"var(--ast-global-color-5)","background-image":"","background-repeat":"repeat","background-position":"center center","background-size":"auto","background-attachment":"scroll","background-type":"","background-media":"","overlay-type":"","overlay-color":"","overlay-opacity":"","overlay-gradient":""}},"footnotes":""},"class_list":["post-14006","page","type-page","status-publish","hentry"],"acf":[],"yoast_head":"<!-- This site is optimized with the Yoast SEO plugin v27.4 - https:\/\/yoast.com\/product\/yoast-seo-wordpress\/ -->\n<title>Outdoor LED Video Wall<\/title>\n<meta name=\"description\" content=\"The price of outdoor LED video walls generally ranges from US$200 to US$1,000 per square meter,but the specific price will be affected by many factors, such as screen point spacing, brightness, resolution, brand, chips and materials used, etc.Generally speaking, the smaller the pixel pitch, the higher the brightness and resolution of the outdoor LED video wall, the higher the price will be. Common outdoor LED display pixel pitches include P2, P2.5, P3, P4, P5, P6, P8, P10, P12, P16, etc. (P stands for pixel pitch, the smaller the number, the higher the pixel density and the clearer the picture) .In addition, prices may vary between brands and manufacturers. Some well-known brands or products with higher quality and performance may be relatively more expensive. At the same time, the quantity purchased, installation method and supporting equipment will also have an impact on the overall price.When choosing, in addition to price factors, you should also consider product quality, after-sales service, and the reputation of the manufacturer.\" \/>\n<meta name=\"robots\" content=\"index, follow, max-snippet:-1, max-image-preview:large, max-video-preview:-1\" \/>\n<link rel=\"canonical\" href=\"https:\/\/cob-leddisplay.com\/it\/videowall-a-led-per-esterni\/\" \/>\n<meta property=\"og:locale\" content=\"it_IT\" \/>\n<meta property=\"og:type\" content=\"article\" \/>\n<meta property=\"og:title\" content=\"Outdoor LED Video Wall\" \/>\n<meta property=\"og:description\" content=\"The price of outdoor LED video walls generally ranges from US$200 to US$1,000 per square meter,but the specific price will be affected by many factors, such as screen point spacing, brightness, resolution, brand, chips and materials used, etc.Generally speaking, the smaller the pixel pitch, the higher the brightness and resolution of the outdoor LED video wall, the higher the price will be. Common outdoor LED display pixel pitches include P2, P2.5, P3, P4, P5, P6, P8, P10, P12, P16, etc. (P stands for pixel pitch, the smaller the number, the higher the pixel density and the clearer the picture) .In addition, prices may vary between brands and manufacturers. Some well-known brands or products with higher quality and performance may be relatively more expensive. At the same time, the quantity purchased, installation method and supporting equipment will also have an impact on the overall price.When choosing, in addition to price factors, you should also consider product quality, after-sales service, and the reputation of the manufacturer.\" \/>\n<meta property=\"og:url\" content=\"https:\/\/cob-leddisplay.com\/it\/videowall-a-led-per-esterni\/\" \/>\n<meta property=\"og:site_name\" content=\"Top Shine LED Display Screen\" \/>\n<meta property=\"article:modified_time\" content=\"2025-05-14T11:31:12+00:00\" \/>\n<meta name=\"twitter:card\" content=\"summary_large_image\" \/>\n<script type=\"application\/ld+json\" class=\"yoast-schema-graph\">{\"@context\":\"https:\\\/\\\/schema.org\",\"@graph\":[{\"@type\":\"WebPage\",\"@id\":\"https:\\\/\\\/cob-leddisplay.com\\\/outdoor-led-video-wall\\\/\",\"url\":\"https:\\\/\\\/cob-leddisplay.com\\\/outdoor-led-video-wall\\\/\",\"name\":\"Outdoor LED Video Wall\",\"isPartOf\":{\"@id\":\"https:\\\/\\\/cob-leddisplay.com\\\/#website\"},\"datePublished\":\"2024-07-20T08:58:54+00:00\",\"dateModified\":\"2025-05-14T11:31:12+00:00\",\"description\":\"The price of outdoor LED video walls generally ranges from US$200 to US$1,000 per square meter,but the specific price will be affected by many factors, such as screen point spacing, brightness, resolution, brand, chips and materials used, etc.Generally speaking, the smaller the pixel pitch, the higher the brightness and resolution of the outdoor LED video wall, the higher the price will be. Common outdoor LED display pixel pitches include P2, P2.5, P3, P4, P5, P6, P8, P10, P12, P16, etc. (P stands for pixel pitch, the smaller the number, the higher the pixel density and the clearer the picture) .In addition, prices may vary between brands and manufacturers. Some well-known brands or products with higher quality and performance may be relatively more expensive. At the same time, the quantity purchased, installation method and supporting equipment will also have an impact on the overall price.When choosing, in addition to price factors, you should also consider product quality, after-sales service, and the reputation of the manufacturer.\",\"breadcrumb\":{\"@id\":\"https:\\\/\\\/cob-leddisplay.com\\\/outdoor-led-video-wall\\\/#breadcrumb\"},\"inLanguage\":\"it-IT\",\"potentialAction\":[{\"@type\":\"ReadAction\",\"target\":[\"https:\\\/\\\/cob-leddisplay.com\\\/outdoor-led-video-wall\\\/\"]}]},{\"@type\":\"BreadcrumbList\",\"@id\":\"https:\\\/\\\/cob-leddisplay.com\\\/outdoor-led-video-wall\\\/#breadcrumb\",\"itemListElement\":[{\"@type\":\"ListItem\",\"position\":1,\"name\":\"Home\",\"item\":\"https:\\\/\\\/cob-leddisplay.com\\\/\"},{\"@type\":\"ListItem\",\"position\":2,\"name\":\"LED Video Wall\",\"item\":\"https:\\\/\\\/cob-leddisplay.com\\\/led-video-wall\\\/\"},{\"@type\":\"ListItem\",\"position\":3,\"name\":\"Outdoor LED Video Wall\"}]},{\"@type\":\"WebSite\",\"@id\":\"https:\\\/\\\/cob-leddisplay.com\\\/#website\",\"url\":\"https:\\\/\\\/cob-leddisplay.com\\\/\",\"name\":\"COB LED Display Screen Rental 3D LED Video Wall Manufacturer\",\"description\":\"LED Display Manufacturer, LED Display board, LED Video wall, Flexible led screen, Traffic led signs, Variable Message Signs, Digital Signage Display, custom led display, stadium led display screen, Retail Digital Signage, LED card, Perimeter led display, LED Display for events, outdoor rental led screen, Stage LED Screen, LED screen floor, Outdoor LED Modules, LED screen panel, LED display panel, led panel screen indoor, P10 DIP LED MODULE, Flexible LED Panel, LED Wall panel, cob LED screen, transparent led screen manufacturer, LED Mesh screen, Transparent LED Display Screen, Flexible led video wall, passenger information display, LED Bus Destination Display boards, LED Pharmacy cross, LED Poster, advertising led screen, round led screen, LED Billboard manufacturer, LED perimeter, Retail led display, rental led screen, rental led wall, P2.5 Outdoor LED Module, p3 outdoor led module, p4 led module, P4 led panel, p5 led panel, outdoor led video wall, bus display board, Stage Screen, rgb led modules, outdoor led screen panel, p10 led module, p5 outdoor led module, P3 LED panel, p2.5 led module, P10 LED panles, customizable led display, Led video panels, p6 outdoor led display, flexible led wall, LED Road Sign, Radar Speed Signs, led p10 display, led wall p4, p10 rgb led display, led video wall manufacturers, led video wall rental, P2 LED PANEL, P3 LED module, P1.25 LED MODULE, circle led screen\",\"potentialAction\":[{\"@type\":\"SearchAction\",\"target\":{\"@type\":\"EntryPoint\",\"urlTemplate\":\"https:\\\/\\\/cob-leddisplay.com\\\/?s={search_term_string}\"},\"query-input\":{\"@type\":\"PropertyValueSpecification\",\"valueRequired\":true,\"valueName\":\"search_term_string\"}}],\"inLanguage\":\"it-IT\"}]}<\/script>\n<!-- \/ Yoast SEO plugin. -->","yoast_head_json":{"title":"Videowall LED per esterni","description":"Il prezzo dei videowall a LED per esterni varia generalmente da 1,4 a 200 dollari USA a 1,4 milioni di dollari USA al metro quadro, ma il prezzo specifico dipende da molti fattori, come la spaziatura dei punti di visualizzazione, la luminosit\u00e0, la risoluzione, la marca, i chip e i materiali utilizzati, ecc. In generale, pi\u00f9 piccolo \u00e8 il pixel pitch, maggiore \u00e8 la luminosit\u00e0 e la risoluzione del videowall a LED per esterni, e quindi pi\u00f9 alto sar\u00e0 il prezzo. I pixel pitch pi\u00f9 comuni per i display a LED per esterni includono P2, P2,5, P3, P4, P5, P6, P8, P10, P12, P16, ecc. (P sta per pixel pitch, pi\u00f9 piccolo \u00e8 il numero, maggiore \u00e8 la densit\u00e0 di pixel e pi\u00f9 nitida \u00e8 l&#039;immagine). Inoltre, i prezzi possono variare a seconda del marchio e del produttore. Alcuni marchi noti o prodotti con qualit\u00e0 e prestazioni superiori possono essere relativamente pi\u00f9 costosi. Allo stesso tempo, anche la quantit\u00e0 acquistata, il metodo di installazione e l&#039;attrezzatura di supporto avranno un impatto sul prezzo complessivo. Nella scelta, oltre al fattore prezzo, dovresti considerare anche la qualit\u00e0 del prodotto, il servizio post-vendita e la reputazione del produttore.","robots":{"index":"index","follow":"follow","max-snippet":"max-snippet:-1","max-image-preview":"max-image-preview:large","max-video-preview":"max-video-preview:-1"},"canonical":"https:\/\/cob-leddisplay.com\/it\/videowall-a-led-per-esterni\/","og_locale":"it_IT","og_type":"article","og_title":"Outdoor LED Video Wall","og_description":"The price of outdoor LED video walls generally ranges from US$200 to US$1,000 per square meter,but the specific price will be affected by many factors, such as screen point spacing, brightness, resolution, brand, chips and materials used, etc.Generally speaking, the smaller the pixel pitch, the higher the brightness and resolution of the outdoor LED video wall, the higher the price will be. Common outdoor LED display pixel pitches include P2, P2.5, P3, P4, P5, P6, P8, P10, P12, P16, etc. (P stands for pixel pitch, the smaller the number, the higher the pixel density and the clearer the picture) .In addition, prices may vary between brands and manufacturers. Some well-known brands or products with higher quality and performance may be relatively more expensive. At the same time, the quantity purchased, installation method and supporting equipment will also have an impact on the overall price.When choosing, in addition to price factors, you should also consider product quality, after-sales service, and the reputation of the manufacturer.","og_url":"https:\/\/cob-leddisplay.com\/it\/videowall-a-led-per-esterni\/","og_site_name":"Top Shine LED Display Screen","article_modified_time":"2025-05-14T11:31:12+00:00","twitter_card":"summary_large_image","schema":{"@context":"https:\/\/schema.org","@graph":[{"@type":"WebPage","@id":"https:\/\/cob-leddisplay.com\/outdoor-led-video-wall\/","url":"https:\/\/cob-leddisplay.com\/outdoor-led-video-wall\/","name":"Videowall LED per esterni","isPartOf":{"@id":"https:\/\/cob-leddisplay.com\/#website"},"datePublished":"2024-07-20T08:58:54+00:00","dateModified":"2025-05-14T11:31:12+00:00","description":"Il prezzo dei videowall a LED per esterni varia generalmente da 1,4 a 200 dollari USA a 1,4 milioni di dollari USA al metro quadro, ma il prezzo specifico dipende da molti fattori, come la spaziatura dei punti di visualizzazione, la luminosit\u00e0, la risoluzione, la marca, i chip e i materiali utilizzati, ecc. In generale, pi\u00f9 piccolo \u00e8 il pixel pitch, maggiore \u00e8 la luminosit\u00e0 e la risoluzione del videowall a LED per esterni, e quindi pi\u00f9 alto sar\u00e0 il prezzo. I pixel pitch pi\u00f9 comuni per i display a LED per esterni includono P2, P2,5, P3, P4, P5, P6, P8, P10, P12, P16, ecc. (P sta per pixel pitch, pi\u00f9 piccolo \u00e8 il numero, maggiore \u00e8 la densit\u00e0 di pixel e pi\u00f9 nitida \u00e8 l&#039;immagine). Inoltre, i prezzi possono variare a seconda del marchio e del produttore. Alcuni marchi noti o prodotti con qualit\u00e0 e prestazioni superiori possono essere relativamente pi\u00f9 costosi. Allo stesso tempo, anche la quantit\u00e0 acquistata, il metodo di installazione e l&#039;attrezzatura di supporto avranno un impatto sul prezzo complessivo. Nella scelta, oltre al fattore prezzo, dovresti considerare anche la qualit\u00e0 del prodotto, il servizio post-vendita e la reputazione del produttore.","breadcrumb":{"@id":"https:\/\/cob-leddisplay.com\/outdoor-led-video-wall\/#breadcrumb"},"inLanguage":"it-IT","potentialAction":[{"@type":"ReadAction","target":["https:\/\/cob-leddisplay.com\/outdoor-led-video-wall\/"]}]},{"@type":"BreadcrumbList","@id":"https:\/\/cob-leddisplay.com\/outdoor-led-video-wall\/#breadcrumb","itemListElement":[{"@type":"ListItem","position":1,"name":"Home","item":"https:\/\/cob-leddisplay.com\/"},{"@type":"ListItem","position":2,"name":"LED Video Wall","item":"https:\/\/cob-leddisplay.com\/led-video-wall\/"},{"@type":"ListItem","position":3,"name":"Outdoor LED Video Wall"}]},{"@type":"WebSite","@id":"https:\/\/cob-leddisplay.com\/#website","url":"https:\/\/cob-leddisplay.com\/","name":"Noleggio di schermi LED COB, produttore di videowall LED 3D","description":"Produttore di display a LED, scheda display a LED, videowall a LED, schermo LED flessibile, segnaletica stradale a LED, segnaletica a messaggio variabile, display per segnaletica digitale, display a LED personalizzati, schermo a LED per stadi, segnaletica digitale per vendita al dettaglio, scheda LED, display a LED perimetrale, display a LED per eventi, schermo a LED a noleggio per esterni, schermo a LED per palcoscenici, pavimento per schermo a LED, moduli LED per esterni, pannello per schermo a LED, pannello per display a LED, schermo a pannello LED per interni, modulo LED DIP P10, pannello LED flessibile, pannello a parete LED, schermo LED COB, produttore di schermi a LED trasparenti, schermo a rete LED, schermo a LED trasparente, videowall a LED flessibile, display informativo per passeggeri, pannelli LED per la visualizzazione delle destinazioni degli autobus, croce LED per farmacia, poster LED, schermo LED pubblicitario, schermo LED rotondo, produttore di cartelloni pubblicitari a LED, perimetro LED, display a LED per vendita al dettaglio, schermo a LED a noleggio, parete LED a noleggio, modulo LED per esterni P2.5, modulo LED per esterni P3, modulo LED P4, pannello LED P4, pannello LED P5, videowall a LED per esterni, tabellone per autobus, schermo per palcoscenici, moduli LED RGB, pannello per schermo a LED per esterni, modulo LED P10, modulo LED per esterni P5, LED P3 pannello, modulo LED P2.5, pannelli LED P10, display LED personalizzabili, pannelli video LED, display LED per esterni P6, parete LED flessibile, segnaletica stradale LED, segnali di velocit\u00e0 radar, display LED P10, parete LED P4, display LED RGB P10, produttori di pareti video LED, noleggio di pareti video LED, PANNELLO LED P2, modulo LED P3, MODULO LED P1.25, schermo LED circolare","potentialAction":[{"@type":"SearchAction","target":{"@type":"EntryPoint","urlTemplate":"https:\/\/cob-leddisplay.com\/?s={search_term_string}"},"query-input":{"@type":"PropertyValueSpecification","valueRequired":true,"valueName":"search_term_string"}}],"inLanguage":"it-IT"}]}},"_links":{"self":[{"href":"https:\/\/cob-leddisplay.com\/it\/wp-json\/wp\/v2\/pages\/14006","targetHints":{"allow":["GET"]}}],"collection":[{"href":"https:\/\/cob-leddisplay.com\/it\/wp-json\/wp\/v2\/pages"}],"about":[{"href":"https:\/\/cob-leddisplay.com\/it\/wp-json\/wp\/v2\/types\/page"}],"author":[{"embeddable":true,"href":"https:\/\/cob-leddisplay.com\/it\/wp-json\/wp\/v2\/users\/1"}],"replies":[{"embeddable":true,"href":"https:\/\/cob-leddisplay.com\/it\/wp-json\/wp\/v2\/comments?post=14006"}],"version-history":[{"count":0,"href":"https:\/\/cob-leddisplay.com\/it\/wp-json\/wp\/v2\/pages\/14006\/revisions"}],"up":[{"embeddable":true,"href":"https:\/\/cob-leddisplay.com\/it\/wp-json\/wp\/v2\/pages\/12256"}],"wp:attachment":[{"href":"https:\/\/cob-leddisplay.com\/it\/wp-json\/wp\/v2\/media?parent=14006"}],"curies":[{"name":"parola chiave","href":"https:\/\/api.w.org\/{rel}","templated":true}]}}