{"id":12339,"date":"2022-10-22T04:58:09","date_gmt":"2022-10-22T04:58:09","guid":{"rendered":"http:\/\/cob-leddisplay.com\/?page_id=12339"},"modified":"2025-05-14T11:27:21","modified_gmt":"2025-05-14T11:27:21","slug":"led-screen-rental","status":"publish","type":"page","link":"https:\/\/cob-leddisplay.com\/it\/noleggio-di-schermi-led-per-esterni\/","title":{"rendered":"Noleggio schermi LED per esterni"},"content":{"rendered":"","protected":false},"excerpt":{"rendered":"","protected":false},"author":1,"featured_media":0,"parent":12251,"menu_order":0,"comment_status":"closed","ping_status":"closed","template":"product-details2.php","meta":{"_acf_changed":false,"site-sidebar-layout":"no-sidebar","site-content-layout":"page-builder","ast-site-content-layout":"full-width-container","site-content-style":"unboxed","site-sidebar-style":"unboxed","ast-global-header-display":"","ast-banner-title-visibility":"","ast-main-header-display":"","ast-hfb-above-header-display":"","ast-hfb-below-header-display":"","ast-hfb-mobile-header-display":"","site-post-title":"disabled","ast-breadcrumbs-content":"disabled","ast-featured-img":"","footer-sml-layout":"","ast-disable-related-posts":"","theme-transparent-header-meta":"default","adv-header-id-meta":"","stick-header-meta":"default","header-above-stick-meta":"","header-main-stick-meta":"","header-below-stick-meta":"","astra-migrate-meta-layouts":"set","ast-page-background-enabled":"default","ast-page-background-meta":{"desktop":{"background-color":"","background-image":"","background-repeat":"repeat","background-position":"center center","background-size":"auto","background-attachment":"scroll","background-type":"","background-media":"","overlay-type":"","overlay-color":"","overlay-opacity":"","overlay-gradient":""},"tablet":{"background-color":"","background-image":"","background-repeat":"repeat","background-position":"center center","background-size":"auto","background-attachment":"scroll","background-type":"","background-media":"","overlay-type":"","overlay-color":"","overlay-opacity":"","overlay-gradient":""},"mobile":{"background-color":"","background-image":"","background-repeat":"repeat","background-position":"center center","background-size":"auto","background-attachment":"scroll","background-type":"","background-media":"","overlay-type":"","overlay-color":"","overlay-opacity":"","overlay-gradient":""}},"ast-content-background-meta":{"desktop":{"background-color":"var(--ast-global-color-5)","background-image":"","background-repeat":"repeat","background-position":"center center","background-size":"auto","background-attachment":"scroll","background-type":"","background-media":"","overlay-type":"","overlay-color":"","overlay-opacity":"","overlay-gradient":""},"tablet":{"background-color":"var(--ast-global-color-5)","background-image":"","background-repeat":"repeat","background-position":"center center","background-size":"auto","background-attachment":"scroll","background-type":"","background-media":"","overlay-type":"","overlay-color":"","overlay-opacity":"","overlay-gradient":""},"mobile":{"background-color":"var(--ast-global-color-5)","background-image":"","background-repeat":"repeat","background-position":"center center","background-size":"auto","background-attachment":"scroll","background-type":"","background-media":"","overlay-type":"","overlay-color":"","overlay-opacity":"","overlay-gradient":""}},"footnotes":""},"class_list":["post-12339","page","type-page","status-publish","hentry"],"acf":[],"yoast_head":"<!-- This site is optimized with the Yoast SEO plugin v27.3 - https:\/\/yoast.com\/product\/yoast-seo-wordpress\/ -->\n<title>Outdoor Rental LED Screen<\/title>\n<meta name=\"description\" content=\"What are the most cost-effective rental LED screen suppliers in China? Start your rental business at the lowest cost and buy the most cost-effective rental LED display screen at the lowest price. Top Shine 14+ Years Rantal LED Display Screen Manufacturers. Wholesale Outdoor and Indoor led display board Rental. Ready To Ship.\" \/>\n<meta name=\"robots\" content=\"index, follow, max-snippet:-1, max-image-preview:large, max-video-preview:-1\" \/>\n<link rel=\"canonical\" href=\"https:\/\/cob-leddisplay.com\/it\/noleggio-di-schermi-led-per-esterni\/\" \/>\n<meta property=\"og:locale\" content=\"it_IT\" \/>\n<meta property=\"og:type\" content=\"article\" \/>\n<meta property=\"og:title\" content=\"Outdoor Rental LED Screen\" \/>\n<meta property=\"og:description\" content=\"What are the most cost-effective rental LED screen suppliers in China? Start your rental business at the lowest cost and buy the most cost-effective rental LED display screen at the lowest price. Top Shine 14+ Years Rantal LED Display Screen Manufacturers. Wholesale Outdoor and Indoor led display board Rental. Ready To Ship.\" \/>\n<meta property=\"og:url\" content=\"https:\/\/cob-leddisplay.com\/it\/noleggio-di-schermi-led-per-esterni\/\" \/>\n<meta property=\"og:site_name\" content=\"Top Shine LED Display Screen\" \/>\n<meta property=\"article:modified_time\" content=\"2025-05-14T11:27:21+00:00\" \/>\n<meta name=\"twitter:card\" content=\"summary_large_image\" \/>\n<script type=\"application\/ld+json\" class=\"yoast-schema-graph\">{\"@context\":\"https:\\\/\\\/schema.org\",\"@graph\":[{\"@type\":\"WebPage\",\"@id\":\"https:\\\/\\\/cob-leddisplay.com\\\/outdoor-led-screen-rental\\\/\",\"url\":\"https:\\\/\\\/cob-leddisplay.com\\\/outdoor-led-screen-rental\\\/\",\"name\":\"Outdoor Rental LED Screen\",\"isPartOf\":{\"@id\":\"https:\\\/\\\/cob-leddisplay.com\\\/#website\"},\"datePublished\":\"2022-10-22T04:58:09+00:00\",\"dateModified\":\"2025-05-14T11:27:21+00:00\",\"description\":\"What are the most cost-effective rental LED screen suppliers in China? Start your rental business at the lowest cost and buy the most cost-effective rental LED display screen at the lowest price. Top Shine 14+ Years Rantal LED Display Screen Manufacturers. Wholesale Outdoor and Indoor led display board Rental. Ready To Ship.\",\"breadcrumb\":{\"@id\":\"https:\\\/\\\/cob-leddisplay.com\\\/outdoor-led-screen-rental\\\/#breadcrumb\"},\"inLanguage\":\"it-IT\",\"potentialAction\":[{\"@type\":\"ReadAction\",\"target\":[\"https:\\\/\\\/cob-leddisplay.com\\\/outdoor-led-screen-rental\\\/\"]}]},{\"@type\":\"BreadcrumbList\",\"@id\":\"https:\\\/\\\/cob-leddisplay.com\\\/outdoor-led-screen-rental\\\/#breadcrumb\",\"itemListElement\":[{\"@type\":\"ListItem\",\"position\":1,\"name\":\"Home\",\"item\":\"https:\\\/\\\/cob-leddisplay.com\\\/\"},{\"@type\":\"ListItem\",\"position\":2,\"name\":\"Rental LED screen\",\"item\":\"https:\\\/\\\/cob-leddisplay.com\\\/rental-led-screen\\\/\"},{\"@type\":\"ListItem\",\"position\":3,\"name\":\"Outdoor LED Screen Rental\"}]},{\"@type\":\"WebSite\",\"@id\":\"https:\\\/\\\/cob-leddisplay.com\\\/#website\",\"url\":\"https:\\\/\\\/cob-leddisplay.com\\\/\",\"name\":\"COB LED Display Screen Rental 3D LED Video Wall Manufacturer\",\"description\":\"LED Display Manufacturer, LED Display board, LED Video wall, Flexible led screen, Traffic led signs, Variable Message Signs, Digital Signage Display, custom led display, stadium led display screen, Retail Digital Signage, LED card, Perimeter led display, LED Display for events, outdoor rental led screen, Stage LED Screen, LED screen floor, Outdoor LED Modules, LED screen panel, LED display panel, led panel screen indoor, P10 DIP LED MODULE, Flexible LED Panel, LED Wall panel, cob LED screen, transparent led screen manufacturer, LED Mesh screen, Transparent LED Display Screen, Flexible led video wall, passenger information display, LED Bus Destination Display boards, LED Pharmacy cross, LED Poster, advertising led screen, round led screen, LED Billboard manufacturer, LED perimeter, Retail led display, rental led screen, rental led wall, P2.5 Outdoor LED Module, p3 outdoor led module, p4 led module, P4 led panel, p5 led panel, outdoor led video wall, bus display board, Stage Screen, rgb led modules, outdoor led screen panel, p10 led module, p5 outdoor led module, P3 LED panel, p2.5 led module, P10 LED panles, customizable led display, Led video panels, p6 outdoor led display, flexible led wall, LED Road Sign, Radar Speed Signs, led p10 display, led wall p4, p10 rgb led display, led video wall manufacturers, led video wall rental, P2 LED PANEL, P3 LED module, P1.25 LED MODULE, circle led screen\",\"potentialAction\":[{\"@type\":\"SearchAction\",\"target\":{\"@type\":\"EntryPoint\",\"urlTemplate\":\"https:\\\/\\\/cob-leddisplay.com\\\/?s={search_term_string}\"},\"query-input\":{\"@type\":\"PropertyValueSpecification\",\"valueRequired\":true,\"valueName\":\"search_term_string\"}}],\"inLanguage\":\"it-IT\"}]}<\/script>\n<!-- \/ Yoast SEO plugin. -->","yoast_head_json":{"title":"Schermo LED a noleggio per esterni","description":"Quali sono i fornitori di schermi LED a noleggio pi\u00f9 convenienti in Cina? Avvia la tua attivit\u00e0 di noleggio al costo pi\u00f9 basso e acquista lo schermo LED a noleggio pi\u00f9 conveniente al prezzo pi\u00f9 basso. Top Shine, produttore di schermi LED a noleggio da oltre 14 anni. Noleggio all&#039;ingrosso di schermi LED per esterni e interni. Pronti per la spedizione.","robots":{"index":"index","follow":"follow","max-snippet":"max-snippet:-1","max-image-preview":"max-image-preview:large","max-video-preview":"max-video-preview:-1"},"canonical":"https:\/\/cob-leddisplay.com\/it\/noleggio-di-schermi-led-per-esterni\/","og_locale":"it_IT","og_type":"article","og_title":"Outdoor Rental LED Screen","og_description":"What are the most cost-effective rental LED screen suppliers in China? Start your rental business at the lowest cost and buy the most cost-effective rental LED display screen at the lowest price. Top Shine 14+ Years Rantal LED Display Screen Manufacturers. Wholesale Outdoor and Indoor led display board Rental. Ready To Ship.","og_url":"https:\/\/cob-leddisplay.com\/it\/noleggio-di-schermi-led-per-esterni\/","og_site_name":"Top Shine LED Display Screen","article_modified_time":"2025-05-14T11:27:21+00:00","twitter_card":"summary_large_image","schema":{"@context":"https:\/\/schema.org","@graph":[{"@type":"WebPage","@id":"https:\/\/cob-leddisplay.com\/outdoor-led-screen-rental\/","url":"https:\/\/cob-leddisplay.com\/outdoor-led-screen-rental\/","name":"Schermo LED a noleggio per esterni","isPartOf":{"@id":"https:\/\/cob-leddisplay.com\/#website"},"datePublished":"2022-10-22T04:58:09+00:00","dateModified":"2025-05-14T11:27:21+00:00","description":"Quali sono i fornitori di schermi LED a noleggio pi\u00f9 convenienti in Cina? Avvia la tua attivit\u00e0 di noleggio al costo pi\u00f9 basso e acquista lo schermo LED a noleggio pi\u00f9 conveniente al prezzo pi\u00f9 basso. Top Shine, produttore di schermi LED a noleggio da oltre 14 anni. Noleggio all&#039;ingrosso di schermi LED per esterni e interni. Pronti per la spedizione.","breadcrumb":{"@id":"https:\/\/cob-leddisplay.com\/outdoor-led-screen-rental\/#breadcrumb"},"inLanguage":"it-IT","potentialAction":[{"@type":"ReadAction","target":["https:\/\/cob-leddisplay.com\/outdoor-led-screen-rental\/"]}]},{"@type":"BreadcrumbList","@id":"https:\/\/cob-leddisplay.com\/outdoor-led-screen-rental\/#breadcrumb","itemListElement":[{"@type":"ListItem","position":1,"name":"Home","item":"https:\/\/cob-leddisplay.com\/"},{"@type":"ListItem","position":2,"name":"Rental LED screen","item":"https:\/\/cob-leddisplay.com\/rental-led-screen\/"},{"@type":"ListItem","position":3,"name":"Outdoor LED Screen Rental"}]},{"@type":"WebSite","@id":"https:\/\/cob-leddisplay.com\/#website","url":"https:\/\/cob-leddisplay.com\/","name":"Noleggio di schermi LED COB, produttore di videowall LED 3D","description":"Produttore di display a LED, scheda display a LED, videowall a LED, schermo LED flessibile, segnaletica stradale a LED, segnaletica a messaggio variabile, display per segnaletica digitale, display a LED personalizzati, schermo a LED per stadi, segnaletica digitale per vendita al dettaglio, scheda LED, display a LED perimetrale, display a LED per eventi, schermo a LED a noleggio per esterni, schermo a LED per palcoscenici, pavimento per schermo a LED, moduli LED per esterni, pannello per schermo a LED, pannello per display a LED, schermo a pannello LED per interni, modulo LED DIP P10, pannello LED flessibile, pannello a parete LED, schermo LED COB, produttore di schermi a LED trasparenti, schermo a rete LED, schermo a LED trasparente, videowall a LED flessibile, display informativo per passeggeri, pannelli LED per la visualizzazione delle destinazioni degli autobus, croce LED per farmacia, poster LED, schermo LED pubblicitario, schermo LED rotondo, produttore di cartelloni pubblicitari a LED, perimetro LED, display a LED per vendita al dettaglio, schermo a LED a noleggio, parete LED a noleggio, modulo LED per esterni P2.5, modulo LED per esterni P3, modulo LED P4, pannello LED P4, pannello LED P5, videowall a LED per esterni, tabellone per autobus, schermo per palcoscenici, moduli LED RGB, pannello per schermo a LED per esterni, modulo LED P10, modulo LED per esterni P5, LED P3 pannello, modulo LED P2.5, pannelli LED P10, display LED personalizzabili, pannelli video LED, display LED per esterni P6, parete LED flessibile, segnaletica stradale LED, segnali di velocit\u00e0 radar, display LED P10, parete LED P4, display LED RGB P10, produttori di pareti video LED, noleggio di pareti video LED, PANNELLO LED P2, modulo LED P3, MODULO LED P1.25, schermo LED circolare","potentialAction":[{"@type":"SearchAction","target":{"@type":"EntryPoint","urlTemplate":"https:\/\/cob-leddisplay.com\/?s={search_term_string}"},"query-input":{"@type":"PropertyValueSpecification","valueRequired":true,"valueName":"search_term_string"}}],"inLanguage":"it-IT"}]}},"_links":{"self":[{"href":"https:\/\/cob-leddisplay.com\/it\/wp-json\/wp\/v2\/pages\/12339","targetHints":{"allow":["GET"]}}],"collection":[{"href":"https:\/\/cob-leddisplay.com\/it\/wp-json\/wp\/v2\/pages"}],"about":[{"href":"https:\/\/cob-leddisplay.com\/it\/wp-json\/wp\/v2\/types\/page"}],"author":[{"embeddable":true,"href":"https:\/\/cob-leddisplay.com\/it\/wp-json\/wp\/v2\/users\/1"}],"replies":[{"embeddable":true,"href":"https:\/\/cob-leddisplay.com\/it\/wp-json\/wp\/v2\/comments?post=12339"}],"version-history":[{"count":0,"href":"https:\/\/cob-leddisplay.com\/it\/wp-json\/wp\/v2\/pages\/12339\/revisions"}],"up":[{"embeddable":true,"href":"https:\/\/cob-leddisplay.com\/it\/wp-json\/wp\/v2\/pages\/12251"}],"wp:attachment":[{"href":"https:\/\/cob-leddisplay.com\/it\/wp-json\/wp\/v2\/media?parent=12339"}],"curies":[{"name":"parola chiave","href":"https:\/\/api.w.org\/{rel}","templated":true}]}}