{"id":15223,"date":"2025-05-12T09:20:52","date_gmt":"2025-05-12T09:20:52","guid":{"rendered":"https:\/\/cob-leddisplay.com\/?page_id=15223"},"modified":"2025-05-12T11:54:06","modified_gmt":"2025-05-12T11:54:06","slug":"p2-5-led-module","status":"publish","type":"page","link":"https:\/\/cob-leddisplay.com\/fr\/module-led-p2-5\/","title":{"rendered":"Module LED P2.5"},"content":{"rendered":"","protected":false},"excerpt":{"rendered":"","protected":false},"author":1,"featured_media":0,"parent":13273,"menu_order":0,"comment_status":"closed","ping_status":"closed","template":"product-category3.php","meta":{"_acf_changed":false,"site-sidebar-layout":"no-sidebar","site-content-layout":"page-builder","ast-site-content-layout":"full-width-container","site-content-style":"unboxed","site-sidebar-style":"unboxed","ast-global-header-display":"","ast-banner-title-visibility":"","ast-main-header-display":"","ast-hfb-above-header-display":"","ast-hfb-below-header-display":"","ast-hfb-mobile-header-display":"","site-post-title":"disabled","ast-breadcrumbs-content":"disabled","ast-featured-img":"disabled","footer-sml-layout":"","ast-disable-related-posts":"","theme-transparent-header-meta":"default","adv-header-id-meta":"","stick-header-meta":"default","header-above-stick-meta":"","header-main-stick-meta":"","header-below-stick-meta":"","astra-migrate-meta-layouts":"set","ast-page-background-enabled":"default","ast-page-background-meta":{"desktop":{"background-color":"","background-image":"","background-repeat":"repeat","background-position":"center center","background-size":"auto","background-attachment":"scroll","background-type":"","background-media":"","overlay-type":"","overlay-color":"","overlay-opacity":"","overlay-gradient":""},"tablet":{"background-color":"","background-image":"","background-repeat":"repeat","background-position":"center center","background-size":"auto","background-attachment":"scroll","background-type":"","background-media":"","overlay-type":"","overlay-color":"","overlay-opacity":"","overlay-gradient":""},"mobile":{"background-color":"","background-image":"","background-repeat":"repeat","background-position":"center center","background-size":"auto","background-attachment":"scroll","background-type":"","background-media":"","overlay-type":"","overlay-color":"","overlay-opacity":"","overlay-gradient":""}},"ast-content-background-meta":{"desktop":{"background-color":"var(--ast-global-color-5)","background-image":"","background-repeat":"repeat","background-position":"center center","background-size":"auto","background-attachment":"scroll","background-type":"","background-media":"","overlay-type":"","overlay-color":"","overlay-opacity":"","overlay-gradient":""},"tablet":{"background-color":"var(--ast-global-color-5)","background-image":"","background-repeat":"repeat","background-position":"center center","background-size":"auto","background-attachment":"scroll","background-type":"","background-media":"","overlay-type":"","overlay-color":"","overlay-opacity":"","overlay-gradient":""},"mobile":{"background-color":"var(--ast-global-color-5)","background-image":"","background-repeat":"repeat","background-position":"center center","background-size":"auto","background-attachment":"scroll","background-type":"","background-media":"","overlay-type":"","overlay-color":"","overlay-opacity":"","overlay-gradient":""}},"footnotes":""},"class_list":["post-15223","page","type-page","status-publish","hentry"],"acf":[],"yoast_head":"<!-- This site is optimized with the Yoast SEO plugin v27.4 - https:\/\/yoast.com\/product\/yoast-seo-wordpress\/ -->\n<title>320x160mm LED Panel Indoor P2.5 LED Module Manufacturer<\/title>\n<meta name=\"description\" content=\"Wholesale LED Panel Factory already in stock with P2.5 LED module, full-color indoor used size: 320*160 mm, with 3840Hz refresh rate.\" \/>\n<meta name=\"robots\" content=\"index, follow, max-snippet:-1, max-image-preview:large, max-video-preview:-1\" \/>\n<link rel=\"canonical\" href=\"https:\/\/cob-leddisplay.com\/fr\/module-led-p2-5\/\" \/>\n<meta property=\"og:locale\" content=\"fr_FR\" \/>\n<meta property=\"og:type\" content=\"article\" \/>\n<meta property=\"og:title\" content=\"320x160mm LED Panel Indoor P2.5 LED Module Manufacturer\" \/>\n<meta property=\"og:description\" content=\"Wholesale LED Panel Factory already in stock with P2.5 LED module, full-color indoor used size: 320*160 mm, with 3840Hz refresh rate.\" \/>\n<meta property=\"og:url\" content=\"https:\/\/cob-leddisplay.com\/fr\/module-led-p2-5\/\" \/>\n<meta property=\"og:site_name\" content=\"Top Shine LED Display Screen\" \/>\n<meta property=\"article:modified_time\" content=\"2025-05-12T11:54:06+00:00\" \/>\n<meta name=\"twitter:card\" content=\"summary_large_image\" \/>\n<script type=\"application\/ld+json\" class=\"yoast-schema-graph\">{\"@context\":\"https:\\\/\\\/schema.org\",\"@graph\":[{\"@type\":\"WebPage\",\"@id\":\"https:\\\/\\\/cob-leddisplay.com\\\/p2.5-led-module\\\/\",\"url\":\"https:\\\/\\\/cob-leddisplay.com\\\/p2.5-led-module\\\/\",\"name\":\"320x160mm LED Panel Indoor P2.5 LED Module Manufacturer\",\"isPartOf\":{\"@id\":\"https:\\\/\\\/cob-leddisplay.com\\\/#website\"},\"datePublished\":\"2025-05-12T09:20:52+00:00\",\"dateModified\":\"2025-05-12T11:54:06+00:00\",\"description\":\"Wholesale LED Panel Factory already in stock with P2.5 LED module, full-color indoor used size: 320*160 mm, with 3840Hz refresh rate.\",\"breadcrumb\":{\"@id\":\"https:\\\/\\\/cob-leddisplay.com\\\/p2.5-led-module\\\/#breadcrumb\"},\"inLanguage\":\"fr-FR\",\"potentialAction\":[{\"@type\":\"ReadAction\",\"target\":[\"https:\\\/\\\/cob-leddisplay.com\\\/p2.5-led-module\\\/\"]}]},{\"@type\":\"BreadcrumbList\",\"@id\":\"https:\\\/\\\/cob-leddisplay.com\\\/p2.5-led-module\\\/#breadcrumb\",\"itemListElement\":[{\"@type\":\"ListItem\",\"position\":1,\"name\":\"Home\",\"item\":\"https:\\\/\\\/cob-leddisplay.com\\\/\"},{\"@type\":\"ListItem\",\"position\":2,\"name\":\"LED Display Module\",\"item\":\"https:\\\/\\\/cob-leddisplay.com\\\/led-display-module\\\/\"},{\"@type\":\"ListItem\",\"position\":3,\"name\":\"Indoor LED Panels\",\"item\":\"https:\\\/\\\/cob-leddisplay.com\\\/indoor-led-panels\\\/\"},{\"@type\":\"ListItem\",\"position\":4,\"name\":\"P2.5 LED Module\"}]},{\"@type\":\"WebSite\",\"@id\":\"https:\\\/\\\/cob-leddisplay.com\\\/#website\",\"url\":\"https:\\\/\\\/cob-leddisplay.com\\\/\",\"name\":\"COB LED Display Screen Rental 3D LED Video Wall Manufacturer\",\"description\":\"LED Display Manufacturer, LED Display board, LED Video wall, Flexible led screen, Traffic led signs, Variable Message Signs, Digital Signage Display, custom led display, stadium led display screen, Retail Digital Signage, LED card, Perimeter led display, LED Display for events, outdoor rental led screen, Stage LED Screen, LED screen floor, Outdoor LED Modules, LED screen panel, LED display panel, led panel screen indoor, P10 DIP LED MODULE, Flexible LED Panel, LED Wall panel, cob LED screen, transparent led screen manufacturer, LED Mesh screen, Transparent LED Display Screen, Flexible led video wall, passenger information display, LED Bus Destination Display boards, LED Pharmacy cross, LED Poster, advertising led screen, round led screen, LED Billboard manufacturer, LED perimeter, Retail led display, rental led screen, rental led wall, P2.5 Outdoor LED Module, p3 outdoor led module, p4 led module, P4 led panel, p5 led panel, outdoor led video wall, bus display board, Stage Screen, rgb led modules, outdoor led screen panel, p10 led module, p5 outdoor led module, P3 LED panel, p2.5 led module, P10 LED panles, customizable led display, Led video panels, p6 outdoor led display, flexible led wall, LED Road Sign, Radar Speed Signs, led p10 display, led wall p4, p10 rgb led display, led video wall manufacturers, led video wall rental, P2 LED PANEL, P3 LED module, P1.25 LED MODULE, circle led screen\",\"potentialAction\":[{\"@type\":\"SearchAction\",\"target\":{\"@type\":\"EntryPoint\",\"urlTemplate\":\"https:\\\/\\\/cob-leddisplay.com\\\/?s={search_term_string}\"},\"query-input\":{\"@type\":\"PropertyValueSpecification\",\"valueRequired\":true,\"valueName\":\"search_term_string\"}}],\"inLanguage\":\"fr-FR\"}]}<\/script>\n<!-- \/ Yoast SEO plugin. -->","yoast_head_json":{"title":"Panneau LED d&#039;int\u00e9rieur P2.5 320 x 160 mm, fabricant de modules LED","description":"Usine de panneaux LED en gros d\u00e9j\u00e0 en stock avec module LED P2.5, taille d&#039;utilisation int\u00e9rieure en couleur : 320*160 mm, avec taux de rafra\u00eechissement de 3840 Hz.","robots":{"index":"index","follow":"follow","max-snippet":"max-snippet:-1","max-image-preview":"max-image-preview:large","max-video-preview":"max-video-preview:-1"},"canonical":"https:\/\/cob-leddisplay.com\/fr\/module-led-p2-5\/","og_locale":"fr_FR","og_type":"article","og_title":"320x160mm LED Panel Indoor P2.5 LED Module Manufacturer","og_description":"Wholesale LED Panel Factory already in stock with P2.5 LED module, full-color indoor used size: 320*160 mm, with 3840Hz refresh rate.","og_url":"https:\/\/cob-leddisplay.com\/fr\/module-led-p2-5\/","og_site_name":"Top Shine LED Display Screen","article_modified_time":"2025-05-12T11:54:06+00:00","twitter_card":"summary_large_image","schema":{"@context":"https:\/\/schema.org","@graph":[{"@type":"WebPage","@id":"https:\/\/cob-leddisplay.com\/p2.5-led-module\/","url":"https:\/\/cob-leddisplay.com\/p2.5-led-module\/","name":"Panneau LED d&#039;int\u00e9rieur P2.5 320 x 160 mm, fabricant de modules LED","isPartOf":{"@id":"https:\/\/cob-leddisplay.com\/#website"},"datePublished":"2025-05-12T09:20:52+00:00","dateModified":"2025-05-12T11:54:06+00:00","description":"Usine de panneaux LED en gros d\u00e9j\u00e0 en stock avec module LED P2.5, taille d&#039;utilisation int\u00e9rieure en couleur : 320*160 mm, avec taux de rafra\u00eechissement de 3840 Hz.","breadcrumb":{"@id":"https:\/\/cob-leddisplay.com\/p2.5-led-module\/#breadcrumb"},"inLanguage":"fr-FR","potentialAction":[{"@type":"ReadAction","target":["https:\/\/cob-leddisplay.com\/p2.5-led-module\/"]}]},{"@type":"BreadcrumbList","@id":"https:\/\/cob-leddisplay.com\/p2.5-led-module\/#breadcrumb","itemListElement":[{"@type":"ListItem","position":1,"name":"Home","item":"https:\/\/cob-leddisplay.com\/"},{"@type":"ListItem","position":2,"name":"LED Display Module","item":"https:\/\/cob-leddisplay.com\/led-display-module\/"},{"@type":"ListItem","position":3,"name":"Indoor LED Panels","item":"https:\/\/cob-leddisplay.com\/indoor-led-panels\/"},{"@type":"ListItem","position":4,"name":"P2.5 LED Module"}]},{"@type":"WebSite","@id":"https:\/\/cob-leddisplay.com\/#website","url":"https:\/\/cob-leddisplay.com\/","name":"Location d&#039;\u00e9crans LED COB, fabricant de murs vid\u00e9o LED 3D","description":"Fabricant d&#039;\u00e9crans LED, Panneau d&#039;affichage LED, Mur vid\u00e9o LED, \u00c9cran LED flexible, Panneaux de signalisation LED, Panneaux \u00e0 messages variables, Affichage num\u00e9rique, \u00c9cran LED personnalis\u00e9, \u00c9cran LED pour stade, Affichage num\u00e9rique pour commerce de d\u00e9tail, Carte LED, \u00c9cran LED de p\u00e9rim\u00e8tre, \u00c9cran LED pour \u00e9v\u00e9nements, \u00c9cran LED de location ext\u00e9rieur, \u00c9cran LED de sc\u00e8ne, \u00c9cran LED de sol, Modules LED ext\u00e9rieurs, Panneau d&#039;\u00e9cran LED, Panneau d&#039;affichage LED, \u00c9cran LED int\u00e9rieur, MODULE LED DIP P10, Panneau LED flexible, Panneau mural LED, \u00c9cran LED COB, Fabricant d&#039;\u00e9cran LED transparent, \u00c9cran LED en maille, \u00c9cran LED transparent, Mur vid\u00e9o LED flexible, Affichage d&#039;informations passagers, Panneaux d&#039;affichage LED de destination de bus, Croix de pharmacie LED, Affiche LED, \u00c9cran LED publicitaire, \u00c9cran LED rond, Fabricant de panneaux d&#039;affichage LED, P\u00e9rim\u00e8tre LED, Affichage LED de vente au d\u00e9tail, \u00c9cran LED de location, Mur LED de location, Module LED ext\u00e9rieur P2.5, Module LED ext\u00e9rieur P3, Module LED P4, Panneau LED P4, Panneau LED P5, Mur vid\u00e9o LED ext\u00e9rieur, Panneau d&#039;affichage pour bus, \u00c9cran de sc\u00e8ne, Modules LED RVB, Panneau d&#039;\u00e9cran LED ext\u00e9rieur, Module LED P10, Module LED ext\u00e9rieur P5, LED P3 Panneau, module LED P2.5, panneaux LED P10, \u00e9cran LED personnalisable, panneaux vid\u00e9o LED, \u00e9cran LED ext\u00e9rieur P6, mur LED flexible, panneau de signalisation LED, radars de vitesse, \u00e9cran LED P10, mur LED P4, \u00e9cran LED RVB P10, fabricants de murs vid\u00e9o LED, location de murs vid\u00e9o LED, panneau LED P2, module LED P3, module LED P1.25, \u00e9cran LED circulaire","potentialAction":[{"@type":"SearchAction","target":{"@type":"EntryPoint","urlTemplate":"https:\/\/cob-leddisplay.com\/?s={search_term_string}"},"query-input":{"@type":"PropertyValueSpecification","valueRequired":true,"valueName":"search_term_string"}}],"inLanguage":"fr-FR"}]}},"_links":{"self":[{"href":"https:\/\/cob-leddisplay.com\/fr\/wp-json\/wp\/v2\/pages\/15223","targetHints":{"allow":["GET"]}}],"collection":[{"href":"https:\/\/cob-leddisplay.com\/fr\/wp-json\/wp\/v2\/pages"}],"about":[{"href":"https:\/\/cob-leddisplay.com\/fr\/wp-json\/wp\/v2\/types\/page"}],"author":[{"embeddable":true,"href":"https:\/\/cob-leddisplay.com\/fr\/wp-json\/wp\/v2\/users\/1"}],"replies":[{"embeddable":true,"href":"https:\/\/cob-leddisplay.com\/fr\/wp-json\/wp\/v2\/comments?post=15223"}],"version-history":[{"count":0,"href":"https:\/\/cob-leddisplay.com\/fr\/wp-json\/wp\/v2\/pages\/15223\/revisions"}],"up":[{"embeddable":true,"href":"https:\/\/cob-leddisplay.com\/fr\/wp-json\/wp\/v2\/pages\/13273"}],"wp:attachment":[{"href":"https:\/\/cob-leddisplay.com\/fr\/wp-json\/wp\/v2\/media?parent=15223"}],"curies":[{"name":"wp","href":"https:\/\/api.w.org\/{rel}","templated":true}]}}