{"id":14042,"date":"2024-07-27T09:25:09","date_gmt":"2024-07-27T09:25:09","guid":{"rendered":"https:\/\/cob-leddisplay.com\/?page_id=14042"},"modified":"2025-05-14T11:31:36","modified_gmt":"2025-05-14T11:31:36","slug":"module-led-p16","status":"publish","type":"page","link":"https:\/\/cob-leddisplay.com\/fr\/module-led-p16\/","title":{"rendered":"Module LED P16"},"content":{"rendered":"","protected":false},"excerpt":{"rendered":"","protected":false},"author":1,"featured_media":0,"parent":13211,"menu_order":0,"comment_status":"closed","ping_status":"closed","template":"product-category3.php","meta":{"_acf_changed":false,"site-sidebar-layout":"no-sidebar","site-content-layout":"page-builder","ast-site-content-layout":"full-width-container","site-content-style":"unboxed","site-sidebar-style":"unboxed","ast-global-header-display":"","ast-banner-title-visibility":"","ast-main-header-display":"","ast-hfb-above-header-display":"","ast-hfb-below-header-display":"","ast-hfb-mobile-header-display":"","site-post-title":"disabled","ast-breadcrumbs-content":"disabled","ast-featured-img":"disabled","footer-sml-layout":"","ast-disable-related-posts":"","theme-transparent-header-meta":"default","adv-header-id-meta":"","stick-header-meta":"default","header-above-stick-meta":"","header-main-stick-meta":"","header-below-stick-meta":"","astra-migrate-meta-layouts":"set","ast-page-background-enabled":"default","ast-page-background-meta":{"desktop":{"background-color":"","background-image":"","background-repeat":"repeat","background-position":"center center","background-size":"auto","background-attachment":"scroll","background-type":"","background-media":"","overlay-type":"","overlay-color":"","overlay-opacity":"","overlay-gradient":""},"tablet":{"background-color":"","background-image":"","background-repeat":"repeat","background-position":"center center","background-size":"auto","background-attachment":"scroll","background-type":"","background-media":"","overlay-type":"","overlay-color":"","overlay-opacity":"","overlay-gradient":""},"mobile":{"background-color":"","background-image":"","background-repeat":"repeat","background-position":"center center","background-size":"auto","background-attachment":"scroll","background-type":"","background-media":"","overlay-type":"","overlay-color":"","overlay-opacity":"","overlay-gradient":""}},"ast-content-background-meta":{"desktop":{"background-color":"var(--ast-global-color-5)","background-image":"","background-repeat":"repeat","background-position":"center center","background-size":"auto","background-attachment":"scroll","background-type":"","background-media":"","overlay-type":"","overlay-color":"","overlay-opacity":"","overlay-gradient":""},"tablet":{"background-color":"var(--ast-global-color-5)","background-image":"","background-repeat":"repeat","background-position":"center center","background-size":"auto","background-attachment":"scroll","background-type":"","background-media":"","overlay-type":"","overlay-color":"","overlay-opacity":"","overlay-gradient":""},"mobile":{"background-color":"var(--ast-global-color-5)","background-image":"","background-repeat":"repeat","background-position":"center center","background-size":"auto","background-attachment":"scroll","background-type":"","background-media":"","overlay-type":"","overlay-color":"","overlay-opacity":"","overlay-gradient":""}},"footnotes":""},"class_list":["post-14042","page","type-page","status-publish","hentry"],"acf":[],"yoast_head":"<!-- This site is optimized with the Yoast SEO plugin v27.3 - https:\/\/yoast.com\/product\/yoast-seo-wordpress\/ -->\n<title>P16 LED Module Outdoor<\/title>\n<meta name=\"description\" content=\"P16 LED module uses a static constant current scanning method, excellent high brightness and high contrast ratio characteristics, and has become a shining star in many application scenarios.The high brightness performance of the P16 LED module is first of all due to its advanced 3535 large-size LED lamp bead technology and unique static constant current scanning method. These carefully selected lamp beads have high luminous efficiency and can release powerful light within a unit area, thus ensuring that the display can display clear and vivid images in various environments.Whether it is in a sunny outdoor square or a dark indoor place, the high brightness of the P16 module can easily cope with it.Outdoors, it can effectively resist interference caused by direct sunlight, so that the display content is still clearly visible, providing an excellent display platform for advertising, information release, etc. Indoors, its high brightness can create a bright and vivid visual atmosphere, enhancing the audience&#039;s attention and sense of participation.This high-brightness feature also opens up a wider range of application possibilities for the P16 LED module. In large-scale sports events, huge screens rely on the high brightness of the P16 module to allow viewers to clearly see the exciting moments of the game from a long distance; in transportation hubs, high-brightness displays can deliver timely and accurate information to passengers Information will not be ignored even in environments with dense crowds and complex lighting; in stage performances, the P16 module can create dazzling background effects, adding infinite charm to the performance.In addition, the high brightness of the P16 LED module does not come at the expense of other performance.\" \/>\n<meta name=\"robots\" content=\"index, follow, max-snippet:-1, max-image-preview:large, max-video-preview:-1\" \/>\n<link rel=\"canonical\" href=\"https:\/\/cob-leddisplay.com\/fr\/module-led-p16\/\" \/>\n<meta property=\"og:locale\" content=\"fr_FR\" \/>\n<meta property=\"og:type\" content=\"article\" \/>\n<meta property=\"og:title\" content=\"P16 LED Module Outdoor\" \/>\n<meta property=\"og:description\" content=\"P16 LED module uses a static constant current scanning method, excellent high brightness and high contrast ratio characteristics, and has become a shining star in many application scenarios.The high brightness performance of the P16 LED module is first of all due to its advanced 3535 large-size LED lamp bead technology and unique static constant current scanning method. These carefully selected lamp beads have high luminous efficiency and can release powerful light within a unit area, thus ensuring that the display can display clear and vivid images in various environments.Whether it is in a sunny outdoor square or a dark indoor place, the high brightness of the P16 module can easily cope with it.Outdoors, it can effectively resist interference caused by direct sunlight, so that the display content is still clearly visible, providing an excellent display platform for advertising, information release, etc. Indoors, its high brightness can create a bright and vivid visual atmosphere, enhancing the audience&#039;s attention and sense of participation.This high-brightness feature also opens up a wider range of application possibilities for the P16 LED module. In large-scale sports events, huge screens rely on the high brightness of the P16 module to allow viewers to clearly see the exciting moments of the game from a long distance; in transportation hubs, high-brightness displays can deliver timely and accurate information to passengers Information will not be ignored even in environments with dense crowds and complex lighting; in stage performances, the P16 module can create dazzling background effects, adding infinite charm to the performance.In addition, the high brightness of the P16 LED module does not come at the expense of other performance.\" \/>\n<meta property=\"og:url\" content=\"https:\/\/cob-leddisplay.com\/fr\/module-led-p16\/\" \/>\n<meta property=\"og:site_name\" content=\"Top Shine LED Display Screen\" \/>\n<meta property=\"article:modified_time\" content=\"2025-05-14T11:31:36+00:00\" \/>\n<meta name=\"twitter:card\" content=\"summary_large_image\" \/>\n<script type=\"application\/ld+json\" class=\"yoast-schema-graph\">{\"@context\":\"https:\\\/\\\/schema.org\",\"@graph\":[{\"@type\":\"WebPage\",\"@id\":\"https:\\\/\\\/cob-leddisplay.com\\\/p16-led-module\\\/\",\"url\":\"https:\\\/\\\/cob-leddisplay.com\\\/p16-led-module\\\/\",\"name\":\"P16 LED Module Outdoor\",\"isPartOf\":{\"@id\":\"https:\\\/\\\/cob-leddisplay.com\\\/#website\"},\"datePublished\":\"2024-07-27T09:25:09+00:00\",\"dateModified\":\"2025-05-14T11:31:36+00:00\",\"description\":\"P16 LED module uses a static constant current scanning method, excellent high brightness and high contrast ratio characteristics, and has become a shining star in many application scenarios.The high brightness performance of the P16 LED module is first of all due to its advanced 3535 large-size LED lamp bead technology and unique static constant current scanning method. These carefully selected lamp beads have high luminous efficiency and can release powerful light within a unit area, thus ensuring that the display can display clear and vivid images in various environments.Whether it is in a sunny outdoor square or a dark indoor place, the high brightness of the P16 module can easily cope with it.Outdoors, it can effectively resist interference caused by direct sunlight, so that the display content is still clearly visible, providing an excellent display platform for advertising, information release, etc. Indoors, its high brightness can create a bright and vivid visual atmosphere, enhancing the audience's attention and sense of participation.This high-brightness feature also opens up a wider range of application possibilities for the P16 LED module. In large-scale sports events, huge screens rely on the high brightness of the P16 module to allow viewers to clearly see the exciting moments of the game from a long distance; in transportation hubs, high-brightness displays can deliver timely and accurate information to passengers Information will not be ignored even in environments with dense crowds and complex lighting; in stage performances, the P16 module can create dazzling background effects, adding infinite charm to the performance.In addition, the high brightness of the P16 LED module does not come at the expense of other performance.\",\"breadcrumb\":{\"@id\":\"https:\\\/\\\/cob-leddisplay.com\\\/p16-led-module\\\/#breadcrumb\"},\"inLanguage\":\"fr-FR\",\"potentialAction\":[{\"@type\":\"ReadAction\",\"target\":[\"https:\\\/\\\/cob-leddisplay.com\\\/p16-led-module\\\/\"]}]},{\"@type\":\"BreadcrumbList\",\"@id\":\"https:\\\/\\\/cob-leddisplay.com\\\/p16-led-module\\\/#breadcrumb\",\"itemListElement\":[{\"@type\":\"ListItem\",\"position\":1,\"name\":\"Home\",\"item\":\"https:\\\/\\\/cob-leddisplay.com\\\/\"},{\"@type\":\"ListItem\",\"position\":2,\"name\":\"LED Display Module\",\"item\":\"https:\\\/\\\/cob-leddisplay.com\\\/led-display-module\\\/\"},{\"@type\":\"ListItem\",\"position\":3,\"name\":\"Outdoor LED Modules\",\"item\":\"https:\\\/\\\/cob-leddisplay.com\\\/outdoor-led-modules\\\/\"},{\"@type\":\"ListItem\",\"position\":4,\"name\":\"P16 LED Module\"}]},{\"@type\":\"WebSite\",\"@id\":\"https:\\\/\\\/cob-leddisplay.com\\\/#website\",\"url\":\"https:\\\/\\\/cob-leddisplay.com\\\/\",\"name\":\"COB LED Display Screen Rental 3D LED Video Wall Manufacturer\",\"description\":\"LED Display Manufacturer, LED Display board, LED Video wall, Flexible led screen, Traffic led signs, Variable Message Signs, Digital Signage Display, custom led display, stadium led display screen, Retail Digital Signage, LED card, Perimeter led display, LED Display for events, outdoor rental led screen, Stage LED Screen, LED screen floor, Outdoor LED Modules, LED screen panel, LED display panel, led panel screen indoor, P10 DIP LED MODULE, Flexible LED Panel, LED Wall panel, cob LED screen, transparent led screen manufacturer, LED Mesh screen, Transparent LED Display Screen, Flexible led video wall, passenger information display, LED Bus Destination Display boards, LED Pharmacy cross, LED Poster, advertising led screen, round led screen, LED Billboard manufacturer, LED perimeter, Retail led display, rental led screen, rental led wall, P2.5 Outdoor LED Module, p3 outdoor led module, p4 led module, P4 led panel, p5 led panel, outdoor led video wall, bus display board, Stage Screen, rgb led modules, outdoor led screen panel, p10 led module, p5 outdoor led module, P3 LED panel, p2.5 led module, P10 LED panles, customizable led display, Led video panels, p6 outdoor led display, flexible led wall, LED Road Sign, Radar Speed Signs, led p10 display, led wall p4, p10 rgb led display, led video wall manufacturers, led video wall rental, P2 LED PANEL, P3 LED module, P1.25 LED MODULE, circle led screen\",\"potentialAction\":[{\"@type\":\"SearchAction\",\"target\":{\"@type\":\"EntryPoint\",\"urlTemplate\":\"https:\\\/\\\/cob-leddisplay.com\\\/?s={search_term_string}\"},\"query-input\":{\"@type\":\"PropertyValueSpecification\",\"valueRequired\":true,\"valueName\":\"search_term_string\"}}],\"inLanguage\":\"fr-FR\"}]}<\/script>\n<!-- \/ Yoast SEO plugin. -->","yoast_head_json":{"title":"Module LED P16 ext\u00e9rieur","description":"Le module LED P16 utilise un proc\u00e9d\u00e9 de balayage \u00e0 courant constant statique, une excellente luminosit\u00e9 et un rapport de contraste \u00e9lev\u00e9, ce qui lui a valu une place de choix dans de nombreuses applications. La haute luminosit\u00e9 du module LED P16 est principalement due \u00e0 sa technologie avanc\u00e9e de perles LED 3535 de grande taille et \u00e0 son proc\u00e9d\u00e9 unique de balayage \u00e0 courant constant statique. Ces perles soigneusement s\u00e9lectionn\u00e9es offrent un rendement lumineux \u00e9lev\u00e9 et diffusent une lumi\u00e8re puissante sur une surface donn\u00e9e, garantissant ainsi l&#039;affichage d&#039;images claires et \u00e9clatantes dans divers environnements. Que ce soit sur une place ensoleill\u00e9e en ext\u00e9rieur ou dans un espace int\u00e9rieur sombre, la haute luminosit\u00e9 du module P16 est parfaitement adapt\u00e9e. En ext\u00e9rieur, il r\u00e9siste efficacement aux interf\u00e9rences dues \u00e0 la lumi\u00e8re directe du soleil, garantissant ainsi une visibilit\u00e9 optimale du contenu, offrant ainsi une excellente plateforme d&#039;affichage pour la publicit\u00e9, la diffusion d&#039;informations, etc. En int\u00e9rieur, sa haute luminosit\u00e9 cr\u00e9e une atmosph\u00e8re visuelle vive et lumineuse, stimulant l&#039;attention et la participation du public. Cette haute luminosit\u00e9 ouvre \u00e9galement de nombreuses possibilit\u00e9s d&#039;applications pour le module LED P16. Lors d&#039;\u00e9v\u00e9nements sportifs \u00e0 grande \u00e9chelle, les \u00e9crans g\u00e9ants s&#039;appuient sur la haute luminosit\u00e9 du module P16 pour permettre aux t\u00e9l\u00e9spectateurs de voir clairement les moments passionnants du jeu \u00e0 longue distance ; dans les centres de transport, les \u00e9crans haute luminosit\u00e9 peuvent fournir des informations opportunes et pr\u00e9cises aux passagers. Les informations ne seront pas ignor\u00e9es m\u00eame dans des environnements avec des foules denses et un \u00e9clairage complexe ; dans les performances sur sc\u00e8ne, le module P16 peut cr\u00e9er des effets d&#039;arri\u00e8re-plan \u00e9blouissants, ajoutant un charme infini \u00e0 la performance. De plus, la haute luminosit\u00e9 du module LED P16 ne se fait pas au d\u00e9triment des autres performances.","robots":{"index":"index","follow":"follow","max-snippet":"max-snippet:-1","max-image-preview":"max-image-preview:large","max-video-preview":"max-video-preview:-1"},"canonical":"https:\/\/cob-leddisplay.com\/fr\/module-led-p16\/","og_locale":"fr_FR","og_type":"article","og_title":"P16 LED Module Outdoor","og_description":"P16 LED module uses a static constant current scanning method, excellent high brightness and high contrast ratio characteristics, and has become a shining star in many application scenarios.The high brightness performance of the P16 LED module is first of all due to its advanced 3535 large-size LED lamp bead technology and unique static constant current scanning method. These carefully selected lamp beads have high luminous efficiency and can release powerful light within a unit area, thus ensuring that the display can display clear and vivid images in various environments.Whether it is in a sunny outdoor square or a dark indoor place, the high brightness of the P16 module can easily cope with it.Outdoors, it can effectively resist interference caused by direct sunlight, so that the display content is still clearly visible, providing an excellent display platform for advertising, information release, etc. Indoors, its high brightness can create a bright and vivid visual atmosphere, enhancing the audience's attention and sense of participation.This high-brightness feature also opens up a wider range of application possibilities for the P16 LED module. In large-scale sports events, huge screens rely on the high brightness of the P16 module to allow viewers to clearly see the exciting moments of the game from a long distance; in transportation hubs, high-brightness displays can deliver timely and accurate information to passengers Information will not be ignored even in environments with dense crowds and complex lighting; in stage performances, the P16 module can create dazzling background effects, adding infinite charm to the performance.In addition, the high brightness of the P16 LED module does not come at the expense of other performance.","og_url":"https:\/\/cob-leddisplay.com\/fr\/module-led-p16\/","og_site_name":"Top Shine LED Display Screen","article_modified_time":"2025-05-14T11:31:36+00:00","twitter_card":"summary_large_image","schema":{"@context":"https:\/\/schema.org","@graph":[{"@type":"WebPage","@id":"https:\/\/cob-leddisplay.com\/p16-led-module\/","url":"https:\/\/cob-leddisplay.com\/p16-led-module\/","name":"Module LED P16 ext\u00e9rieur","isPartOf":{"@id":"https:\/\/cob-leddisplay.com\/#website"},"datePublished":"2024-07-27T09:25:09+00:00","dateModified":"2025-05-14T11:31:36+00:00","description":"Le module LED P16 utilise un proc\u00e9d\u00e9 de balayage \u00e0 courant constant statique, une excellente luminosit\u00e9 et un rapport de contraste \u00e9lev\u00e9, ce qui lui a valu une place de choix dans de nombreuses applications. La haute luminosit\u00e9 du module LED P16 est principalement due \u00e0 sa technologie avanc\u00e9e de perles LED 3535 de grande taille et \u00e0 son proc\u00e9d\u00e9 unique de balayage \u00e0 courant constant statique. Ces perles soigneusement s\u00e9lectionn\u00e9es offrent un rendement lumineux \u00e9lev\u00e9 et diffusent une lumi\u00e8re puissante sur une surface donn\u00e9e, garantissant ainsi l&#039;affichage d&#039;images claires et \u00e9clatantes dans divers environnements. Que ce soit sur une place ensoleill\u00e9e en ext\u00e9rieur ou dans un espace int\u00e9rieur sombre, la haute luminosit\u00e9 du module P16 est parfaitement adapt\u00e9e. En ext\u00e9rieur, il r\u00e9siste efficacement aux interf\u00e9rences dues \u00e0 la lumi\u00e8re directe du soleil, garantissant ainsi une visibilit\u00e9 optimale du contenu, offrant ainsi une excellente plateforme d&#039;affichage pour la publicit\u00e9, la diffusion d&#039;informations, etc. En int\u00e9rieur, sa haute luminosit\u00e9 cr\u00e9e une atmosph\u00e8re visuelle vive et lumineuse, stimulant l&#039;attention et la participation du public. Cette haute luminosit\u00e9 ouvre \u00e9galement de nombreuses possibilit\u00e9s d&#039;applications pour le module LED P16. Lors d&#039;\u00e9v\u00e9nements sportifs \u00e0 grande \u00e9chelle, les \u00e9crans g\u00e9ants s&#039;appuient sur la haute luminosit\u00e9 du module P16 pour permettre aux t\u00e9l\u00e9spectateurs de voir clairement les moments passionnants du jeu \u00e0 longue distance ; dans les centres de transport, les \u00e9crans haute luminosit\u00e9 peuvent fournir des informations opportunes et pr\u00e9cises aux passagers. Les informations ne seront pas ignor\u00e9es m\u00eame dans des environnements avec des foules denses et un \u00e9clairage complexe ; dans les performances sur sc\u00e8ne, le module P16 peut cr\u00e9er des effets d&#039;arri\u00e8re-plan \u00e9blouissants, ajoutant un charme infini \u00e0 la performance. De plus, la haute luminosit\u00e9 du module LED P16 ne se fait pas au d\u00e9triment des autres performances.","breadcrumb":{"@id":"https:\/\/cob-leddisplay.com\/p16-led-module\/#breadcrumb"},"inLanguage":"fr-FR","potentialAction":[{"@type":"ReadAction","target":["https:\/\/cob-leddisplay.com\/p16-led-module\/"]}]},{"@type":"BreadcrumbList","@id":"https:\/\/cob-leddisplay.com\/p16-led-module\/#breadcrumb","itemListElement":[{"@type":"ListItem","position":1,"name":"Home","item":"https:\/\/cob-leddisplay.com\/"},{"@type":"ListItem","position":2,"name":"LED Display Module","item":"https:\/\/cob-leddisplay.com\/led-display-module\/"},{"@type":"ListItem","position":3,"name":"Outdoor LED Modules","item":"https:\/\/cob-leddisplay.com\/outdoor-led-modules\/"},{"@type":"ListItem","position":4,"name":"P16 LED Module"}]},{"@type":"WebSite","@id":"https:\/\/cob-leddisplay.com\/#website","url":"https:\/\/cob-leddisplay.com\/","name":"Location d&#039;\u00e9crans LED COB, fabricant de murs vid\u00e9o LED 3D","description":"Fabricant d&#039;\u00e9crans LED, Panneau d&#039;affichage LED, Mur vid\u00e9o LED, \u00c9cran LED flexible, Panneaux de signalisation LED, Panneaux \u00e0 messages variables, Affichage num\u00e9rique, \u00c9cran LED personnalis\u00e9, \u00c9cran LED pour stade, Affichage num\u00e9rique pour commerce de d\u00e9tail, Carte LED, \u00c9cran LED de p\u00e9rim\u00e8tre, \u00c9cran LED pour \u00e9v\u00e9nements, \u00c9cran LED de location ext\u00e9rieur, \u00c9cran LED de sc\u00e8ne, \u00c9cran LED de sol, Modules LED ext\u00e9rieurs, Panneau d&#039;\u00e9cran LED, Panneau d&#039;affichage LED, \u00c9cran LED int\u00e9rieur, MODULE LED DIP P10, Panneau LED flexible, Panneau mural LED, \u00c9cran LED COB, Fabricant d&#039;\u00e9cran LED transparent, \u00c9cran LED en maille, \u00c9cran LED transparent, Mur vid\u00e9o LED flexible, Affichage d&#039;informations passagers, Panneaux d&#039;affichage LED de destination de bus, Croix de pharmacie LED, Affiche LED, \u00c9cran LED publicitaire, \u00c9cran LED rond, Fabricant de panneaux d&#039;affichage LED, P\u00e9rim\u00e8tre LED, Affichage LED de vente au d\u00e9tail, \u00c9cran LED de location, Mur LED de location, Module LED ext\u00e9rieur P2.5, Module LED ext\u00e9rieur P3, Module LED P4, Panneau LED P4, Panneau LED P5, Mur vid\u00e9o LED ext\u00e9rieur, Panneau d&#039;affichage pour bus, \u00c9cran de sc\u00e8ne, Modules LED RVB, Panneau d&#039;\u00e9cran LED ext\u00e9rieur, Module LED P10, Module LED ext\u00e9rieur P5, LED P3 Panneau, module LED P2.5, panneaux LED P10, \u00e9cran LED personnalisable, panneaux vid\u00e9o LED, \u00e9cran LED ext\u00e9rieur P6, mur LED flexible, panneau de signalisation LED, radars de vitesse, \u00e9cran LED P10, mur LED P4, \u00e9cran LED RVB P10, fabricants de murs vid\u00e9o LED, location de murs vid\u00e9o LED, panneau LED P2, module LED P3, module LED P1.25, \u00e9cran LED circulaire","potentialAction":[{"@type":"SearchAction","target":{"@type":"EntryPoint","urlTemplate":"https:\/\/cob-leddisplay.com\/?s={search_term_string}"},"query-input":{"@type":"PropertyValueSpecification","valueRequired":true,"valueName":"search_term_string"}}],"inLanguage":"fr-FR"}]}},"_links":{"self":[{"href":"https:\/\/cob-leddisplay.com\/fr\/wp-json\/wp\/v2\/pages\/14042","targetHints":{"allow":["GET"]}}],"collection":[{"href":"https:\/\/cob-leddisplay.com\/fr\/wp-json\/wp\/v2\/pages"}],"about":[{"href":"https:\/\/cob-leddisplay.com\/fr\/wp-json\/wp\/v2\/types\/page"}],"author":[{"embeddable":true,"href":"https:\/\/cob-leddisplay.com\/fr\/wp-json\/wp\/v2\/users\/1"}],"replies":[{"embeddable":true,"href":"https:\/\/cob-leddisplay.com\/fr\/wp-json\/wp\/v2\/comments?post=14042"}],"version-history":[{"count":0,"href":"https:\/\/cob-leddisplay.com\/fr\/wp-json\/wp\/v2\/pages\/14042\/revisions"}],"up":[{"embeddable":true,"href":"https:\/\/cob-leddisplay.com\/fr\/wp-json\/wp\/v2\/pages\/13211"}],"wp:attachment":[{"href":"https:\/\/cob-leddisplay.com\/fr\/wp-json\/wp\/v2\/media?parent=14042"}],"curies":[{"name":"wp","href":"https:\/\/api.w.org\/{rel}","templated":true}]}}