{"id":14039,"date":"2024-07-27T08:32:32","date_gmt":"2024-07-27T08:32:32","guid":{"rendered":"https:\/\/cob-leddisplay.com\/?page_id=14039"},"modified":"2025-05-14T11:31:24","modified_gmt":"2025-05-14T11:31:24","slug":"p6-67-outdoor-led-screen-panel","status":"publish","type":"page","link":"https:\/\/cob-leddisplay.com\/fr\/panneau-decran-led-exterieur\/","title":{"rendered":"Panneau d&#039;\u00e9cran LED ext\u00e9rieur P6.67"},"content":{"rendered":"","protected":false},"excerpt":{"rendered":"","protected":false},"author":1,"featured_media":0,"parent":13211,"menu_order":0,"comment_status":"closed","ping_status":"closed","template":"product-category3.php","meta":{"_acf_changed":false,"site-sidebar-layout":"no-sidebar","site-content-layout":"page-builder","ast-site-content-layout":"full-width-container","site-content-style":"unboxed","site-sidebar-style":"unboxed","ast-global-header-display":"","ast-banner-title-visibility":"","ast-main-header-display":"","ast-hfb-above-header-display":"","ast-hfb-below-header-display":"","ast-hfb-mobile-header-display":"","site-post-title":"disabled","ast-breadcrumbs-content":"disabled","ast-featured-img":"disabled","footer-sml-layout":"","ast-disable-related-posts":"","theme-transparent-header-meta":"default","adv-header-id-meta":"","stick-header-meta":"default","header-above-stick-meta":"","header-main-stick-meta":"","header-below-stick-meta":"","astra-migrate-meta-layouts":"set","ast-page-background-enabled":"default","ast-page-background-meta":{"desktop":{"background-color":"","background-image":"","background-repeat":"repeat","background-position":"center center","background-size":"auto","background-attachment":"scroll","background-type":"","background-media":"","overlay-type":"","overlay-color":"","overlay-opacity":"","overlay-gradient":""},"tablet":{"background-color":"","background-image":"","background-repeat":"repeat","background-position":"center center","background-size":"auto","background-attachment":"scroll","background-type":"","background-media":"","overlay-type":"","overlay-color":"","overlay-opacity":"","overlay-gradient":""},"mobile":{"background-color":"","background-image":"","background-repeat":"repeat","background-position":"center center","background-size":"auto","background-attachment":"scroll","background-type":"","background-media":"","overlay-type":"","overlay-color":"","overlay-opacity":"","overlay-gradient":""}},"ast-content-background-meta":{"desktop":{"background-color":"var(--ast-global-color-5)","background-image":"","background-repeat":"repeat","background-position":"center center","background-size":"auto","background-attachment":"scroll","background-type":"","background-media":"","overlay-type":"","overlay-color":"","overlay-opacity":"","overlay-gradient":""},"tablet":{"background-color":"var(--ast-global-color-5)","background-image":"","background-repeat":"repeat","background-position":"center center","background-size":"auto","background-attachment":"scroll","background-type":"","background-media":"","overlay-type":"","overlay-color":"","overlay-opacity":"","overlay-gradient":""},"mobile":{"background-color":"var(--ast-global-color-5)","background-image":"","background-repeat":"repeat","background-position":"center center","background-size":"auto","background-attachment":"scroll","background-type":"","background-media":"","overlay-type":"","overlay-color":"","overlay-opacity":"","overlay-gradient":""}},"footnotes":""},"class_list":["post-14039","page","type-page","status-publish","hentry"],"acf":[],"yoast_head":"<!-- This site is optimized with the Yoast SEO plugin v27.4 - https:\/\/yoast.com\/product\/yoast-seo-wordpress\/ -->\n<title>Outdoor LED Screen Panel<\/title>\n<meta name=\"description\" content=\"&quot;Lighting up the outdoors, endless excitement\u2014\u2014Outdoor led screen panel&quot;. TSLED&#039;s outdoor LED display panel is the perfect fusion of technology and art. Using advanced LED technology, it has ultra-high brightness and excellent contrast, even under strong sunlight, it can still clearly display every detail and every color.TSLED outdoor led screen panels boast an array of remarkable features.They offer exceptional brightness and contrast ratios, ensuring clear and vivid images even under direct sunlight. The color reproduction is truly astonishing, bringing life to every content displayed. The durability of our panels is unparalleled, with robust materials and advanced protective coatings that safeguard against weather elements, vandalism, and other potential damages.We understand that each project has unique requirements. That&#039;s why we offer a wide range of customizable options, allowing you to tailor the size, shape, resolution, and functionality of the outdoor led screen panels to meet your exact specifications. Whether it&#039;s for advertising, sports events, entertainment venues, or public information displays, our panels can be seamlessly integrated into any setting.In addition to the superior product quality, we pride ourselves on providing comprehensive customer service. From the initial consultation to after-sales support, our dedicated team is with you every step of the way. We offer detailed project planning, installation guidance, and ongoing maintenance services to ensure the seamless operation and longevity of your outdoor led screen panels.\" \/>\n<meta name=\"robots\" content=\"index, follow, max-snippet:-1, max-image-preview:large, max-video-preview:-1\" \/>\n<link rel=\"canonical\" href=\"https:\/\/cob-leddisplay.com\/fr\/panneau-decran-led-exterieur\/\" \/>\n<meta property=\"og:locale\" content=\"fr_FR\" \/>\n<meta property=\"og:type\" content=\"article\" \/>\n<meta property=\"og:title\" content=\"Outdoor LED Screen Panel\" \/>\n<meta property=\"og:description\" content=\"&quot;Lighting up the outdoors, endless excitement\u2014\u2014Outdoor led screen panel&quot;. TSLED&#039;s outdoor LED display panel is the perfect fusion of technology and art. Using advanced LED technology, it has ultra-high brightness and excellent contrast, even under strong sunlight, it can still clearly display every detail and every color.TSLED outdoor led screen panels boast an array of remarkable features.They offer exceptional brightness and contrast ratios, ensuring clear and vivid images even under direct sunlight. The color reproduction is truly astonishing, bringing life to every content displayed. The durability of our panels is unparalleled, with robust materials and advanced protective coatings that safeguard against weather elements, vandalism, and other potential damages.We understand that each project has unique requirements. That&#039;s why we offer a wide range of customizable options, allowing you to tailor the size, shape, resolution, and functionality of the outdoor led screen panels to meet your exact specifications. Whether it&#039;s for advertising, sports events, entertainment venues, or public information displays, our panels can be seamlessly integrated into any setting.In addition to the superior product quality, we pride ourselves on providing comprehensive customer service. From the initial consultation to after-sales support, our dedicated team is with you every step of the way. We offer detailed project planning, installation guidance, and ongoing maintenance services to ensure the seamless operation and longevity of your outdoor led screen panels.\" \/>\n<meta property=\"og:url\" content=\"https:\/\/cob-leddisplay.com\/fr\/panneau-decran-led-exterieur\/\" \/>\n<meta property=\"og:site_name\" content=\"Top Shine LED Display Screen\" \/>\n<meta property=\"article:modified_time\" content=\"2025-05-14T11:31:24+00:00\" \/>\n<meta name=\"twitter:card\" content=\"summary_large_image\" \/>\n<script type=\"application\/ld+json\" class=\"yoast-schema-graph\">{\"@context\":\"https:\\\/\\\/schema.org\",\"@graph\":[{\"@type\":\"WebPage\",\"@id\":\"https:\\\/\\\/cob-leddisplay.com\\\/outdoor-led-screen-panel\\\/\",\"url\":\"https:\\\/\\\/cob-leddisplay.com\\\/outdoor-led-screen-panel\\\/\",\"name\":\"Outdoor LED Screen Panel\",\"isPartOf\":{\"@id\":\"https:\\\/\\\/cob-leddisplay.com\\\/#website\"},\"datePublished\":\"2024-07-27T08:32:32+00:00\",\"dateModified\":\"2025-05-14T11:31:24+00:00\",\"description\":\"\\\"Lighting up the outdoors, endless excitement\u2014\u2014Outdoor led screen panel\\\". TSLED's outdoor LED display panel is the perfect fusion of technology and art. Using advanced LED technology, it has ultra-high brightness and excellent contrast, even under strong sunlight, it can still clearly display every detail and every color.TSLED outdoor led screen panels boast an array of remarkable features.They offer exceptional brightness and contrast ratios, ensuring clear and vivid images even under direct sunlight. The color reproduction is truly astonishing, bringing life to every content displayed. The durability of our panels is unparalleled, with robust materials and advanced protective coatings that safeguard against weather elements, vandalism, and other potential damages.We understand that each project has unique requirements. That's why we offer a wide range of customizable options, allowing you to tailor the size, shape, resolution, and functionality of the outdoor led screen panels to meet your exact specifications. Whether it's for advertising, sports events, entertainment venues, or public information displays, our panels can be seamlessly integrated into any setting.In addition to the superior product quality, we pride ourselves on providing comprehensive customer service. From the initial consultation to after-sales support, our dedicated team is with you every step of the way. We offer detailed project planning, installation guidance, and ongoing maintenance services to ensure the seamless operation and longevity of your outdoor led screen panels.\",\"breadcrumb\":{\"@id\":\"https:\\\/\\\/cob-leddisplay.com\\\/outdoor-led-screen-panel\\\/#breadcrumb\"},\"inLanguage\":\"fr-FR\",\"potentialAction\":[{\"@type\":\"ReadAction\",\"target\":[\"https:\\\/\\\/cob-leddisplay.com\\\/outdoor-led-screen-panel\\\/\"]}]},{\"@type\":\"BreadcrumbList\",\"@id\":\"https:\\\/\\\/cob-leddisplay.com\\\/outdoor-led-screen-panel\\\/#breadcrumb\",\"itemListElement\":[{\"@type\":\"ListItem\",\"position\":1,\"name\":\"Home\",\"item\":\"https:\\\/\\\/cob-leddisplay.com\\\/\"},{\"@type\":\"ListItem\",\"position\":2,\"name\":\"LED Display Module\",\"item\":\"https:\\\/\\\/cob-leddisplay.com\\\/led-display-module\\\/\"},{\"@type\":\"ListItem\",\"position\":3,\"name\":\"Outdoor LED Modules\",\"item\":\"https:\\\/\\\/cob-leddisplay.com\\\/outdoor-led-modules\\\/\"},{\"@type\":\"ListItem\",\"position\":4,\"name\":\"P6.67 Outdoor led screen panel\"}]},{\"@type\":\"WebSite\",\"@id\":\"https:\\\/\\\/cob-leddisplay.com\\\/#website\",\"url\":\"https:\\\/\\\/cob-leddisplay.com\\\/\",\"name\":\"COB LED Display Screen Rental 3D LED Video Wall Manufacturer\",\"description\":\"LED Display Manufacturer, LED Display board, LED Video wall, Flexible led screen, Traffic led signs, Variable Message Signs, Digital Signage Display, custom led display, stadium led display screen, Retail Digital Signage, LED card, Perimeter led display, LED Display for events, outdoor rental led screen, Stage LED Screen, LED screen floor, Outdoor LED Modules, LED screen panel, LED display panel, led panel screen indoor, P10 DIP LED MODULE, Flexible LED Panel, LED Wall panel, cob LED screen, transparent led screen manufacturer, LED Mesh screen, Transparent LED Display Screen, Flexible led video wall, passenger information display, LED Bus Destination Display boards, LED Pharmacy cross, LED Poster, advertising led screen, round led screen, LED Billboard manufacturer, LED perimeter, Retail led display, rental led screen, rental led wall, P2.5 Outdoor LED Module, p3 outdoor led module, p4 led module, P4 led panel, p5 led panel, outdoor led video wall, bus display board, Stage Screen, rgb led modules, outdoor led screen panel, p10 led module, p5 outdoor led module, P3 LED panel, p2.5 led module, P10 LED panles, customizable led display, Led video panels, p6 outdoor led display, flexible led wall, LED Road Sign, Radar Speed Signs, led p10 display, led wall p4, p10 rgb led display, led video wall manufacturers, led video wall rental, P2 LED PANEL, P3 LED module, P1.25 LED MODULE, circle led screen\",\"potentialAction\":[{\"@type\":\"SearchAction\",\"target\":{\"@type\":\"EntryPoint\",\"urlTemplate\":\"https:\\\/\\\/cob-leddisplay.com\\\/?s={search_term_string}\"},\"query-input\":{\"@type\":\"PropertyValueSpecification\",\"valueRequired\":true,\"valueName\":\"search_term_string\"}}],\"inLanguage\":\"fr-FR\"}]}<\/script>\n<!-- \/ Yoast SEO plugin. -->","yoast_head_json":{"title":"Panneau d&#039;\u00e9cran LED ext\u00e9rieur","description":"\u00ab\u00a0Illuminer l&#039;ext\u00e9rieur, une exp\u00e9rience infinie\u00a0\u00bb\u00a0: \u00c9cran LED d&#039;ext\u00e9rieur. L&#039;\u00e9cran LED d&#039;ext\u00e9rieur TSLED allie parfaitement technologie et art. Gr\u00e2ce \u00e0 sa technologie LED avanc\u00e9e, il offre une luminosit\u00e9 ultra-\u00e9lev\u00e9e et un excellent contraste, m\u00eame en plein soleil, pour un affichage pr\u00e9cis des d\u00e9tails et des couleurs. Les \u00e9crans LED d&#039;ext\u00e9rieur TSLED offrent un \u00e9ventail de fonctionnalit\u00e9s remarquables. Ils offrent une luminosit\u00e9 et un contraste exceptionnels, garantissant des images claires et \u00e9clatantes, m\u00eame en plein soleil. La reproduction des couleurs est \u00e9poustouflante, donnant vie \u00e0 chaque contenu affich\u00e9. La durabilit\u00e9 de nos \u00e9crans est in\u00e9gal\u00e9e, gr\u00e2ce \u00e0 des mat\u00e9riaux robustes et des rev\u00eatements de protection avanc\u00e9s qui les prot\u00e8gent des intemp\u00e9ries, du vandalisme et autres dommages potentiels. Nous comprenons que chaque projet a des exigences uniques. C&#039;est pourquoi nous proposons un large \u00e9ventail d&#039;options personnalisables, vous permettant d&#039;adapter la taille, la forme, la r\u00e9solution et les fonctionnalit\u00e9s de vos \u00e9crans LED d&#039;ext\u00e9rieur \u00e0 vos besoins. Qu&#039;il s&#039;agisse de publicit\u00e9, d&#039;\u00e9v\u00e9nements sportifs, de lieux de divertissement ou d&#039;affichage d&#039;informations publiques, nos panneaux s&#039;int\u00e8grent parfaitement \u00e0 tous les environnements. Outre la qualit\u00e9 sup\u00e9rieure de nos produits, nous sommes fiers d&#039;offrir un service client complet. De la consultation initiale au service apr\u00e8s-vente, notre \u00e9quipe d\u00e9di\u00e9e vous accompagne \u00e0 chaque \u00e9tape. Nous proposons une planification d\u00e9taill\u00e9e de votre projet, des conseils d&#039;installation et un service de maintenance continue pour garantir le bon fonctionnement et la long\u00e9vit\u00e9 de vos \u00e9crans LED ext\u00e9rieurs.","robots":{"index":"index","follow":"follow","max-snippet":"max-snippet:-1","max-image-preview":"max-image-preview:large","max-video-preview":"max-video-preview:-1"},"canonical":"https:\/\/cob-leddisplay.com\/fr\/panneau-decran-led-exterieur\/","og_locale":"fr_FR","og_type":"article","og_title":"Outdoor LED Screen Panel","og_description":"\"Lighting up the outdoors, endless excitement\u2014\u2014Outdoor led screen panel\". TSLED's outdoor LED display panel is the perfect fusion of technology and art. Using advanced LED technology, it has ultra-high brightness and excellent contrast, even under strong sunlight, it can still clearly display every detail and every color.TSLED outdoor led screen panels boast an array of remarkable features.They offer exceptional brightness and contrast ratios, ensuring clear and vivid images even under direct sunlight. The color reproduction is truly astonishing, bringing life to every content displayed. The durability of our panels is unparalleled, with robust materials and advanced protective coatings that safeguard against weather elements, vandalism, and other potential damages.We understand that each project has unique requirements. That's why we offer a wide range of customizable options, allowing you to tailor the size, shape, resolution, and functionality of the outdoor led screen panels to meet your exact specifications. Whether it's for advertising, sports events, entertainment venues, or public information displays, our panels can be seamlessly integrated into any setting.In addition to the superior product quality, we pride ourselves on providing comprehensive customer service. From the initial consultation to after-sales support, our dedicated team is with you every step of the way. We offer detailed project planning, installation guidance, and ongoing maintenance services to ensure the seamless operation and longevity of your outdoor led screen panels.","og_url":"https:\/\/cob-leddisplay.com\/fr\/panneau-decran-led-exterieur\/","og_site_name":"Top Shine LED Display Screen","article_modified_time":"2025-05-14T11:31:24+00:00","twitter_card":"summary_large_image","schema":{"@context":"https:\/\/schema.org","@graph":[{"@type":"WebPage","@id":"https:\/\/cob-leddisplay.com\/outdoor-led-screen-panel\/","url":"https:\/\/cob-leddisplay.com\/outdoor-led-screen-panel\/","name":"Panneau d&#039;\u00e9cran LED ext\u00e9rieur","isPartOf":{"@id":"https:\/\/cob-leddisplay.com\/#website"},"datePublished":"2024-07-27T08:32:32+00:00","dateModified":"2025-05-14T11:31:24+00:00","description":"\u00ab\u00a0Illuminer l&#039;ext\u00e9rieur, une exp\u00e9rience infinie\u00a0\u00bb\u00a0: \u00c9cran LED d&#039;ext\u00e9rieur. L&#039;\u00e9cran LED d&#039;ext\u00e9rieur TSLED allie parfaitement technologie et art. Gr\u00e2ce \u00e0 sa technologie LED avanc\u00e9e, il offre une luminosit\u00e9 ultra-\u00e9lev\u00e9e et un excellent contraste, m\u00eame en plein soleil, pour un affichage pr\u00e9cis des d\u00e9tails et des couleurs. Les \u00e9crans LED d&#039;ext\u00e9rieur TSLED offrent un \u00e9ventail de fonctionnalit\u00e9s remarquables. Ils offrent une luminosit\u00e9 et un contraste exceptionnels, garantissant des images claires et \u00e9clatantes, m\u00eame en plein soleil. La reproduction des couleurs est \u00e9poustouflante, donnant vie \u00e0 chaque contenu affich\u00e9. La durabilit\u00e9 de nos \u00e9crans est in\u00e9gal\u00e9e, gr\u00e2ce \u00e0 des mat\u00e9riaux robustes et des rev\u00eatements de protection avanc\u00e9s qui les prot\u00e8gent des intemp\u00e9ries, du vandalisme et autres dommages potentiels. Nous comprenons que chaque projet a des exigences uniques. C&#039;est pourquoi nous proposons un large \u00e9ventail d&#039;options personnalisables, vous permettant d&#039;adapter la taille, la forme, la r\u00e9solution et les fonctionnalit\u00e9s de vos \u00e9crans LED d&#039;ext\u00e9rieur \u00e0 vos besoins. Qu&#039;il s&#039;agisse de publicit\u00e9, d&#039;\u00e9v\u00e9nements sportifs, de lieux de divertissement ou d&#039;affichage d&#039;informations publiques, nos panneaux s&#039;int\u00e8grent parfaitement \u00e0 tous les environnements. Outre la qualit\u00e9 sup\u00e9rieure de nos produits, nous sommes fiers d&#039;offrir un service client complet. De la consultation initiale au service apr\u00e8s-vente, notre \u00e9quipe d\u00e9di\u00e9e vous accompagne \u00e0 chaque \u00e9tape. Nous proposons une planification d\u00e9taill\u00e9e de votre projet, des conseils d&#039;installation et un service de maintenance continue pour garantir le bon fonctionnement et la long\u00e9vit\u00e9 de vos \u00e9crans LED ext\u00e9rieurs.","breadcrumb":{"@id":"https:\/\/cob-leddisplay.com\/outdoor-led-screen-panel\/#breadcrumb"},"inLanguage":"fr-FR","potentialAction":[{"@type":"ReadAction","target":["https:\/\/cob-leddisplay.com\/outdoor-led-screen-panel\/"]}]},{"@type":"BreadcrumbList","@id":"https:\/\/cob-leddisplay.com\/outdoor-led-screen-panel\/#breadcrumb","itemListElement":[{"@type":"ListItem","position":1,"name":"Home","item":"https:\/\/cob-leddisplay.com\/"},{"@type":"ListItem","position":2,"name":"LED Display Module","item":"https:\/\/cob-leddisplay.com\/led-display-module\/"},{"@type":"ListItem","position":3,"name":"Outdoor LED Modules","item":"https:\/\/cob-leddisplay.com\/outdoor-led-modules\/"},{"@type":"ListItem","position":4,"name":"P6.67 Outdoor led screen panel"}]},{"@type":"WebSite","@id":"https:\/\/cob-leddisplay.com\/#website","url":"https:\/\/cob-leddisplay.com\/","name":"Location d&#039;\u00e9crans LED COB, fabricant de murs vid\u00e9o LED 3D","description":"Fabricant d&#039;\u00e9crans LED, Panneau d&#039;affichage LED, Mur vid\u00e9o LED, \u00c9cran LED flexible, Panneaux de signalisation LED, Panneaux \u00e0 messages variables, Affichage num\u00e9rique, \u00c9cran LED personnalis\u00e9, \u00c9cran LED pour stade, Affichage num\u00e9rique pour commerce de d\u00e9tail, Carte LED, \u00c9cran LED de p\u00e9rim\u00e8tre, \u00c9cran LED pour \u00e9v\u00e9nements, \u00c9cran LED de location ext\u00e9rieur, \u00c9cran LED de sc\u00e8ne, \u00c9cran LED de sol, Modules LED ext\u00e9rieurs, Panneau d&#039;\u00e9cran LED, Panneau d&#039;affichage LED, \u00c9cran LED int\u00e9rieur, MODULE LED DIP P10, Panneau LED flexible, Panneau mural LED, \u00c9cran LED COB, Fabricant d&#039;\u00e9cran LED transparent, \u00c9cran LED en maille, \u00c9cran LED transparent, Mur vid\u00e9o LED flexible, Affichage d&#039;informations passagers, Panneaux d&#039;affichage LED de destination de bus, Croix de pharmacie LED, Affiche LED, \u00c9cran LED publicitaire, \u00c9cran LED rond, Fabricant de panneaux d&#039;affichage LED, P\u00e9rim\u00e8tre LED, Affichage LED de vente au d\u00e9tail, \u00c9cran LED de location, Mur LED de location, Module LED ext\u00e9rieur P2.5, Module LED ext\u00e9rieur P3, Module LED P4, Panneau LED P4, Panneau LED P5, Mur vid\u00e9o LED ext\u00e9rieur, Panneau d&#039;affichage pour bus, \u00c9cran de sc\u00e8ne, Modules LED RVB, Panneau d&#039;\u00e9cran LED ext\u00e9rieur, Module LED P10, Module LED ext\u00e9rieur P5, LED P3 Panneau, module LED P2.5, panneaux LED P10, \u00e9cran LED personnalisable, panneaux vid\u00e9o LED, \u00e9cran LED ext\u00e9rieur P6, mur LED flexible, panneau de signalisation LED, radars de vitesse, \u00e9cran LED P10, mur LED P4, \u00e9cran LED RVB P10, fabricants de murs vid\u00e9o LED, location de murs vid\u00e9o LED, panneau LED P2, module LED P3, module LED P1.25, \u00e9cran LED circulaire","potentialAction":[{"@type":"SearchAction","target":{"@type":"EntryPoint","urlTemplate":"https:\/\/cob-leddisplay.com\/?s={search_term_string}"},"query-input":{"@type":"PropertyValueSpecification","valueRequired":true,"valueName":"search_term_string"}}],"inLanguage":"fr-FR"}]}},"_links":{"self":[{"href":"https:\/\/cob-leddisplay.com\/fr\/wp-json\/wp\/v2\/pages\/14039","targetHints":{"allow":["GET"]}}],"collection":[{"href":"https:\/\/cob-leddisplay.com\/fr\/wp-json\/wp\/v2\/pages"}],"about":[{"href":"https:\/\/cob-leddisplay.com\/fr\/wp-json\/wp\/v2\/types\/page"}],"author":[{"embeddable":true,"href":"https:\/\/cob-leddisplay.com\/fr\/wp-json\/wp\/v2\/users\/1"}],"replies":[{"embeddable":true,"href":"https:\/\/cob-leddisplay.com\/fr\/wp-json\/wp\/v2\/comments?post=14039"}],"version-history":[{"count":0,"href":"https:\/\/cob-leddisplay.com\/fr\/wp-json\/wp\/v2\/pages\/14039\/revisions"}],"up":[{"embeddable":true,"href":"https:\/\/cob-leddisplay.com\/fr\/wp-json\/wp\/v2\/pages\/13211"}],"wp:attachment":[{"href":"https:\/\/cob-leddisplay.com\/fr\/wp-json\/wp\/v2\/media?parent=14039"}],"curies":[{"name":"wp","href":"https:\/\/api.w.org\/{rel}","templated":true}]}}