{"id":14025,"date":"2024-07-27T07:25:44","date_gmt":"2024-07-27T07:25:44","guid":{"rendered":"https:\/\/cob-leddisplay.com\/?page_id=14025"},"modified":"2025-05-14T11:31:30","modified_gmt":"2025-05-14T11:31:30","slug":"module-led-p5","status":"publish","type":"page","link":"https:\/\/cob-leddisplay.com\/fr\/module-led-p5\/","title":{"rendered":"Module LED P5"},"content":{"rendered":"","protected":false},"excerpt":{"rendered":"","protected":false},"author":1,"featured_media":0,"parent":13211,"menu_order":0,"comment_status":"closed","ping_status":"closed","template":"product-category3.php","meta":{"_acf_changed":false,"site-sidebar-layout":"no-sidebar","site-content-layout":"page-builder","ast-site-content-layout":"full-width-container","site-content-style":"unboxed","site-sidebar-style":"unboxed","ast-global-header-display":"","ast-banner-title-visibility":"","ast-main-header-display":"","ast-hfb-above-header-display":"","ast-hfb-below-header-display":"","ast-hfb-mobile-header-display":"","site-post-title":"disabled","ast-breadcrumbs-content":"disabled","ast-featured-img":"disabled","footer-sml-layout":"","ast-disable-related-posts":"","theme-transparent-header-meta":"default","adv-header-id-meta":"","stick-header-meta":"default","header-above-stick-meta":"","header-main-stick-meta":"","header-below-stick-meta":"","astra-migrate-meta-layouts":"set","ast-page-background-enabled":"default","ast-page-background-meta":{"desktop":{"background-color":"","background-image":"","background-repeat":"repeat","background-position":"center center","background-size":"auto","background-attachment":"scroll","background-type":"","background-media":"","overlay-type":"","overlay-color":"","overlay-opacity":"","overlay-gradient":""},"tablet":{"background-color":"","background-image":"","background-repeat":"repeat","background-position":"center center","background-size":"auto","background-attachment":"scroll","background-type":"","background-media":"","overlay-type":"","overlay-color":"","overlay-opacity":"","overlay-gradient":""},"mobile":{"background-color":"","background-image":"","background-repeat":"repeat","background-position":"center center","background-size":"auto","background-attachment":"scroll","background-type":"","background-media":"","overlay-type":"","overlay-color":"","overlay-opacity":"","overlay-gradient":""}},"ast-content-background-meta":{"desktop":{"background-color":"var(--ast-global-color-5)","background-image":"","background-repeat":"repeat","background-position":"center center","background-size":"auto","background-attachment":"scroll","background-type":"","background-media":"","overlay-type":"","overlay-color":"","overlay-opacity":"","overlay-gradient":""},"tablet":{"background-color":"var(--ast-global-color-5)","background-image":"","background-repeat":"repeat","background-position":"center center","background-size":"auto","background-attachment":"scroll","background-type":"","background-media":"","overlay-type":"","overlay-color":"","overlay-opacity":"","overlay-gradient":""},"mobile":{"background-color":"var(--ast-global-color-5)","background-image":"","background-repeat":"repeat","background-position":"center center","background-size":"auto","background-attachment":"scroll","background-type":"","background-media":"","overlay-type":"","overlay-color":"","overlay-opacity":"","overlay-gradient":""}},"footnotes":""},"class_list":["post-14025","page","type-page","status-publish","hentry"],"acf":[],"yoast_head":"<!-- This site is optimized with the Yoast SEO plugin v27.3 - https:\/\/yoast.com\/product\/yoast-seo-wordpress\/ -->\n<title>P5 LED Module Outdoor<\/title>\n<meta name=\"description\" content=\"7 reasons to choose P5 LED modules for outdoor LED displays:1. High definition: P5 means that the pixel pitch is 5 mm, and there are 40,000 LED pixels per square meter. A 50 square meter P5 LED display will be able to achieve a resolution of 2K, providing clear and delicate image display effects. Suitable for scenes that have certain requirements on image quality.2. Better viewing distance: Within the viewing distance range of 3-50, it can ensure the clarity and color reproduction of the image, which is suitable for close viewing and can also maintain good display effects at a slightly farther distance.3. Brightness and color performance: With a high brightness of 5500 and excellent color performance, it can clearly display content under different ambient light conditions, with bright and realistic colors.\" \/>\n<meta name=\"robots\" content=\"index, follow, max-snippet:-1, max-image-preview:large, max-video-preview:-1\" \/>\n<link rel=\"canonical\" href=\"https:\/\/cob-leddisplay.com\/fr\/module-led-p5\/\" \/>\n<meta property=\"og:locale\" content=\"fr_FR\" \/>\n<meta property=\"og:type\" content=\"article\" \/>\n<meta property=\"og:title\" content=\"P5 LED Module Outdoor\" \/>\n<meta property=\"og:description\" content=\"7 reasons to choose P5 LED modules for outdoor LED displays:1. High definition: P5 means that the pixel pitch is 5 mm, and there are 40,000 LED pixels per square meter. A 50 square meter P5 LED display will be able to achieve a resolution of 2K, providing clear and delicate image display effects. Suitable for scenes that have certain requirements on image quality.2. Better viewing distance: Within the viewing distance range of 3-50, it can ensure the clarity and color reproduction of the image, which is suitable for close viewing and can also maintain good display effects at a slightly farther distance.3. Brightness and color performance: With a high brightness of 5500 and excellent color performance, it can clearly display content under different ambient light conditions, with bright and realistic colors.\" \/>\n<meta property=\"og:url\" content=\"https:\/\/cob-leddisplay.com\/fr\/module-led-p5\/\" \/>\n<meta property=\"og:site_name\" content=\"Top Shine LED Display Screen\" \/>\n<meta property=\"article:modified_time\" content=\"2025-05-14T11:31:30+00:00\" \/>\n<meta name=\"twitter:card\" content=\"summary_large_image\" \/>\n<script type=\"application\/ld+json\" class=\"yoast-schema-graph\">{\"@context\":\"https:\\\/\\\/schema.org\",\"@graph\":[{\"@type\":\"WebPage\",\"@id\":\"https:\\\/\\\/cob-leddisplay.com\\\/p5-led-module\\\/\",\"url\":\"https:\\\/\\\/cob-leddisplay.com\\\/p5-led-module\\\/\",\"name\":\"P5 LED Module Outdoor\",\"isPartOf\":{\"@id\":\"https:\\\/\\\/cob-leddisplay.com\\\/#website\"},\"datePublished\":\"2024-07-27T07:25:44+00:00\",\"dateModified\":\"2025-05-14T11:31:30+00:00\",\"description\":\"7 reasons to choose P5 LED modules for outdoor LED displays:1. High definition: P5 means that the pixel pitch is 5 mm, and there are 40,000 LED pixels per square meter. A 50 square meter P5 LED display will be able to achieve a resolution of 2K, providing clear and delicate image display effects. Suitable for scenes that have certain requirements on image quality.2. Better viewing distance: Within the viewing distance range of 3-50, it can ensure the clarity and color reproduction of the image, which is suitable for close viewing and can also maintain good display effects at a slightly farther distance.3. Brightness and color performance: With a high brightness of 5500 and excellent color performance, it can clearly display content under different ambient light conditions, with bright and realistic colors.\",\"breadcrumb\":{\"@id\":\"https:\\\/\\\/cob-leddisplay.com\\\/p5-led-module\\\/#breadcrumb\"},\"inLanguage\":\"fr-FR\",\"potentialAction\":[{\"@type\":\"ReadAction\",\"target\":[\"https:\\\/\\\/cob-leddisplay.com\\\/p5-led-module\\\/\"]}]},{\"@type\":\"BreadcrumbList\",\"@id\":\"https:\\\/\\\/cob-leddisplay.com\\\/p5-led-module\\\/#breadcrumb\",\"itemListElement\":[{\"@type\":\"ListItem\",\"position\":1,\"name\":\"Home\",\"item\":\"https:\\\/\\\/cob-leddisplay.com\\\/\"},{\"@type\":\"ListItem\",\"position\":2,\"name\":\"LED Display Module\",\"item\":\"https:\\\/\\\/cob-leddisplay.com\\\/led-display-module\\\/\"},{\"@type\":\"ListItem\",\"position\":3,\"name\":\"Outdoor LED Modules\",\"item\":\"https:\\\/\\\/cob-leddisplay.com\\\/outdoor-led-modules\\\/\"},{\"@type\":\"ListItem\",\"position\":4,\"name\":\"P5 LED Module\"}]},{\"@type\":\"WebSite\",\"@id\":\"https:\\\/\\\/cob-leddisplay.com\\\/#website\",\"url\":\"https:\\\/\\\/cob-leddisplay.com\\\/\",\"name\":\"COB LED Display Screen Rental 3D LED Video Wall Manufacturer\",\"description\":\"LED Display Manufacturer, LED Display board, LED Video wall, Flexible led screen, Traffic led signs, Variable Message Signs, Digital Signage Display, custom led display, stadium led display screen, Retail Digital Signage, LED card, Perimeter led display, LED Display for events, outdoor rental led screen, Stage LED Screen, LED screen floor, Outdoor LED Modules, LED screen panel, LED display panel, led panel screen indoor, P10 DIP LED MODULE, Flexible LED Panel, LED Wall panel, cob LED screen, transparent led screen manufacturer, LED Mesh screen, Transparent LED Display Screen, Flexible led video wall, passenger information display, LED Bus Destination Display boards, LED Pharmacy cross, LED Poster, advertising led screen, round led screen, LED Billboard manufacturer, LED perimeter, Retail led display, rental led screen, rental led wall, P2.5 Outdoor LED Module, p3 outdoor led module, p4 led module, P4 led panel, p5 led panel, outdoor led video wall, bus display board, Stage Screen, rgb led modules, outdoor led screen panel, p10 led module, p5 outdoor led module, P3 LED panel, p2.5 led module, P10 LED panles, customizable led display, Led video panels, p6 outdoor led display, flexible led wall, LED Road Sign, Radar Speed Signs, led p10 display, led wall p4, p10 rgb led display, led video wall manufacturers, led video wall rental, P2 LED PANEL, P3 LED module, P1.25 LED MODULE, circle led screen\",\"potentialAction\":[{\"@type\":\"SearchAction\",\"target\":{\"@type\":\"EntryPoint\",\"urlTemplate\":\"https:\\\/\\\/cob-leddisplay.com\\\/?s={search_term_string}\"},\"query-input\":{\"@type\":\"PropertyValueSpecification\",\"valueRequired\":true,\"valueName\":\"search_term_string\"}}],\"inLanguage\":\"fr-FR\"}]}<\/script>\n<!-- \/ Yoast SEO plugin. -->","yoast_head_json":{"title":"Module LED P5 ext\u00e9rieur","description":"7 raisons de choisir les modules LED P5 pour les \u00e9crans LED ext\u00e9rieurs\u00a0: 1. Haute d\u00e9finition\u00a0: P5 signifie un pas de pixel de 5\u00a0mm et 40\u00a0000\u00a0pixels LED par m\u00e8tre carr\u00e9. Un \u00e9cran LED P5 de 50\u00a0m\u00e8tres carr\u00e9s atteindra une r\u00e9solution de 2K, offrant des images nettes et pr\u00e9cises. Il est adapt\u00e9 aux sc\u00e8nes exigeant une qualit\u00e9 d&#039;image pr\u00e9cise. 2. Meilleure distance de visualisation\u00a0: Entre 3 et 50\u00a0\u00b0C, il garantit une image claire et fid\u00e8le, id\u00e9ale pour une visualisation rapproch\u00e9e et un affichage de qualit\u00e9 \u00e0 une distance l\u00e9g\u00e8rement plus importante. 3. Luminosit\u00e9 et rendu des couleurs\u00a0: Avec une luminosit\u00e9 \u00e9lev\u00e9e de 5\u00a0500\u00a0\u00b0C et un excellent rendu des couleurs, il affiche clairement le contenu dans diff\u00e9rentes conditions de luminosit\u00e9 ambiante, avec des couleurs vives et r\u00e9alistes.","robots":{"index":"index","follow":"follow","max-snippet":"max-snippet:-1","max-image-preview":"max-image-preview:large","max-video-preview":"max-video-preview:-1"},"canonical":"https:\/\/cob-leddisplay.com\/fr\/module-led-p5\/","og_locale":"fr_FR","og_type":"article","og_title":"P5 LED Module Outdoor","og_description":"7 reasons to choose P5 LED modules for outdoor LED displays:1. High definition: P5 means that the pixel pitch is 5 mm, and there are 40,000 LED pixels per square meter. A 50 square meter P5 LED display will be able to achieve a resolution of 2K, providing clear and delicate image display effects. Suitable for scenes that have certain requirements on image quality.2. Better viewing distance: Within the viewing distance range of 3-50, it can ensure the clarity and color reproduction of the image, which is suitable for close viewing and can also maintain good display effects at a slightly farther distance.3. Brightness and color performance: With a high brightness of 5500 and excellent color performance, it can clearly display content under different ambient light conditions, with bright and realistic colors.","og_url":"https:\/\/cob-leddisplay.com\/fr\/module-led-p5\/","og_site_name":"Top Shine LED Display Screen","article_modified_time":"2025-05-14T11:31:30+00:00","twitter_card":"summary_large_image","schema":{"@context":"https:\/\/schema.org","@graph":[{"@type":"WebPage","@id":"https:\/\/cob-leddisplay.com\/p5-led-module\/","url":"https:\/\/cob-leddisplay.com\/p5-led-module\/","name":"Module LED P5 ext\u00e9rieur","isPartOf":{"@id":"https:\/\/cob-leddisplay.com\/#website"},"datePublished":"2024-07-27T07:25:44+00:00","dateModified":"2025-05-14T11:31:30+00:00","description":"7 raisons de choisir les modules LED P5 pour les \u00e9crans LED ext\u00e9rieurs\u00a0: 1. Haute d\u00e9finition\u00a0: P5 signifie un pas de pixel de 5\u00a0mm et 40\u00a0000\u00a0pixels LED par m\u00e8tre carr\u00e9. Un \u00e9cran LED P5 de 50\u00a0m\u00e8tres carr\u00e9s atteindra une r\u00e9solution de 2K, offrant des images nettes et pr\u00e9cises. Il est adapt\u00e9 aux sc\u00e8nes exigeant une qualit\u00e9 d&#039;image pr\u00e9cise. 2. Meilleure distance de visualisation\u00a0: Entre 3 et 50\u00a0\u00b0C, il garantit une image claire et fid\u00e8le, id\u00e9ale pour une visualisation rapproch\u00e9e et un affichage de qualit\u00e9 \u00e0 une distance l\u00e9g\u00e8rement plus importante. 3. Luminosit\u00e9 et rendu des couleurs\u00a0: Avec une luminosit\u00e9 \u00e9lev\u00e9e de 5\u00a0500\u00a0\u00b0C et un excellent rendu des couleurs, il affiche clairement le contenu dans diff\u00e9rentes conditions de luminosit\u00e9 ambiante, avec des couleurs vives et r\u00e9alistes.","breadcrumb":{"@id":"https:\/\/cob-leddisplay.com\/p5-led-module\/#breadcrumb"},"inLanguage":"fr-FR","potentialAction":[{"@type":"ReadAction","target":["https:\/\/cob-leddisplay.com\/p5-led-module\/"]}]},{"@type":"BreadcrumbList","@id":"https:\/\/cob-leddisplay.com\/p5-led-module\/#breadcrumb","itemListElement":[{"@type":"ListItem","position":1,"name":"Home","item":"https:\/\/cob-leddisplay.com\/"},{"@type":"ListItem","position":2,"name":"LED Display Module","item":"https:\/\/cob-leddisplay.com\/led-display-module\/"},{"@type":"ListItem","position":3,"name":"Outdoor LED Modules","item":"https:\/\/cob-leddisplay.com\/outdoor-led-modules\/"},{"@type":"ListItem","position":4,"name":"P5 LED Module"}]},{"@type":"WebSite","@id":"https:\/\/cob-leddisplay.com\/#website","url":"https:\/\/cob-leddisplay.com\/","name":"Location d&#039;\u00e9crans LED COB, fabricant de murs vid\u00e9o LED 3D","description":"Fabricant d&#039;\u00e9crans LED, Panneau d&#039;affichage LED, Mur vid\u00e9o LED, \u00c9cran LED flexible, Panneaux de signalisation LED, Panneaux \u00e0 messages variables, Affichage num\u00e9rique, \u00c9cran LED personnalis\u00e9, \u00c9cran LED pour stade, Affichage num\u00e9rique pour commerce de d\u00e9tail, Carte LED, \u00c9cran LED de p\u00e9rim\u00e8tre, \u00c9cran LED pour \u00e9v\u00e9nements, \u00c9cran LED de location ext\u00e9rieur, \u00c9cran LED de sc\u00e8ne, \u00c9cran LED de sol, Modules LED ext\u00e9rieurs, Panneau d&#039;\u00e9cran LED, Panneau d&#039;affichage LED, \u00c9cran LED int\u00e9rieur, MODULE LED DIP P10, Panneau LED flexible, Panneau mural LED, \u00c9cran LED COB, Fabricant d&#039;\u00e9cran LED transparent, \u00c9cran LED en maille, \u00c9cran LED transparent, Mur vid\u00e9o LED flexible, Affichage d&#039;informations passagers, Panneaux d&#039;affichage LED de destination de bus, Croix de pharmacie LED, Affiche LED, \u00c9cran LED publicitaire, \u00c9cran LED rond, Fabricant de panneaux d&#039;affichage LED, P\u00e9rim\u00e8tre LED, Affichage LED de vente au d\u00e9tail, \u00c9cran LED de location, Mur LED de location, Module LED ext\u00e9rieur P2.5, Module LED ext\u00e9rieur P3, Module LED P4, Panneau LED P4, Panneau LED P5, Mur vid\u00e9o LED ext\u00e9rieur, Panneau d&#039;affichage pour bus, \u00c9cran de sc\u00e8ne, Modules LED RVB, Panneau d&#039;\u00e9cran LED ext\u00e9rieur, Module LED P10, Module LED ext\u00e9rieur P5, LED P3 Panneau, module LED P2.5, panneaux LED P10, \u00e9cran LED personnalisable, panneaux vid\u00e9o LED, \u00e9cran LED ext\u00e9rieur P6, mur LED flexible, panneau de signalisation LED, radars de vitesse, \u00e9cran LED P10, mur LED P4, \u00e9cran LED RVB P10, fabricants de murs vid\u00e9o LED, location de murs vid\u00e9o LED, panneau LED P2, module LED P3, module LED P1.25, \u00e9cran LED circulaire","potentialAction":[{"@type":"SearchAction","target":{"@type":"EntryPoint","urlTemplate":"https:\/\/cob-leddisplay.com\/?s={search_term_string}"},"query-input":{"@type":"PropertyValueSpecification","valueRequired":true,"valueName":"search_term_string"}}],"inLanguage":"fr-FR"}]}},"_links":{"self":[{"href":"https:\/\/cob-leddisplay.com\/fr\/wp-json\/wp\/v2\/pages\/14025","targetHints":{"allow":["GET"]}}],"collection":[{"href":"https:\/\/cob-leddisplay.com\/fr\/wp-json\/wp\/v2\/pages"}],"about":[{"href":"https:\/\/cob-leddisplay.com\/fr\/wp-json\/wp\/v2\/types\/page"}],"author":[{"embeddable":true,"href":"https:\/\/cob-leddisplay.com\/fr\/wp-json\/wp\/v2\/users\/1"}],"replies":[{"embeddable":true,"href":"https:\/\/cob-leddisplay.com\/fr\/wp-json\/wp\/v2\/comments?post=14025"}],"version-history":[{"count":0,"href":"https:\/\/cob-leddisplay.com\/fr\/wp-json\/wp\/v2\/pages\/14025\/revisions"}],"up":[{"embeddable":true,"href":"https:\/\/cob-leddisplay.com\/fr\/wp-json\/wp\/v2\/pages\/13211"}],"wp:attachment":[{"href":"https:\/\/cob-leddisplay.com\/fr\/wp-json\/wp\/v2\/media?parent=14025"}],"curies":[{"name":"wp","href":"https:\/\/api.w.org\/{rel}","templated":true}]}}