{"id":14006,"date":"2024-07-20T08:58:54","date_gmt":"2024-07-20T08:58:54","guid":{"rendered":"https:\/\/cob-leddisplay.com\/?page_id=14006"},"modified":"2025-05-14T11:31:12","modified_gmt":"2025-05-14T11:31:12","slug":"mur-video-led-exterieur","status":"publish","type":"page","link":"https:\/\/cob-leddisplay.com\/fr\/mur-video-led-exterieur\/","title":{"rendered":"Mur vid\u00e9o LED ext\u00e9rieur"},"content":{"rendered":"","protected":false},"excerpt":{"rendered":"","protected":false},"author":1,"featured_media":0,"parent":12256,"menu_order":0,"comment_status":"closed","ping_status":"closed","template":"product-category3.php","meta":{"_acf_changed":false,"site-sidebar-layout":"no-sidebar","site-content-layout":"page-builder","ast-site-content-layout":"full-width-container","site-content-style":"unboxed","site-sidebar-style":"unboxed","ast-global-header-display":"","ast-banner-title-visibility":"","ast-main-header-display":"","ast-hfb-above-header-display":"","ast-hfb-below-header-display":"","ast-hfb-mobile-header-display":"","site-post-title":"disabled","ast-breadcrumbs-content":"disabled","ast-featured-img":"disabled","footer-sml-layout":"","ast-disable-related-posts":"","theme-transparent-header-meta":"default","adv-header-id-meta":"","stick-header-meta":"default","header-above-stick-meta":"","header-main-stick-meta":"","header-below-stick-meta":"","astra-migrate-meta-layouts":"set","ast-page-background-enabled":"default","ast-page-background-meta":{"desktop":{"background-color":"","background-image":"","background-repeat":"repeat","background-position":"center center","background-size":"auto","background-attachment":"scroll","background-type":"","background-media":"","overlay-type":"","overlay-color":"","overlay-opacity":"","overlay-gradient":""},"tablet":{"background-color":"","background-image":"","background-repeat":"repeat","background-position":"center center","background-size":"auto","background-attachment":"scroll","background-type":"","background-media":"","overlay-type":"","overlay-color":"","overlay-opacity":"","overlay-gradient":""},"mobile":{"background-color":"","background-image":"","background-repeat":"repeat","background-position":"center center","background-size":"auto","background-attachment":"scroll","background-type":"","background-media":"","overlay-type":"","overlay-color":"","overlay-opacity":"","overlay-gradient":""}},"ast-content-background-meta":{"desktop":{"background-color":"var(--ast-global-color-5)","background-image":"","background-repeat":"repeat","background-position":"center center","background-size":"auto","background-attachment":"scroll","background-type":"","background-media":"","overlay-type":"","overlay-color":"","overlay-opacity":"","overlay-gradient":""},"tablet":{"background-color":"var(--ast-global-color-5)","background-image":"","background-repeat":"repeat","background-position":"center center","background-size":"auto","background-attachment":"scroll","background-type":"","background-media":"","overlay-type":"","overlay-color":"","overlay-opacity":"","overlay-gradient":""},"mobile":{"background-color":"var(--ast-global-color-5)","background-image":"","background-repeat":"repeat","background-position":"center center","background-size":"auto","background-attachment":"scroll","background-type":"","background-media":"","overlay-type":"","overlay-color":"","overlay-opacity":"","overlay-gradient":""}},"footnotes":""},"class_list":["post-14006","page","type-page","status-publish","hentry"],"acf":[],"yoast_head":"<!-- This site is optimized with the Yoast SEO plugin v27.4 - https:\/\/yoast.com\/product\/yoast-seo-wordpress\/ -->\n<title>Outdoor LED Video Wall<\/title>\n<meta name=\"description\" content=\"The price of outdoor LED video walls generally ranges from US$200 to US$1,000 per square meter,but the specific price will be affected by many factors, such as screen point spacing, brightness, resolution, brand, chips and materials used, etc.Generally speaking, the smaller the pixel pitch, the higher the brightness and resolution of the outdoor LED video wall, the higher the price will be. Common outdoor LED display pixel pitches include P2, P2.5, P3, P4, P5, P6, P8, P10, P12, P16, etc. (P stands for pixel pitch, the smaller the number, the higher the pixel density and the clearer the picture) .In addition, prices may vary between brands and manufacturers. Some well-known brands or products with higher quality and performance may be relatively more expensive. At the same time, the quantity purchased, installation method and supporting equipment will also have an impact on the overall price.When choosing, in addition to price factors, you should also consider product quality, after-sales service, and the reputation of the manufacturer.\" \/>\n<meta name=\"robots\" content=\"index, follow, max-snippet:-1, max-image-preview:large, max-video-preview:-1\" \/>\n<link rel=\"canonical\" href=\"https:\/\/cob-leddisplay.com\/fr\/mur-video-led-exterieur\/\" \/>\n<meta property=\"og:locale\" content=\"fr_FR\" \/>\n<meta property=\"og:type\" content=\"article\" \/>\n<meta property=\"og:title\" content=\"Outdoor LED Video Wall\" \/>\n<meta property=\"og:description\" content=\"The price of outdoor LED video walls generally ranges from US$200 to US$1,000 per square meter,but the specific price will be affected by many factors, such as screen point spacing, brightness, resolution, brand, chips and materials used, etc.Generally speaking, the smaller the pixel pitch, the higher the brightness and resolution of the outdoor LED video wall, the higher the price will be. Common outdoor LED display pixel pitches include P2, P2.5, P3, P4, P5, P6, P8, P10, P12, P16, etc. (P stands for pixel pitch, the smaller the number, the higher the pixel density and the clearer the picture) .In addition, prices may vary between brands and manufacturers. Some well-known brands or products with higher quality and performance may be relatively more expensive. At the same time, the quantity purchased, installation method and supporting equipment will also have an impact on the overall price.When choosing, in addition to price factors, you should also consider product quality, after-sales service, and the reputation of the manufacturer.\" \/>\n<meta property=\"og:url\" content=\"https:\/\/cob-leddisplay.com\/fr\/mur-video-led-exterieur\/\" \/>\n<meta property=\"og:site_name\" content=\"Top Shine LED Display Screen\" \/>\n<meta property=\"article:modified_time\" content=\"2025-05-14T11:31:12+00:00\" \/>\n<meta name=\"twitter:card\" content=\"summary_large_image\" \/>\n<script type=\"application\/ld+json\" class=\"yoast-schema-graph\">{\"@context\":\"https:\\\/\\\/schema.org\",\"@graph\":[{\"@type\":\"WebPage\",\"@id\":\"https:\\\/\\\/cob-leddisplay.com\\\/outdoor-led-video-wall\\\/\",\"url\":\"https:\\\/\\\/cob-leddisplay.com\\\/outdoor-led-video-wall\\\/\",\"name\":\"Outdoor LED Video Wall\",\"isPartOf\":{\"@id\":\"https:\\\/\\\/cob-leddisplay.com\\\/#website\"},\"datePublished\":\"2024-07-20T08:58:54+00:00\",\"dateModified\":\"2025-05-14T11:31:12+00:00\",\"description\":\"The price of outdoor LED video walls generally ranges from US$200 to US$1,000 per square meter,but the specific price will be affected by many factors, such as screen point spacing, brightness, resolution, brand, chips and materials used, etc.Generally speaking, the smaller the pixel pitch, the higher the brightness and resolution of the outdoor LED video wall, the higher the price will be. Common outdoor LED display pixel pitches include P2, P2.5, P3, P4, P5, P6, P8, P10, P12, P16, etc. (P stands for pixel pitch, the smaller the number, the higher the pixel density and the clearer the picture) .In addition, prices may vary between brands and manufacturers. Some well-known brands or products with higher quality and performance may be relatively more expensive. At the same time, the quantity purchased, installation method and supporting equipment will also have an impact on the overall price.When choosing, in addition to price factors, you should also consider product quality, after-sales service, and the reputation of the manufacturer.\",\"breadcrumb\":{\"@id\":\"https:\\\/\\\/cob-leddisplay.com\\\/outdoor-led-video-wall\\\/#breadcrumb\"},\"inLanguage\":\"fr-FR\",\"potentialAction\":[{\"@type\":\"ReadAction\",\"target\":[\"https:\\\/\\\/cob-leddisplay.com\\\/outdoor-led-video-wall\\\/\"]}]},{\"@type\":\"BreadcrumbList\",\"@id\":\"https:\\\/\\\/cob-leddisplay.com\\\/outdoor-led-video-wall\\\/#breadcrumb\",\"itemListElement\":[{\"@type\":\"ListItem\",\"position\":1,\"name\":\"Home\",\"item\":\"https:\\\/\\\/cob-leddisplay.com\\\/\"},{\"@type\":\"ListItem\",\"position\":2,\"name\":\"LED Video Wall\",\"item\":\"https:\\\/\\\/cob-leddisplay.com\\\/led-video-wall\\\/\"},{\"@type\":\"ListItem\",\"position\":3,\"name\":\"Outdoor LED Video Wall\"}]},{\"@type\":\"WebSite\",\"@id\":\"https:\\\/\\\/cob-leddisplay.com\\\/#website\",\"url\":\"https:\\\/\\\/cob-leddisplay.com\\\/\",\"name\":\"COB LED Display Screen Rental 3D LED Video Wall Manufacturer\",\"description\":\"LED Display Manufacturer, LED Display board, LED Video wall, Flexible led screen, Traffic led signs, Variable Message Signs, Digital Signage Display, custom led display, stadium led display screen, Retail Digital Signage, LED card, Perimeter led display, LED Display for events, outdoor rental led screen, Stage LED Screen, LED screen floor, Outdoor LED Modules, LED screen panel, LED display panel, led panel screen indoor, P10 DIP LED MODULE, Flexible LED Panel, LED Wall panel, cob LED screen, transparent led screen manufacturer, LED Mesh screen, Transparent LED Display Screen, Flexible led video wall, passenger information display, LED Bus Destination Display boards, LED Pharmacy cross, LED Poster, advertising led screen, round led screen, LED Billboard manufacturer, LED perimeter, Retail led display, rental led screen, rental led wall, P2.5 Outdoor LED Module, p3 outdoor led module, p4 led module, P4 led panel, p5 led panel, outdoor led video wall, bus display board, Stage Screen, rgb led modules, outdoor led screen panel, p10 led module, p5 outdoor led module, P3 LED panel, p2.5 led module, P10 LED panles, customizable led display, Led video panels, p6 outdoor led display, flexible led wall, LED Road Sign, Radar Speed Signs, led p10 display, led wall p4, p10 rgb led display, led video wall manufacturers, led video wall rental, P2 LED PANEL, P3 LED module, P1.25 LED MODULE, circle led screen\",\"potentialAction\":[{\"@type\":\"SearchAction\",\"target\":{\"@type\":\"EntryPoint\",\"urlTemplate\":\"https:\\\/\\\/cob-leddisplay.com\\\/?s={search_term_string}\"},\"query-input\":{\"@type\":\"PropertyValueSpecification\",\"valueRequired\":true,\"valueName\":\"search_term_string\"}}],\"inLanguage\":\"fr-FR\"}]}<\/script>\n<!-- \/ Yoast SEO plugin. -->","yoast_head_json":{"title":"Mur vid\u00e9o LED ext\u00e9rieur","description":"Le prix des murs vid\u00e9o LED ext\u00e9rieurs varie g\u00e9n\u00e9ralement entre 200 et 1\u00a0000 dollars am\u00e9ricains par m\u00e8tre carr\u00e9. Cependant, ce prix varie en fonction de nombreux facteurs, tels que l&#039;espacement des points d&#039;affichage, la luminosit\u00e9, la r\u00e9solution, la marque, les puces et les mat\u00e9riaux utilis\u00e9s, etc. En r\u00e8gle g\u00e9n\u00e9rale, plus le pas de pixel est petit, plus la luminosit\u00e9 et la r\u00e9solution du mur vid\u00e9o LED ext\u00e9rieur sont \u00e9lev\u00e9es, et plus le prix sera \u00e9lev\u00e9. Les pas de pixel courants pour les \u00e9crans LED ext\u00e9rieurs sont les suivants\u00a0: P2, P2,5, P3, P4, P5, P6, P8, P10, P12, P16, etc. (P signifie pas de pixel\u00a0: plus le nombre est petit, plus la densit\u00e9 de pixels est \u00e9lev\u00e9e et plus l&#039;image est nette). De plus, les prix peuvent varier selon les marques et les fabricants. Certaines marques connues ou certains produits offrant une qualit\u00e9 et des performances sup\u00e9rieures peuvent \u00eatre relativement plus chers. Dans le m\u00eame temps, la quantit\u00e9 achet\u00e9e, la m\u00e9thode d&#039;installation et l&#039;\u00e9quipement de support auront \u00e9galement un impact sur le prix global. Lors du choix, en plus des facteurs de prix, vous devez \u00e9galement prendre en compte la qualit\u00e9 du produit, le service apr\u00e8s-vente et la r\u00e9putation du fabricant.","robots":{"index":"index","follow":"follow","max-snippet":"max-snippet:-1","max-image-preview":"max-image-preview:large","max-video-preview":"max-video-preview:-1"},"canonical":"https:\/\/cob-leddisplay.com\/fr\/mur-video-led-exterieur\/","og_locale":"fr_FR","og_type":"article","og_title":"Outdoor LED Video Wall","og_description":"The price of outdoor LED video walls generally ranges from US$200 to US$1,000 per square meter,but the specific price will be affected by many factors, such as screen point spacing, brightness, resolution, brand, chips and materials used, etc.Generally speaking, the smaller the pixel pitch, the higher the brightness and resolution of the outdoor LED video wall, the higher the price will be. Common outdoor LED display pixel pitches include P2, P2.5, P3, P4, P5, P6, P8, P10, P12, P16, etc. (P stands for pixel pitch, the smaller the number, the higher the pixel density and the clearer the picture) .In addition, prices may vary between brands and manufacturers. Some well-known brands or products with higher quality and performance may be relatively more expensive. At the same time, the quantity purchased, installation method and supporting equipment will also have an impact on the overall price.When choosing, in addition to price factors, you should also consider product quality, after-sales service, and the reputation of the manufacturer.","og_url":"https:\/\/cob-leddisplay.com\/fr\/mur-video-led-exterieur\/","og_site_name":"Top Shine LED Display Screen","article_modified_time":"2025-05-14T11:31:12+00:00","twitter_card":"summary_large_image","schema":{"@context":"https:\/\/schema.org","@graph":[{"@type":"WebPage","@id":"https:\/\/cob-leddisplay.com\/outdoor-led-video-wall\/","url":"https:\/\/cob-leddisplay.com\/outdoor-led-video-wall\/","name":"Mur vid\u00e9o LED ext\u00e9rieur","isPartOf":{"@id":"https:\/\/cob-leddisplay.com\/#website"},"datePublished":"2024-07-20T08:58:54+00:00","dateModified":"2025-05-14T11:31:12+00:00","description":"Le prix des murs vid\u00e9o LED ext\u00e9rieurs varie g\u00e9n\u00e9ralement entre 200 et 1\u00a0000 dollars am\u00e9ricains par m\u00e8tre carr\u00e9. Cependant, ce prix varie en fonction de nombreux facteurs, tels que l&#039;espacement des points d&#039;affichage, la luminosit\u00e9, la r\u00e9solution, la marque, les puces et les mat\u00e9riaux utilis\u00e9s, etc. En r\u00e8gle g\u00e9n\u00e9rale, plus le pas de pixel est petit, plus la luminosit\u00e9 et la r\u00e9solution du mur vid\u00e9o LED ext\u00e9rieur sont \u00e9lev\u00e9es, et plus le prix sera \u00e9lev\u00e9. Les pas de pixel courants pour les \u00e9crans LED ext\u00e9rieurs sont les suivants\u00a0: P2, P2,5, P3, P4, P5, P6, P8, P10, P12, P16, etc. (P signifie pas de pixel\u00a0: plus le nombre est petit, plus la densit\u00e9 de pixels est \u00e9lev\u00e9e et plus l&#039;image est nette). De plus, les prix peuvent varier selon les marques et les fabricants. Certaines marques connues ou certains produits offrant une qualit\u00e9 et des performances sup\u00e9rieures peuvent \u00eatre relativement plus chers. Dans le m\u00eame temps, la quantit\u00e9 achet\u00e9e, la m\u00e9thode d&#039;installation et l&#039;\u00e9quipement de support auront \u00e9galement un impact sur le prix global. Lors du choix, en plus des facteurs de prix, vous devez \u00e9galement prendre en compte la qualit\u00e9 du produit, le service apr\u00e8s-vente et la r\u00e9putation du fabricant.","breadcrumb":{"@id":"https:\/\/cob-leddisplay.com\/outdoor-led-video-wall\/#breadcrumb"},"inLanguage":"fr-FR","potentialAction":[{"@type":"ReadAction","target":["https:\/\/cob-leddisplay.com\/outdoor-led-video-wall\/"]}]},{"@type":"BreadcrumbList","@id":"https:\/\/cob-leddisplay.com\/outdoor-led-video-wall\/#breadcrumb","itemListElement":[{"@type":"ListItem","position":1,"name":"Home","item":"https:\/\/cob-leddisplay.com\/"},{"@type":"ListItem","position":2,"name":"LED Video Wall","item":"https:\/\/cob-leddisplay.com\/led-video-wall\/"},{"@type":"ListItem","position":3,"name":"Outdoor LED Video Wall"}]},{"@type":"WebSite","@id":"https:\/\/cob-leddisplay.com\/#website","url":"https:\/\/cob-leddisplay.com\/","name":"Location d&#039;\u00e9crans LED COB, fabricant de murs vid\u00e9o LED 3D","description":"Fabricant d&#039;\u00e9crans LED, Panneau d&#039;affichage LED, Mur vid\u00e9o LED, \u00c9cran LED flexible, Panneaux de signalisation LED, Panneaux \u00e0 messages variables, Affichage num\u00e9rique, \u00c9cran LED personnalis\u00e9, \u00c9cran LED pour stade, Affichage num\u00e9rique pour commerce de d\u00e9tail, Carte LED, \u00c9cran LED de p\u00e9rim\u00e8tre, \u00c9cran LED pour \u00e9v\u00e9nements, \u00c9cran LED de location ext\u00e9rieur, \u00c9cran LED de sc\u00e8ne, \u00c9cran LED de sol, Modules LED ext\u00e9rieurs, Panneau d&#039;\u00e9cran LED, Panneau d&#039;affichage LED, \u00c9cran LED int\u00e9rieur, MODULE LED DIP P10, Panneau LED flexible, Panneau mural LED, \u00c9cran LED COB, Fabricant d&#039;\u00e9cran LED transparent, \u00c9cran LED en maille, \u00c9cran LED transparent, Mur vid\u00e9o LED flexible, Affichage d&#039;informations passagers, Panneaux d&#039;affichage LED de destination de bus, Croix de pharmacie LED, Affiche LED, \u00c9cran LED publicitaire, \u00c9cran LED rond, Fabricant de panneaux d&#039;affichage LED, P\u00e9rim\u00e8tre LED, Affichage LED de vente au d\u00e9tail, \u00c9cran LED de location, Mur LED de location, Module LED ext\u00e9rieur P2.5, Module LED ext\u00e9rieur P3, Module LED P4, Panneau LED P4, Panneau LED P5, Mur vid\u00e9o LED ext\u00e9rieur, Panneau d&#039;affichage pour bus, \u00c9cran de sc\u00e8ne, Modules LED RVB, Panneau d&#039;\u00e9cran LED ext\u00e9rieur, Module LED P10, Module LED ext\u00e9rieur P5, LED P3 Panneau, module LED P2.5, panneaux LED P10, \u00e9cran LED personnalisable, panneaux vid\u00e9o LED, \u00e9cran LED ext\u00e9rieur P6, mur LED flexible, panneau de signalisation LED, radars de vitesse, \u00e9cran LED P10, mur LED P4, \u00e9cran LED RVB P10, fabricants de murs vid\u00e9o LED, location de murs vid\u00e9o LED, panneau LED P2, module LED P3, module LED P1.25, \u00e9cran LED circulaire","potentialAction":[{"@type":"SearchAction","target":{"@type":"EntryPoint","urlTemplate":"https:\/\/cob-leddisplay.com\/?s={search_term_string}"},"query-input":{"@type":"PropertyValueSpecification","valueRequired":true,"valueName":"search_term_string"}}],"inLanguage":"fr-FR"}]}},"_links":{"self":[{"href":"https:\/\/cob-leddisplay.com\/fr\/wp-json\/wp\/v2\/pages\/14006","targetHints":{"allow":["GET"]}}],"collection":[{"href":"https:\/\/cob-leddisplay.com\/fr\/wp-json\/wp\/v2\/pages"}],"about":[{"href":"https:\/\/cob-leddisplay.com\/fr\/wp-json\/wp\/v2\/types\/page"}],"author":[{"embeddable":true,"href":"https:\/\/cob-leddisplay.com\/fr\/wp-json\/wp\/v2\/users\/1"}],"replies":[{"embeddable":true,"href":"https:\/\/cob-leddisplay.com\/fr\/wp-json\/wp\/v2\/comments?post=14006"}],"version-history":[{"count":0,"href":"https:\/\/cob-leddisplay.com\/fr\/wp-json\/wp\/v2\/pages\/14006\/revisions"}],"up":[{"embeddable":true,"href":"https:\/\/cob-leddisplay.com\/fr\/wp-json\/wp\/v2\/pages\/12256"}],"wp:attachment":[{"href":"https:\/\/cob-leddisplay.com\/fr\/wp-json\/wp\/v2\/media?parent=14006"}],"curies":[{"name":"wp","href":"https:\/\/api.w.org\/{rel}","templated":true}]}}