{"id":13986,"date":"2024-07-18T11:04:52","date_gmt":"2024-07-18T11:04:52","guid":{"rendered":"https:\/\/cob-leddisplay.com\/?page_id=13986"},"modified":"2025-05-14T11:31:52","modified_gmt":"2025-05-14T11:31:52","slug":"panneau-daffichage-a-led","status":"publish","type":"page","link":"https:\/\/cob-leddisplay.com\/fr\/panneau-daffichage-a-led\/","title":{"rendered":"panneau d&#039;affichage LED"},"content":{"rendered":"","protected":false},"excerpt":{"rendered":"","protected":false},"author":1,"featured_media":0,"parent":13273,"menu_order":0,"comment_status":"closed","ping_status":"closed","template":"product-category3.php","meta":{"_acf_changed":false,"site-sidebar-layout":"no-sidebar","site-content-layout":"page-builder","ast-site-content-layout":"full-width-container","site-content-style":"unboxed","site-sidebar-style":"unboxed","ast-global-header-display":"","ast-banner-title-visibility":"","ast-main-header-display":"","ast-hfb-above-header-display":"","ast-hfb-below-header-display":"","ast-hfb-mobile-header-display":"","site-post-title":"disabled","ast-breadcrumbs-content":"disabled","ast-featured-img":"disabled","footer-sml-layout":"","ast-disable-related-posts":"","theme-transparent-header-meta":"default","adv-header-id-meta":"","stick-header-meta":"default","header-above-stick-meta":"","header-main-stick-meta":"","header-below-stick-meta":"","astra-migrate-meta-layouts":"set","ast-page-background-enabled":"default","ast-page-background-meta":{"desktop":{"background-color":"","background-image":"","background-repeat":"repeat","background-position":"center center","background-size":"auto","background-attachment":"scroll","background-type":"","background-media":"","overlay-type":"","overlay-color":"","overlay-opacity":"","overlay-gradient":""},"tablet":{"background-color":"","background-image":"","background-repeat":"repeat","background-position":"center center","background-size":"auto","background-attachment":"scroll","background-type":"","background-media":"","overlay-type":"","overlay-color":"","overlay-opacity":"","overlay-gradient":""},"mobile":{"background-color":"","background-image":"","background-repeat":"repeat","background-position":"center center","background-size":"auto","background-attachment":"scroll","background-type":"","background-media":"","overlay-type":"","overlay-color":"","overlay-opacity":"","overlay-gradient":""}},"ast-content-background-meta":{"desktop":{"background-color":"var(--ast-global-color-5)","background-image":"","background-repeat":"repeat","background-position":"center center","background-size":"auto","background-attachment":"scroll","background-type":"","background-media":"","overlay-type":"","overlay-color":"","overlay-opacity":"","overlay-gradient":""},"tablet":{"background-color":"var(--ast-global-color-5)","background-image":"","background-repeat":"repeat","background-position":"center center","background-size":"auto","background-attachment":"scroll","background-type":"","background-media":"","overlay-type":"","overlay-color":"","overlay-opacity":"","overlay-gradient":""},"mobile":{"background-color":"var(--ast-global-color-5)","background-image":"","background-repeat":"repeat","background-position":"center center","background-size":"auto","background-attachment":"scroll","background-type":"","background-media":"","overlay-type":"","overlay-color":"","overlay-opacity":"","overlay-gradient":""}},"footnotes":""},"class_list":["post-13986","page","type-page","status-publish","hentry"],"acf":[],"yoast_head":"<!-- This site is optimized with the Yoast SEO plugin v27.4 - https:\/\/yoast.com\/product\/yoast-seo-wordpress\/ -->\n<title>LED display Panel<\/title>\n<meta name=\"description\" content=\"The P1.86 LED display Panel: Revolutionizing Visual Displays with Unparalleled Precision and ClarityIn the ever-evolving landscape of display technology, the P1.86 LED display Panel emerges as a game-changer, setting new benchmarks for excellence and redefining the standards of visual experiences.This cutting-edge LED display Panel represents the pinnacle of engineering and innovation, meticulously crafted to offer an exceptional level of detail and sharpness. With a pixel pitch of 1.86mm, it delivers images and videos with astonishing clarity, ensuring that every nuance and shade is captured with utmost accuracy.\" \/>\n<meta name=\"robots\" content=\"index, follow, max-snippet:-1, max-image-preview:large, max-video-preview:-1\" \/>\n<link rel=\"canonical\" href=\"https:\/\/cob-leddisplay.com\/fr\/panneau-daffichage-a-led\/\" \/>\n<meta property=\"og:locale\" content=\"fr_FR\" \/>\n<meta property=\"og:type\" content=\"article\" \/>\n<meta property=\"og:title\" content=\"LED display Panel\" \/>\n<meta property=\"og:description\" content=\"The P1.86 LED display Panel: Revolutionizing Visual Displays with Unparalleled Precision and ClarityIn the ever-evolving landscape of display technology, the P1.86 LED display Panel emerges as a game-changer, setting new benchmarks for excellence and redefining the standards of visual experiences.This cutting-edge LED display Panel represents the pinnacle of engineering and innovation, meticulously crafted to offer an exceptional level of detail and sharpness. With a pixel pitch of 1.86mm, it delivers images and videos with astonishing clarity, ensuring that every nuance and shade is captured with utmost accuracy.\" \/>\n<meta property=\"og:url\" content=\"https:\/\/cob-leddisplay.com\/fr\/panneau-daffichage-a-led\/\" \/>\n<meta property=\"og:site_name\" content=\"Top Shine LED Display Screen\" \/>\n<meta property=\"article:modified_time\" content=\"2025-05-14T11:31:52+00:00\" \/>\n<meta name=\"twitter:card\" content=\"summary_large_image\" \/>\n<script type=\"application\/ld+json\" class=\"yoast-schema-graph\">{\"@context\":\"https:\\\/\\\/schema.org\",\"@graph\":[{\"@type\":\"WebPage\",\"@id\":\"https:\\\/\\\/cob-leddisplay.com\\\/led-display-panel\\\/\",\"url\":\"https:\\\/\\\/cob-leddisplay.com\\\/led-display-panel\\\/\",\"name\":\"LED display Panel\",\"isPartOf\":{\"@id\":\"https:\\\/\\\/cob-leddisplay.com\\\/#website\"},\"datePublished\":\"2024-07-18T11:04:52+00:00\",\"dateModified\":\"2025-05-14T11:31:52+00:00\",\"description\":\"The P1.86 LED display Panel: Revolutionizing Visual Displays with Unparalleled Precision and ClarityIn the ever-evolving landscape of display technology, the P1.86 LED display Panel emerges as a game-changer, setting new benchmarks for excellence and redefining the standards of visual experiences.This cutting-edge LED display Panel represents the pinnacle of engineering and innovation, meticulously crafted to offer an exceptional level of detail and sharpness. With a pixel pitch of 1.86mm, it delivers images and videos with astonishing clarity, ensuring that every nuance and shade is captured with utmost accuracy.\",\"breadcrumb\":{\"@id\":\"https:\\\/\\\/cob-leddisplay.com\\\/led-display-panel\\\/#breadcrumb\"},\"inLanguage\":\"fr-FR\",\"potentialAction\":[{\"@type\":\"ReadAction\",\"target\":[\"https:\\\/\\\/cob-leddisplay.com\\\/led-display-panel\\\/\"]}]},{\"@type\":\"BreadcrumbList\",\"@id\":\"https:\\\/\\\/cob-leddisplay.com\\\/led-display-panel\\\/#breadcrumb\",\"itemListElement\":[{\"@type\":\"ListItem\",\"position\":1,\"name\":\"Home\",\"item\":\"https:\\\/\\\/cob-leddisplay.com\\\/\"},{\"@type\":\"ListItem\",\"position\":2,\"name\":\"LED Display Module\",\"item\":\"https:\\\/\\\/cob-leddisplay.com\\\/led-display-module\\\/\"},{\"@type\":\"ListItem\",\"position\":3,\"name\":\"Indoor LED Panels\",\"item\":\"https:\\\/\\\/cob-leddisplay.com\\\/indoor-led-panels\\\/\"},{\"@type\":\"ListItem\",\"position\":4,\"name\":\"LED display panel\"}]},{\"@type\":\"WebSite\",\"@id\":\"https:\\\/\\\/cob-leddisplay.com\\\/#website\",\"url\":\"https:\\\/\\\/cob-leddisplay.com\\\/\",\"name\":\"COB LED Display Screen Rental 3D LED Video Wall Manufacturer\",\"description\":\"LED Display Manufacturer, LED Display board, LED Video wall, Flexible led screen, Traffic led signs, Variable Message Signs, Digital Signage Display, custom led display, stadium led display screen, Retail Digital Signage, LED card, Perimeter led display, LED Display for events, outdoor rental led screen, Stage LED Screen, LED screen floor, Outdoor LED Modules, LED screen panel, LED display panel, led panel screen indoor, P10 DIP LED MODULE, Flexible LED Panel, LED Wall panel, cob LED screen, transparent led screen manufacturer, LED Mesh screen, Transparent LED Display Screen, Flexible led video wall, passenger information display, LED Bus Destination Display boards, LED Pharmacy cross, LED Poster, advertising led screen, round led screen, LED Billboard manufacturer, LED perimeter, Retail led display, rental led screen, rental led wall, P2.5 Outdoor LED Module, p3 outdoor led module, p4 led module, P4 led panel, p5 led panel, outdoor led video wall, bus display board, Stage Screen, rgb led modules, outdoor led screen panel, p10 led module, p5 outdoor led module, P3 LED panel, p2.5 led module, P10 LED panles, customizable led display, Led video panels, p6 outdoor led display, flexible led wall, LED Road Sign, Radar Speed Signs, led p10 display, led wall p4, p10 rgb led display, led video wall manufacturers, led video wall rental, P2 LED PANEL, P3 LED module, P1.25 LED MODULE, circle led screen\",\"potentialAction\":[{\"@type\":\"SearchAction\",\"target\":{\"@type\":\"EntryPoint\",\"urlTemplate\":\"https:\\\/\\\/cob-leddisplay.com\\\/?s={search_term_string}\"},\"query-input\":{\"@type\":\"PropertyValueSpecification\",\"valueRequired\":true,\"valueName\":\"search_term_string\"}}],\"inLanguage\":\"fr-FR\"}]}<\/script>\n<!-- \/ Yoast SEO plugin. -->","yoast_head_json":{"title":"Panneau d&#039;affichage LED","description":"Panneau d&#039;affichage LED P1.86\u00a0: r\u00e9volutionner l&#039;affichage visuel avec une pr\u00e9cision et une clart\u00e9 in\u00e9gal\u00e9es. Dans un paysage technologique d&#039;affichage en constante \u00e9volution, le panneau d&#039;affichage LED P1.86 r\u00e9volutionne l&#039;exp\u00e9rience visuelle, \u00e9tablissant de nouvelles r\u00e9f\u00e9rences d&#039;excellence et red\u00e9finissant les standards. Ce panneau d&#039;affichage LED de pointe repr\u00e9sente le summum de l&#039;ing\u00e9nierie et de l&#039;innovation, m\u00e9ticuleusement con\u00e7u pour offrir un niveau de d\u00e9tail et de nettet\u00e9 exceptionnel. Avec un pas de pixel de 1,86\u00a0mm, il offre des images et des vid\u00e9os d&#039;une clart\u00e9 \u00e9tonnante, garantissant que chaque nuance est captur\u00e9e avec la plus grande pr\u00e9cision.","robots":{"index":"index","follow":"follow","max-snippet":"max-snippet:-1","max-image-preview":"max-image-preview:large","max-video-preview":"max-video-preview:-1"},"canonical":"https:\/\/cob-leddisplay.com\/fr\/panneau-daffichage-a-led\/","og_locale":"fr_FR","og_type":"article","og_title":"LED display Panel","og_description":"The P1.86 LED display Panel: Revolutionizing Visual Displays with Unparalleled Precision and ClarityIn the ever-evolving landscape of display technology, the P1.86 LED display Panel emerges as a game-changer, setting new benchmarks for excellence and redefining the standards of visual experiences.This cutting-edge LED display Panel represents the pinnacle of engineering and innovation, meticulously crafted to offer an exceptional level of detail and sharpness. With a pixel pitch of 1.86mm, it delivers images and videos with astonishing clarity, ensuring that every nuance and shade is captured with utmost accuracy.","og_url":"https:\/\/cob-leddisplay.com\/fr\/panneau-daffichage-a-led\/","og_site_name":"Top Shine LED Display Screen","article_modified_time":"2025-05-14T11:31:52+00:00","twitter_card":"summary_large_image","schema":{"@context":"https:\/\/schema.org","@graph":[{"@type":"WebPage","@id":"https:\/\/cob-leddisplay.com\/led-display-panel\/","url":"https:\/\/cob-leddisplay.com\/led-display-panel\/","name":"Panneau d&#039;affichage LED","isPartOf":{"@id":"https:\/\/cob-leddisplay.com\/#website"},"datePublished":"2024-07-18T11:04:52+00:00","dateModified":"2025-05-14T11:31:52+00:00","description":"Panneau d&#039;affichage LED P1.86\u00a0: r\u00e9volutionner l&#039;affichage visuel avec une pr\u00e9cision et une clart\u00e9 in\u00e9gal\u00e9es. Dans un paysage technologique d&#039;affichage en constante \u00e9volution, le panneau d&#039;affichage LED P1.86 r\u00e9volutionne l&#039;exp\u00e9rience visuelle, \u00e9tablissant de nouvelles r\u00e9f\u00e9rences d&#039;excellence et red\u00e9finissant les standards. Ce panneau d&#039;affichage LED de pointe repr\u00e9sente le summum de l&#039;ing\u00e9nierie et de l&#039;innovation, m\u00e9ticuleusement con\u00e7u pour offrir un niveau de d\u00e9tail et de nettet\u00e9 exceptionnel. Avec un pas de pixel de 1,86\u00a0mm, il offre des images et des vid\u00e9os d&#039;une clart\u00e9 \u00e9tonnante, garantissant que chaque nuance est captur\u00e9e avec la plus grande pr\u00e9cision.","breadcrumb":{"@id":"https:\/\/cob-leddisplay.com\/led-display-panel\/#breadcrumb"},"inLanguage":"fr-FR","potentialAction":[{"@type":"ReadAction","target":["https:\/\/cob-leddisplay.com\/led-display-panel\/"]}]},{"@type":"BreadcrumbList","@id":"https:\/\/cob-leddisplay.com\/led-display-panel\/#breadcrumb","itemListElement":[{"@type":"ListItem","position":1,"name":"Home","item":"https:\/\/cob-leddisplay.com\/"},{"@type":"ListItem","position":2,"name":"LED Display Module","item":"https:\/\/cob-leddisplay.com\/led-display-module\/"},{"@type":"ListItem","position":3,"name":"Indoor LED Panels","item":"https:\/\/cob-leddisplay.com\/indoor-led-panels\/"},{"@type":"ListItem","position":4,"name":"LED display panel"}]},{"@type":"WebSite","@id":"https:\/\/cob-leddisplay.com\/#website","url":"https:\/\/cob-leddisplay.com\/","name":"Location d&#039;\u00e9crans LED COB, fabricant de murs vid\u00e9o LED 3D","description":"Fabricant d&#039;\u00e9crans LED, Panneau d&#039;affichage LED, Mur vid\u00e9o LED, \u00c9cran LED flexible, Panneaux de signalisation LED, Panneaux \u00e0 messages variables, Affichage num\u00e9rique, \u00c9cran LED personnalis\u00e9, \u00c9cran LED pour stade, Affichage num\u00e9rique pour commerce de d\u00e9tail, Carte LED, \u00c9cran LED de p\u00e9rim\u00e8tre, \u00c9cran LED pour \u00e9v\u00e9nements, \u00c9cran LED de location ext\u00e9rieur, \u00c9cran LED de sc\u00e8ne, \u00c9cran LED de sol, Modules LED ext\u00e9rieurs, Panneau d&#039;\u00e9cran LED, Panneau d&#039;affichage LED, \u00c9cran LED int\u00e9rieur, MODULE LED DIP P10, Panneau LED flexible, Panneau mural LED, \u00c9cran LED COB, Fabricant d&#039;\u00e9cran LED transparent, \u00c9cran LED en maille, \u00c9cran LED transparent, Mur vid\u00e9o LED flexible, Affichage d&#039;informations passagers, Panneaux d&#039;affichage LED de destination de bus, Croix de pharmacie LED, Affiche LED, \u00c9cran LED publicitaire, \u00c9cran LED rond, Fabricant de panneaux d&#039;affichage LED, P\u00e9rim\u00e8tre LED, Affichage LED de vente au d\u00e9tail, \u00c9cran LED de location, Mur LED de location, Module LED ext\u00e9rieur P2.5, Module LED ext\u00e9rieur P3, Module LED P4, Panneau LED P4, Panneau LED P5, Mur vid\u00e9o LED ext\u00e9rieur, Panneau d&#039;affichage pour bus, \u00c9cran de sc\u00e8ne, Modules LED RVB, Panneau d&#039;\u00e9cran LED ext\u00e9rieur, Module LED P10, Module LED ext\u00e9rieur P5, LED P3 Panneau, module LED P2.5, panneaux LED P10, \u00e9cran LED personnalisable, panneaux vid\u00e9o LED, \u00e9cran LED ext\u00e9rieur P6, mur LED flexible, panneau de signalisation LED, radars de vitesse, \u00e9cran LED P10, mur LED P4, \u00e9cran LED RVB P10, fabricants de murs vid\u00e9o LED, location de murs vid\u00e9o LED, panneau LED P2, module LED P3, module LED P1.25, \u00e9cran LED circulaire","potentialAction":[{"@type":"SearchAction","target":{"@type":"EntryPoint","urlTemplate":"https:\/\/cob-leddisplay.com\/?s={search_term_string}"},"query-input":{"@type":"PropertyValueSpecification","valueRequired":true,"valueName":"search_term_string"}}],"inLanguage":"fr-FR"}]}},"_links":{"self":[{"href":"https:\/\/cob-leddisplay.com\/fr\/wp-json\/wp\/v2\/pages\/13986","targetHints":{"allow":["GET"]}}],"collection":[{"href":"https:\/\/cob-leddisplay.com\/fr\/wp-json\/wp\/v2\/pages"}],"about":[{"href":"https:\/\/cob-leddisplay.com\/fr\/wp-json\/wp\/v2\/types\/page"}],"author":[{"embeddable":true,"href":"https:\/\/cob-leddisplay.com\/fr\/wp-json\/wp\/v2\/users\/1"}],"replies":[{"embeddable":true,"href":"https:\/\/cob-leddisplay.com\/fr\/wp-json\/wp\/v2\/comments?post=13986"}],"version-history":[{"count":0,"href":"https:\/\/cob-leddisplay.com\/fr\/wp-json\/wp\/v2\/pages\/13986\/revisions"}],"up":[{"embeddable":true,"href":"https:\/\/cob-leddisplay.com\/fr\/wp-json\/wp\/v2\/pages\/13273"}],"wp:attachment":[{"href":"https:\/\/cob-leddisplay.com\/fr\/wp-json\/wp\/v2\/media?parent=13986"}],"curies":[{"name":"wp","href":"https:\/\/api.w.org\/{rel}","templated":true}]}}