{"id":13953,"date":"2024-07-17T12:14:04","date_gmt":"2024-07-17T12:14:04","guid":{"rendered":"https:\/\/cob-leddisplay.com\/?page_id=13953"},"modified":"2025-04-19T05:43:35","modified_gmt":"2025-04-19T05:43:35","slug":"p2-5-outdoor-led-module-3","status":"publish","type":"page","link":"https:\/\/cob-leddisplay.com\/fr\/module-led-exterieur-p2-5\/","title":{"rendered":"Module LED ext\u00e9rieur P2.5"},"content":{"rendered":"","protected":false},"excerpt":{"rendered":"","protected":false},"author":1,"featured_media":0,"parent":13211,"menu_order":0,"comment_status":"closed","ping_status":"closed","template":"product-category3.php","meta":{"_acf_changed":false,"site-sidebar-layout":"no-sidebar","site-content-layout":"page-builder","ast-site-content-layout":"full-width-container","site-content-style":"unboxed","site-sidebar-style":"unboxed","ast-global-header-display":"","ast-banner-title-visibility":"","ast-main-header-display":"","ast-hfb-above-header-display":"","ast-hfb-below-header-display":"","ast-hfb-mobile-header-display":"","site-post-title":"disabled","ast-breadcrumbs-content":"disabled","ast-featured-img":"disabled","footer-sml-layout":"","ast-disable-related-posts":"","theme-transparent-header-meta":"default","adv-header-id-meta":"","stick-header-meta":"default","header-above-stick-meta":"","header-main-stick-meta":"","header-below-stick-meta":"","astra-migrate-meta-layouts":"set","ast-page-background-enabled":"default","ast-page-background-meta":{"desktop":{"background-color":"","background-image":"","background-repeat":"repeat","background-position":"center center","background-size":"auto","background-attachment":"scroll","background-type":"","background-media":"","overlay-type":"","overlay-color":"","overlay-opacity":"","overlay-gradient":""},"tablet":{"background-color":"","background-image":"","background-repeat":"repeat","background-position":"center center","background-size":"auto","background-attachment":"scroll","background-type":"","background-media":"","overlay-type":"","overlay-color":"","overlay-opacity":"","overlay-gradient":""},"mobile":{"background-color":"","background-image":"","background-repeat":"repeat","background-position":"center center","background-size":"auto","background-attachment":"scroll","background-type":"","background-media":"","overlay-type":"","overlay-color":"","overlay-opacity":"","overlay-gradient":""}},"ast-content-background-meta":{"desktop":{"background-color":"var(--ast-global-color-5)","background-image":"","background-repeat":"repeat","background-position":"center center","background-size":"auto","background-attachment":"scroll","background-type":"","background-media":"","overlay-type":"","overlay-color":"","overlay-opacity":"","overlay-gradient":""},"tablet":{"background-color":"var(--ast-global-color-5)","background-image":"","background-repeat":"repeat","background-position":"center center","background-size":"auto","background-attachment":"scroll","background-type":"","background-media":"","overlay-type":"","overlay-color":"","overlay-opacity":"","overlay-gradient":""},"mobile":{"background-color":"var(--ast-global-color-5)","background-image":"","background-repeat":"repeat","background-position":"center center","background-size":"auto","background-attachment":"scroll","background-type":"","background-media":"","overlay-type":"","overlay-color":"","overlay-opacity":"","overlay-gradient":""}},"footnotes":""},"class_list":["post-13953","page","type-page","status-publish","hentry"],"acf":[],"yoast_head":"<!-- This site is optimized with the Yoast SEO plugin v27.3 - https:\/\/yoast.com\/product\/yoast-seo-wordpress\/ -->\n<title>P2.5 Outdoor LED Module<\/title>\n<meta name=\"description\" content=\"TOPSHINELED: P2.5 outdoor LED module boasts an IP65 waterproof rating and robust structural design, ensuring stable operation and long service life in harsh conditions. Whether it&#039;s a stormy day or a dust-filled environment, our product provides a solid safeguard for your outdoor signs. In addition to superior visual display and weather resistance, our P2.5 outdoor LED module is equipped with high-performance LED chips. These chips not only exhibit excellent color reproduction and consistency, delivering vivid and realistic images and videos, but also have low power consumption and superior heat dissipation. This not only means more environmentally friendly energy consumption but also improves the product&#039;s reliability and service life, giving you peace of mind.\" \/>\n<meta name=\"robots\" content=\"index, follow, max-snippet:-1, max-image-preview:large, max-video-preview:-1\" \/>\n<link rel=\"canonical\" href=\"https:\/\/cob-leddisplay.com\/fr\/module-led-exterieur-p2-5\/\" \/>\n<meta property=\"og:locale\" content=\"fr_FR\" \/>\n<meta property=\"og:type\" content=\"article\" \/>\n<meta property=\"og:title\" content=\"P2.5 Outdoor LED Module\" \/>\n<meta property=\"og:description\" content=\"TOPSHINELED: P2.5 outdoor LED module boasts an IP65 waterproof rating and robust structural design, ensuring stable operation and long service life in harsh conditions. Whether it&#039;s a stormy day or a dust-filled environment, our product provides a solid safeguard for your outdoor signs. In addition to superior visual display and weather resistance, our P2.5 outdoor LED module is equipped with high-performance LED chips. These chips not only exhibit excellent color reproduction and consistency, delivering vivid and realistic images and videos, but also have low power consumption and superior heat dissipation. This not only means more environmentally friendly energy consumption but also improves the product&#039;s reliability and service life, giving you peace of mind.\" \/>\n<meta property=\"og:url\" content=\"https:\/\/cob-leddisplay.com\/fr\/module-led-exterieur-p2-5\/\" \/>\n<meta property=\"og:site_name\" content=\"Top Shine LED Display Screen\" \/>\n<meta property=\"article:modified_time\" content=\"2025-04-19T05:43:35+00:00\" \/>\n<meta name=\"twitter:card\" content=\"summary_large_image\" \/>\n<script type=\"application\/ld+json\" class=\"yoast-schema-graph\">{\"@context\":\"https:\\\/\\\/schema.org\",\"@graph\":[{\"@type\":\"WebPage\",\"@id\":\"https:\\\/\\\/cob-leddisplay.com\\\/p2.5-outdoor-led-module\\\/\",\"url\":\"https:\\\/\\\/cob-leddisplay.com\\\/p2.5-outdoor-led-module\\\/\",\"name\":\"P2.5 Outdoor LED Module\",\"isPartOf\":{\"@id\":\"https:\\\/\\\/cob-leddisplay.com\\\/#website\"},\"datePublished\":\"2024-07-17T12:14:04+00:00\",\"dateModified\":\"2025-04-19T05:43:35+00:00\",\"description\":\"TOPSHINELED: P2.5 outdoor LED module boasts an IP65 waterproof rating and robust structural design, ensuring stable operation and long service life in harsh conditions. Whether it's a stormy day or a dust-filled environment, our product provides a solid safeguard for your outdoor signs. In addition to superior visual display and weather resistance, our P2.5 outdoor LED module is equipped with high-performance LED chips. These chips not only exhibit excellent color reproduction and consistency, delivering vivid and realistic images and videos, but also have low power consumption and superior heat dissipation. This not only means more environmentally friendly energy consumption but also improves the product's reliability and service life, giving you peace of mind.\",\"breadcrumb\":{\"@id\":\"https:\\\/\\\/cob-leddisplay.com\\\/p2.5-outdoor-led-module\\\/#breadcrumb\"},\"inLanguage\":\"fr-FR\",\"potentialAction\":[{\"@type\":\"ReadAction\",\"target\":[\"https:\\\/\\\/cob-leddisplay.com\\\/p2.5-outdoor-led-module\\\/\"]}]},{\"@type\":\"BreadcrumbList\",\"@id\":\"https:\\\/\\\/cob-leddisplay.com\\\/p2.5-outdoor-led-module\\\/#breadcrumb\",\"itemListElement\":[{\"@type\":\"ListItem\",\"position\":1,\"name\":\"Home\",\"item\":\"https:\\\/\\\/cob-leddisplay.com\\\/\"},{\"@type\":\"ListItem\",\"position\":2,\"name\":\"LED Display Module\",\"item\":\"https:\\\/\\\/cob-leddisplay.com\\\/led-display-module\\\/\"},{\"@type\":\"ListItem\",\"position\":3,\"name\":\"Outdoor LED Modules\",\"item\":\"https:\\\/\\\/cob-leddisplay.com\\\/outdoor-led-modules\\\/\"},{\"@type\":\"ListItem\",\"position\":4,\"name\":\"P2.5 Outdoor LED Module\"}]},{\"@type\":\"WebSite\",\"@id\":\"https:\\\/\\\/cob-leddisplay.com\\\/#website\",\"url\":\"https:\\\/\\\/cob-leddisplay.com\\\/\",\"name\":\"COB LED Display Screen Rental 3D LED Video Wall Manufacturer\",\"description\":\"LED Display Manufacturer, LED Display board, LED Video wall, Flexible led screen, Traffic led signs, Variable Message Signs, Digital Signage Display, custom led display, stadium led display screen, Retail Digital Signage, LED card, Perimeter led display, LED Display for events, outdoor rental led screen, Stage LED Screen, LED screen floor, Outdoor LED Modules, LED screen panel, LED display panel, led panel screen indoor, P10 DIP LED MODULE, Flexible LED Panel, LED Wall panel, cob LED screen, transparent led screen manufacturer, LED Mesh screen, Transparent LED Display Screen, Flexible led video wall, passenger information display, LED Bus Destination Display boards, LED Pharmacy cross, LED Poster, advertising led screen, round led screen, LED Billboard manufacturer, LED perimeter, Retail led display, rental led screen, rental led wall, P2.5 Outdoor LED Module, p3 outdoor led module, p4 led module, P4 led panel, p5 led panel, outdoor led video wall, bus display board, Stage Screen, rgb led modules, outdoor led screen panel, p10 led module, p5 outdoor led module, P3 LED panel, p2.5 led module, P10 LED panles, customizable led display, Led video panels, p6 outdoor led display, flexible led wall, LED Road Sign, Radar Speed Signs, led p10 display, led wall p4, p10 rgb led display, led video wall manufacturers, led video wall rental, P2 LED PANEL, P3 LED module, P1.25 LED MODULE, circle led screen\",\"potentialAction\":[{\"@type\":\"SearchAction\",\"target\":{\"@type\":\"EntryPoint\",\"urlTemplate\":\"https:\\\/\\\/cob-leddisplay.com\\\/?s={search_term_string}\"},\"query-input\":{\"@type\":\"PropertyValueSpecification\",\"valueRequired\":true,\"valueName\":\"search_term_string\"}}],\"inLanguage\":\"fr-FR\"}]}<\/script>\n<!-- \/ Yoast SEO plugin. -->","yoast_head_json":{"title":"Module LED ext\u00e9rieur P2.5","description":"TOPSHINELED : Le module LED ext\u00e9rieur P2.5 b\u00e9n\u00e9ficie d&#039;un indice d&#039;\u00e9tanch\u00e9it\u00e9 IP65 et d&#039;une structure robuste, garantissant un fonctionnement stable et une longue dur\u00e9e de vie dans des conditions difficiles. Qu&#039;il s&#039;agisse d&#039;un jour de temp\u00eate ou d&#039;un environnement poussi\u00e9reux, notre produit offre une protection solide \u00e0 vos enseignes ext\u00e9rieures. Outre un affichage visuel sup\u00e9rieur et une r\u00e9sistance aux intemp\u00e9ries, notre module LED ext\u00e9rieur P2.5 est \u00e9quip\u00e9 de puces LED hautes performances. Ces puces offrent non seulement une excellente reproduction et une grande homog\u00e9n\u00e9it\u00e9 des couleurs, offrant des images et des vid\u00e9os \u00e9clatantes et r\u00e9alistes, mais aussi une faible consommation d&#039;\u00e9nergie et une excellente dissipation thermique. Cela permet non seulement une consommation d&#039;\u00e9nergie plus respectueuse de l&#039;environnement, mais aussi une fiabilit\u00e9 et une dur\u00e9e de vie accrues, pour une tranquillit\u00e9 d&#039;esprit optimale.","robots":{"index":"index","follow":"follow","max-snippet":"max-snippet:-1","max-image-preview":"max-image-preview:large","max-video-preview":"max-video-preview:-1"},"canonical":"https:\/\/cob-leddisplay.com\/fr\/module-led-exterieur-p2-5\/","og_locale":"fr_FR","og_type":"article","og_title":"P2.5 Outdoor LED Module","og_description":"TOPSHINELED: P2.5 outdoor LED module boasts an IP65 waterproof rating and robust structural design, ensuring stable operation and long service life in harsh conditions. Whether it's a stormy day or a dust-filled environment, our product provides a solid safeguard for your outdoor signs. In addition to superior visual display and weather resistance, our P2.5 outdoor LED module is equipped with high-performance LED chips. These chips not only exhibit excellent color reproduction and consistency, delivering vivid and realistic images and videos, but also have low power consumption and superior heat dissipation. This not only means more environmentally friendly energy consumption but also improves the product's reliability and service life, giving you peace of mind.","og_url":"https:\/\/cob-leddisplay.com\/fr\/module-led-exterieur-p2-5\/","og_site_name":"Top Shine LED Display Screen","article_modified_time":"2025-04-19T05:43:35+00:00","twitter_card":"summary_large_image","schema":{"@context":"https:\/\/schema.org","@graph":[{"@type":"WebPage","@id":"https:\/\/cob-leddisplay.com\/p2.5-outdoor-led-module\/","url":"https:\/\/cob-leddisplay.com\/p2.5-outdoor-led-module\/","name":"Module LED ext\u00e9rieur P2.5","isPartOf":{"@id":"https:\/\/cob-leddisplay.com\/#website"},"datePublished":"2024-07-17T12:14:04+00:00","dateModified":"2025-04-19T05:43:35+00:00","description":"TOPSHINELED : Le module LED ext\u00e9rieur P2.5 b\u00e9n\u00e9ficie d&#039;un indice d&#039;\u00e9tanch\u00e9it\u00e9 IP65 et d&#039;une structure robuste, garantissant un fonctionnement stable et une longue dur\u00e9e de vie dans des conditions difficiles. Qu&#039;il s&#039;agisse d&#039;un jour de temp\u00eate ou d&#039;un environnement poussi\u00e9reux, notre produit offre une protection solide \u00e0 vos enseignes ext\u00e9rieures. Outre un affichage visuel sup\u00e9rieur et une r\u00e9sistance aux intemp\u00e9ries, notre module LED ext\u00e9rieur P2.5 est \u00e9quip\u00e9 de puces LED hautes performances. Ces puces offrent non seulement une excellente reproduction et une grande homog\u00e9n\u00e9it\u00e9 des couleurs, offrant des images et des vid\u00e9os \u00e9clatantes et r\u00e9alistes, mais aussi une faible consommation d&#039;\u00e9nergie et une excellente dissipation thermique. Cela permet non seulement une consommation d&#039;\u00e9nergie plus respectueuse de l&#039;environnement, mais aussi une fiabilit\u00e9 et une dur\u00e9e de vie accrues, pour une tranquillit\u00e9 d&#039;esprit optimale.","breadcrumb":{"@id":"https:\/\/cob-leddisplay.com\/p2.5-outdoor-led-module\/#breadcrumb"},"inLanguage":"fr-FR","potentialAction":[{"@type":"ReadAction","target":["https:\/\/cob-leddisplay.com\/p2.5-outdoor-led-module\/"]}]},{"@type":"BreadcrumbList","@id":"https:\/\/cob-leddisplay.com\/p2.5-outdoor-led-module\/#breadcrumb","itemListElement":[{"@type":"ListItem","position":1,"name":"Home","item":"https:\/\/cob-leddisplay.com\/"},{"@type":"ListItem","position":2,"name":"LED Display Module","item":"https:\/\/cob-leddisplay.com\/led-display-module\/"},{"@type":"ListItem","position":3,"name":"Outdoor LED Modules","item":"https:\/\/cob-leddisplay.com\/outdoor-led-modules\/"},{"@type":"ListItem","position":4,"name":"P2.5 Outdoor LED Module"}]},{"@type":"WebSite","@id":"https:\/\/cob-leddisplay.com\/#website","url":"https:\/\/cob-leddisplay.com\/","name":"Location d&#039;\u00e9crans LED COB, fabricant de murs vid\u00e9o LED 3D","description":"Fabricant d&#039;\u00e9crans LED, Panneau d&#039;affichage LED, Mur vid\u00e9o LED, \u00c9cran LED flexible, Panneaux de signalisation LED, Panneaux \u00e0 messages variables, Affichage num\u00e9rique, \u00c9cran LED personnalis\u00e9, \u00c9cran LED pour stade, Affichage num\u00e9rique pour commerce de d\u00e9tail, Carte LED, \u00c9cran LED de p\u00e9rim\u00e8tre, \u00c9cran LED pour \u00e9v\u00e9nements, \u00c9cran LED de location ext\u00e9rieur, \u00c9cran LED de sc\u00e8ne, \u00c9cran LED de sol, Modules LED ext\u00e9rieurs, Panneau d&#039;\u00e9cran LED, Panneau d&#039;affichage LED, \u00c9cran LED int\u00e9rieur, MODULE LED DIP P10, Panneau LED flexible, Panneau mural LED, \u00c9cran LED COB, Fabricant d&#039;\u00e9cran LED transparent, \u00c9cran LED en maille, \u00c9cran LED transparent, Mur vid\u00e9o LED flexible, Affichage d&#039;informations passagers, Panneaux d&#039;affichage LED de destination de bus, Croix de pharmacie LED, Affiche LED, \u00c9cran LED publicitaire, \u00c9cran LED rond, Fabricant de panneaux d&#039;affichage LED, P\u00e9rim\u00e8tre LED, Affichage LED de vente au d\u00e9tail, \u00c9cran LED de location, Mur LED de location, Module LED ext\u00e9rieur P2.5, Module LED ext\u00e9rieur P3, Module LED P4, Panneau LED P4, Panneau LED P5, Mur vid\u00e9o LED ext\u00e9rieur, Panneau d&#039;affichage pour bus, \u00c9cran de sc\u00e8ne, Modules LED RVB, Panneau d&#039;\u00e9cran LED ext\u00e9rieur, Module LED P10, Module LED ext\u00e9rieur P5, LED P3 Panneau, module LED P2.5, panneaux LED P10, \u00e9cran LED personnalisable, panneaux vid\u00e9o LED, \u00e9cran LED ext\u00e9rieur P6, mur LED flexible, panneau de signalisation LED, radars de vitesse, \u00e9cran LED P10, mur LED P4, \u00e9cran LED RVB P10, fabricants de murs vid\u00e9o LED, location de murs vid\u00e9o LED, panneau LED P2, module LED P3, module LED P1.25, \u00e9cran LED circulaire","potentialAction":[{"@type":"SearchAction","target":{"@type":"EntryPoint","urlTemplate":"https:\/\/cob-leddisplay.com\/?s={search_term_string}"},"query-input":{"@type":"PropertyValueSpecification","valueRequired":true,"valueName":"search_term_string"}}],"inLanguage":"fr-FR"}]}},"_links":{"self":[{"href":"https:\/\/cob-leddisplay.com\/fr\/wp-json\/wp\/v2\/pages\/13953","targetHints":{"allow":["GET"]}}],"collection":[{"href":"https:\/\/cob-leddisplay.com\/fr\/wp-json\/wp\/v2\/pages"}],"about":[{"href":"https:\/\/cob-leddisplay.com\/fr\/wp-json\/wp\/v2\/types\/page"}],"author":[{"embeddable":true,"href":"https:\/\/cob-leddisplay.com\/fr\/wp-json\/wp\/v2\/users\/1"}],"replies":[{"embeddable":true,"href":"https:\/\/cob-leddisplay.com\/fr\/wp-json\/wp\/v2\/comments?post=13953"}],"version-history":[{"count":0,"href":"https:\/\/cob-leddisplay.com\/fr\/wp-json\/wp\/v2\/pages\/13953\/revisions"}],"up":[{"embeddable":true,"href":"https:\/\/cob-leddisplay.com\/fr\/wp-json\/wp\/v2\/pages\/13211"}],"wp:attachment":[{"href":"https:\/\/cob-leddisplay.com\/fr\/wp-json\/wp\/v2\/media?parent=13953"}],"curies":[{"name":"wp","href":"https:\/\/api.w.org\/{rel}","templated":true}]}}