{"id":13899,"date":"2024-07-17T05:15:31","date_gmt":"2024-07-17T05:15:31","guid":{"rendered":"https:\/\/cob-leddisplay.com\/?page_id=13899"},"modified":"2025-04-19T05:43:59","modified_gmt":"2025-04-19T05:43:59","slug":"p3-outdoor-led-module-3","status":"publish","type":"page","link":"https:\/\/cob-leddisplay.com\/fr\/module-led-exterieur-p3\/","title":{"rendered":"Module LED ext\u00e9rieur P3"},"content":{"rendered":"","protected":false},"excerpt":{"rendered":"","protected":false},"author":1,"featured_media":0,"parent":13211,"menu_order":0,"comment_status":"closed","ping_status":"closed","template":"product-category3.php","meta":{"_acf_changed":false,"site-sidebar-layout":"no-sidebar","site-content-layout":"page-builder","ast-site-content-layout":"full-width-container","site-content-style":"unboxed","site-sidebar-style":"unboxed","ast-global-header-display":"","ast-banner-title-visibility":"","ast-main-header-display":"","ast-hfb-above-header-display":"","ast-hfb-below-header-display":"","ast-hfb-mobile-header-display":"","site-post-title":"disabled","ast-breadcrumbs-content":"disabled","ast-featured-img":"disabled","footer-sml-layout":"","ast-disable-related-posts":"","theme-transparent-header-meta":"default","adv-header-id-meta":"","stick-header-meta":"default","header-above-stick-meta":"","header-main-stick-meta":"","header-below-stick-meta":"","astra-migrate-meta-layouts":"set","ast-page-background-enabled":"default","ast-page-background-meta":{"desktop":{"background-color":"","background-image":"","background-repeat":"repeat","background-position":"center center","background-size":"auto","background-attachment":"scroll","background-type":"","background-media":"","overlay-type":"","overlay-color":"","overlay-opacity":"","overlay-gradient":""},"tablet":{"background-color":"","background-image":"","background-repeat":"repeat","background-position":"center center","background-size":"auto","background-attachment":"scroll","background-type":"","background-media":"","overlay-type":"","overlay-color":"","overlay-opacity":"","overlay-gradient":""},"mobile":{"background-color":"","background-image":"","background-repeat":"repeat","background-position":"center center","background-size":"auto","background-attachment":"scroll","background-type":"","background-media":"","overlay-type":"","overlay-color":"","overlay-opacity":"","overlay-gradient":""}},"ast-content-background-meta":{"desktop":{"background-color":"var(--ast-global-color-5)","background-image":"","background-repeat":"repeat","background-position":"center center","background-size":"auto","background-attachment":"scroll","background-type":"","background-media":"","overlay-type":"","overlay-color":"","overlay-opacity":"","overlay-gradient":""},"tablet":{"background-color":"var(--ast-global-color-5)","background-image":"","background-repeat":"repeat","background-position":"center center","background-size":"auto","background-attachment":"scroll","background-type":"","background-media":"","overlay-type":"","overlay-color":"","overlay-opacity":"","overlay-gradient":""},"mobile":{"background-color":"var(--ast-global-color-5)","background-image":"","background-repeat":"repeat","background-position":"center center","background-size":"auto","background-attachment":"scroll","background-type":"","background-media":"","overlay-type":"","overlay-color":"","overlay-opacity":"","overlay-gradient":""}},"footnotes":""},"class_list":["post-13899","page","type-page","status-publish","hentry"],"acf":[],"yoast_head":"<!-- This site is optimized with the Yoast SEO plugin v27.4 - https:\/\/yoast.com\/product\/yoast-seo-wordpress\/ -->\n<title>P3 Outdoor LED Module<\/title>\n<meta name=\"description\" content=\"TOPSHINELED: Its IP65 rating guarantees robust protection against dust and water ingress, making it a perfect fit for the most rigorous outdoor settings. Moreover, its sturdy construction and quality materials ensure long-lasting performance, meaning you can count on it to deliver consistently without the need for frequent maintenance.Performance-wise, the P3 Outdoor LED Module shines brightly. Its exceptional brightness and color rendering capabilities bring images to life, ensuring that every detail is captured perfectly. The p3 LED module has high color uniformity ensures that you get a consistent visual performance across the entire display area, with no compromise on quality. Additionally, its low power consumption and high energy efficiency are a boon for your business, helping to reduce energy costs and supporting sustainability.\" \/>\n<meta name=\"robots\" content=\"index, follow, max-snippet:-1, max-image-preview:large, max-video-preview:-1\" \/>\n<link rel=\"canonical\" href=\"https:\/\/cob-leddisplay.com\/fr\/module-led-exterieur-p3\/\" \/>\n<meta property=\"og:locale\" content=\"fr_FR\" \/>\n<meta property=\"og:type\" content=\"article\" \/>\n<meta property=\"og:title\" content=\"P3 Outdoor LED Module\" \/>\n<meta property=\"og:description\" content=\"TOPSHINELED: Its IP65 rating guarantees robust protection against dust and water ingress, making it a perfect fit for the most rigorous outdoor settings. Moreover, its sturdy construction and quality materials ensure long-lasting performance, meaning you can count on it to deliver consistently without the need for frequent maintenance.Performance-wise, the P3 Outdoor LED Module shines brightly. Its exceptional brightness and color rendering capabilities bring images to life, ensuring that every detail is captured perfectly. The p3 LED module has high color uniformity ensures that you get a consistent visual performance across the entire display area, with no compromise on quality. Additionally, its low power consumption and high energy efficiency are a boon for your business, helping to reduce energy costs and supporting sustainability.\" \/>\n<meta property=\"og:url\" content=\"https:\/\/cob-leddisplay.com\/fr\/module-led-exterieur-p3\/\" \/>\n<meta property=\"og:site_name\" content=\"Top Shine LED Display Screen\" \/>\n<meta property=\"article:modified_time\" content=\"2025-04-19T05:43:59+00:00\" \/>\n<meta name=\"twitter:card\" content=\"summary_large_image\" \/>\n<script type=\"application\/ld+json\" class=\"yoast-schema-graph\">{\"@context\":\"https:\\\/\\\/schema.org\",\"@graph\":[{\"@type\":\"WebPage\",\"@id\":\"https:\\\/\\\/cob-leddisplay.com\\\/p3-outdoor-led-module\\\/\",\"url\":\"https:\\\/\\\/cob-leddisplay.com\\\/p3-outdoor-led-module\\\/\",\"name\":\"P3 Outdoor LED Module\",\"isPartOf\":{\"@id\":\"https:\\\/\\\/cob-leddisplay.com\\\/#website\"},\"datePublished\":\"2024-07-17T05:15:31+00:00\",\"dateModified\":\"2025-04-19T05:43:59+00:00\",\"description\":\"TOPSHINELED: Its IP65 rating guarantees robust protection against dust and water ingress, making it a perfect fit for the most rigorous outdoor settings. Moreover, its sturdy construction and quality materials ensure long-lasting performance, meaning you can count on it to deliver consistently without the need for frequent maintenance.Performance-wise, the P3 Outdoor LED Module shines brightly. Its exceptional brightness and color rendering capabilities bring images to life, ensuring that every detail is captured perfectly. The p3 LED module has high color uniformity ensures that you get a consistent visual performance across the entire display area, with no compromise on quality. Additionally, its low power consumption and high energy efficiency are a boon for your business, helping to reduce energy costs and supporting sustainability.\",\"breadcrumb\":{\"@id\":\"https:\\\/\\\/cob-leddisplay.com\\\/p3-outdoor-led-module\\\/#breadcrumb\"},\"inLanguage\":\"fr-FR\",\"potentialAction\":[{\"@type\":\"ReadAction\",\"target\":[\"https:\\\/\\\/cob-leddisplay.com\\\/p3-outdoor-led-module\\\/\"]}]},{\"@type\":\"BreadcrumbList\",\"@id\":\"https:\\\/\\\/cob-leddisplay.com\\\/p3-outdoor-led-module\\\/#breadcrumb\",\"itemListElement\":[{\"@type\":\"ListItem\",\"position\":1,\"name\":\"Home\",\"item\":\"https:\\\/\\\/cob-leddisplay.com\\\/\"},{\"@type\":\"ListItem\",\"position\":2,\"name\":\"LED Display Module\",\"item\":\"https:\\\/\\\/cob-leddisplay.com\\\/led-display-module\\\/\"},{\"@type\":\"ListItem\",\"position\":3,\"name\":\"Outdoor LED Modules\",\"item\":\"https:\\\/\\\/cob-leddisplay.com\\\/outdoor-led-modules\\\/\"},{\"@type\":\"ListItem\",\"position\":4,\"name\":\"P3 Outdoor LED Module\"}]},{\"@type\":\"WebSite\",\"@id\":\"https:\\\/\\\/cob-leddisplay.com\\\/#website\",\"url\":\"https:\\\/\\\/cob-leddisplay.com\\\/\",\"name\":\"COB LED Display Screen Rental 3D LED Video Wall Manufacturer\",\"description\":\"LED Display Manufacturer, LED Display board, LED Video wall, Flexible led screen, Traffic led signs, Variable Message Signs, Digital Signage Display, custom led display, stadium led display screen, Retail Digital Signage, LED card, Perimeter led display, LED Display for events, outdoor rental led screen, Stage LED Screen, LED screen floor, Outdoor LED Modules, LED screen panel, LED display panel, led panel screen indoor, P10 DIP LED MODULE, Flexible LED Panel, LED Wall panel, cob LED screen, transparent led screen manufacturer, LED Mesh screen, Transparent LED Display Screen, Flexible led video wall, passenger information display, LED Bus Destination Display boards, LED Pharmacy cross, LED Poster, advertising led screen, round led screen, LED Billboard manufacturer, LED perimeter, Retail led display, rental led screen, rental led wall, P2.5 Outdoor LED Module, p3 outdoor led module, p4 led module, P4 led panel, p5 led panel, outdoor led video wall, bus display board, Stage Screen, rgb led modules, outdoor led screen panel, p10 led module, p5 outdoor led module, P3 LED panel, p2.5 led module, P10 LED panles, customizable led display, Led video panels, p6 outdoor led display, flexible led wall, LED Road Sign, Radar Speed Signs, led p10 display, led wall p4, p10 rgb led display, led video wall manufacturers, led video wall rental, P2 LED PANEL, P3 LED module, P1.25 LED MODULE, circle led screen\",\"potentialAction\":[{\"@type\":\"SearchAction\",\"target\":{\"@type\":\"EntryPoint\",\"urlTemplate\":\"https:\\\/\\\/cob-leddisplay.com\\\/?s={search_term_string}\"},\"query-input\":{\"@type\":\"PropertyValueSpecification\",\"valueRequired\":true,\"valueName\":\"search_term_string\"}}],\"inLanguage\":\"fr-FR\"}]}<\/script>\n<!-- \/ Yoast SEO plugin. -->","yoast_head_json":{"title":"Module LED ext\u00e9rieur P3","description":"TOPSHINELED\u00a0: Son indice de protection IP65 garantit une protection robuste contre la poussi\u00e8re et l&#039;eau, ce qui en fait un produit id\u00e9al pour les environnements ext\u00e9rieurs les plus exigeants. De plus, sa construction robuste et ses mat\u00e9riaux de qualit\u00e9 garantissent des performances durables, vous garantissant une performance constante sans entretien fr\u00e9quent. C\u00f4t\u00e9 performances, le module LED ext\u00e9rieur P3 brille de mille feux. Sa luminosit\u00e9 et son rendu des couleurs exceptionnels donnent vie aux images, garantissant une capture parfaite de chaque d\u00e9tail. La grande uniformit\u00e9 des couleurs du module LED p3 garantit une performance visuelle constante sur toute la surface d&#039;affichage, sans compromis sur la qualit\u00e9. De plus, sa faible consommation d&#039;\u00e9nergie et son efficacit\u00e9 \u00e9nerg\u00e9tique \u00e9lev\u00e9e sont un atout pour votre entreprise, contribuant \u00e0 r\u00e9duire les co\u00fbts \u00e9nerg\u00e9tiques et \u00e0 favoriser le d\u00e9veloppement durable.","robots":{"index":"index","follow":"follow","max-snippet":"max-snippet:-1","max-image-preview":"max-image-preview:large","max-video-preview":"max-video-preview:-1"},"canonical":"https:\/\/cob-leddisplay.com\/fr\/module-led-exterieur-p3\/","og_locale":"fr_FR","og_type":"article","og_title":"P3 Outdoor LED Module","og_description":"TOPSHINELED: Its IP65 rating guarantees robust protection against dust and water ingress, making it a perfect fit for the most rigorous outdoor settings. Moreover, its sturdy construction and quality materials ensure long-lasting performance, meaning you can count on it to deliver consistently without the need for frequent maintenance.Performance-wise, the P3 Outdoor LED Module shines brightly. Its exceptional brightness and color rendering capabilities bring images to life, ensuring that every detail is captured perfectly. The p3 LED module has high color uniformity ensures that you get a consistent visual performance across the entire display area, with no compromise on quality. Additionally, its low power consumption and high energy efficiency are a boon for your business, helping to reduce energy costs and supporting sustainability.","og_url":"https:\/\/cob-leddisplay.com\/fr\/module-led-exterieur-p3\/","og_site_name":"Top Shine LED Display Screen","article_modified_time":"2025-04-19T05:43:59+00:00","twitter_card":"summary_large_image","schema":{"@context":"https:\/\/schema.org","@graph":[{"@type":"WebPage","@id":"https:\/\/cob-leddisplay.com\/p3-outdoor-led-module\/","url":"https:\/\/cob-leddisplay.com\/p3-outdoor-led-module\/","name":"Module LED ext\u00e9rieur P3","isPartOf":{"@id":"https:\/\/cob-leddisplay.com\/#website"},"datePublished":"2024-07-17T05:15:31+00:00","dateModified":"2025-04-19T05:43:59+00:00","description":"TOPSHINELED\u00a0: Son indice de protection IP65 garantit une protection robuste contre la poussi\u00e8re et l&#039;eau, ce qui en fait un produit id\u00e9al pour les environnements ext\u00e9rieurs les plus exigeants. De plus, sa construction robuste et ses mat\u00e9riaux de qualit\u00e9 garantissent des performances durables, vous garantissant une performance constante sans entretien fr\u00e9quent. C\u00f4t\u00e9 performances, le module LED ext\u00e9rieur P3 brille de mille feux. Sa luminosit\u00e9 et son rendu des couleurs exceptionnels donnent vie aux images, garantissant une capture parfaite de chaque d\u00e9tail. La grande uniformit\u00e9 des couleurs du module LED p3 garantit une performance visuelle constante sur toute la surface d&#039;affichage, sans compromis sur la qualit\u00e9. De plus, sa faible consommation d&#039;\u00e9nergie et son efficacit\u00e9 \u00e9nerg\u00e9tique \u00e9lev\u00e9e sont un atout pour votre entreprise, contribuant \u00e0 r\u00e9duire les co\u00fbts \u00e9nerg\u00e9tiques et \u00e0 favoriser le d\u00e9veloppement durable.","breadcrumb":{"@id":"https:\/\/cob-leddisplay.com\/p3-outdoor-led-module\/#breadcrumb"},"inLanguage":"fr-FR","potentialAction":[{"@type":"ReadAction","target":["https:\/\/cob-leddisplay.com\/p3-outdoor-led-module\/"]}]},{"@type":"BreadcrumbList","@id":"https:\/\/cob-leddisplay.com\/p3-outdoor-led-module\/#breadcrumb","itemListElement":[{"@type":"ListItem","position":1,"name":"Home","item":"https:\/\/cob-leddisplay.com\/"},{"@type":"ListItem","position":2,"name":"LED Display Module","item":"https:\/\/cob-leddisplay.com\/led-display-module\/"},{"@type":"ListItem","position":3,"name":"Outdoor LED Modules","item":"https:\/\/cob-leddisplay.com\/outdoor-led-modules\/"},{"@type":"ListItem","position":4,"name":"P3 Outdoor LED Module"}]},{"@type":"WebSite","@id":"https:\/\/cob-leddisplay.com\/#website","url":"https:\/\/cob-leddisplay.com\/","name":"Location d&#039;\u00e9crans LED COB, fabricant de murs vid\u00e9o LED 3D","description":"Fabricant d&#039;\u00e9crans LED, Panneau d&#039;affichage LED, Mur vid\u00e9o LED, \u00c9cran LED flexible, Panneaux de signalisation LED, Panneaux \u00e0 messages variables, Affichage num\u00e9rique, \u00c9cran LED personnalis\u00e9, \u00c9cran LED pour stade, Affichage num\u00e9rique pour commerce de d\u00e9tail, Carte LED, \u00c9cran LED de p\u00e9rim\u00e8tre, \u00c9cran LED pour \u00e9v\u00e9nements, \u00c9cran LED de location ext\u00e9rieur, \u00c9cran LED de sc\u00e8ne, \u00c9cran LED de sol, Modules LED ext\u00e9rieurs, Panneau d&#039;\u00e9cran LED, Panneau d&#039;affichage LED, \u00c9cran LED int\u00e9rieur, MODULE LED DIP P10, Panneau LED flexible, Panneau mural LED, \u00c9cran LED COB, Fabricant d&#039;\u00e9cran LED transparent, \u00c9cran LED en maille, \u00c9cran LED transparent, Mur vid\u00e9o LED flexible, Affichage d&#039;informations passagers, Panneaux d&#039;affichage LED de destination de bus, Croix de pharmacie LED, Affiche LED, \u00c9cran LED publicitaire, \u00c9cran LED rond, Fabricant de panneaux d&#039;affichage LED, P\u00e9rim\u00e8tre LED, Affichage LED de vente au d\u00e9tail, \u00c9cran LED de location, Mur LED de location, Module LED ext\u00e9rieur P2.5, Module LED ext\u00e9rieur P3, Module LED P4, Panneau LED P4, Panneau LED P5, Mur vid\u00e9o LED ext\u00e9rieur, Panneau d&#039;affichage pour bus, \u00c9cran de sc\u00e8ne, Modules LED RVB, Panneau d&#039;\u00e9cran LED ext\u00e9rieur, Module LED P10, Module LED ext\u00e9rieur P5, LED P3 Panneau, module LED P2.5, panneaux LED P10, \u00e9cran LED personnalisable, panneaux vid\u00e9o LED, \u00e9cran LED ext\u00e9rieur P6, mur LED flexible, panneau de signalisation LED, radars de vitesse, \u00e9cran LED P10, mur LED P4, \u00e9cran LED RVB P10, fabricants de murs vid\u00e9o LED, location de murs vid\u00e9o LED, panneau LED P2, module LED P3, module LED P1.25, \u00e9cran LED circulaire","potentialAction":[{"@type":"SearchAction","target":{"@type":"EntryPoint","urlTemplate":"https:\/\/cob-leddisplay.com\/?s={search_term_string}"},"query-input":{"@type":"PropertyValueSpecification","valueRequired":true,"valueName":"search_term_string"}}],"inLanguage":"fr-FR"}]}},"_links":{"self":[{"href":"https:\/\/cob-leddisplay.com\/fr\/wp-json\/wp\/v2\/pages\/13899","targetHints":{"allow":["GET"]}}],"collection":[{"href":"https:\/\/cob-leddisplay.com\/fr\/wp-json\/wp\/v2\/pages"}],"about":[{"href":"https:\/\/cob-leddisplay.com\/fr\/wp-json\/wp\/v2\/types\/page"}],"author":[{"embeddable":true,"href":"https:\/\/cob-leddisplay.com\/fr\/wp-json\/wp\/v2\/users\/1"}],"replies":[{"embeddable":true,"href":"https:\/\/cob-leddisplay.com\/fr\/wp-json\/wp\/v2\/comments?post=13899"}],"version-history":[{"count":0,"href":"https:\/\/cob-leddisplay.com\/fr\/wp-json\/wp\/v2\/pages\/13899\/revisions"}],"up":[{"embeddable":true,"href":"https:\/\/cob-leddisplay.com\/fr\/wp-json\/wp\/v2\/pages\/13211"}],"wp:attachment":[{"href":"https:\/\/cob-leddisplay.com\/fr\/wp-json\/wp\/v2\/media?parent=13899"}],"curies":[{"name":"wp","href":"https:\/\/api.w.org\/{rel}","templated":true}]}}