{"id":14042,"date":"2024-07-27T09:25:09","date_gmt":"2024-07-27T09:25:09","guid":{"rendered":"https:\/\/cob-leddisplay.com\/?page_id=14042"},"modified":"2025-05-14T11:31:36","modified_gmt":"2025-05-14T11:31:36","slug":"modulo-led-p16","status":"publish","type":"page","link":"https:\/\/cob-leddisplay.com\/es\/modulo-led-p16\/","title":{"rendered":"M\u00f3dulo LED P16"},"content":{"rendered":"","protected":false},"excerpt":{"rendered":"","protected":false},"author":1,"featured_media":0,"parent":13211,"menu_order":0,"comment_status":"closed","ping_status":"closed","template":"product-category3.php","meta":{"_acf_changed":false,"site-sidebar-layout":"no-sidebar","site-content-layout":"page-builder","ast-site-content-layout":"full-width-container","site-content-style":"unboxed","site-sidebar-style":"unboxed","ast-global-header-display":"","ast-banner-title-visibility":"","ast-main-header-display":"","ast-hfb-above-header-display":"","ast-hfb-below-header-display":"","ast-hfb-mobile-header-display":"","site-post-title":"disabled","ast-breadcrumbs-content":"disabled","ast-featured-img":"disabled","footer-sml-layout":"","ast-disable-related-posts":"","theme-transparent-header-meta":"default","adv-header-id-meta":"","stick-header-meta":"default","header-above-stick-meta":"","header-main-stick-meta":"","header-below-stick-meta":"","astra-migrate-meta-layouts":"set","ast-page-background-enabled":"default","ast-page-background-meta":{"desktop":{"background-color":"","background-image":"","background-repeat":"repeat","background-position":"center center","background-size":"auto","background-attachment":"scroll","background-type":"","background-media":"","overlay-type":"","overlay-color":"","overlay-opacity":"","overlay-gradient":""},"tablet":{"background-color":"","background-image":"","background-repeat":"repeat","background-position":"center center","background-size":"auto","background-attachment":"scroll","background-type":"","background-media":"","overlay-type":"","overlay-color":"","overlay-opacity":"","overlay-gradient":""},"mobile":{"background-color":"","background-image":"","background-repeat":"repeat","background-position":"center center","background-size":"auto","background-attachment":"scroll","background-type":"","background-media":"","overlay-type":"","overlay-color":"","overlay-opacity":"","overlay-gradient":""}},"ast-content-background-meta":{"desktop":{"background-color":"var(--ast-global-color-5)","background-image":"","background-repeat":"repeat","background-position":"center center","background-size":"auto","background-attachment":"scroll","background-type":"","background-media":"","overlay-type":"","overlay-color":"","overlay-opacity":"","overlay-gradient":""},"tablet":{"background-color":"var(--ast-global-color-5)","background-image":"","background-repeat":"repeat","background-position":"center center","background-size":"auto","background-attachment":"scroll","background-type":"","background-media":"","overlay-type":"","overlay-color":"","overlay-opacity":"","overlay-gradient":""},"mobile":{"background-color":"var(--ast-global-color-5)","background-image":"","background-repeat":"repeat","background-position":"center center","background-size":"auto","background-attachment":"scroll","background-type":"","background-media":"","overlay-type":"","overlay-color":"","overlay-opacity":"","overlay-gradient":""}},"footnotes":""},"class_list":["post-14042","page","type-page","status-publish","hentry"],"acf":[],"yoast_head":"<!-- This site is optimized with the Yoast SEO plugin v27.3 - https:\/\/yoast.com\/product\/yoast-seo-wordpress\/ -->\n<title>P16 LED Module Outdoor<\/title>\n<meta name=\"description\" content=\"P16 LED module uses a static constant current scanning method, excellent high brightness and high contrast ratio characteristics, and has become a shining star in many application scenarios.The high brightness performance of the P16 LED module is first of all due to its advanced 3535 large-size LED lamp bead technology and unique static constant current scanning method. These carefully selected lamp beads have high luminous efficiency and can release powerful light within a unit area, thus ensuring that the display can display clear and vivid images in various environments.Whether it is in a sunny outdoor square or a dark indoor place, the high brightness of the P16 module can easily cope with it.Outdoors, it can effectively resist interference caused by direct sunlight, so that the display content is still clearly visible, providing an excellent display platform for advertising, information release, etc. Indoors, its high brightness can create a bright and vivid visual atmosphere, enhancing the audience&#039;s attention and sense of participation.This high-brightness feature also opens up a wider range of application possibilities for the P16 LED module. In large-scale sports events, huge screens rely on the high brightness of the P16 module to allow viewers to clearly see the exciting moments of the game from a long distance; in transportation hubs, high-brightness displays can deliver timely and accurate information to passengers Information will not be ignored even in environments with dense crowds and complex lighting; in stage performances, the P16 module can create dazzling background effects, adding infinite charm to the performance.In addition, the high brightness of the P16 LED module does not come at the expense of other performance.\" \/>\n<meta name=\"robots\" content=\"index, follow, max-snippet:-1, max-image-preview:large, max-video-preview:-1\" \/>\n<link rel=\"canonical\" href=\"https:\/\/cob-leddisplay.com\/es\/modulo-led-p16\/\" \/>\n<meta property=\"og:locale\" content=\"es_ES\" \/>\n<meta property=\"og:type\" content=\"article\" \/>\n<meta property=\"og:title\" content=\"P16 LED Module Outdoor\" \/>\n<meta property=\"og:description\" content=\"P16 LED module uses a static constant current scanning method, excellent high brightness and high contrast ratio characteristics, and has become a shining star in many application scenarios.The high brightness performance of the P16 LED module is first of all due to its advanced 3535 large-size LED lamp bead technology and unique static constant current scanning method. These carefully selected lamp beads have high luminous efficiency and can release powerful light within a unit area, thus ensuring that the display can display clear and vivid images in various environments.Whether it is in a sunny outdoor square or a dark indoor place, the high brightness of the P16 module can easily cope with it.Outdoors, it can effectively resist interference caused by direct sunlight, so that the display content is still clearly visible, providing an excellent display platform for advertising, information release, etc. Indoors, its high brightness can create a bright and vivid visual atmosphere, enhancing the audience&#039;s attention and sense of participation.This high-brightness feature also opens up a wider range of application possibilities for the P16 LED module. In large-scale sports events, huge screens rely on the high brightness of the P16 module to allow viewers to clearly see the exciting moments of the game from a long distance; in transportation hubs, high-brightness displays can deliver timely and accurate information to passengers Information will not be ignored even in environments with dense crowds and complex lighting; in stage performances, the P16 module can create dazzling background effects, adding infinite charm to the performance.In addition, the high brightness of the P16 LED module does not come at the expense of other performance.\" \/>\n<meta property=\"og:url\" content=\"https:\/\/cob-leddisplay.com\/es\/modulo-led-p16\/\" \/>\n<meta property=\"og:site_name\" content=\"Top Shine LED Display Screen\" \/>\n<meta property=\"article:modified_time\" content=\"2025-05-14T11:31:36+00:00\" \/>\n<meta name=\"twitter:card\" content=\"summary_large_image\" \/>\n<script type=\"application\/ld+json\" class=\"yoast-schema-graph\">{\"@context\":\"https:\\\/\\\/schema.org\",\"@graph\":[{\"@type\":\"WebPage\",\"@id\":\"https:\\\/\\\/cob-leddisplay.com\\\/p16-led-module\\\/\",\"url\":\"https:\\\/\\\/cob-leddisplay.com\\\/p16-led-module\\\/\",\"name\":\"P16 LED Module Outdoor\",\"isPartOf\":{\"@id\":\"https:\\\/\\\/cob-leddisplay.com\\\/#website\"},\"datePublished\":\"2024-07-27T09:25:09+00:00\",\"dateModified\":\"2025-05-14T11:31:36+00:00\",\"description\":\"P16 LED module uses a static constant current scanning method, excellent high brightness and high contrast ratio characteristics, and has become a shining star in many application scenarios.The high brightness performance of the P16 LED module is first of all due to its advanced 3535 large-size LED lamp bead technology and unique static constant current scanning method. These carefully selected lamp beads have high luminous efficiency and can release powerful light within a unit area, thus ensuring that the display can display clear and vivid images in various environments.Whether it is in a sunny outdoor square or a dark indoor place, the high brightness of the P16 module can easily cope with it.Outdoors, it can effectively resist interference caused by direct sunlight, so that the display content is still clearly visible, providing an excellent display platform for advertising, information release, etc. Indoors, its high brightness can create a bright and vivid visual atmosphere, enhancing the audience's attention and sense of participation.This high-brightness feature also opens up a wider range of application possibilities for the P16 LED module. In large-scale sports events, huge screens rely on the high brightness of the P16 module to allow viewers to clearly see the exciting moments of the game from a long distance; in transportation hubs, high-brightness displays can deliver timely and accurate information to passengers Information will not be ignored even in environments with dense crowds and complex lighting; in stage performances, the P16 module can create dazzling background effects, adding infinite charm to the performance.In addition, the high brightness of the P16 LED module does not come at the expense of other performance.\",\"breadcrumb\":{\"@id\":\"https:\\\/\\\/cob-leddisplay.com\\\/p16-led-module\\\/#breadcrumb\"},\"inLanguage\":\"es\",\"potentialAction\":[{\"@type\":\"ReadAction\",\"target\":[\"https:\\\/\\\/cob-leddisplay.com\\\/p16-led-module\\\/\"]}]},{\"@type\":\"BreadcrumbList\",\"@id\":\"https:\\\/\\\/cob-leddisplay.com\\\/p16-led-module\\\/#breadcrumb\",\"itemListElement\":[{\"@type\":\"ListItem\",\"position\":1,\"name\":\"Home\",\"item\":\"https:\\\/\\\/cob-leddisplay.com\\\/\"},{\"@type\":\"ListItem\",\"position\":2,\"name\":\"LED Display Module\",\"item\":\"https:\\\/\\\/cob-leddisplay.com\\\/led-display-module\\\/\"},{\"@type\":\"ListItem\",\"position\":3,\"name\":\"Outdoor LED Modules\",\"item\":\"https:\\\/\\\/cob-leddisplay.com\\\/outdoor-led-modules\\\/\"},{\"@type\":\"ListItem\",\"position\":4,\"name\":\"P16 LED Module\"}]},{\"@type\":\"WebSite\",\"@id\":\"https:\\\/\\\/cob-leddisplay.com\\\/#website\",\"url\":\"https:\\\/\\\/cob-leddisplay.com\\\/\",\"name\":\"COB LED Display Screen Rental 3D LED Video Wall Manufacturer\",\"description\":\"LED Display Manufacturer, LED Display board, LED Video wall, Flexible led screen, Traffic led signs, Variable Message Signs, Digital Signage Display, custom led display, stadium led display screen, Retail Digital Signage, LED card, Perimeter led display, LED Display for events, outdoor rental led screen, Stage LED Screen, LED screen floor, Outdoor LED Modules, LED screen panel, LED display panel, led panel screen indoor, P10 DIP LED MODULE, Flexible LED Panel, LED Wall panel, cob LED screen, transparent led screen manufacturer, LED Mesh screen, Transparent LED Display Screen, Flexible led video wall, passenger information display, LED Bus Destination Display boards, LED Pharmacy cross, LED Poster, advertising led screen, round led screen, LED Billboard manufacturer, LED perimeter, Retail led display, rental led screen, rental led wall, P2.5 Outdoor LED Module, p3 outdoor led module, p4 led module, P4 led panel, p5 led panel, outdoor led video wall, bus display board, Stage Screen, rgb led modules, outdoor led screen panel, p10 led module, p5 outdoor led module, P3 LED panel, p2.5 led module, P10 LED panles, customizable led display, Led video panels, p6 outdoor led display, flexible led wall, LED Road Sign, Radar Speed Signs, led p10 display, led wall p4, p10 rgb led display, led video wall manufacturers, led video wall rental, P2 LED PANEL, P3 LED module, P1.25 LED MODULE, circle led screen\",\"potentialAction\":[{\"@type\":\"SearchAction\",\"target\":{\"@type\":\"EntryPoint\",\"urlTemplate\":\"https:\\\/\\\/cob-leddisplay.com\\\/?s={search_term_string}\"},\"query-input\":{\"@type\":\"PropertyValueSpecification\",\"valueRequired\":true,\"valueName\":\"search_term_string\"}}],\"inLanguage\":\"es\"}]}<\/script>\n<!-- \/ Yoast SEO plugin. -->","yoast_head_json":{"title":"M\u00f3dulo LED P16 para exteriores","description":"El m\u00f3dulo LED P16 utiliza un m\u00e9todo de escaneo de corriente constante est\u00e1tica, con excelentes caracter\u00edsticas de alto brillo y alta relaci\u00f3n de contraste, y se ha convertido en un referente en numerosos escenarios de aplicaci\u00f3n. Su alto brillo se debe principalmente a su avanzada tecnolog\u00eda de perlas de l\u00e1mpara LED 3535 de gran tama\u00f1o y a su exclusivo m\u00e9todo de escaneo de corriente constante est\u00e1tica. Estas perlas de l\u00e1mpara, cuidadosamente seleccionadas, poseen una alta eficiencia luminosa y pueden emitir una luz potente en una unidad de \u00e1rea, garantizando as\u00ed que la pantalla muestre im\u00e1genes n\u00edtidas y v\u00edvidas en diversos entornos. Ya sea en una plaza soleada al aire libre o en un espacio interior oscuro, el alto brillo del m\u00f3dulo P16 lo soporta sin problemas. En exteriores, resiste eficazmente la interferencia de la luz solar directa, de modo que el contenido de la pantalla se mantiene claramente visible, lo que proporciona una excelente plataforma de visualizaci\u00f3n para publicidad, difusi\u00f3n de informaci\u00f3n, etc. En interiores, su alto brillo crea una atm\u00f3sfera visual brillante y v\u00edvida, fomentando la atenci\u00f3n del p\u00fablico y fomentando su participaci\u00f3n. Esta caracter\u00edstica de alto brillo tambi\u00e9n ampl\u00eda las posibilidades de aplicaci\u00f3n del m\u00f3dulo LED P16. En eventos deportivos a gran escala, las pantallas gigantes dependen del alto brillo del m\u00f3dulo P16 para permitir a los espectadores ver claramente los momentos emocionantes del juego desde una larga distancia; en los centros de transporte, las pantallas de alto brillo pueden brindar informaci\u00f3n oportuna y precisa a los pasajeros. La informaci\u00f3n no ser\u00e1 ignorada incluso en entornos con multitudes densas e iluminaci\u00f3n compleja; en presentaciones en el escenario, el m\u00f3dulo P16 puede crear efectos de fondo deslumbrantes, agregando un encanto infinito al desempe\u00f1o. Adem\u00e1s, el alto brillo del m\u00f3dulo LED P16 no se produce a expensas de otro rendimiento.","robots":{"index":"index","follow":"follow","max-snippet":"max-snippet:-1","max-image-preview":"max-image-preview:large","max-video-preview":"max-video-preview:-1"},"canonical":"https:\/\/cob-leddisplay.com\/es\/modulo-led-p16\/","og_locale":"es_ES","og_type":"article","og_title":"P16 LED Module Outdoor","og_description":"P16 LED module uses a static constant current scanning method, excellent high brightness and high contrast ratio characteristics, and has become a shining star in many application scenarios.The high brightness performance of the P16 LED module is first of all due to its advanced 3535 large-size LED lamp bead technology and unique static constant current scanning method. These carefully selected lamp beads have high luminous efficiency and can release powerful light within a unit area, thus ensuring that the display can display clear and vivid images in various environments.Whether it is in a sunny outdoor square or a dark indoor place, the high brightness of the P16 module can easily cope with it.Outdoors, it can effectively resist interference caused by direct sunlight, so that the display content is still clearly visible, providing an excellent display platform for advertising, information release, etc. Indoors, its high brightness can create a bright and vivid visual atmosphere, enhancing the audience's attention and sense of participation.This high-brightness feature also opens up a wider range of application possibilities for the P16 LED module. In large-scale sports events, huge screens rely on the high brightness of the P16 module to allow viewers to clearly see the exciting moments of the game from a long distance; in transportation hubs, high-brightness displays can deliver timely and accurate information to passengers Information will not be ignored even in environments with dense crowds and complex lighting; in stage performances, the P16 module can create dazzling background effects, adding infinite charm to the performance.In addition, the high brightness of the P16 LED module does not come at the expense of other performance.","og_url":"https:\/\/cob-leddisplay.com\/es\/modulo-led-p16\/","og_site_name":"Top Shine LED Display Screen","article_modified_time":"2025-05-14T11:31:36+00:00","twitter_card":"summary_large_image","schema":{"@context":"https:\/\/schema.org","@graph":[{"@type":"WebPage","@id":"https:\/\/cob-leddisplay.com\/p16-led-module\/","url":"https:\/\/cob-leddisplay.com\/p16-led-module\/","name":"M\u00f3dulo LED P16 para exteriores","isPartOf":{"@id":"https:\/\/cob-leddisplay.com\/#website"},"datePublished":"2024-07-27T09:25:09+00:00","dateModified":"2025-05-14T11:31:36+00:00","description":"El m\u00f3dulo LED P16 utiliza un m\u00e9todo de escaneo de corriente constante est\u00e1tica, con excelentes caracter\u00edsticas de alto brillo y alta relaci\u00f3n de contraste, y se ha convertido en un referente en numerosos escenarios de aplicaci\u00f3n. Su alto brillo se debe principalmente a su avanzada tecnolog\u00eda de perlas de l\u00e1mpara LED 3535 de gran tama\u00f1o y a su exclusivo m\u00e9todo de escaneo de corriente constante est\u00e1tica. Estas perlas de l\u00e1mpara, cuidadosamente seleccionadas, poseen una alta eficiencia luminosa y pueden emitir una luz potente en una unidad de \u00e1rea, garantizando as\u00ed que la pantalla muestre im\u00e1genes n\u00edtidas y v\u00edvidas en diversos entornos. Ya sea en una plaza soleada al aire libre o en un espacio interior oscuro, el alto brillo del m\u00f3dulo P16 lo soporta sin problemas. En exteriores, resiste eficazmente la interferencia de la luz solar directa, de modo que el contenido de la pantalla se mantiene claramente visible, lo que proporciona una excelente plataforma de visualizaci\u00f3n para publicidad, difusi\u00f3n de informaci\u00f3n, etc. En interiores, su alto brillo crea una atm\u00f3sfera visual brillante y v\u00edvida, fomentando la atenci\u00f3n del p\u00fablico y fomentando su participaci\u00f3n. Esta caracter\u00edstica de alto brillo tambi\u00e9n ampl\u00eda las posibilidades de aplicaci\u00f3n del m\u00f3dulo LED P16. En eventos deportivos a gran escala, las pantallas gigantes dependen del alto brillo del m\u00f3dulo P16 para permitir a los espectadores ver claramente los momentos emocionantes del juego desde una larga distancia; en los centros de transporte, las pantallas de alto brillo pueden brindar informaci\u00f3n oportuna y precisa a los pasajeros. La informaci\u00f3n no ser\u00e1 ignorada incluso en entornos con multitudes densas e iluminaci\u00f3n compleja; en presentaciones en el escenario, el m\u00f3dulo P16 puede crear efectos de fondo deslumbrantes, agregando un encanto infinito al desempe\u00f1o. Adem\u00e1s, el alto brillo del m\u00f3dulo LED P16 no se produce a expensas de otro rendimiento.","breadcrumb":{"@id":"https:\/\/cob-leddisplay.com\/p16-led-module\/#breadcrumb"},"inLanguage":"es","potentialAction":[{"@type":"ReadAction","target":["https:\/\/cob-leddisplay.com\/p16-led-module\/"]}]},{"@type":"BreadcrumbList","@id":"https:\/\/cob-leddisplay.com\/p16-led-module\/#breadcrumb","itemListElement":[{"@type":"ListItem","position":1,"name":"Home","item":"https:\/\/cob-leddisplay.com\/"},{"@type":"ListItem","position":2,"name":"LED Display Module","item":"https:\/\/cob-leddisplay.com\/led-display-module\/"},{"@type":"ListItem","position":3,"name":"Outdoor LED Modules","item":"https:\/\/cob-leddisplay.com\/outdoor-led-modules\/"},{"@type":"ListItem","position":4,"name":"P16 LED Module"}]},{"@type":"WebSite","@id":"https:\/\/cob-leddisplay.com\/#website","url":"https:\/\/cob-leddisplay.com\/","name":"Alquiler de pantallas LED COB Fabricante de videowall LED 3D","description":"Fabricante de pantallas LED, tableros de visualizaci\u00f3n LED, videowall LED, pantalla LED flexible, se\u00f1ales LED de tr\u00e1fico, se\u00f1ales de mensaje variable, pantalla de se\u00f1alizaci\u00f3n digital, pantalla LED personalizada, pantalla LED para estadios, se\u00f1alizaci\u00f3n digital para comercios, tarjeta LED, pantalla LED perimetral, pantalla LED para eventos, pantalla LED de alquiler para exteriores, pantalla LED para escenarios, suelo de pantalla LED, m\u00f3dulos LED para exteriores, panel de pantalla LED, panel de visualizaci\u00f3n LED, pantalla LED para interiores, m\u00f3dulo LED DIP P10, panel LED flexible, panel de pared LED, pantalla LED COB, fabricante de pantallas LED transparentes, pantalla LED de malla, pantalla LED transparente, videowall LED flexible, pantalla de informaci\u00f3n para pasajeros, tableros LED de destino para autobuses, cruz LED para farmacias, p\u00f3ster LED, pantalla LED publicitaria, pantalla LED redonda, fabricante de vallas publicitarias LED, per\u00edmetro LED, pantalla LED para comercios, pantalla LED de alquiler, pared LED de alquiler, m\u00f3dulo LED para exteriores P2.5, m\u00f3dulo LED para exteriores P3, m\u00f3dulo LED P4, panel LED P4, panel LED P5, videowall LED para exteriores, tablero de visualizaci\u00f3n para autobuses, pantalla para escenarios, m\u00f3dulos LED RGB, panel de pantalla LED para exteriores, m\u00f3dulo LED P10, m\u00f3dulo LED para exteriores P5, LED P3 Panel, m\u00f3dulo LED p2.5, paneles LED p10, pantalla LED personalizable, paneles de video LED, pantalla LED exterior p6, pared LED flexible, se\u00f1al de tr\u00e1fico LED, se\u00f1ales de velocidad de radar, pantalla LED p10, pared LED p4, pantalla LED p10 RGB, fabricantes de videowalls LED, alquiler de videowalls LED, panel LED P2, m\u00f3dulo LED P3, m\u00f3dulo LED P1.25, pantalla LED circular","potentialAction":[{"@type":"SearchAction","target":{"@type":"EntryPoint","urlTemplate":"https:\/\/cob-leddisplay.com\/?s={search_term_string}"},"query-input":{"@type":"PropertyValueSpecification","valueRequired":true,"valueName":"search_term_string"}}],"inLanguage":"es"}]}},"_links":{"self":[{"href":"https:\/\/cob-leddisplay.com\/es\/wp-json\/wp\/v2\/pages\/14042","targetHints":{"allow":["GET"]}}],"collection":[{"href":"https:\/\/cob-leddisplay.com\/es\/wp-json\/wp\/v2\/pages"}],"about":[{"href":"https:\/\/cob-leddisplay.com\/es\/wp-json\/wp\/v2\/types\/page"}],"author":[{"embeddable":true,"href":"https:\/\/cob-leddisplay.com\/es\/wp-json\/wp\/v2\/users\/1"}],"replies":[{"embeddable":true,"href":"https:\/\/cob-leddisplay.com\/es\/wp-json\/wp\/v2\/comments?post=14042"}],"version-history":[{"count":0,"href":"https:\/\/cob-leddisplay.com\/es\/wp-json\/wp\/v2\/pages\/14042\/revisions"}],"up":[{"embeddable":true,"href":"https:\/\/cob-leddisplay.com\/es\/wp-json\/wp\/v2\/pages\/13211"}],"wp:attachment":[{"href":"https:\/\/cob-leddisplay.com\/es\/wp-json\/wp\/v2\/media?parent=14042"}],"curies":[{"name":"gracias","href":"https:\/\/api.w.org\/{rel}","templated":true}]}}