{"id":14039,"date":"2024-07-27T08:32:32","date_gmt":"2024-07-27T08:32:32","guid":{"rendered":"https:\/\/cob-leddisplay.com\/?page_id=14039"},"modified":"2025-05-14T11:31:24","modified_gmt":"2025-05-14T11:31:24","slug":"p6-67-outdoor-led-screen-panel","status":"publish","type":"page","link":"https:\/\/cob-leddisplay.com\/es\/panel-de-pantalla-led-para-exteriores\/","title":{"rendered":"Panel de pantalla LED para exteriores P6.67"},"content":{"rendered":"","protected":false},"excerpt":{"rendered":"","protected":false},"author":1,"featured_media":0,"parent":13211,"menu_order":0,"comment_status":"closed","ping_status":"closed","template":"product-category3.php","meta":{"_acf_changed":false,"site-sidebar-layout":"no-sidebar","site-content-layout":"page-builder","ast-site-content-layout":"full-width-container","site-content-style":"unboxed","site-sidebar-style":"unboxed","ast-global-header-display":"","ast-banner-title-visibility":"","ast-main-header-display":"","ast-hfb-above-header-display":"","ast-hfb-below-header-display":"","ast-hfb-mobile-header-display":"","site-post-title":"disabled","ast-breadcrumbs-content":"disabled","ast-featured-img":"disabled","footer-sml-layout":"","ast-disable-related-posts":"","theme-transparent-header-meta":"default","adv-header-id-meta":"","stick-header-meta":"default","header-above-stick-meta":"","header-main-stick-meta":"","header-below-stick-meta":"","astra-migrate-meta-layouts":"set","ast-page-background-enabled":"default","ast-page-background-meta":{"desktop":{"background-color":"","background-image":"","background-repeat":"repeat","background-position":"center center","background-size":"auto","background-attachment":"scroll","background-type":"","background-media":"","overlay-type":"","overlay-color":"","overlay-opacity":"","overlay-gradient":""},"tablet":{"background-color":"","background-image":"","background-repeat":"repeat","background-position":"center center","background-size":"auto","background-attachment":"scroll","background-type":"","background-media":"","overlay-type":"","overlay-color":"","overlay-opacity":"","overlay-gradient":""},"mobile":{"background-color":"","background-image":"","background-repeat":"repeat","background-position":"center center","background-size":"auto","background-attachment":"scroll","background-type":"","background-media":"","overlay-type":"","overlay-color":"","overlay-opacity":"","overlay-gradient":""}},"ast-content-background-meta":{"desktop":{"background-color":"var(--ast-global-color-5)","background-image":"","background-repeat":"repeat","background-position":"center center","background-size":"auto","background-attachment":"scroll","background-type":"","background-media":"","overlay-type":"","overlay-color":"","overlay-opacity":"","overlay-gradient":""},"tablet":{"background-color":"var(--ast-global-color-5)","background-image":"","background-repeat":"repeat","background-position":"center center","background-size":"auto","background-attachment":"scroll","background-type":"","background-media":"","overlay-type":"","overlay-color":"","overlay-opacity":"","overlay-gradient":""},"mobile":{"background-color":"var(--ast-global-color-5)","background-image":"","background-repeat":"repeat","background-position":"center center","background-size":"auto","background-attachment":"scroll","background-type":"","background-media":"","overlay-type":"","overlay-color":"","overlay-opacity":"","overlay-gradient":""}},"footnotes":""},"class_list":["post-14039","page","type-page","status-publish","hentry"],"acf":[],"yoast_head":"<!-- This site is optimized with the Yoast SEO plugin v27.3 - https:\/\/yoast.com\/product\/yoast-seo-wordpress\/ -->\n<title>Outdoor LED Screen Panel<\/title>\n<meta name=\"description\" content=\"&quot;Lighting up the outdoors, endless excitement\u2014\u2014Outdoor led screen panel&quot;. TSLED&#039;s outdoor LED display panel is the perfect fusion of technology and art. Using advanced LED technology, it has ultra-high brightness and excellent contrast, even under strong sunlight, it can still clearly display every detail and every color.TSLED outdoor led screen panels boast an array of remarkable features.They offer exceptional brightness and contrast ratios, ensuring clear and vivid images even under direct sunlight. The color reproduction is truly astonishing, bringing life to every content displayed. The durability of our panels is unparalleled, with robust materials and advanced protective coatings that safeguard against weather elements, vandalism, and other potential damages.We understand that each project has unique requirements. That&#039;s why we offer a wide range of customizable options, allowing you to tailor the size, shape, resolution, and functionality of the outdoor led screen panels to meet your exact specifications. Whether it&#039;s for advertising, sports events, entertainment venues, or public information displays, our panels can be seamlessly integrated into any setting.In addition to the superior product quality, we pride ourselves on providing comprehensive customer service. From the initial consultation to after-sales support, our dedicated team is with you every step of the way. We offer detailed project planning, installation guidance, and ongoing maintenance services to ensure the seamless operation and longevity of your outdoor led screen panels.\" \/>\n<meta name=\"robots\" content=\"index, follow, max-snippet:-1, max-image-preview:large, max-video-preview:-1\" \/>\n<link rel=\"canonical\" href=\"https:\/\/cob-leddisplay.com\/es\/panel-de-pantalla-led-para-exteriores\/\" \/>\n<meta property=\"og:locale\" content=\"es_ES\" \/>\n<meta property=\"og:type\" content=\"article\" \/>\n<meta property=\"og:title\" content=\"Outdoor LED Screen Panel\" \/>\n<meta property=\"og:description\" content=\"&quot;Lighting up the outdoors, endless excitement\u2014\u2014Outdoor led screen panel&quot;. TSLED&#039;s outdoor LED display panel is the perfect fusion of technology and art. Using advanced LED technology, it has ultra-high brightness and excellent contrast, even under strong sunlight, it can still clearly display every detail and every color.TSLED outdoor led screen panels boast an array of remarkable features.They offer exceptional brightness and contrast ratios, ensuring clear and vivid images even under direct sunlight. The color reproduction is truly astonishing, bringing life to every content displayed. The durability of our panels is unparalleled, with robust materials and advanced protective coatings that safeguard against weather elements, vandalism, and other potential damages.We understand that each project has unique requirements. That&#039;s why we offer a wide range of customizable options, allowing you to tailor the size, shape, resolution, and functionality of the outdoor led screen panels to meet your exact specifications. Whether it&#039;s for advertising, sports events, entertainment venues, or public information displays, our panels can be seamlessly integrated into any setting.In addition to the superior product quality, we pride ourselves on providing comprehensive customer service. From the initial consultation to after-sales support, our dedicated team is with you every step of the way. We offer detailed project planning, installation guidance, and ongoing maintenance services to ensure the seamless operation and longevity of your outdoor led screen panels.\" \/>\n<meta property=\"og:url\" content=\"https:\/\/cob-leddisplay.com\/es\/panel-de-pantalla-led-para-exteriores\/\" \/>\n<meta property=\"og:site_name\" content=\"Top Shine LED Display Screen\" \/>\n<meta property=\"article:modified_time\" content=\"2025-05-14T11:31:24+00:00\" \/>\n<meta name=\"twitter:card\" content=\"summary_large_image\" \/>\n<script type=\"application\/ld+json\" class=\"yoast-schema-graph\">{\"@context\":\"https:\\\/\\\/schema.org\",\"@graph\":[{\"@type\":\"WebPage\",\"@id\":\"https:\\\/\\\/cob-leddisplay.com\\\/outdoor-led-screen-panel\\\/\",\"url\":\"https:\\\/\\\/cob-leddisplay.com\\\/outdoor-led-screen-panel\\\/\",\"name\":\"Outdoor LED Screen Panel\",\"isPartOf\":{\"@id\":\"https:\\\/\\\/cob-leddisplay.com\\\/#website\"},\"datePublished\":\"2024-07-27T08:32:32+00:00\",\"dateModified\":\"2025-05-14T11:31:24+00:00\",\"description\":\"\\\"Lighting up the outdoors, endless excitement\u2014\u2014Outdoor led screen panel\\\". TSLED's outdoor LED display panel is the perfect fusion of technology and art. Using advanced LED technology, it has ultra-high brightness and excellent contrast, even under strong sunlight, it can still clearly display every detail and every color.TSLED outdoor led screen panels boast an array of remarkable features.They offer exceptional brightness and contrast ratios, ensuring clear and vivid images even under direct sunlight. The color reproduction is truly astonishing, bringing life to every content displayed. The durability of our panels is unparalleled, with robust materials and advanced protective coatings that safeguard against weather elements, vandalism, and other potential damages.We understand that each project has unique requirements. That's why we offer a wide range of customizable options, allowing you to tailor the size, shape, resolution, and functionality of the outdoor led screen panels to meet your exact specifications. Whether it's for advertising, sports events, entertainment venues, or public information displays, our panels can be seamlessly integrated into any setting.In addition to the superior product quality, we pride ourselves on providing comprehensive customer service. From the initial consultation to after-sales support, our dedicated team is with you every step of the way. We offer detailed project planning, installation guidance, and ongoing maintenance services to ensure the seamless operation and longevity of your outdoor led screen panels.\",\"breadcrumb\":{\"@id\":\"https:\\\/\\\/cob-leddisplay.com\\\/outdoor-led-screen-panel\\\/#breadcrumb\"},\"inLanguage\":\"es\",\"potentialAction\":[{\"@type\":\"ReadAction\",\"target\":[\"https:\\\/\\\/cob-leddisplay.com\\\/outdoor-led-screen-panel\\\/\"]}]},{\"@type\":\"BreadcrumbList\",\"@id\":\"https:\\\/\\\/cob-leddisplay.com\\\/outdoor-led-screen-panel\\\/#breadcrumb\",\"itemListElement\":[{\"@type\":\"ListItem\",\"position\":1,\"name\":\"Home\",\"item\":\"https:\\\/\\\/cob-leddisplay.com\\\/\"},{\"@type\":\"ListItem\",\"position\":2,\"name\":\"LED Display Module\",\"item\":\"https:\\\/\\\/cob-leddisplay.com\\\/led-display-module\\\/\"},{\"@type\":\"ListItem\",\"position\":3,\"name\":\"Outdoor LED Modules\",\"item\":\"https:\\\/\\\/cob-leddisplay.com\\\/outdoor-led-modules\\\/\"},{\"@type\":\"ListItem\",\"position\":4,\"name\":\"P6.67 Outdoor led screen panel\"}]},{\"@type\":\"WebSite\",\"@id\":\"https:\\\/\\\/cob-leddisplay.com\\\/#website\",\"url\":\"https:\\\/\\\/cob-leddisplay.com\\\/\",\"name\":\"COB LED Display Screen Rental 3D LED Video Wall Manufacturer\",\"description\":\"LED Display Manufacturer, LED Display board, LED Video wall, Flexible led screen, Traffic led signs, Variable Message Signs, Digital Signage Display, custom led display, stadium led display screen, Retail Digital Signage, LED card, Perimeter led display, LED Display for events, outdoor rental led screen, Stage LED Screen, LED screen floor, Outdoor LED Modules, LED screen panel, LED display panel, led panel screen indoor, P10 DIP LED MODULE, Flexible LED Panel, LED Wall panel, cob LED screen, transparent led screen manufacturer, LED Mesh screen, Transparent LED Display Screen, Flexible led video wall, passenger information display, LED Bus Destination Display boards, LED Pharmacy cross, LED Poster, advertising led screen, round led screen, LED Billboard manufacturer, LED perimeter, Retail led display, rental led screen, rental led wall, P2.5 Outdoor LED Module, p3 outdoor led module, p4 led module, P4 led panel, p5 led panel, outdoor led video wall, bus display board, Stage Screen, rgb led modules, outdoor led screen panel, p10 led module, p5 outdoor led module, P3 LED panel, p2.5 led module, P10 LED panles, customizable led display, Led video panels, p6 outdoor led display, flexible led wall, LED Road Sign, Radar Speed Signs, led p10 display, led wall p4, p10 rgb led display, led video wall manufacturers, led video wall rental, P2 LED PANEL, P3 LED module, P1.25 LED MODULE, circle led screen\",\"potentialAction\":[{\"@type\":\"SearchAction\",\"target\":{\"@type\":\"EntryPoint\",\"urlTemplate\":\"https:\\\/\\\/cob-leddisplay.com\\\/?s={search_term_string}\"},\"query-input\":{\"@type\":\"PropertyValueSpecification\",\"valueRequired\":true,\"valueName\":\"search_term_string\"}}],\"inLanguage\":\"es\"}]}<\/script>\n<!-- \/ Yoast SEO plugin. -->","yoast_head_json":{"title":"Panel de pantalla LED para exteriores","description":"Iluminando el exterior, emoci\u00f3n sin l\u00edmites: pantalla LED para exteriores. La pantalla LED para exteriores de TSLED es la fusi\u00f3n perfecta de tecnolog\u00eda y arte. Gracias a la tecnolog\u00eda LED avanzada, ofrece un brillo ultraalto y un contraste excelente; incluso bajo la luz solar intensa, muestra con claridad cada detalle y color. Las pantallas LED para exteriores de TSLED cuentan con una serie de caracter\u00edsticas excepcionales. Ofrecen relaciones de brillo y contraste excepcionales, garantizando im\u00e1genes n\u00edtidas y v\u00edvidas incluso bajo la luz solar directa. La reproducci\u00f3n del color es realmente asombrosa, dando vida a cada contenido mostrado. La durabilidad de nuestros paneles es inigualable, gracias a materiales robustos y recubrimientos protectores avanzados que protegen contra las inclemencias del tiempo, el vandalismo y otros posibles da\u00f1os. Entendemos que cada proyecto tiene requisitos \u00fanicos. Por eso, ofrecemos una amplia gama de opciones personalizables, permiti\u00e9ndole adaptar el tama\u00f1o, la forma, la resoluci\u00f3n y la funcionalidad de las pantallas LED para exteriores a sus especificaciones exactas. Ya sea para publicidad, eventos deportivos, centros de entretenimiento o pantallas de informaci\u00f3n p\u00fablica, nuestros paneles se integran a la perfecci\u00f3n en cualquier entorno. Adem\u00e1s de la calidad superior de nuestros productos, nos enorgullecemos de brindar un servicio al cliente integral. Desde la consulta inicial hasta el soporte posventa, nuestro equipo dedicado le acompa\u00f1a en cada paso del proceso. Ofrecemos planificaci\u00f3n detallada del proyecto, asesoramiento para la instalaci\u00f3n y servicios de mantenimiento continuo para garantizar el funcionamiento impecable y la larga vida \u00fatil de sus paneles LED para exteriores.","robots":{"index":"index","follow":"follow","max-snippet":"max-snippet:-1","max-image-preview":"max-image-preview:large","max-video-preview":"max-video-preview:-1"},"canonical":"https:\/\/cob-leddisplay.com\/es\/panel-de-pantalla-led-para-exteriores\/","og_locale":"es_ES","og_type":"article","og_title":"Outdoor LED Screen Panel","og_description":"\"Lighting up the outdoors, endless excitement\u2014\u2014Outdoor led screen panel\". TSLED's outdoor LED display panel is the perfect fusion of technology and art. Using advanced LED technology, it has ultra-high brightness and excellent contrast, even under strong sunlight, it can still clearly display every detail and every color.TSLED outdoor led screen panels boast an array of remarkable features.They offer exceptional brightness and contrast ratios, ensuring clear and vivid images even under direct sunlight. The color reproduction is truly astonishing, bringing life to every content displayed. The durability of our panels is unparalleled, with robust materials and advanced protective coatings that safeguard against weather elements, vandalism, and other potential damages.We understand that each project has unique requirements. That's why we offer a wide range of customizable options, allowing you to tailor the size, shape, resolution, and functionality of the outdoor led screen panels to meet your exact specifications. Whether it's for advertising, sports events, entertainment venues, or public information displays, our panels can be seamlessly integrated into any setting.In addition to the superior product quality, we pride ourselves on providing comprehensive customer service. From the initial consultation to after-sales support, our dedicated team is with you every step of the way. We offer detailed project planning, installation guidance, and ongoing maintenance services to ensure the seamless operation and longevity of your outdoor led screen panels.","og_url":"https:\/\/cob-leddisplay.com\/es\/panel-de-pantalla-led-para-exteriores\/","og_site_name":"Top Shine LED Display Screen","article_modified_time":"2025-05-14T11:31:24+00:00","twitter_card":"summary_large_image","schema":{"@context":"https:\/\/schema.org","@graph":[{"@type":"WebPage","@id":"https:\/\/cob-leddisplay.com\/outdoor-led-screen-panel\/","url":"https:\/\/cob-leddisplay.com\/outdoor-led-screen-panel\/","name":"Panel de pantalla LED para exteriores","isPartOf":{"@id":"https:\/\/cob-leddisplay.com\/#website"},"datePublished":"2024-07-27T08:32:32+00:00","dateModified":"2025-05-14T11:31:24+00:00","description":"Iluminando el exterior, emoci\u00f3n sin l\u00edmites: pantalla LED para exteriores. La pantalla LED para exteriores de TSLED es la fusi\u00f3n perfecta de tecnolog\u00eda y arte. Gracias a la tecnolog\u00eda LED avanzada, ofrece un brillo ultraalto y un contraste excelente; incluso bajo la luz solar intensa, muestra con claridad cada detalle y color. Las pantallas LED para exteriores de TSLED cuentan con una serie de caracter\u00edsticas excepcionales. Ofrecen relaciones de brillo y contraste excepcionales, garantizando im\u00e1genes n\u00edtidas y v\u00edvidas incluso bajo la luz solar directa. La reproducci\u00f3n del color es realmente asombrosa, dando vida a cada contenido mostrado. La durabilidad de nuestros paneles es inigualable, gracias a materiales robustos y recubrimientos protectores avanzados que protegen contra las inclemencias del tiempo, el vandalismo y otros posibles da\u00f1os. Entendemos que cada proyecto tiene requisitos \u00fanicos. Por eso, ofrecemos una amplia gama de opciones personalizables, permiti\u00e9ndole adaptar el tama\u00f1o, la forma, la resoluci\u00f3n y la funcionalidad de las pantallas LED para exteriores a sus especificaciones exactas. Ya sea para publicidad, eventos deportivos, centros de entretenimiento o pantallas de informaci\u00f3n p\u00fablica, nuestros paneles se integran a la perfecci\u00f3n en cualquier entorno. Adem\u00e1s de la calidad superior de nuestros productos, nos enorgullecemos de brindar un servicio al cliente integral. Desde la consulta inicial hasta el soporte posventa, nuestro equipo dedicado le acompa\u00f1a en cada paso del proceso. Ofrecemos planificaci\u00f3n detallada del proyecto, asesoramiento para la instalaci\u00f3n y servicios de mantenimiento continuo para garantizar el funcionamiento impecable y la larga vida \u00fatil de sus paneles LED para exteriores.","breadcrumb":{"@id":"https:\/\/cob-leddisplay.com\/outdoor-led-screen-panel\/#breadcrumb"},"inLanguage":"es","potentialAction":[{"@type":"ReadAction","target":["https:\/\/cob-leddisplay.com\/outdoor-led-screen-panel\/"]}]},{"@type":"BreadcrumbList","@id":"https:\/\/cob-leddisplay.com\/outdoor-led-screen-panel\/#breadcrumb","itemListElement":[{"@type":"ListItem","position":1,"name":"Home","item":"https:\/\/cob-leddisplay.com\/"},{"@type":"ListItem","position":2,"name":"LED Display Module","item":"https:\/\/cob-leddisplay.com\/led-display-module\/"},{"@type":"ListItem","position":3,"name":"Outdoor LED Modules","item":"https:\/\/cob-leddisplay.com\/outdoor-led-modules\/"},{"@type":"ListItem","position":4,"name":"P6.67 Outdoor led screen panel"}]},{"@type":"WebSite","@id":"https:\/\/cob-leddisplay.com\/#website","url":"https:\/\/cob-leddisplay.com\/","name":"Alquiler de pantallas LED COB Fabricante de videowall LED 3D","description":"Fabricante de pantallas LED, tableros de visualizaci\u00f3n LED, videowall LED, pantalla LED flexible, se\u00f1ales LED de tr\u00e1fico, se\u00f1ales de mensaje variable, pantalla de se\u00f1alizaci\u00f3n digital, pantalla LED personalizada, pantalla LED para estadios, se\u00f1alizaci\u00f3n digital para comercios, tarjeta LED, pantalla LED perimetral, pantalla LED para eventos, pantalla LED de alquiler para exteriores, pantalla LED para escenarios, suelo de pantalla LED, m\u00f3dulos LED para exteriores, panel de pantalla LED, panel de visualizaci\u00f3n LED, pantalla LED para interiores, m\u00f3dulo LED DIP P10, panel LED flexible, panel de pared LED, pantalla LED COB, fabricante de pantallas LED transparentes, pantalla LED de malla, pantalla LED transparente, videowall LED flexible, pantalla de informaci\u00f3n para pasajeros, tableros LED de destino para autobuses, cruz LED para farmacias, p\u00f3ster LED, pantalla LED publicitaria, pantalla LED redonda, fabricante de vallas publicitarias LED, per\u00edmetro LED, pantalla LED para comercios, pantalla LED de alquiler, pared LED de alquiler, m\u00f3dulo LED para exteriores P2.5, m\u00f3dulo LED para exteriores P3, m\u00f3dulo LED P4, panel LED P4, panel LED P5, videowall LED para exteriores, tablero de visualizaci\u00f3n para autobuses, pantalla para escenarios, m\u00f3dulos LED RGB, panel de pantalla LED para exteriores, m\u00f3dulo LED P10, m\u00f3dulo LED para exteriores P5, LED P3 Panel, m\u00f3dulo LED p2.5, paneles LED p10, pantalla LED personalizable, paneles de video LED, pantalla LED exterior p6, pared LED flexible, se\u00f1al de tr\u00e1fico LED, se\u00f1ales de velocidad de radar, pantalla LED p10, pared LED p4, pantalla LED p10 RGB, fabricantes de videowalls LED, alquiler de videowalls LED, panel LED P2, m\u00f3dulo LED P3, m\u00f3dulo LED P1.25, pantalla LED circular","potentialAction":[{"@type":"SearchAction","target":{"@type":"EntryPoint","urlTemplate":"https:\/\/cob-leddisplay.com\/?s={search_term_string}"},"query-input":{"@type":"PropertyValueSpecification","valueRequired":true,"valueName":"search_term_string"}}],"inLanguage":"es"}]}},"_links":{"self":[{"href":"https:\/\/cob-leddisplay.com\/es\/wp-json\/wp\/v2\/pages\/14039","targetHints":{"allow":["GET"]}}],"collection":[{"href":"https:\/\/cob-leddisplay.com\/es\/wp-json\/wp\/v2\/pages"}],"about":[{"href":"https:\/\/cob-leddisplay.com\/es\/wp-json\/wp\/v2\/types\/page"}],"author":[{"embeddable":true,"href":"https:\/\/cob-leddisplay.com\/es\/wp-json\/wp\/v2\/users\/1"}],"replies":[{"embeddable":true,"href":"https:\/\/cob-leddisplay.com\/es\/wp-json\/wp\/v2\/comments?post=14039"}],"version-history":[{"count":0,"href":"https:\/\/cob-leddisplay.com\/es\/wp-json\/wp\/v2\/pages\/14039\/revisions"}],"up":[{"embeddable":true,"href":"https:\/\/cob-leddisplay.com\/es\/wp-json\/wp\/v2\/pages\/13211"}],"wp:attachment":[{"href":"https:\/\/cob-leddisplay.com\/es\/wp-json\/wp\/v2\/media?parent=14039"}],"curies":[{"name":"gracias","href":"https:\/\/api.w.org\/{rel}","templated":true}]}}