{"id":14025,"date":"2024-07-27T07:25:44","date_gmt":"2024-07-27T07:25:44","guid":{"rendered":"https:\/\/cob-leddisplay.com\/?page_id=14025"},"modified":"2025-05-14T11:31:30","modified_gmt":"2025-05-14T11:31:30","slug":"modulo-led-p5","status":"publish","type":"page","link":"https:\/\/cob-leddisplay.com\/es\/modulo-led-p5\/","title":{"rendered":"M\u00f3dulo LED P5"},"content":{"rendered":"","protected":false},"excerpt":{"rendered":"","protected":false},"author":1,"featured_media":0,"parent":13211,"menu_order":0,"comment_status":"closed","ping_status":"closed","template":"product-category3.php","meta":{"_acf_changed":false,"site-sidebar-layout":"no-sidebar","site-content-layout":"page-builder","ast-site-content-layout":"full-width-container","site-content-style":"unboxed","site-sidebar-style":"unboxed","ast-global-header-display":"","ast-banner-title-visibility":"","ast-main-header-display":"","ast-hfb-above-header-display":"","ast-hfb-below-header-display":"","ast-hfb-mobile-header-display":"","site-post-title":"disabled","ast-breadcrumbs-content":"disabled","ast-featured-img":"disabled","footer-sml-layout":"","ast-disable-related-posts":"","theme-transparent-header-meta":"default","adv-header-id-meta":"","stick-header-meta":"default","header-above-stick-meta":"","header-main-stick-meta":"","header-below-stick-meta":"","astra-migrate-meta-layouts":"set","ast-page-background-enabled":"default","ast-page-background-meta":{"desktop":{"background-color":"","background-image":"","background-repeat":"repeat","background-position":"center center","background-size":"auto","background-attachment":"scroll","background-type":"","background-media":"","overlay-type":"","overlay-color":"","overlay-opacity":"","overlay-gradient":""},"tablet":{"background-color":"","background-image":"","background-repeat":"repeat","background-position":"center center","background-size":"auto","background-attachment":"scroll","background-type":"","background-media":"","overlay-type":"","overlay-color":"","overlay-opacity":"","overlay-gradient":""},"mobile":{"background-color":"","background-image":"","background-repeat":"repeat","background-position":"center center","background-size":"auto","background-attachment":"scroll","background-type":"","background-media":"","overlay-type":"","overlay-color":"","overlay-opacity":"","overlay-gradient":""}},"ast-content-background-meta":{"desktop":{"background-color":"var(--ast-global-color-5)","background-image":"","background-repeat":"repeat","background-position":"center center","background-size":"auto","background-attachment":"scroll","background-type":"","background-media":"","overlay-type":"","overlay-color":"","overlay-opacity":"","overlay-gradient":""},"tablet":{"background-color":"var(--ast-global-color-5)","background-image":"","background-repeat":"repeat","background-position":"center center","background-size":"auto","background-attachment":"scroll","background-type":"","background-media":"","overlay-type":"","overlay-color":"","overlay-opacity":"","overlay-gradient":""},"mobile":{"background-color":"var(--ast-global-color-5)","background-image":"","background-repeat":"repeat","background-position":"center center","background-size":"auto","background-attachment":"scroll","background-type":"","background-media":"","overlay-type":"","overlay-color":"","overlay-opacity":"","overlay-gradient":""}},"footnotes":""},"class_list":["post-14025","page","type-page","status-publish","hentry"],"acf":[],"yoast_head":"<!-- This site is optimized with the Yoast SEO plugin v27.3 - https:\/\/yoast.com\/product\/yoast-seo-wordpress\/ -->\n<title>P5 LED Module Outdoor<\/title>\n<meta name=\"description\" content=\"7 reasons to choose P5 LED modules for outdoor LED displays:1. High definition: P5 means that the pixel pitch is 5 mm, and there are 40,000 LED pixels per square meter. A 50 square meter P5 LED display will be able to achieve a resolution of 2K, providing clear and delicate image display effects. Suitable for scenes that have certain requirements on image quality.2. Better viewing distance: Within the viewing distance range of 3-50, it can ensure the clarity and color reproduction of the image, which is suitable for close viewing and can also maintain good display effects at a slightly farther distance.3. Brightness and color performance: With a high brightness of 5500 and excellent color performance, it can clearly display content under different ambient light conditions, with bright and realistic colors.\" \/>\n<meta name=\"robots\" content=\"index, follow, max-snippet:-1, max-image-preview:large, max-video-preview:-1\" \/>\n<link rel=\"canonical\" href=\"https:\/\/cob-leddisplay.com\/es\/modulo-led-p5\/\" \/>\n<meta property=\"og:locale\" content=\"es_ES\" \/>\n<meta property=\"og:type\" content=\"article\" \/>\n<meta property=\"og:title\" content=\"P5 LED Module Outdoor\" \/>\n<meta property=\"og:description\" content=\"7 reasons to choose P5 LED modules for outdoor LED displays:1. High definition: P5 means that the pixel pitch is 5 mm, and there are 40,000 LED pixels per square meter. A 50 square meter P5 LED display will be able to achieve a resolution of 2K, providing clear and delicate image display effects. Suitable for scenes that have certain requirements on image quality.2. Better viewing distance: Within the viewing distance range of 3-50, it can ensure the clarity and color reproduction of the image, which is suitable for close viewing and can also maintain good display effects at a slightly farther distance.3. Brightness and color performance: With a high brightness of 5500 and excellent color performance, it can clearly display content under different ambient light conditions, with bright and realistic colors.\" \/>\n<meta property=\"og:url\" content=\"https:\/\/cob-leddisplay.com\/es\/modulo-led-p5\/\" \/>\n<meta property=\"og:site_name\" content=\"Top Shine LED Display Screen\" \/>\n<meta property=\"article:modified_time\" content=\"2025-05-14T11:31:30+00:00\" \/>\n<meta name=\"twitter:card\" content=\"summary_large_image\" \/>\n<script type=\"application\/ld+json\" class=\"yoast-schema-graph\">{\"@context\":\"https:\\\/\\\/schema.org\",\"@graph\":[{\"@type\":\"WebPage\",\"@id\":\"https:\\\/\\\/cob-leddisplay.com\\\/p5-led-module\\\/\",\"url\":\"https:\\\/\\\/cob-leddisplay.com\\\/p5-led-module\\\/\",\"name\":\"P5 LED Module Outdoor\",\"isPartOf\":{\"@id\":\"https:\\\/\\\/cob-leddisplay.com\\\/#website\"},\"datePublished\":\"2024-07-27T07:25:44+00:00\",\"dateModified\":\"2025-05-14T11:31:30+00:00\",\"description\":\"7 reasons to choose P5 LED modules for outdoor LED displays:1. High definition: P5 means that the pixel pitch is 5 mm, and there are 40,000 LED pixels per square meter. A 50 square meter P5 LED display will be able to achieve a resolution of 2K, providing clear and delicate image display effects. Suitable for scenes that have certain requirements on image quality.2. Better viewing distance: Within the viewing distance range of 3-50, it can ensure the clarity and color reproduction of the image, which is suitable for close viewing and can also maintain good display effects at a slightly farther distance.3. Brightness and color performance: With a high brightness of 5500 and excellent color performance, it can clearly display content under different ambient light conditions, with bright and realistic colors.\",\"breadcrumb\":{\"@id\":\"https:\\\/\\\/cob-leddisplay.com\\\/p5-led-module\\\/#breadcrumb\"},\"inLanguage\":\"es\",\"potentialAction\":[{\"@type\":\"ReadAction\",\"target\":[\"https:\\\/\\\/cob-leddisplay.com\\\/p5-led-module\\\/\"]}]},{\"@type\":\"BreadcrumbList\",\"@id\":\"https:\\\/\\\/cob-leddisplay.com\\\/p5-led-module\\\/#breadcrumb\",\"itemListElement\":[{\"@type\":\"ListItem\",\"position\":1,\"name\":\"Home\",\"item\":\"https:\\\/\\\/cob-leddisplay.com\\\/\"},{\"@type\":\"ListItem\",\"position\":2,\"name\":\"LED Display Module\",\"item\":\"https:\\\/\\\/cob-leddisplay.com\\\/led-display-module\\\/\"},{\"@type\":\"ListItem\",\"position\":3,\"name\":\"Outdoor LED Modules\",\"item\":\"https:\\\/\\\/cob-leddisplay.com\\\/outdoor-led-modules\\\/\"},{\"@type\":\"ListItem\",\"position\":4,\"name\":\"P5 LED Module\"}]},{\"@type\":\"WebSite\",\"@id\":\"https:\\\/\\\/cob-leddisplay.com\\\/#website\",\"url\":\"https:\\\/\\\/cob-leddisplay.com\\\/\",\"name\":\"COB LED Display Screen Rental 3D LED Video Wall Manufacturer\",\"description\":\"LED Display Manufacturer, LED Display board, LED Video wall, Flexible led screen, Traffic led signs, Variable Message Signs, Digital Signage Display, custom led display, stadium led display screen, Retail Digital Signage, LED card, Perimeter led display, LED Display for events, outdoor rental led screen, Stage LED Screen, LED screen floor, Outdoor LED Modules, LED screen panel, LED display panel, led panel screen indoor, P10 DIP LED MODULE, Flexible LED Panel, LED Wall panel, cob LED screen, transparent led screen manufacturer, LED Mesh screen, Transparent LED Display Screen, Flexible led video wall, passenger information display, LED Bus Destination Display boards, LED Pharmacy cross, LED Poster, advertising led screen, round led screen, LED Billboard manufacturer, LED perimeter, Retail led display, rental led screen, rental led wall, P2.5 Outdoor LED Module, p3 outdoor led module, p4 led module, P4 led panel, p5 led panel, outdoor led video wall, bus display board, Stage Screen, rgb led modules, outdoor led screen panel, p10 led module, p5 outdoor led module, P3 LED panel, p2.5 led module, P10 LED panles, customizable led display, Led video panels, p6 outdoor led display, flexible led wall, LED Road Sign, Radar Speed Signs, led p10 display, led wall p4, p10 rgb led display, led video wall manufacturers, led video wall rental, P2 LED PANEL, P3 LED module, P1.25 LED MODULE, circle led screen\",\"potentialAction\":[{\"@type\":\"SearchAction\",\"target\":{\"@type\":\"EntryPoint\",\"urlTemplate\":\"https:\\\/\\\/cob-leddisplay.com\\\/?s={search_term_string}\"},\"query-input\":{\"@type\":\"PropertyValueSpecification\",\"valueRequired\":true,\"valueName\":\"search_term_string\"}}],\"inLanguage\":\"es\"}]}<\/script>\n<!-- \/ Yoast SEO plugin. -->","yoast_head_json":{"title":"M\u00f3dulo LED P5 para exteriores","description":"7 razones para elegir m\u00f3dulos LED P5 para pantallas LED de exterior: 1. Alta definici\u00f3n: P5 significa que la distancia entre p\u00edxeles es de 5 mm y hay 40.000 p\u00edxeles LED por metro cuadrado. Una pantalla LED P5 de 50 metros cuadrados podr\u00e1 alcanzar una resoluci\u00f3n de 2K, proporcionando efectos de visualizaci\u00f3n de imagen n\u00edtidos y delicados. Ideal para escenas con ciertos requisitos de calidad de imagen. 2. Mejor distancia de visualizaci\u00f3n: Dentro del rango de distancia de visualizaci\u00f3n de 3-50, puede garantizar la claridad y la reproducci\u00f3n del color de la imagen, lo cual es adecuado para la visualizaci\u00f3n cercana y tambi\u00e9n puede mantener buenos efectos de visualizaci\u00f3n a una distancia ligeramente mayor. 3. Brillo y rendimiento de color: Con un alto brillo de 5500 y un excelente rendimiento de color, puede mostrar claramente el contenido en diferentes condiciones de luz ambiental, con colores brillantes y realistas.","robots":{"index":"index","follow":"follow","max-snippet":"max-snippet:-1","max-image-preview":"max-image-preview:large","max-video-preview":"max-video-preview:-1"},"canonical":"https:\/\/cob-leddisplay.com\/es\/modulo-led-p5\/","og_locale":"es_ES","og_type":"article","og_title":"P5 LED Module Outdoor","og_description":"7 reasons to choose P5 LED modules for outdoor LED displays:1. High definition: P5 means that the pixel pitch is 5 mm, and there are 40,000 LED pixels per square meter. A 50 square meter P5 LED display will be able to achieve a resolution of 2K, providing clear and delicate image display effects. Suitable for scenes that have certain requirements on image quality.2. Better viewing distance: Within the viewing distance range of 3-50, it can ensure the clarity and color reproduction of the image, which is suitable for close viewing and can also maintain good display effects at a slightly farther distance.3. Brightness and color performance: With a high brightness of 5500 and excellent color performance, it can clearly display content under different ambient light conditions, with bright and realistic colors.","og_url":"https:\/\/cob-leddisplay.com\/es\/modulo-led-p5\/","og_site_name":"Top Shine LED Display Screen","article_modified_time":"2025-05-14T11:31:30+00:00","twitter_card":"summary_large_image","schema":{"@context":"https:\/\/schema.org","@graph":[{"@type":"WebPage","@id":"https:\/\/cob-leddisplay.com\/p5-led-module\/","url":"https:\/\/cob-leddisplay.com\/p5-led-module\/","name":"M\u00f3dulo LED P5 para exteriores","isPartOf":{"@id":"https:\/\/cob-leddisplay.com\/#website"},"datePublished":"2024-07-27T07:25:44+00:00","dateModified":"2025-05-14T11:31:30+00:00","description":"7 razones para elegir m\u00f3dulos LED P5 para pantallas LED de exterior: 1. Alta definici\u00f3n: P5 significa que la distancia entre p\u00edxeles es de 5 mm y hay 40.000 p\u00edxeles LED por metro cuadrado. Una pantalla LED P5 de 50 metros cuadrados podr\u00e1 alcanzar una resoluci\u00f3n de 2K, proporcionando efectos de visualizaci\u00f3n de imagen n\u00edtidos y delicados. Ideal para escenas con ciertos requisitos de calidad de imagen. 2. Mejor distancia de visualizaci\u00f3n: Dentro del rango de distancia de visualizaci\u00f3n de 3-50, puede garantizar la claridad y la reproducci\u00f3n del color de la imagen, lo cual es adecuado para la visualizaci\u00f3n cercana y tambi\u00e9n puede mantener buenos efectos de visualizaci\u00f3n a una distancia ligeramente mayor. 3. Brillo y rendimiento de color: Con un alto brillo de 5500 y un excelente rendimiento de color, puede mostrar claramente el contenido en diferentes condiciones de luz ambiental, con colores brillantes y realistas.","breadcrumb":{"@id":"https:\/\/cob-leddisplay.com\/p5-led-module\/#breadcrumb"},"inLanguage":"es","potentialAction":[{"@type":"ReadAction","target":["https:\/\/cob-leddisplay.com\/p5-led-module\/"]}]},{"@type":"BreadcrumbList","@id":"https:\/\/cob-leddisplay.com\/p5-led-module\/#breadcrumb","itemListElement":[{"@type":"ListItem","position":1,"name":"Home","item":"https:\/\/cob-leddisplay.com\/"},{"@type":"ListItem","position":2,"name":"LED Display Module","item":"https:\/\/cob-leddisplay.com\/led-display-module\/"},{"@type":"ListItem","position":3,"name":"Outdoor LED Modules","item":"https:\/\/cob-leddisplay.com\/outdoor-led-modules\/"},{"@type":"ListItem","position":4,"name":"P5 LED Module"}]},{"@type":"WebSite","@id":"https:\/\/cob-leddisplay.com\/#website","url":"https:\/\/cob-leddisplay.com\/","name":"Alquiler de pantallas LED COB Fabricante de videowall LED 3D","description":"Fabricante de pantallas LED, tableros de visualizaci\u00f3n LED, videowall LED, pantalla LED flexible, se\u00f1ales LED de tr\u00e1fico, se\u00f1ales de mensaje variable, pantalla de se\u00f1alizaci\u00f3n digital, pantalla LED personalizada, pantalla LED para estadios, se\u00f1alizaci\u00f3n digital para comercios, tarjeta LED, pantalla LED perimetral, pantalla LED para eventos, pantalla LED de alquiler para exteriores, pantalla LED para escenarios, suelo de pantalla LED, m\u00f3dulos LED para exteriores, panel de pantalla LED, panel de visualizaci\u00f3n LED, pantalla LED para interiores, m\u00f3dulo LED DIP P10, panel LED flexible, panel de pared LED, pantalla LED COB, fabricante de pantallas LED transparentes, pantalla LED de malla, pantalla LED transparente, videowall LED flexible, pantalla de informaci\u00f3n para pasajeros, tableros LED de destino para autobuses, cruz LED para farmacias, p\u00f3ster LED, pantalla LED publicitaria, pantalla LED redonda, fabricante de vallas publicitarias LED, per\u00edmetro LED, pantalla LED para comercios, pantalla LED de alquiler, pared LED de alquiler, m\u00f3dulo LED para exteriores P2.5, m\u00f3dulo LED para exteriores P3, m\u00f3dulo LED P4, panel LED P4, panel LED P5, videowall LED para exteriores, tablero de visualizaci\u00f3n para autobuses, pantalla para escenarios, m\u00f3dulos LED RGB, panel de pantalla LED para exteriores, m\u00f3dulo LED P10, m\u00f3dulo LED para exteriores P5, LED P3 Panel, m\u00f3dulo LED p2.5, paneles LED p10, pantalla LED personalizable, paneles de video LED, pantalla LED exterior p6, pared LED flexible, se\u00f1al de tr\u00e1fico LED, se\u00f1ales de velocidad de radar, pantalla LED p10, pared LED p4, pantalla LED p10 RGB, fabricantes de videowalls LED, alquiler de videowalls LED, panel LED P2, m\u00f3dulo LED P3, m\u00f3dulo LED P1.25, pantalla LED circular","potentialAction":[{"@type":"SearchAction","target":{"@type":"EntryPoint","urlTemplate":"https:\/\/cob-leddisplay.com\/?s={search_term_string}"},"query-input":{"@type":"PropertyValueSpecification","valueRequired":true,"valueName":"search_term_string"}}],"inLanguage":"es"}]}},"_links":{"self":[{"href":"https:\/\/cob-leddisplay.com\/es\/wp-json\/wp\/v2\/pages\/14025","targetHints":{"allow":["GET"]}}],"collection":[{"href":"https:\/\/cob-leddisplay.com\/es\/wp-json\/wp\/v2\/pages"}],"about":[{"href":"https:\/\/cob-leddisplay.com\/es\/wp-json\/wp\/v2\/types\/page"}],"author":[{"embeddable":true,"href":"https:\/\/cob-leddisplay.com\/es\/wp-json\/wp\/v2\/users\/1"}],"replies":[{"embeddable":true,"href":"https:\/\/cob-leddisplay.com\/es\/wp-json\/wp\/v2\/comments?post=14025"}],"version-history":[{"count":0,"href":"https:\/\/cob-leddisplay.com\/es\/wp-json\/wp\/v2\/pages\/14025\/revisions"}],"up":[{"embeddable":true,"href":"https:\/\/cob-leddisplay.com\/es\/wp-json\/wp\/v2\/pages\/13211"}],"wp:attachment":[{"href":"https:\/\/cob-leddisplay.com\/es\/wp-json\/wp\/v2\/media?parent=14025"}],"curies":[{"name":"gracias","href":"https:\/\/api.w.org\/{rel}","templated":true}]}}