{"id":13999,"date":"2024-07-19T05:07:45","date_gmt":"2024-07-19T05:07:45","guid":{"rendered":"https:\/\/cob-leddisplay.com\/?page_id=13999"},"modified":"2025-04-19T05:33:47","modified_gmt":"2025-04-19T05:33:47","slug":"modulo-led-dip-p10","status":"publish","type":"page","link":"https:\/\/cob-leddisplay.com\/es\/modulo-led-dip-p10\/","title":{"rendered":"M\u00f3dulo LED DIP P10"},"content":{"rendered":"","protected":false},"excerpt":{"rendered":"","protected":false},"author":1,"featured_media":0,"parent":13631,"menu_order":0,"comment_status":"closed","ping_status":"closed","template":"product-category3.php","meta":{"_acf_changed":false,"site-sidebar-layout":"no-sidebar","site-content-layout":"page-builder","ast-site-content-layout":"full-width-container","site-content-style":"unboxed","site-sidebar-style":"unboxed","ast-global-header-display":"","ast-banner-title-visibility":"","ast-main-header-display":"","ast-hfb-above-header-display":"","ast-hfb-below-header-display":"","ast-hfb-mobile-header-display":"","site-post-title":"disabled","ast-breadcrumbs-content":"disabled","ast-featured-img":"disabled","footer-sml-layout":"","ast-disable-related-posts":"","theme-transparent-header-meta":"default","adv-header-id-meta":"","stick-header-meta":"default","header-above-stick-meta":"","header-main-stick-meta":"","header-below-stick-meta":"","astra-migrate-meta-layouts":"set","ast-page-background-enabled":"default","ast-page-background-meta":{"desktop":{"background-color":"","background-image":"","background-repeat":"repeat","background-position":"center center","background-size":"auto","background-attachment":"scroll","background-type":"","background-media":"","overlay-type":"","overlay-color":"","overlay-opacity":"","overlay-gradient":""},"tablet":{"background-color":"","background-image":"","background-repeat":"repeat","background-position":"center center","background-size":"auto","background-attachment":"scroll","background-type":"","background-media":"","overlay-type":"","overlay-color":"","overlay-opacity":"","overlay-gradient":""},"mobile":{"background-color":"","background-image":"","background-repeat":"repeat","background-position":"center center","background-size":"auto","background-attachment":"scroll","background-type":"","background-media":"","overlay-type":"","overlay-color":"","overlay-opacity":"","overlay-gradient":""}},"ast-content-background-meta":{"desktop":{"background-color":"var(--ast-global-color-5)","background-image":"","background-repeat":"repeat","background-position":"center center","background-size":"auto","background-attachment":"scroll","background-type":"","background-media":"","overlay-type":"","overlay-color":"","overlay-opacity":"","overlay-gradient":""},"tablet":{"background-color":"var(--ast-global-color-5)","background-image":"","background-repeat":"repeat","background-position":"center center","background-size":"auto","background-attachment":"scroll","background-type":"","background-media":"","overlay-type":"","overlay-color":"","overlay-opacity":"","overlay-gradient":""},"mobile":{"background-color":"var(--ast-global-color-5)","background-image":"","background-repeat":"repeat","background-position":"center center","background-size":"auto","background-attachment":"scroll","background-type":"","background-media":"","overlay-type":"","overlay-color":"","overlay-opacity":"","overlay-gradient":""}},"footnotes":""},"class_list":["post-13999","page","type-page","status-publish","hentry"],"acf":[],"yoast_head":"<!-- This site is optimized with the Yoast SEO plugin v27.3 - https:\/\/yoast.com\/product\/yoast-seo-wordpress\/ -->\n<title>P10 DIP LED Module<\/title>\n<meta name=\"robots\" content=\"index, follow, max-snippet:-1, max-image-preview:large, max-video-preview:-1\" \/>\n<link rel=\"canonical\" href=\"https:\/\/cob-leddisplay.com\/es\/modulo-led-dip-p10\/\" \/>\n<meta property=\"og:locale\" content=\"es_ES\" \/>\n<meta property=\"og:type\" content=\"article\" \/>\n<meta property=\"og:title\" content=\"P10 DIP LED Module\" \/>\n<meta property=\"og:url\" content=\"https:\/\/cob-leddisplay.com\/es\/modulo-led-dip-p10\/\" \/>\n<meta property=\"og:site_name\" content=\"Top Shine LED Display Screen\" \/>\n<meta property=\"article:modified_time\" content=\"2025-04-19T05:33:47+00:00\" \/>\n<meta name=\"twitter:card\" content=\"summary_large_image\" \/>\n<script type=\"application\/ld+json\" class=\"yoast-schema-graph\">{\"@context\":\"https:\\\/\\\/schema.org\",\"@graph\":[{\"@type\":\"WebPage\",\"@id\":\"https:\\\/\\\/cob-leddisplay.com\\\/p10-dip-led-module\\\/\",\"url\":\"https:\\\/\\\/cob-leddisplay.com\\\/p10-dip-led-module\\\/\",\"name\":\"P10 DIP LED Module\",\"isPartOf\":{\"@id\":\"https:\\\/\\\/cob-leddisplay.com\\\/#website\"},\"datePublished\":\"2024-07-19T05:07:45+00:00\",\"dateModified\":\"2025-04-19T05:33:47+00:00\",\"breadcrumb\":{\"@id\":\"https:\\\/\\\/cob-leddisplay.com\\\/p10-dip-led-module\\\/#breadcrumb\"},\"inLanguage\":\"es\",\"potentialAction\":[{\"@type\":\"ReadAction\",\"target\":[\"https:\\\/\\\/cob-leddisplay.com\\\/p10-dip-led-module\\\/\"]}]},{\"@type\":\"BreadcrumbList\",\"@id\":\"https:\\\/\\\/cob-leddisplay.com\\\/p10-dip-led-module\\\/#breadcrumb\",\"itemListElement\":[{\"@type\":\"ListItem\",\"position\":1,\"name\":\"Home\",\"item\":\"https:\\\/\\\/cob-leddisplay.com\\\/\"},{\"@type\":\"ListItem\",\"position\":2,\"name\":\"LED Display Module\",\"item\":\"https:\\\/\\\/cob-leddisplay.com\\\/led-display-module\\\/\"},{\"@type\":\"ListItem\",\"position\":3,\"name\":\"DIP LED Screen\",\"item\":\"https:\\\/\\\/cob-leddisplay.com\\\/dip-led-screen\\\/\"},{\"@type\":\"ListItem\",\"position\":4,\"name\":\"P10 DIP LED Module\"}]},{\"@type\":\"WebSite\",\"@id\":\"https:\\\/\\\/cob-leddisplay.com\\\/#website\",\"url\":\"https:\\\/\\\/cob-leddisplay.com\\\/\",\"name\":\"COB LED Display Screen Rental 3D LED Video Wall Manufacturer\",\"description\":\"LED Display Manufacturer, LED Display board, LED Video wall, Flexible led screen, Traffic led signs, Variable Message Signs, Digital Signage Display, custom led display, stadium led display screen, Retail Digital Signage, LED card, Perimeter led display, LED Display for events, outdoor rental led screen, Stage LED Screen, LED screen floor, Outdoor LED Modules, LED screen panel, LED display panel, led panel screen indoor, P10 DIP LED MODULE, Flexible LED Panel, LED Wall panel, cob LED screen, transparent led screen manufacturer, LED Mesh screen, Transparent LED Display Screen, Flexible led video wall, passenger information display, LED Bus Destination Display boards, LED Pharmacy cross, LED Poster, advertising led screen, round led screen, LED Billboard manufacturer, LED perimeter, Retail led display, rental led screen, rental led wall, P2.5 Outdoor LED Module, p3 outdoor led module, p4 led module, P4 led panel, p5 led panel, outdoor led video wall, bus display board, Stage Screen, rgb led modules, outdoor led screen panel, p10 led module, p5 outdoor led module, P3 LED panel, p2.5 led module, P10 LED panles, customizable led display, Led video panels, p6 outdoor led display, flexible led wall, LED Road Sign, Radar Speed Signs, led p10 display, led wall p4, p10 rgb led display, led video wall manufacturers, led video wall rental, P2 LED PANEL, P3 LED module, P1.25 LED MODULE, circle led screen\",\"potentialAction\":[{\"@type\":\"SearchAction\",\"target\":{\"@type\":\"EntryPoint\",\"urlTemplate\":\"https:\\\/\\\/cob-leddisplay.com\\\/?s={search_term_string}\"},\"query-input\":{\"@type\":\"PropertyValueSpecification\",\"valueRequired\":true,\"valueName\":\"search_term_string\"}}],\"inLanguage\":\"es\"}]}<\/script>\n<!-- \/ Yoast SEO plugin. -->","yoast_head_json":{"title":"M\u00f3dulo LED DIP P10","robots":{"index":"index","follow":"follow","max-snippet":"max-snippet:-1","max-image-preview":"max-image-preview:large","max-video-preview":"max-video-preview:-1"},"canonical":"https:\/\/cob-leddisplay.com\/es\/modulo-led-dip-p10\/","og_locale":"es_ES","og_type":"article","og_title":"P10 DIP LED Module","og_url":"https:\/\/cob-leddisplay.com\/es\/modulo-led-dip-p10\/","og_site_name":"Top Shine LED Display Screen","article_modified_time":"2025-04-19T05:33:47+00:00","twitter_card":"summary_large_image","schema":{"@context":"https:\/\/schema.org","@graph":[{"@type":"WebPage","@id":"https:\/\/cob-leddisplay.com\/p10-dip-led-module\/","url":"https:\/\/cob-leddisplay.com\/p10-dip-led-module\/","name":"M\u00f3dulo LED DIP P10","isPartOf":{"@id":"https:\/\/cob-leddisplay.com\/#website"},"datePublished":"2024-07-19T05:07:45+00:00","dateModified":"2025-04-19T05:33:47+00:00","breadcrumb":{"@id":"https:\/\/cob-leddisplay.com\/p10-dip-led-module\/#breadcrumb"},"inLanguage":"es","potentialAction":[{"@type":"ReadAction","target":["https:\/\/cob-leddisplay.com\/p10-dip-led-module\/"]}]},{"@type":"BreadcrumbList","@id":"https:\/\/cob-leddisplay.com\/p10-dip-led-module\/#breadcrumb","itemListElement":[{"@type":"ListItem","position":1,"name":"Home","item":"https:\/\/cob-leddisplay.com\/"},{"@type":"ListItem","position":2,"name":"LED Display Module","item":"https:\/\/cob-leddisplay.com\/led-display-module\/"},{"@type":"ListItem","position":3,"name":"DIP LED Screen","item":"https:\/\/cob-leddisplay.com\/dip-led-screen\/"},{"@type":"ListItem","position":4,"name":"P10 DIP LED Module"}]},{"@type":"WebSite","@id":"https:\/\/cob-leddisplay.com\/#website","url":"https:\/\/cob-leddisplay.com\/","name":"Alquiler de pantallas LED COB Fabricante de videowall LED 3D","description":"Fabricante de pantallas LED, tableros de visualizaci\u00f3n LED, videowall LED, pantalla LED flexible, se\u00f1ales LED de tr\u00e1fico, se\u00f1ales de mensaje variable, pantalla de se\u00f1alizaci\u00f3n digital, pantalla LED personalizada, pantalla LED para estadios, se\u00f1alizaci\u00f3n digital para comercios, tarjeta LED, pantalla LED perimetral, pantalla LED para eventos, pantalla LED de alquiler para exteriores, pantalla LED para escenarios, suelo de pantalla LED, m\u00f3dulos LED para exteriores, panel de pantalla LED, panel de visualizaci\u00f3n LED, pantalla LED para interiores, m\u00f3dulo LED DIP P10, panel LED flexible, panel de pared LED, pantalla LED COB, fabricante de pantallas LED transparentes, pantalla LED de malla, pantalla LED transparente, videowall LED flexible, pantalla de informaci\u00f3n para pasajeros, tableros LED de destino para autobuses, cruz LED para farmacias, p\u00f3ster LED, pantalla LED publicitaria, pantalla LED redonda, fabricante de vallas publicitarias LED, per\u00edmetro LED, pantalla LED para comercios, pantalla LED de alquiler, pared LED de alquiler, m\u00f3dulo LED para exteriores P2.5, m\u00f3dulo LED para exteriores P3, m\u00f3dulo LED P4, panel LED P4, panel LED P5, videowall LED para exteriores, tablero de visualizaci\u00f3n para autobuses, pantalla para escenarios, m\u00f3dulos LED RGB, panel de pantalla LED para exteriores, m\u00f3dulo LED P10, m\u00f3dulo LED para exteriores P5, LED P3 Panel, m\u00f3dulo LED p2.5, paneles LED p10, pantalla LED personalizable, paneles de video LED, pantalla LED exterior p6, pared LED flexible, se\u00f1al de tr\u00e1fico LED, se\u00f1ales de velocidad de radar, pantalla LED p10, pared LED p4, pantalla LED p10 RGB, fabricantes de videowalls LED, alquiler de videowalls LED, panel LED P2, m\u00f3dulo LED P3, m\u00f3dulo LED P1.25, pantalla LED circular","potentialAction":[{"@type":"SearchAction","target":{"@type":"EntryPoint","urlTemplate":"https:\/\/cob-leddisplay.com\/?s={search_term_string}"},"query-input":{"@type":"PropertyValueSpecification","valueRequired":true,"valueName":"search_term_string"}}],"inLanguage":"es"}]}},"_links":{"self":[{"href":"https:\/\/cob-leddisplay.com\/es\/wp-json\/wp\/v2\/pages\/13999","targetHints":{"allow":["GET"]}}],"collection":[{"href":"https:\/\/cob-leddisplay.com\/es\/wp-json\/wp\/v2\/pages"}],"about":[{"href":"https:\/\/cob-leddisplay.com\/es\/wp-json\/wp\/v2\/types\/page"}],"author":[{"embeddable":true,"href":"https:\/\/cob-leddisplay.com\/es\/wp-json\/wp\/v2\/users\/1"}],"replies":[{"embeddable":true,"href":"https:\/\/cob-leddisplay.com\/es\/wp-json\/wp\/v2\/comments?post=13999"}],"version-history":[{"count":0,"href":"https:\/\/cob-leddisplay.com\/es\/wp-json\/wp\/v2\/pages\/13999\/revisions"}],"up":[{"embeddable":true,"href":"https:\/\/cob-leddisplay.com\/es\/wp-json\/wp\/v2\/pages\/13631"}],"wp:attachment":[{"href":"https:\/\/cob-leddisplay.com\/es\/wp-json\/wp\/v2\/media?parent=13999"}],"curies":[{"name":"gracias","href":"https:\/\/api.w.org\/{rel}","templated":true}]}}