{"id":14006,"date":"2024-07-20T08:58:54","date_gmt":"2024-07-20T08:58:54","guid":{"rendered":"https:\/\/cob-leddisplay.com\/?page_id=14006"},"modified":"2025-05-14T11:31:12","modified_gmt":"2025-05-14T11:31:12","slug":"led-videowand-fur-den-ausenbereich","status":"publish","type":"page","link":"https:\/\/cob-leddisplay.com\/de\/led-videowand-fur-den-ausenbereich\/","title":{"rendered":"LED-Videowand f\u00fcr den Au\u00dfenbereich"},"content":{"rendered":"","protected":false},"excerpt":{"rendered":"","protected":false},"author":1,"featured_media":0,"parent":12256,"menu_order":0,"comment_status":"closed","ping_status":"closed","template":"product-category3.php","meta":{"_acf_changed":false,"site-sidebar-layout":"no-sidebar","site-content-layout":"page-builder","ast-site-content-layout":"full-width-container","site-content-style":"unboxed","site-sidebar-style":"unboxed","ast-global-header-display":"","ast-banner-title-visibility":"","ast-main-header-display":"","ast-hfb-above-header-display":"","ast-hfb-below-header-display":"","ast-hfb-mobile-header-display":"","site-post-title":"disabled","ast-breadcrumbs-content":"disabled","ast-featured-img":"disabled","footer-sml-layout":"","ast-disable-related-posts":"","theme-transparent-header-meta":"default","adv-header-id-meta":"","stick-header-meta":"default","header-above-stick-meta":"","header-main-stick-meta":"","header-below-stick-meta":"","astra-migrate-meta-layouts":"set","ast-page-background-enabled":"default","ast-page-background-meta":{"desktop":{"background-color":"","background-image":"","background-repeat":"repeat","background-position":"center center","background-size":"auto","background-attachment":"scroll","background-type":"","background-media":"","overlay-type":"","overlay-color":"","overlay-opacity":"","overlay-gradient":""},"tablet":{"background-color":"","background-image":"","background-repeat":"repeat","background-position":"center center","background-size":"auto","background-attachment":"scroll","background-type":"","background-media":"","overlay-type":"","overlay-color":"","overlay-opacity":"","overlay-gradient":""},"mobile":{"background-color":"","background-image":"","background-repeat":"repeat","background-position":"center center","background-size":"auto","background-attachment":"scroll","background-type":"","background-media":"","overlay-type":"","overlay-color":"","overlay-opacity":"","overlay-gradient":""}},"ast-content-background-meta":{"desktop":{"background-color":"var(--ast-global-color-5)","background-image":"","background-repeat":"repeat","background-position":"center center","background-size":"auto","background-attachment":"scroll","background-type":"","background-media":"","overlay-type":"","overlay-color":"","overlay-opacity":"","overlay-gradient":""},"tablet":{"background-color":"var(--ast-global-color-5)","background-image":"","background-repeat":"repeat","background-position":"center center","background-size":"auto","background-attachment":"scroll","background-type":"","background-media":"","overlay-type":"","overlay-color":"","overlay-opacity":"","overlay-gradient":""},"mobile":{"background-color":"var(--ast-global-color-5)","background-image":"","background-repeat":"repeat","background-position":"center center","background-size":"auto","background-attachment":"scroll","background-type":"","background-media":"","overlay-type":"","overlay-color":"","overlay-opacity":"","overlay-gradient":""}},"footnotes":""},"class_list":["post-14006","page","type-page","status-publish","hentry"],"acf":[],"yoast_head":"<!-- This site is optimized with the Yoast SEO plugin v27.4 - https:\/\/yoast.com\/product\/yoast-seo-wordpress\/ -->\n<title>Outdoor LED Video Wall<\/title>\n<meta name=\"description\" content=\"The price of outdoor LED video walls generally ranges from US$200 to US$1,000 per square meter,but the specific price will be affected by many factors, such as screen point spacing, brightness, resolution, brand, chips and materials used, etc.Generally speaking, the smaller the pixel pitch, the higher the brightness and resolution of the outdoor LED video wall, the higher the price will be. Common outdoor LED display pixel pitches include P2, P2.5, P3, P4, P5, P6, P8, P10, P12, P16, etc. (P stands for pixel pitch, the smaller the number, the higher the pixel density and the clearer the picture) .In addition, prices may vary between brands and manufacturers. Some well-known brands or products with higher quality and performance may be relatively more expensive. At the same time, the quantity purchased, installation method and supporting equipment will also have an impact on the overall price.When choosing, in addition to price factors, you should also consider product quality, after-sales service, and the reputation of the manufacturer.\" \/>\n<meta name=\"robots\" content=\"index, follow, max-snippet:-1, max-image-preview:large, max-video-preview:-1\" \/>\n<link rel=\"canonical\" href=\"https:\/\/cob-leddisplay.com\/de\/led-videowand-fur-den-ausenbereich\/\" \/>\n<meta property=\"og:locale\" content=\"de_DE\" \/>\n<meta property=\"og:type\" content=\"article\" \/>\n<meta property=\"og:title\" content=\"Outdoor LED Video Wall\" \/>\n<meta property=\"og:description\" content=\"The price of outdoor LED video walls generally ranges from US$200 to US$1,000 per square meter,but the specific price will be affected by many factors, such as screen point spacing, brightness, resolution, brand, chips and materials used, etc.Generally speaking, the smaller the pixel pitch, the higher the brightness and resolution of the outdoor LED video wall, the higher the price will be. Common outdoor LED display pixel pitches include P2, P2.5, P3, P4, P5, P6, P8, P10, P12, P16, etc. (P stands for pixel pitch, the smaller the number, the higher the pixel density and the clearer the picture) .In addition, prices may vary between brands and manufacturers. Some well-known brands or products with higher quality and performance may be relatively more expensive. At the same time, the quantity purchased, installation method and supporting equipment will also have an impact on the overall price.When choosing, in addition to price factors, you should also consider product quality, after-sales service, and the reputation of the manufacturer.\" \/>\n<meta property=\"og:url\" content=\"https:\/\/cob-leddisplay.com\/de\/led-videowand-fur-den-ausenbereich\/\" \/>\n<meta property=\"og:site_name\" content=\"Top Shine LED Display Screen\" \/>\n<meta property=\"article:modified_time\" content=\"2025-05-14T11:31:12+00:00\" \/>\n<meta name=\"twitter:card\" content=\"summary_large_image\" \/>\n<script type=\"application\/ld+json\" class=\"yoast-schema-graph\">{\"@context\":\"https:\\\/\\\/schema.org\",\"@graph\":[{\"@type\":\"WebPage\",\"@id\":\"https:\\\/\\\/cob-leddisplay.com\\\/outdoor-led-video-wall\\\/\",\"url\":\"https:\\\/\\\/cob-leddisplay.com\\\/outdoor-led-video-wall\\\/\",\"name\":\"Outdoor LED Video Wall\",\"isPartOf\":{\"@id\":\"https:\\\/\\\/cob-leddisplay.com\\\/#website\"},\"datePublished\":\"2024-07-20T08:58:54+00:00\",\"dateModified\":\"2025-05-14T11:31:12+00:00\",\"description\":\"The price of outdoor LED video walls generally ranges from US$200 to US$1,000 per square meter,but the specific price will be affected by many factors, such as screen point spacing, brightness, resolution, brand, chips and materials used, etc.Generally speaking, the smaller the pixel pitch, the higher the brightness and resolution of the outdoor LED video wall, the higher the price will be. Common outdoor LED display pixel pitches include P2, P2.5, P3, P4, P5, P6, P8, P10, P12, P16, etc. (P stands for pixel pitch, the smaller the number, the higher the pixel density and the clearer the picture) .In addition, prices may vary between brands and manufacturers. Some well-known brands or products with higher quality and performance may be relatively more expensive. At the same time, the quantity purchased, installation method and supporting equipment will also have an impact on the overall price.When choosing, in addition to price factors, you should also consider product quality, after-sales service, and the reputation of the manufacturer.\",\"breadcrumb\":{\"@id\":\"https:\\\/\\\/cob-leddisplay.com\\\/outdoor-led-video-wall\\\/#breadcrumb\"},\"inLanguage\":\"de\",\"potentialAction\":[{\"@type\":\"ReadAction\",\"target\":[\"https:\\\/\\\/cob-leddisplay.com\\\/outdoor-led-video-wall\\\/\"]}]},{\"@type\":\"BreadcrumbList\",\"@id\":\"https:\\\/\\\/cob-leddisplay.com\\\/outdoor-led-video-wall\\\/#breadcrumb\",\"itemListElement\":[{\"@type\":\"ListItem\",\"position\":1,\"name\":\"Home\",\"item\":\"https:\\\/\\\/cob-leddisplay.com\\\/\"},{\"@type\":\"ListItem\",\"position\":2,\"name\":\"LED Video Wall\",\"item\":\"https:\\\/\\\/cob-leddisplay.com\\\/led-video-wall\\\/\"},{\"@type\":\"ListItem\",\"position\":3,\"name\":\"Outdoor LED Video Wall\"}]},{\"@type\":\"WebSite\",\"@id\":\"https:\\\/\\\/cob-leddisplay.com\\\/#website\",\"url\":\"https:\\\/\\\/cob-leddisplay.com\\\/\",\"name\":\"COB LED Display Screen Rental 3D LED Video Wall Manufacturer\",\"description\":\"LED Display Manufacturer, LED Display board, LED Video wall, Flexible led screen, Traffic led signs, Variable Message Signs, Digital Signage Display, custom led display, stadium led display screen, Retail Digital Signage, LED card, Perimeter led display, LED Display for events, outdoor rental led screen, Stage LED Screen, LED screen floor, Outdoor LED Modules, LED screen panel, LED display panel, led panel screen indoor, P10 DIP LED MODULE, Flexible LED Panel, LED Wall panel, cob LED screen, transparent led screen manufacturer, LED Mesh screen, Transparent LED Display Screen, Flexible led video wall, passenger information display, LED Bus Destination Display boards, LED Pharmacy cross, LED Poster, advertising led screen, round led screen, LED Billboard manufacturer, LED perimeter, Retail led display, rental led screen, rental led wall, P2.5 Outdoor LED Module, p3 outdoor led module, p4 led module, P4 led panel, p5 led panel, outdoor led video wall, bus display board, Stage Screen, rgb led modules, outdoor led screen panel, p10 led module, p5 outdoor led module, P3 LED panel, p2.5 led module, P10 LED panles, customizable led display, Led video panels, p6 outdoor led display, flexible led wall, LED Road Sign, Radar Speed Signs, led p10 display, led wall p4, p10 rgb led display, led video wall manufacturers, led video wall rental, P2 LED PANEL, P3 LED module, P1.25 LED MODULE, circle led screen\",\"potentialAction\":[{\"@type\":\"SearchAction\",\"target\":{\"@type\":\"EntryPoint\",\"urlTemplate\":\"https:\\\/\\\/cob-leddisplay.com\\\/?s={search_term_string}\"},\"query-input\":{\"@type\":\"PropertyValueSpecification\",\"valueRequired\":true,\"valueName\":\"search_term_string\"}}],\"inLanguage\":\"de\"}]}<\/script>\n<!-- \/ Yoast SEO plugin. -->","yoast_head_json":{"title":"LED-Videowand f\u00fcr den Au\u00dfenbereich","description":"Der Preis f\u00fcr LED-Videow\u00e4nde f\u00fcr den Au\u00dfenbereich liegt in der Regel zwischen 1,5 und 4,5 Millionen US-Dollar pro Quadratmeter. Der genaue Preis wird jedoch von vielen Faktoren beeinflusst, wie z. B. Bildschirmpunktabstand, Helligkeit, Aufl\u00f6sung, Marke, Chips und verwendeten Materialien usw. Generell gilt: Je kleiner der Pixelabstand, desto h\u00f6her die Helligkeit und Aufl\u00f6sung der LED-Videowand f\u00fcr den Au\u00dfenbereich, desto h\u00f6her der Preis. G\u00e4ngige Pixelabst\u00e4nde f\u00fcr LED-Displays im Au\u00dfenbereich sind P2, P2,5, P3, P4, P5, P6, P8, P10, P12, P16 usw. (P steht f\u00fcr Pixelabstand. Je kleiner die Zahl, desto h\u00f6her die Pixeldichte und desto klarer das Bild.) Dar\u00fcber hinaus k\u00f6nnen die Preise je nach Marke und Hersteller variieren. Einige bekannte Marken oder Produkte mit h\u00f6herer Qualit\u00e4t und Leistung k\u00f6nnen relativ teurer sein. Gleichzeitig wirken sich auch die gekaufte Menge, die Installationsmethode und die unterst\u00fctzende Ausr\u00fcstung auf den Gesamtpreis aus. Bei der Auswahl sollten Sie neben Preisfaktoren auch die Produktqualit\u00e4t, den Kundendienst und den Ruf des Herstellers ber\u00fccksichtigen.","robots":{"index":"index","follow":"follow","max-snippet":"max-snippet:-1","max-image-preview":"max-image-preview:large","max-video-preview":"max-video-preview:-1"},"canonical":"https:\/\/cob-leddisplay.com\/de\/led-videowand-fur-den-ausenbereich\/","og_locale":"de_DE","og_type":"article","og_title":"Outdoor LED Video Wall","og_description":"The price of outdoor LED video walls generally ranges from US$200 to US$1,000 per square meter,but the specific price will be affected by many factors, such as screen point spacing, brightness, resolution, brand, chips and materials used, etc.Generally speaking, the smaller the pixel pitch, the higher the brightness and resolution of the outdoor LED video wall, the higher the price will be. Common outdoor LED display pixel pitches include P2, P2.5, P3, P4, P5, P6, P8, P10, P12, P16, etc. (P stands for pixel pitch, the smaller the number, the higher the pixel density and the clearer the picture) .In addition, prices may vary between brands and manufacturers. Some well-known brands or products with higher quality and performance may be relatively more expensive. At the same time, the quantity purchased, installation method and supporting equipment will also have an impact on the overall price.When choosing, in addition to price factors, you should also consider product quality, after-sales service, and the reputation of the manufacturer.","og_url":"https:\/\/cob-leddisplay.com\/de\/led-videowand-fur-den-ausenbereich\/","og_site_name":"Top Shine LED Display Screen","article_modified_time":"2025-05-14T11:31:12+00:00","twitter_card":"summary_large_image","schema":{"@context":"https:\/\/schema.org","@graph":[{"@type":"WebPage","@id":"https:\/\/cob-leddisplay.com\/outdoor-led-video-wall\/","url":"https:\/\/cob-leddisplay.com\/outdoor-led-video-wall\/","name":"LED-Videowand f\u00fcr den Au\u00dfenbereich","isPartOf":{"@id":"https:\/\/cob-leddisplay.com\/#website"},"datePublished":"2024-07-20T08:58:54+00:00","dateModified":"2025-05-14T11:31:12+00:00","description":"Der Preis f\u00fcr LED-Videow\u00e4nde f\u00fcr den Au\u00dfenbereich liegt in der Regel zwischen 1,5 und 4,5 Millionen US-Dollar pro Quadratmeter. Der genaue Preis wird jedoch von vielen Faktoren beeinflusst, wie z. B. Bildschirmpunktabstand, Helligkeit, Aufl\u00f6sung, Marke, Chips und verwendeten Materialien usw. Generell gilt: Je kleiner der Pixelabstand, desto h\u00f6her die Helligkeit und Aufl\u00f6sung der LED-Videowand f\u00fcr den Au\u00dfenbereich, desto h\u00f6her der Preis. G\u00e4ngige Pixelabst\u00e4nde f\u00fcr LED-Displays im Au\u00dfenbereich sind P2, P2,5, P3, P4, P5, P6, P8, P10, P12, P16 usw. (P steht f\u00fcr Pixelabstand. Je kleiner die Zahl, desto h\u00f6her die Pixeldichte und desto klarer das Bild.) Dar\u00fcber hinaus k\u00f6nnen die Preise je nach Marke und Hersteller variieren. Einige bekannte Marken oder Produkte mit h\u00f6herer Qualit\u00e4t und Leistung k\u00f6nnen relativ teurer sein. Gleichzeitig wirken sich auch die gekaufte Menge, die Installationsmethode und die unterst\u00fctzende Ausr\u00fcstung auf den Gesamtpreis aus. Bei der Auswahl sollten Sie neben Preisfaktoren auch die Produktqualit\u00e4t, den Kundendienst und den Ruf des Herstellers ber\u00fccksichtigen.","breadcrumb":{"@id":"https:\/\/cob-leddisplay.com\/outdoor-led-video-wall\/#breadcrumb"},"inLanguage":"de","potentialAction":[{"@type":"ReadAction","target":["https:\/\/cob-leddisplay.com\/outdoor-led-video-wall\/"]}]},{"@type":"BreadcrumbList","@id":"https:\/\/cob-leddisplay.com\/outdoor-led-video-wall\/#breadcrumb","itemListElement":[{"@type":"ListItem","position":1,"name":"Home","item":"https:\/\/cob-leddisplay.com\/"},{"@type":"ListItem","position":2,"name":"LED Video Wall","item":"https:\/\/cob-leddisplay.com\/led-video-wall\/"},{"@type":"ListItem","position":3,"name":"Outdoor LED Video Wall"}]},{"@type":"WebSite","@id":"https:\/\/cob-leddisplay.com\/#website","url":"https:\/\/cob-leddisplay.com\/","name":"COB-LED-Bildschirmvermietung 3D-LED-Videowand Hersteller","description":"LED-Display-Hersteller, LED-Anzeigetafel, LED-Videowand, flexibler LED-Bildschirm, LED-Verkehrsschilder, Wechselverkehrszeichen, Digital Signage Display, benutzerdefinierte LED-Anzeige, LED-Anzeigebildschirm f\u00fcr Stadien, Digital Signage f\u00fcr den Einzelhandel, LED-Karte, Perimeter-LED-Anzeige, LED-Anzeige f\u00fcr Veranstaltungen, LED-Bildschirm zur Miete im Au\u00dfenbereich, LED-Bildschirm f\u00fcr B\u00fchnen, LED-Bildschirmboden, LED-Module f\u00fcr den Au\u00dfenbereich, LED-Bildschirmpanel, LED-Anzeigepanel, LED-Panel-Bildschirm f\u00fcr den Innenbereich, P10 DIP-LED-MODUL, flexibles LED-Panel, LED-Wandpanel, COB-LED-Bildschirm, Hersteller transparenter LED-Bildschirme, LED-Mesh-Bildschirm, transparenter LED-Anzeigebildschirm, flexible LED-Videowand, Fahrgastinformationsanzeige, LED-Anzeigetafeln f\u00fcr Busziele, LED-Apothekenkreuz, LED-Poster, LED-Werbebildschirm, runder LED-Bildschirm, Hersteller von LED-Werbetafeln, LED-Perimeter, LED-Anzeige f\u00fcr den Einzelhandel, LED-Bildschirm zur Miete, LED-Wand zur Miete, P2.5 LED-Modul f\u00fcr den Au\u00dfenbereich, P3 LED-Modul f\u00fcr den Au\u00dfenbereich, P4 LED-Modul, P4 LED-Panel, P5 LED-Panel, LED-Videowand f\u00fcr den Au\u00dfenbereich, Panel, P2.5 LED-Modul, P10 LED-Panels, anpassbare LED-Anzeige, LED-Video-Panels, P6 Outdoor-LED-Anzeige, flexible LED-Wand, LED-Verkehrszeichen, Radar-Geschwindigkeitsschilder, LED-P10-Anzeige, LED-Wand P4, P10 RGB-LED-Anzeige, Hersteller von LED-Videow\u00e4nden, LED-Videowand-Verleih, P2 LED-PANEL, P3 LED-Modul, P1.25 LED-MODUL, kreisf\u00f6rmiger LED-Bildschirm","potentialAction":[{"@type":"SearchAction","target":{"@type":"EntryPoint","urlTemplate":"https:\/\/cob-leddisplay.com\/?s={search_term_string}"},"query-input":{"@type":"PropertyValueSpecification","valueRequired":true,"valueName":"search_term_string"}}],"inLanguage":"de"}]}},"_links":{"self":[{"href":"https:\/\/cob-leddisplay.com\/de\/wp-json\/wp\/v2\/pages\/14006","targetHints":{"allow":["GET"]}}],"collection":[{"href":"https:\/\/cob-leddisplay.com\/de\/wp-json\/wp\/v2\/pages"}],"about":[{"href":"https:\/\/cob-leddisplay.com\/de\/wp-json\/wp\/v2\/types\/page"}],"author":[{"embeddable":true,"href":"https:\/\/cob-leddisplay.com\/de\/wp-json\/wp\/v2\/users\/1"}],"replies":[{"embeddable":true,"href":"https:\/\/cob-leddisplay.com\/de\/wp-json\/wp\/v2\/comments?post=14006"}],"version-history":[{"count":0,"href":"https:\/\/cob-leddisplay.com\/de\/wp-json\/wp\/v2\/pages\/14006\/revisions"}],"up":[{"embeddable":true,"href":"https:\/\/cob-leddisplay.com\/de\/wp-json\/wp\/v2\/pages\/12256"}],"wp:attachment":[{"href":"https:\/\/cob-leddisplay.com\/de\/wp-json\/wp\/v2\/media?parent=14006"}],"curies":[{"name":"wp","href":"https:\/\/api.w.org\/{rel}","templated":true}]}}