{"id":13974,"date":"2024-07-18T07:18:26","date_gmt":"2024-07-18T07:18:26","guid":{"rendered":"https:\/\/cob-leddisplay.com\/?page_id=13974"},"modified":"2025-04-15T04:58:44","modified_gmt":"2025-04-15T04:58:44","slug":"led-anzeigetafel","status":"publish","type":"page","link":"https:\/\/cob-leddisplay.com\/de\/led-anzeigetafel\/","title":{"rendered":"LED-Anzeigetafel"},"content":{"rendered":"<p>Pixelabstand (mm): 4 mm<\/p>\n<p>Gr\u00f6\u00dfe: 320 x 160 mm\/256 x 128 mm<\/p>\n<p>LED-Typ: 1921<\/p>\n<p>Scan:1\/8<\/p>","protected":false},"excerpt":{"rendered":"<p>Pixel pitch(mm):4MM Size:320*160mm\/256*128mm LED TYPE:1921 Scan:1\/8<\/p>","protected":false},"author":1,"featured_media":0,"parent":0,"menu_order":0,"comment_status":"closed","ping_status":"closed","template":"product-category3.php","meta":{"_acf_changed":false,"site-sidebar-layout":"no-sidebar","site-content-layout":"page-builder","ast-site-content-layout":"full-width-container","site-content-style":"unboxed","site-sidebar-style":"unboxed","ast-global-header-display":"","ast-banner-title-visibility":"","ast-main-header-display":"","ast-hfb-above-header-display":"","ast-hfb-below-header-display":"","ast-hfb-mobile-header-display":"","site-post-title":"disabled","ast-breadcrumbs-content":"disabled","ast-featured-img":"disabled","footer-sml-layout":"","ast-disable-related-posts":"","theme-transparent-header-meta":"default","adv-header-id-meta":"","stick-header-meta":"default","header-above-stick-meta":"","header-main-stick-meta":"","header-below-stick-meta":"","astra-migrate-meta-layouts":"set","ast-page-background-enabled":"default","ast-page-background-meta":{"desktop":{"background-color":"","background-image":"","background-repeat":"repeat","background-position":"center center","background-size":"auto","background-attachment":"scroll","background-type":"","background-media":"","overlay-type":"","overlay-color":"","overlay-opacity":"","overlay-gradient":""},"tablet":{"background-color":"","background-image":"","background-repeat":"repeat","background-position":"center center","background-size":"auto","background-attachment":"scroll","background-type":"","background-media":"","overlay-type":"","overlay-color":"","overlay-opacity":"","overlay-gradient":""},"mobile":{"background-color":"","background-image":"","background-repeat":"repeat","background-position":"center center","background-size":"auto","background-attachment":"scroll","background-type":"","background-media":"","overlay-type":"","overlay-color":"","overlay-opacity":"","overlay-gradient":""}},"ast-content-background-meta":{"desktop":{"background-color":"var(--ast-global-color-5)","background-image":"","background-repeat":"repeat","background-position":"center center","background-size":"auto","background-attachment":"scroll","background-type":"","background-media":"","overlay-type":"","overlay-color":"","overlay-opacity":"","overlay-gradient":""},"tablet":{"background-color":"var(--ast-global-color-5)","background-image":"","background-repeat":"repeat","background-position":"center center","background-size":"auto","background-attachment":"scroll","background-type":"","background-media":"","overlay-type":"","overlay-color":"","overlay-opacity":"","overlay-gradient":""},"mobile":{"background-color":"var(--ast-global-color-5)","background-image":"","background-repeat":"repeat","background-position":"center center","background-size":"auto","background-attachment":"scroll","background-type":"","background-media":"","overlay-type":"","overlay-color":"","overlay-opacity":"","overlay-gradient":""}},"footnotes":""},"class_list":["post-13974","page","type-page","status-publish","hentry"],"acf":[],"yoast_head":"<!-- This site is optimized with the Yoast SEO plugin v27.4 - https:\/\/yoast.com\/product\/yoast-seo-wordpress\/ -->\n<title>LED Display Board<\/title>\n<meta name=\"description\" content=\"TOPSHINELED: In the tide of the information age, LED Display Board, with its excellent performance and unparalleled visual effects, has become your excellent choice for displaying information and conveying charm! Our LED Display Board has ultra-high clarity, and every detail can be accurately presented. Whether it is colorful pictures or smooth and clear videos, it can bring you a shocking visual feast. Its strong stability and durability allow you to always maintain excellent working condition without worrying about frequent maintenance and failures. Whether it is commercial advertising, stage performances, sports events or traffic instructions, LED Display Board can perfectly adapt to various scenes, attract more attention for you, and convey more valuable information. Choosing our LED Display Board means choosing an efficient and wonderful information display platform, allowing you to stand out in the fiercely competitive market!\" \/>\n<meta name=\"robots\" content=\"index, follow, max-snippet:-1, max-image-preview:large, max-video-preview:-1\" \/>\n<link rel=\"canonical\" href=\"https:\/\/cob-leddisplay.com\/de\/led-anzeigetafel\/\" \/>\n<meta property=\"og:locale\" content=\"de_DE\" \/>\n<meta property=\"og:type\" content=\"article\" \/>\n<meta property=\"og:title\" content=\"LED Display Board\" \/>\n<meta property=\"og:description\" content=\"TOPSHINELED: In the tide of the information age, LED Display Board, with its excellent performance and unparalleled visual effects, has become your excellent choice for displaying information and conveying charm! Our LED Display Board has ultra-high clarity, and every detail can be accurately presented. Whether it is colorful pictures or smooth and clear videos, it can bring you a shocking visual feast. Its strong stability and durability allow you to always maintain excellent working condition without worrying about frequent maintenance and failures. Whether it is commercial advertising, stage performances, sports events or traffic instructions, LED Display Board can perfectly adapt to various scenes, attract more attention for you, and convey more valuable information. Choosing our LED Display Board means choosing an efficient and wonderful information display platform, allowing you to stand out in the fiercely competitive market!\" \/>\n<meta property=\"og:url\" content=\"https:\/\/cob-leddisplay.com\/de\/led-anzeigetafel\/\" \/>\n<meta property=\"og:site_name\" content=\"Top Shine LED Display Screen\" \/>\n<meta property=\"article:modified_time\" content=\"2025-04-15T04:58:44+00:00\" \/>\n<meta name=\"twitter:card\" content=\"summary_large_image\" \/>\n<meta name=\"twitter:label1\" content=\"Gesch\u00e4tzte Lesezeit\" \/>\n\t<meta name=\"twitter:data1\" content=\"1\u00a0Minute\" \/>\n<script type=\"application\/ld+json\" class=\"yoast-schema-graph\">{\"@context\":\"https:\\\/\\\/schema.org\",\"@graph\":[{\"@type\":\"WebPage\",\"@id\":\"https:\\\/\\\/cob-leddisplay.com\\\/led-display-board\\\/\",\"url\":\"https:\\\/\\\/cob-leddisplay.com\\\/led-display-board\\\/\",\"name\":\"LED Display Board\",\"isPartOf\":{\"@id\":\"https:\\\/\\\/cob-leddisplay.com\\\/#website\"},\"datePublished\":\"2024-07-18T07:18:26+00:00\",\"dateModified\":\"2025-04-15T04:58:44+00:00\",\"description\":\"TOPSHINELED: In the tide of the information age, LED Display Board, with its excellent performance and unparalleled visual effects, has become your excellent choice for displaying information and conveying charm! Our LED Display Board has ultra-high clarity, and every detail can be accurately presented. Whether it is colorful pictures or smooth and clear videos, it can bring you a shocking visual feast. Its strong stability and durability allow you to always maintain excellent working condition without worrying about frequent maintenance and failures. Whether it is commercial advertising, stage performances, sports events or traffic instructions, LED Display Board can perfectly adapt to various scenes, attract more attention for you, and convey more valuable information. Choosing our LED Display Board means choosing an efficient and wonderful information display platform, allowing you to stand out in the fiercely competitive market!\",\"breadcrumb\":{\"@id\":\"https:\\\/\\\/cob-leddisplay.com\\\/led-display-board\\\/#breadcrumb\"},\"inLanguage\":\"de\",\"potentialAction\":[{\"@type\":\"ReadAction\",\"target\":[\"https:\\\/\\\/cob-leddisplay.com\\\/led-display-board\\\/\"]}]},{\"@type\":\"BreadcrumbList\",\"@id\":\"https:\\\/\\\/cob-leddisplay.com\\\/led-display-board\\\/#breadcrumb\",\"itemListElement\":[{\"@type\":\"ListItem\",\"position\":1,\"name\":\"Home\",\"item\":\"https:\\\/\\\/cob-leddisplay.com\\\/\"},{\"@type\":\"ListItem\",\"position\":2,\"name\":\"LED Display Board\"}]},{\"@type\":\"WebSite\",\"@id\":\"https:\\\/\\\/cob-leddisplay.com\\\/#website\",\"url\":\"https:\\\/\\\/cob-leddisplay.com\\\/\",\"name\":\"COB LED Display Screen Rental 3D LED Video Wall Manufacturer\",\"description\":\"LED Display Manufacturer, LED Display board, LED Video wall, Flexible led screen, Traffic led signs, Variable Message Signs, Digital Signage Display, custom led display, stadium led display screen, Retail Digital Signage, LED card, Perimeter led display, LED Display for events, outdoor rental led screen, Stage LED Screen, LED screen floor, Outdoor LED Modules, LED screen panel, LED display panel, led panel screen indoor, P10 DIP LED MODULE, Flexible LED Panel, LED Wall panel, cob LED screen, transparent led screen manufacturer, LED Mesh screen, Transparent LED Display Screen, Flexible led video wall, passenger information display, LED Bus Destination Display boards, LED Pharmacy cross, LED Poster, advertising led screen, round led screen, LED Billboard manufacturer, LED perimeter, Retail led display, rental led screen, rental led wall, P2.5 Outdoor LED Module, p3 outdoor led module, p4 led module, P4 led panel, p5 led panel, outdoor led video wall, bus display board, Stage Screen, rgb led modules, outdoor led screen panel, p10 led module, p5 outdoor led module, P3 LED panel, p2.5 led module, P10 LED panles, customizable led display, Led video panels, p6 outdoor led display, flexible led wall, LED Road Sign, Radar Speed Signs, led p10 display, led wall p4, p10 rgb led display, led video wall manufacturers, led video wall rental, P2 LED PANEL, P3 LED module, P1.25 LED MODULE, circle led screen\",\"potentialAction\":[{\"@type\":\"SearchAction\",\"target\":{\"@type\":\"EntryPoint\",\"urlTemplate\":\"https:\\\/\\\/cob-leddisplay.com\\\/?s={search_term_string}\"},\"query-input\":{\"@type\":\"PropertyValueSpecification\",\"valueRequired\":true,\"valueName\":\"search_term_string\"}}],\"inLanguage\":\"de\"}]}<\/script>\n<!-- \/ Yoast SEO plugin. -->","yoast_head_json":{"title":"LED-Anzeigetafel","description":"TOPSHINELED: Im Informationszeitalter ist die LED-Anzeigetafel mit ihrer hervorragenden Leistung und ihren unvergleichlichen visuellen Effekten die perfekte Wahl f\u00fcr die Anzeige von Informationen und die Vermittlung von Charme! Unsere LED-Anzeigetafel bietet h\u00f6chste Klarheit und jedes Detail wird pr\u00e4zise dargestellt. Ob farbenfrohe Bilder oder fl\u00fcssige und klare Videos \u2013 sie bietet Ihnen ein beeindruckendes visuelles Erlebnis. Dank ihrer hohen Stabilit\u00e4t und Langlebigkeit sorgen sie stets f\u00fcr einen hervorragenden Betriebszustand, ohne dass Sie sich um h\u00e4ufige Wartungen und Ausf\u00e4lle sorgen m\u00fcssen. Ob Werbung, B\u00fchnenauftritte, Sportveranstaltungen oder Verkehrshinweise \u2013 die LED-Anzeigetafel passt sich perfekt an verschiedene Szenen an, erregt mehr Aufmerksamkeit und vermittelt wertvolle Informationen. Mit unserer LED-Anzeigetafel entscheiden Sie sich f\u00fcr eine effiziente und hervorragende Informationsanzeigeplattform, mit der Sie sich im hart umk\u00e4mpften Markt abheben!","robots":{"index":"index","follow":"follow","max-snippet":"max-snippet:-1","max-image-preview":"max-image-preview:large","max-video-preview":"max-video-preview:-1"},"canonical":"https:\/\/cob-leddisplay.com\/de\/led-anzeigetafel\/","og_locale":"de_DE","og_type":"article","og_title":"LED Display Board","og_description":"TOPSHINELED: In the tide of the information age, LED Display Board, with its excellent performance and unparalleled visual effects, has become your excellent choice for displaying information and conveying charm! Our LED Display Board has ultra-high clarity, and every detail can be accurately presented. Whether it is colorful pictures or smooth and clear videos, it can bring you a shocking visual feast. Its strong stability and durability allow you to always maintain excellent working condition without worrying about frequent maintenance and failures. Whether it is commercial advertising, stage performances, sports events or traffic instructions, LED Display Board can perfectly adapt to various scenes, attract more attention for you, and convey more valuable information. Choosing our LED Display Board means choosing an efficient and wonderful information display platform, allowing you to stand out in the fiercely competitive market!","og_url":"https:\/\/cob-leddisplay.com\/de\/led-anzeigetafel\/","og_site_name":"Top Shine LED Display Screen","article_modified_time":"2025-04-15T04:58:44+00:00","twitter_card":"summary_large_image","twitter_misc":{"Gesch\u00e4tzte Lesezeit":"1\u00a0Minute"},"schema":{"@context":"https:\/\/schema.org","@graph":[{"@type":"WebPage","@id":"https:\/\/cob-leddisplay.com\/led-display-board\/","url":"https:\/\/cob-leddisplay.com\/led-display-board\/","name":"LED-Anzeigetafel","isPartOf":{"@id":"https:\/\/cob-leddisplay.com\/#website"},"datePublished":"2024-07-18T07:18:26+00:00","dateModified":"2025-04-15T04:58:44+00:00","description":"TOPSHINELED: Im Informationszeitalter ist die LED-Anzeigetafel mit ihrer hervorragenden Leistung und ihren unvergleichlichen visuellen Effekten die perfekte Wahl f\u00fcr die Anzeige von Informationen und die Vermittlung von Charme! Unsere LED-Anzeigetafel bietet h\u00f6chste Klarheit und jedes Detail wird pr\u00e4zise dargestellt. Ob farbenfrohe Bilder oder fl\u00fcssige und klare Videos \u2013 sie bietet Ihnen ein beeindruckendes visuelles Erlebnis. Dank ihrer hohen Stabilit\u00e4t und Langlebigkeit sorgen sie stets f\u00fcr einen hervorragenden Betriebszustand, ohne dass Sie sich um h\u00e4ufige Wartungen und Ausf\u00e4lle sorgen m\u00fcssen. Ob Werbung, B\u00fchnenauftritte, Sportveranstaltungen oder Verkehrshinweise \u2013 die LED-Anzeigetafel passt sich perfekt an verschiedene Szenen an, erregt mehr Aufmerksamkeit und vermittelt wertvolle Informationen. Mit unserer LED-Anzeigetafel entscheiden Sie sich f\u00fcr eine effiziente und hervorragende Informationsanzeigeplattform, mit der Sie sich im hart umk\u00e4mpften Markt abheben!","breadcrumb":{"@id":"https:\/\/cob-leddisplay.com\/led-display-board\/#breadcrumb"},"inLanguage":"de","potentialAction":[{"@type":"ReadAction","target":["https:\/\/cob-leddisplay.com\/led-display-board\/"]}]},{"@type":"BreadcrumbList","@id":"https:\/\/cob-leddisplay.com\/led-display-board\/#breadcrumb","itemListElement":[{"@type":"ListItem","position":1,"name":"Home","item":"https:\/\/cob-leddisplay.com\/"},{"@type":"ListItem","position":2,"name":"LED Display Board"}]},{"@type":"WebSite","@id":"https:\/\/cob-leddisplay.com\/#website","url":"https:\/\/cob-leddisplay.com\/","name":"COB-LED-Bildschirmvermietung 3D-LED-Videowand Hersteller","description":"LED-Display-Hersteller, LED-Anzeigetafel, LED-Videowand, flexibler LED-Bildschirm, LED-Verkehrsschilder, Wechselverkehrszeichen, Digital Signage Display, benutzerdefinierte LED-Anzeige, LED-Anzeigebildschirm f\u00fcr Stadien, Digital Signage f\u00fcr den Einzelhandel, LED-Karte, Perimeter-LED-Anzeige, LED-Anzeige f\u00fcr Veranstaltungen, LED-Bildschirm zur Miete im Au\u00dfenbereich, LED-Bildschirm f\u00fcr B\u00fchnen, LED-Bildschirmboden, LED-Module f\u00fcr den Au\u00dfenbereich, LED-Bildschirmpanel, LED-Anzeigepanel, LED-Panel-Bildschirm f\u00fcr den Innenbereich, P10 DIP-LED-MODUL, flexibles LED-Panel, LED-Wandpanel, COB-LED-Bildschirm, Hersteller transparenter LED-Bildschirme, LED-Mesh-Bildschirm, transparenter LED-Anzeigebildschirm, flexible LED-Videowand, Fahrgastinformationsanzeige, LED-Anzeigetafeln f\u00fcr Busziele, LED-Apothekenkreuz, LED-Poster, LED-Werbebildschirm, runder LED-Bildschirm, Hersteller von LED-Werbetafeln, LED-Perimeter, LED-Anzeige f\u00fcr den Einzelhandel, LED-Bildschirm zur Miete, LED-Wand zur Miete, P2.5 LED-Modul f\u00fcr den Au\u00dfenbereich, P3 LED-Modul f\u00fcr den Au\u00dfenbereich, P4 LED-Modul, P4 LED-Panel, P5 LED-Panel, LED-Videowand f\u00fcr den Au\u00dfenbereich, Panel, P2.5 LED-Modul, P10 LED-Panels, anpassbare LED-Anzeige, LED-Video-Panels, P6 Outdoor-LED-Anzeige, flexible LED-Wand, LED-Verkehrszeichen, Radar-Geschwindigkeitsschilder, LED-P10-Anzeige, LED-Wand P4, P10 RGB-LED-Anzeige, Hersteller von LED-Videow\u00e4nden, LED-Videowand-Verleih, P2 LED-PANEL, P3 LED-Modul, P1.25 LED-MODUL, kreisf\u00f6rmiger LED-Bildschirm","potentialAction":[{"@type":"SearchAction","target":{"@type":"EntryPoint","urlTemplate":"https:\/\/cob-leddisplay.com\/?s={search_term_string}"},"query-input":{"@type":"PropertyValueSpecification","valueRequired":true,"valueName":"search_term_string"}}],"inLanguage":"de"}]}},"_links":{"self":[{"href":"https:\/\/cob-leddisplay.com\/de\/wp-json\/wp\/v2\/pages\/13974","targetHints":{"allow":["GET"]}}],"collection":[{"href":"https:\/\/cob-leddisplay.com\/de\/wp-json\/wp\/v2\/pages"}],"about":[{"href":"https:\/\/cob-leddisplay.com\/de\/wp-json\/wp\/v2\/types\/page"}],"author":[{"embeddable":true,"href":"https:\/\/cob-leddisplay.com\/de\/wp-json\/wp\/v2\/users\/1"}],"replies":[{"embeddable":true,"href":"https:\/\/cob-leddisplay.com\/de\/wp-json\/wp\/v2\/comments?post=13974"}],"version-history":[{"count":0,"href":"https:\/\/cob-leddisplay.com\/de\/wp-json\/wp\/v2\/pages\/13974\/revisions"}],"wp:attachment":[{"href":"https:\/\/cob-leddisplay.com\/de\/wp-json\/wp\/v2\/media?parent=13974"}],"curies":[{"name":"wp","href":"https:\/\/api.w.org\/{rel}","templated":true}]}}