{"id":13953,"date":"2024-07-17T12:14:04","date_gmt":"2024-07-17T12:14:04","guid":{"rendered":"https:\/\/cob-leddisplay.com\/?page_id=13953"},"modified":"2025-04-19T05:43:35","modified_gmt":"2025-04-19T05:43:35","slug":"p2-5-outdoor-led-module-3","status":"publish","type":"page","link":"https:\/\/cob-leddisplay.com\/de\/p2-5-outdoor-led-modul\/","title":{"rendered":"P2.5 Outdoor-LED-Modul"},"content":{"rendered":"","protected":false},"excerpt":{"rendered":"","protected":false},"author":1,"featured_media":0,"parent":13211,"menu_order":0,"comment_status":"closed","ping_status":"closed","template":"product-category3.php","meta":{"_acf_changed":false,"site-sidebar-layout":"no-sidebar","site-content-layout":"page-builder","ast-site-content-layout":"full-width-container","site-content-style":"unboxed","site-sidebar-style":"unboxed","ast-global-header-display":"","ast-banner-title-visibility":"","ast-main-header-display":"","ast-hfb-above-header-display":"","ast-hfb-below-header-display":"","ast-hfb-mobile-header-display":"","site-post-title":"disabled","ast-breadcrumbs-content":"disabled","ast-featured-img":"disabled","footer-sml-layout":"","ast-disable-related-posts":"","theme-transparent-header-meta":"default","adv-header-id-meta":"","stick-header-meta":"default","header-above-stick-meta":"","header-main-stick-meta":"","header-below-stick-meta":"","astra-migrate-meta-layouts":"set","ast-page-background-enabled":"default","ast-page-background-meta":{"desktop":{"background-color":"","background-image":"","background-repeat":"repeat","background-position":"center center","background-size":"auto","background-attachment":"scroll","background-type":"","background-media":"","overlay-type":"","overlay-color":"","overlay-opacity":"","overlay-gradient":""},"tablet":{"background-color":"","background-image":"","background-repeat":"repeat","background-position":"center center","background-size":"auto","background-attachment":"scroll","background-type":"","background-media":"","overlay-type":"","overlay-color":"","overlay-opacity":"","overlay-gradient":""},"mobile":{"background-color":"","background-image":"","background-repeat":"repeat","background-position":"center center","background-size":"auto","background-attachment":"scroll","background-type":"","background-media":"","overlay-type":"","overlay-color":"","overlay-opacity":"","overlay-gradient":""}},"ast-content-background-meta":{"desktop":{"background-color":"var(--ast-global-color-5)","background-image":"","background-repeat":"repeat","background-position":"center center","background-size":"auto","background-attachment":"scroll","background-type":"","background-media":"","overlay-type":"","overlay-color":"","overlay-opacity":"","overlay-gradient":""},"tablet":{"background-color":"var(--ast-global-color-5)","background-image":"","background-repeat":"repeat","background-position":"center center","background-size":"auto","background-attachment":"scroll","background-type":"","background-media":"","overlay-type":"","overlay-color":"","overlay-opacity":"","overlay-gradient":""},"mobile":{"background-color":"var(--ast-global-color-5)","background-image":"","background-repeat":"repeat","background-position":"center center","background-size":"auto","background-attachment":"scroll","background-type":"","background-media":"","overlay-type":"","overlay-color":"","overlay-opacity":"","overlay-gradient":""}},"footnotes":""},"class_list":["post-13953","page","type-page","status-publish","hentry"],"acf":[],"yoast_head":"<!-- This site is optimized with the Yoast SEO plugin v27.3 - https:\/\/yoast.com\/product\/yoast-seo-wordpress\/ -->\n<title>P2.5 Outdoor LED Module<\/title>\n<meta name=\"description\" content=\"TOPSHINELED: P2.5 outdoor LED module boasts an IP65 waterproof rating and robust structural design, ensuring stable operation and long service life in harsh conditions. Whether it&#039;s a stormy day or a dust-filled environment, our product provides a solid safeguard for your outdoor signs. In addition to superior visual display and weather resistance, our P2.5 outdoor LED module is equipped with high-performance LED chips. These chips not only exhibit excellent color reproduction and consistency, delivering vivid and realistic images and videos, but also have low power consumption and superior heat dissipation. This not only means more environmentally friendly energy consumption but also improves the product&#039;s reliability and service life, giving you peace of mind.\" \/>\n<meta name=\"robots\" content=\"index, follow, max-snippet:-1, max-image-preview:large, max-video-preview:-1\" \/>\n<link rel=\"canonical\" href=\"https:\/\/cob-leddisplay.com\/de\/p2-5-outdoor-led-modul\/\" \/>\n<meta property=\"og:locale\" content=\"de_DE\" \/>\n<meta property=\"og:type\" content=\"article\" \/>\n<meta property=\"og:title\" content=\"P2.5 Outdoor LED Module\" \/>\n<meta property=\"og:description\" content=\"TOPSHINELED: P2.5 outdoor LED module boasts an IP65 waterproof rating and robust structural design, ensuring stable operation and long service life in harsh conditions. Whether it&#039;s a stormy day or a dust-filled environment, our product provides a solid safeguard for your outdoor signs. In addition to superior visual display and weather resistance, our P2.5 outdoor LED module is equipped with high-performance LED chips. These chips not only exhibit excellent color reproduction and consistency, delivering vivid and realistic images and videos, but also have low power consumption and superior heat dissipation. This not only means more environmentally friendly energy consumption but also improves the product&#039;s reliability and service life, giving you peace of mind.\" \/>\n<meta property=\"og:url\" content=\"https:\/\/cob-leddisplay.com\/de\/p2-5-outdoor-led-modul\/\" \/>\n<meta property=\"og:site_name\" content=\"Top Shine LED Display Screen\" \/>\n<meta property=\"article:modified_time\" content=\"2025-04-19T05:43:35+00:00\" \/>\n<meta name=\"twitter:card\" content=\"summary_large_image\" \/>\n<script type=\"application\/ld+json\" class=\"yoast-schema-graph\">{\"@context\":\"https:\\\/\\\/schema.org\",\"@graph\":[{\"@type\":\"WebPage\",\"@id\":\"https:\\\/\\\/cob-leddisplay.com\\\/p2.5-outdoor-led-module\\\/\",\"url\":\"https:\\\/\\\/cob-leddisplay.com\\\/p2.5-outdoor-led-module\\\/\",\"name\":\"P2.5 Outdoor LED Module\",\"isPartOf\":{\"@id\":\"https:\\\/\\\/cob-leddisplay.com\\\/#website\"},\"datePublished\":\"2024-07-17T12:14:04+00:00\",\"dateModified\":\"2025-04-19T05:43:35+00:00\",\"description\":\"TOPSHINELED: P2.5 outdoor LED module boasts an IP65 waterproof rating and robust structural design, ensuring stable operation and long service life in harsh conditions. Whether it's a stormy day or a dust-filled environment, our product provides a solid safeguard for your outdoor signs. In addition to superior visual display and weather resistance, our P2.5 outdoor LED module is equipped with high-performance LED chips. These chips not only exhibit excellent color reproduction and consistency, delivering vivid and realistic images and videos, but also have low power consumption and superior heat dissipation. This not only means more environmentally friendly energy consumption but also improves the product's reliability and service life, giving you peace of mind.\",\"breadcrumb\":{\"@id\":\"https:\\\/\\\/cob-leddisplay.com\\\/p2.5-outdoor-led-module\\\/#breadcrumb\"},\"inLanguage\":\"de\",\"potentialAction\":[{\"@type\":\"ReadAction\",\"target\":[\"https:\\\/\\\/cob-leddisplay.com\\\/p2.5-outdoor-led-module\\\/\"]}]},{\"@type\":\"BreadcrumbList\",\"@id\":\"https:\\\/\\\/cob-leddisplay.com\\\/p2.5-outdoor-led-module\\\/#breadcrumb\",\"itemListElement\":[{\"@type\":\"ListItem\",\"position\":1,\"name\":\"Home\",\"item\":\"https:\\\/\\\/cob-leddisplay.com\\\/\"},{\"@type\":\"ListItem\",\"position\":2,\"name\":\"LED Display Module\",\"item\":\"https:\\\/\\\/cob-leddisplay.com\\\/led-display-module\\\/\"},{\"@type\":\"ListItem\",\"position\":3,\"name\":\"Outdoor LED Modules\",\"item\":\"https:\\\/\\\/cob-leddisplay.com\\\/outdoor-led-modules\\\/\"},{\"@type\":\"ListItem\",\"position\":4,\"name\":\"P2.5 Outdoor LED Module\"}]},{\"@type\":\"WebSite\",\"@id\":\"https:\\\/\\\/cob-leddisplay.com\\\/#website\",\"url\":\"https:\\\/\\\/cob-leddisplay.com\\\/\",\"name\":\"COB LED Display Screen Rental 3D LED Video Wall Manufacturer\",\"description\":\"LED Display Manufacturer, LED Display board, LED Video wall, Flexible led screen, Traffic led signs, Variable Message Signs, Digital Signage Display, custom led display, stadium led display screen, Retail Digital Signage, LED card, Perimeter led display, LED Display for events, outdoor rental led screen, Stage LED Screen, LED screen floor, Outdoor LED Modules, LED screen panel, LED display panel, led panel screen indoor, P10 DIP LED MODULE, Flexible LED Panel, LED Wall panel, cob LED screen, transparent led screen manufacturer, LED Mesh screen, Transparent LED Display Screen, Flexible led video wall, passenger information display, LED Bus Destination Display boards, LED Pharmacy cross, LED Poster, advertising led screen, round led screen, LED Billboard manufacturer, LED perimeter, Retail led display, rental led screen, rental led wall, P2.5 Outdoor LED Module, p3 outdoor led module, p4 led module, P4 led panel, p5 led panel, outdoor led video wall, bus display board, Stage Screen, rgb led modules, outdoor led screen panel, p10 led module, p5 outdoor led module, P3 LED panel, p2.5 led module, P10 LED panles, customizable led display, Led video panels, p6 outdoor led display, flexible led wall, LED Road Sign, Radar Speed Signs, led p10 display, led wall p4, p10 rgb led display, led video wall manufacturers, led video wall rental, P2 LED PANEL, P3 LED module, P1.25 LED MODULE, circle led screen\",\"potentialAction\":[{\"@type\":\"SearchAction\",\"target\":{\"@type\":\"EntryPoint\",\"urlTemplate\":\"https:\\\/\\\/cob-leddisplay.com\\\/?s={search_term_string}\"},\"query-input\":{\"@type\":\"PropertyValueSpecification\",\"valueRequired\":true,\"valueName\":\"search_term_string\"}}],\"inLanguage\":\"de\"}]}<\/script>\n<!-- \/ Yoast SEO plugin. -->","yoast_head_json":{"title":"P2.5 Outdoor-LED-Modul","description":"TOPSHINELED: Das P2.5 Outdoor-LED-Modul ist wasserdicht nach IP65 und verf\u00fcgt \u00fcber ein robustes Design, das einen stabilen Betrieb und eine lange Lebensdauer auch unter rauen Bedingungen gew\u00e4hrleistet. Ob st\u00fcrmischer Tag oder staubige Umgebung \u2013 unser Produkt bietet zuverl\u00e4ssigen Schutz f\u00fcr Ihre Au\u00dfenschilder. Neben hervorragender visueller Darstellung und Wetterbest\u00e4ndigkeit ist unser P2.5 Outdoor-LED-Modul mit leistungsstarken LED-Chips ausgestattet. Diese Chips zeichnen sich nicht nur durch exzellente Farbwiedergabe und -konsistenz aus und liefern lebendige und realistische Bilder und Videos, sondern zeichnen sich auch durch einen geringen Stromverbrauch und eine hervorragende W\u00e4rmeableitung aus. Dies bedeutet nicht nur einen umweltfreundlicheren Energieverbrauch, sondern verbessert auch die Zuverl\u00e4ssigkeit und Lebensdauer des Produkts und gibt Ihnen Sicherheit.","robots":{"index":"index","follow":"follow","max-snippet":"max-snippet:-1","max-image-preview":"max-image-preview:large","max-video-preview":"max-video-preview:-1"},"canonical":"https:\/\/cob-leddisplay.com\/de\/p2-5-outdoor-led-modul\/","og_locale":"de_DE","og_type":"article","og_title":"P2.5 Outdoor LED Module","og_description":"TOPSHINELED: P2.5 outdoor LED module boasts an IP65 waterproof rating and robust structural design, ensuring stable operation and long service life in harsh conditions. Whether it's a stormy day or a dust-filled environment, our product provides a solid safeguard for your outdoor signs. In addition to superior visual display and weather resistance, our P2.5 outdoor LED module is equipped with high-performance LED chips. These chips not only exhibit excellent color reproduction and consistency, delivering vivid and realistic images and videos, but also have low power consumption and superior heat dissipation. This not only means more environmentally friendly energy consumption but also improves the product's reliability and service life, giving you peace of mind.","og_url":"https:\/\/cob-leddisplay.com\/de\/p2-5-outdoor-led-modul\/","og_site_name":"Top Shine LED Display Screen","article_modified_time":"2025-04-19T05:43:35+00:00","twitter_card":"summary_large_image","schema":{"@context":"https:\/\/schema.org","@graph":[{"@type":"WebPage","@id":"https:\/\/cob-leddisplay.com\/p2.5-outdoor-led-module\/","url":"https:\/\/cob-leddisplay.com\/p2.5-outdoor-led-module\/","name":"P2.5 Outdoor-LED-Modul","isPartOf":{"@id":"https:\/\/cob-leddisplay.com\/#website"},"datePublished":"2024-07-17T12:14:04+00:00","dateModified":"2025-04-19T05:43:35+00:00","description":"TOPSHINELED: Das P2.5 Outdoor-LED-Modul ist wasserdicht nach IP65 und verf\u00fcgt \u00fcber ein robustes Design, das einen stabilen Betrieb und eine lange Lebensdauer auch unter rauen Bedingungen gew\u00e4hrleistet. Ob st\u00fcrmischer Tag oder staubige Umgebung \u2013 unser Produkt bietet zuverl\u00e4ssigen Schutz f\u00fcr Ihre Au\u00dfenschilder. Neben hervorragender visueller Darstellung und Wetterbest\u00e4ndigkeit ist unser P2.5 Outdoor-LED-Modul mit leistungsstarken LED-Chips ausgestattet. Diese Chips zeichnen sich nicht nur durch exzellente Farbwiedergabe und -konsistenz aus und liefern lebendige und realistische Bilder und Videos, sondern zeichnen sich auch durch einen geringen Stromverbrauch und eine hervorragende W\u00e4rmeableitung aus. Dies bedeutet nicht nur einen umweltfreundlicheren Energieverbrauch, sondern verbessert auch die Zuverl\u00e4ssigkeit und Lebensdauer des Produkts und gibt Ihnen Sicherheit.","breadcrumb":{"@id":"https:\/\/cob-leddisplay.com\/p2.5-outdoor-led-module\/#breadcrumb"},"inLanguage":"de","potentialAction":[{"@type":"ReadAction","target":["https:\/\/cob-leddisplay.com\/p2.5-outdoor-led-module\/"]}]},{"@type":"BreadcrumbList","@id":"https:\/\/cob-leddisplay.com\/p2.5-outdoor-led-module\/#breadcrumb","itemListElement":[{"@type":"ListItem","position":1,"name":"Home","item":"https:\/\/cob-leddisplay.com\/"},{"@type":"ListItem","position":2,"name":"LED Display Module","item":"https:\/\/cob-leddisplay.com\/led-display-module\/"},{"@type":"ListItem","position":3,"name":"Outdoor LED Modules","item":"https:\/\/cob-leddisplay.com\/outdoor-led-modules\/"},{"@type":"ListItem","position":4,"name":"P2.5 Outdoor LED Module"}]},{"@type":"WebSite","@id":"https:\/\/cob-leddisplay.com\/#website","url":"https:\/\/cob-leddisplay.com\/","name":"COB-LED-Bildschirmvermietung 3D-LED-Videowand Hersteller","description":"LED-Display-Hersteller, LED-Anzeigetafel, LED-Videowand, flexibler LED-Bildschirm, LED-Verkehrsschilder, Wechselverkehrszeichen, Digital Signage Display, benutzerdefinierte LED-Anzeige, LED-Anzeigebildschirm f\u00fcr Stadien, Digital Signage f\u00fcr den Einzelhandel, LED-Karte, Perimeter-LED-Anzeige, LED-Anzeige f\u00fcr Veranstaltungen, LED-Bildschirm zur Miete im Au\u00dfenbereich, LED-Bildschirm f\u00fcr B\u00fchnen, LED-Bildschirmboden, LED-Module f\u00fcr den Au\u00dfenbereich, LED-Bildschirmpanel, LED-Anzeigepanel, LED-Panel-Bildschirm f\u00fcr den Innenbereich, P10 DIP-LED-MODUL, flexibles LED-Panel, LED-Wandpanel, COB-LED-Bildschirm, Hersteller transparenter LED-Bildschirme, LED-Mesh-Bildschirm, transparenter LED-Anzeigebildschirm, flexible LED-Videowand, Fahrgastinformationsanzeige, LED-Anzeigetafeln f\u00fcr Busziele, LED-Apothekenkreuz, LED-Poster, LED-Werbebildschirm, runder LED-Bildschirm, Hersteller von LED-Werbetafeln, LED-Perimeter, LED-Anzeige f\u00fcr den Einzelhandel, LED-Bildschirm zur Miete, LED-Wand zur Miete, P2.5 LED-Modul f\u00fcr den Au\u00dfenbereich, P3 LED-Modul f\u00fcr den Au\u00dfenbereich, P4 LED-Modul, P4 LED-Panel, P5 LED-Panel, LED-Videowand f\u00fcr den Au\u00dfenbereich, Panel, P2.5 LED-Modul, P10 LED-Panels, anpassbare LED-Anzeige, LED-Video-Panels, P6 Outdoor-LED-Anzeige, flexible LED-Wand, LED-Verkehrszeichen, Radar-Geschwindigkeitsschilder, LED-P10-Anzeige, LED-Wand P4, P10 RGB-LED-Anzeige, Hersteller von LED-Videow\u00e4nden, LED-Videowand-Verleih, P2 LED-PANEL, P3 LED-Modul, P1.25 LED-MODUL, kreisf\u00f6rmiger LED-Bildschirm","potentialAction":[{"@type":"SearchAction","target":{"@type":"EntryPoint","urlTemplate":"https:\/\/cob-leddisplay.com\/?s={search_term_string}"},"query-input":{"@type":"PropertyValueSpecification","valueRequired":true,"valueName":"search_term_string"}}],"inLanguage":"de"}]}},"_links":{"self":[{"href":"https:\/\/cob-leddisplay.com\/de\/wp-json\/wp\/v2\/pages\/13953","targetHints":{"allow":["GET"]}}],"collection":[{"href":"https:\/\/cob-leddisplay.com\/de\/wp-json\/wp\/v2\/pages"}],"about":[{"href":"https:\/\/cob-leddisplay.com\/de\/wp-json\/wp\/v2\/types\/page"}],"author":[{"embeddable":true,"href":"https:\/\/cob-leddisplay.com\/de\/wp-json\/wp\/v2\/users\/1"}],"replies":[{"embeddable":true,"href":"https:\/\/cob-leddisplay.com\/de\/wp-json\/wp\/v2\/comments?post=13953"}],"version-history":[{"count":0,"href":"https:\/\/cob-leddisplay.com\/de\/wp-json\/wp\/v2\/pages\/13953\/revisions"}],"up":[{"embeddable":true,"href":"https:\/\/cob-leddisplay.com\/de\/wp-json\/wp\/v2\/pages\/13211"}],"wp:attachment":[{"href":"https:\/\/cob-leddisplay.com\/de\/wp-json\/wp\/v2\/media?parent=13953"}],"curies":[{"name":"wp","href":"https:\/\/api.w.org\/{rel}","templated":true}]}}