{"id":13669,"date":"2024-03-28T07:09:39","date_gmt":"2024-03-28T07:09:39","guid":{"rendered":"https:\/\/cob-leddisplay.com\/?page_id=13669"},"modified":"2025-10-20T11:06:26","modified_gmt":"2025-10-20T11:06:26","slug":"cob-led-bildschirm","status":"publish","type":"page","link":"https:\/\/cob-leddisplay.com\/de\/cob-led-bildschirm\/","title":{"rendered":"COB-LED-Bildschirm"},"content":{"rendered":"","protected":false},"excerpt":{"rendered":"","protected":false},"author":1,"featured_media":0,"parent":0,"menu_order":0,"comment_status":"closed","ping_status":"closed","template":"product-details2.php","meta":{"_acf_changed":false,"site-sidebar-layout":"no-sidebar","site-content-layout":"page-builder","ast-site-content-layout":"full-width-container","site-content-style":"unboxed","site-sidebar-style":"unboxed","ast-global-header-display":"","ast-banner-title-visibility":"","ast-main-header-display":"","ast-hfb-above-header-display":"","ast-hfb-below-header-display":"","ast-hfb-mobile-header-display":"","site-post-title":"disabled","ast-breadcrumbs-content":"disabled","ast-featured-img":"","footer-sml-layout":"","ast-disable-related-posts":"","theme-transparent-header-meta":"default","adv-header-id-meta":"","stick-header-meta":"default","header-above-stick-meta":"","header-main-stick-meta":"","header-below-stick-meta":"","astra-migrate-meta-layouts":"set","ast-page-background-enabled":"default","ast-page-background-meta":{"desktop":{"background-color":"","background-image":"","background-repeat":"repeat","background-position":"center center","background-size":"auto","background-attachment":"scroll","background-type":"","background-media":"","overlay-type":"","overlay-color":"","overlay-opacity":"","overlay-gradient":""},"tablet":{"background-color":"","background-image":"","background-repeat":"repeat","background-position":"center center","background-size":"auto","background-attachment":"scroll","background-type":"","background-media":"","overlay-type":"","overlay-color":"","overlay-opacity":"","overlay-gradient":""},"mobile":{"background-color":"","background-image":"","background-repeat":"repeat","background-position":"center center","background-size":"auto","background-attachment":"scroll","background-type":"","background-media":"","overlay-type":"","overlay-color":"","overlay-opacity":"","overlay-gradient":""}},"ast-content-background-meta":{"desktop":{"background-color":"var(--ast-global-color-5)","background-image":"","background-repeat":"repeat","background-position":"center center","background-size":"auto","background-attachment":"scroll","background-type":"","background-media":"","overlay-type":"","overlay-color":"","overlay-opacity":"","overlay-gradient":""},"tablet":{"background-color":"var(--ast-global-color-5)","background-image":"","background-repeat":"repeat","background-position":"center center","background-size":"auto","background-attachment":"scroll","background-type":"","background-media":"","overlay-type":"","overlay-color":"","overlay-opacity":"","overlay-gradient":""},"mobile":{"background-color":"var(--ast-global-color-5)","background-image":"","background-repeat":"repeat","background-position":"center center","background-size":"auto","background-attachment":"scroll","background-type":"","background-media":"","overlay-type":"","overlay-color":"","overlay-opacity":"","overlay-gradient":""}},"footnotes":""},"class_list":["post-13669","page","type-page","status-publish","hentry"],"acf":[],"yoast_head":"<!-- This site is optimized with the Yoast SEO plugin v27.4 - https:\/\/yoast.com\/product\/yoast-seo-wordpress\/ -->\n<title>COB LED Screen<\/title>\n<meta name=\"description\" content=\"Top Shine is the leader manufacturer of COB LED screens in Shenzhen, We have 3 sets of COB LED display production lines in Jiangxi Province. We can provide fine pitch with high color, high gray, and high refresh rate COB LED panels. you also can get the wholesale price in 1pc.\" \/>\n<meta name=\"robots\" content=\"index, follow, max-snippet:-1, max-image-preview:large, max-video-preview:-1\" \/>\n<link rel=\"canonical\" href=\"https:\/\/cob-leddisplay.com\/de\/cob-led-bildschirm\/\" \/>\n<meta property=\"og:locale\" content=\"de_DE\" \/>\n<meta property=\"og:type\" content=\"article\" \/>\n<meta property=\"og:title\" content=\"COB LED Screen\" \/>\n<meta property=\"og:description\" content=\"Top Shine is the leader manufacturer of COB LED screens in Shenzhen, We have 3 sets of COB LED display production lines in Jiangxi Province. We can provide fine pitch with high color, high gray, and high refresh rate COB LED panels. you also can get the wholesale price in 1pc.\" \/>\n<meta property=\"og:url\" content=\"https:\/\/cob-leddisplay.com\/de\/cob-led-bildschirm\/\" \/>\n<meta property=\"og:site_name\" content=\"Top Shine LED Display Screen\" \/>\n<meta property=\"article:modified_time\" content=\"2025-10-20T11:06:26+00:00\" \/>\n<meta name=\"twitter:card\" content=\"summary_large_image\" \/>\n<script type=\"application\/ld+json\" class=\"yoast-schema-graph\">{\"@context\":\"https:\\\/\\\/schema.org\",\"@graph\":[{\"@type\":\"WebPage\",\"@id\":\"https:\\\/\\\/cob-leddisplay.com\\\/cob-led-screen\\\/\",\"url\":\"https:\\\/\\\/cob-leddisplay.com\\\/cob-led-screen\\\/\",\"name\":\"COB LED Screen\",\"isPartOf\":{\"@id\":\"https:\\\/\\\/cob-leddisplay.com\\\/#website\"},\"datePublished\":\"2024-03-28T07:09:39+00:00\",\"dateModified\":\"2025-10-20T11:06:26+00:00\",\"description\":\"Top Shine is the leader manufacturer of COB LED screens in Shenzhen, We have 3 sets of COB LED display production lines in Jiangxi Province. We can provide fine pitch with high color, high gray, and high refresh rate COB LED panels. you also can get the wholesale price in 1pc.\",\"breadcrumb\":{\"@id\":\"https:\\\/\\\/cob-leddisplay.com\\\/cob-led-screen\\\/#breadcrumb\"},\"inLanguage\":\"de\",\"potentialAction\":[{\"@type\":\"ReadAction\",\"target\":[\"https:\\\/\\\/cob-leddisplay.com\\\/cob-led-screen\\\/\"]}]},{\"@type\":\"BreadcrumbList\",\"@id\":\"https:\\\/\\\/cob-leddisplay.com\\\/cob-led-screen\\\/#breadcrumb\",\"itemListElement\":[{\"@type\":\"ListItem\",\"position\":1,\"name\":\"Home\",\"item\":\"https:\\\/\\\/cob-leddisplay.com\\\/\"},{\"@type\":\"ListItem\",\"position\":2,\"name\":\"COB LED Screen\"}]},{\"@type\":\"WebSite\",\"@id\":\"https:\\\/\\\/cob-leddisplay.com\\\/#website\",\"url\":\"https:\\\/\\\/cob-leddisplay.com\\\/\",\"name\":\"COB LED Display Screen Rental 3D LED Video Wall Manufacturer\",\"description\":\"LED Display Manufacturer, LED Display board, LED Video wall, Flexible led screen, Traffic led signs, Variable Message Signs, Digital Signage Display, custom led display, stadium led display screen, Retail Digital Signage, LED card, Perimeter led display, LED Display for events, outdoor rental led screen, Stage LED Screen, LED screen floor, Outdoor LED Modules, LED screen panel, LED display panel, led panel screen indoor, P10 DIP LED MODULE, Flexible LED Panel, LED Wall panel, cob LED screen, transparent led screen manufacturer, LED Mesh screen, Transparent LED Display Screen, Flexible led video wall, passenger information display, LED Bus Destination Display boards, LED Pharmacy cross, LED Poster, advertising led screen, round led screen, LED Billboard manufacturer, LED perimeter, Retail led display, rental led screen, rental led wall, P2.5 Outdoor LED Module, p3 outdoor led module, p4 led module, P4 led panel, p5 led panel, outdoor led video wall, bus display board, Stage Screen, rgb led modules, outdoor led screen panel, p10 led module, p5 outdoor led module, P3 LED panel, p2.5 led module, P10 LED panles, customizable led display, Led video panels, p6 outdoor led display, flexible led wall, LED Road Sign, Radar Speed Signs, led p10 display, led wall p4, p10 rgb led display, led video wall manufacturers, led video wall rental, P2 LED PANEL, P3 LED module, P1.25 LED MODULE, circle led screen\",\"potentialAction\":[{\"@type\":\"SearchAction\",\"target\":{\"@type\":\"EntryPoint\",\"urlTemplate\":\"https:\\\/\\\/cob-leddisplay.com\\\/?s={search_term_string}\"},\"query-input\":{\"@type\":\"PropertyValueSpecification\",\"valueRequired\":true,\"valueName\":\"search_term_string\"}}],\"inLanguage\":\"de\"}]}<\/script>\n<!-- \/ Yoast SEO plugin. -->","yoast_head_json":{"title":"COB-LED-Bildschirm","description":"Top Shine ist der f\u00fchrende Hersteller von COB-LED-Bildschirmen in Shenzhen. Wir verf\u00fcgen \u00fcber drei Produktionslinien f\u00fcr COB-LED-Displays in der Provinz Jiangxi. Wir bieten COB-LED-Panels mit feiner Tonh\u00f6he, hoher Farbtiefe, hoher Graustufe und hoher Bildwiederholfrequenz. Sie erhalten auch Einzelst\u00fccke zum Gro\u00dfhandelspreis.","robots":{"index":"index","follow":"follow","max-snippet":"max-snippet:-1","max-image-preview":"max-image-preview:large","max-video-preview":"max-video-preview:-1"},"canonical":"https:\/\/cob-leddisplay.com\/de\/cob-led-bildschirm\/","og_locale":"de_DE","og_type":"article","og_title":"COB LED Screen","og_description":"Top Shine is the leader manufacturer of COB LED screens in Shenzhen, We have 3 sets of COB LED display production lines in Jiangxi Province. We can provide fine pitch with high color, high gray, and high refresh rate COB LED panels. you also can get the wholesale price in 1pc.","og_url":"https:\/\/cob-leddisplay.com\/de\/cob-led-bildschirm\/","og_site_name":"Top Shine LED Display Screen","article_modified_time":"2025-10-20T11:06:26+00:00","twitter_card":"summary_large_image","schema":{"@context":"https:\/\/schema.org","@graph":[{"@type":"WebPage","@id":"https:\/\/cob-leddisplay.com\/cob-led-screen\/","url":"https:\/\/cob-leddisplay.com\/cob-led-screen\/","name":"COB-LED-Bildschirm","isPartOf":{"@id":"https:\/\/cob-leddisplay.com\/#website"},"datePublished":"2024-03-28T07:09:39+00:00","dateModified":"2025-10-20T11:06:26+00:00","description":"Top Shine ist der f\u00fchrende Hersteller von COB-LED-Bildschirmen in Shenzhen. Wir verf\u00fcgen \u00fcber drei Produktionslinien f\u00fcr COB-LED-Displays in der Provinz Jiangxi. Wir bieten COB-LED-Panels mit feiner Tonh\u00f6he, hoher Farbtiefe, hoher Graustufe und hoher Bildwiederholfrequenz. Sie erhalten auch Einzelst\u00fccke zum Gro\u00dfhandelspreis.","breadcrumb":{"@id":"https:\/\/cob-leddisplay.com\/cob-led-screen\/#breadcrumb"},"inLanguage":"de","potentialAction":[{"@type":"ReadAction","target":["https:\/\/cob-leddisplay.com\/cob-led-screen\/"]}]},{"@type":"BreadcrumbList","@id":"https:\/\/cob-leddisplay.com\/cob-led-screen\/#breadcrumb","itemListElement":[{"@type":"ListItem","position":1,"name":"Home","item":"https:\/\/cob-leddisplay.com\/"},{"@type":"ListItem","position":2,"name":"COB LED Screen"}]},{"@type":"WebSite","@id":"https:\/\/cob-leddisplay.com\/#website","url":"https:\/\/cob-leddisplay.com\/","name":"COB-LED-Bildschirmvermietung 3D-LED-Videowand Hersteller","description":"LED-Display-Hersteller, LED-Anzeigetafel, LED-Videowand, flexibler LED-Bildschirm, LED-Verkehrsschilder, Wechselverkehrszeichen, Digital Signage Display, benutzerdefinierte LED-Anzeige, LED-Anzeigebildschirm f\u00fcr Stadien, Digital Signage f\u00fcr den Einzelhandel, LED-Karte, Perimeter-LED-Anzeige, LED-Anzeige f\u00fcr Veranstaltungen, LED-Bildschirm zur Miete im Au\u00dfenbereich, LED-Bildschirm f\u00fcr B\u00fchnen, LED-Bildschirmboden, LED-Module f\u00fcr den Au\u00dfenbereich, LED-Bildschirmpanel, LED-Anzeigepanel, LED-Panel-Bildschirm f\u00fcr den Innenbereich, P10 DIP-LED-MODUL, flexibles LED-Panel, LED-Wandpanel, COB-LED-Bildschirm, Hersteller transparenter LED-Bildschirme, LED-Mesh-Bildschirm, transparenter LED-Anzeigebildschirm, flexible LED-Videowand, Fahrgastinformationsanzeige, LED-Anzeigetafeln f\u00fcr Busziele, LED-Apothekenkreuz, LED-Poster, LED-Werbebildschirm, runder LED-Bildschirm, Hersteller von LED-Werbetafeln, LED-Perimeter, LED-Anzeige f\u00fcr den Einzelhandel, LED-Bildschirm zur Miete, LED-Wand zur Miete, P2.5 LED-Modul f\u00fcr den Au\u00dfenbereich, P3 LED-Modul f\u00fcr den Au\u00dfenbereich, P4 LED-Modul, P4 LED-Panel, P5 LED-Panel, LED-Videowand f\u00fcr den Au\u00dfenbereich, Panel, P2.5 LED-Modul, P10 LED-Panels, anpassbare LED-Anzeige, LED-Video-Panels, P6 Outdoor-LED-Anzeige, flexible LED-Wand, LED-Verkehrszeichen, Radar-Geschwindigkeitsschilder, LED-P10-Anzeige, LED-Wand P4, P10 RGB-LED-Anzeige, Hersteller von LED-Videow\u00e4nden, LED-Videowand-Verleih, P2 LED-PANEL, P3 LED-Modul, P1.25 LED-MODUL, kreisf\u00f6rmiger LED-Bildschirm","potentialAction":[{"@type":"SearchAction","target":{"@type":"EntryPoint","urlTemplate":"https:\/\/cob-leddisplay.com\/?s={search_term_string}"},"query-input":{"@type":"PropertyValueSpecification","valueRequired":true,"valueName":"search_term_string"}}],"inLanguage":"de"}]}},"_links":{"self":[{"href":"https:\/\/cob-leddisplay.com\/de\/wp-json\/wp\/v2\/pages\/13669","targetHints":{"allow":["GET"]}}],"collection":[{"href":"https:\/\/cob-leddisplay.com\/de\/wp-json\/wp\/v2\/pages"}],"about":[{"href":"https:\/\/cob-leddisplay.com\/de\/wp-json\/wp\/v2\/types\/page"}],"author":[{"embeddable":true,"href":"https:\/\/cob-leddisplay.com\/de\/wp-json\/wp\/v2\/users\/1"}],"replies":[{"embeddable":true,"href":"https:\/\/cob-leddisplay.com\/de\/wp-json\/wp\/v2\/comments?post=13669"}],"version-history":[{"count":0,"href":"https:\/\/cob-leddisplay.com\/de\/wp-json\/wp\/v2\/pages\/13669\/revisions"}],"wp:attachment":[{"href":"https:\/\/cob-leddisplay.com\/de\/wp-json\/wp\/v2\/media?parent=13669"}],"curies":[{"name":"wp","href":"https:\/\/api.w.org\/{rel}","templated":true}]}}